{"id":46056,"date":"2026-01-01T03:04:08","date_gmt":"2026-01-01T02:10:20","guid":{"rendered":"https:\/\/swiss-peak.com\/swiss-peak-rcs-certifierat-lyxgavoset-med-termosmugg-svart\/"},"modified":"2026-03-12T04:17:13","modified_gmt":"2026-03-12T02:17:13","slug":"swiss-peak-rcs-certifierat-lyxgavoset-med-termosmugg-svart","status":"publish","type":"product","link":"https:\/\/swiss-peak.com\/sv\/produkt\/swiss-peak-rcs-certifierat-lyxgavoset-med-termosmugg-svart\/","title":{"rendered":"Swiss Peak RCS-certifierat lyxg\u00e5voset med termosmugg, svart"},"content":{"rendered":"<p>Detta lyxg\u00e5voset inneh\u00e5ller alla viktiga tillbeh\u00f6r du beh\u00f6ver f\u00f6r att klara av arbetsdagen med stil. Den dubbelv\u00e4ggiga termomuggen p\u00e5 350 ml \u00e4r vakuumisolerad och h\u00e5ller din dryck varm eller kall under en l\u00e4ngre tid. Det l\u00e4ckages\u00e4kra locket s\u00e4kerst\u00e4ller att dina kl\u00e4der f\u00f6rblir torra, \u00e4ven om muggen r\u00e5kar luta.<br \/>\nNycklarna h\u00e5ller du n\u00e4ra med en premium nyckelring fr\u00e5n Swiss Peak med blank metallfinish och PU-l\u00e4derband.<br \/>\nBeh\u00f6ver du skriva ner id\u00e9er? Setet inkluderar \u00e4ven en elegant kulspetspenna med 1000 meters skrivkapacitet och en mjuk anteckningsbok i \u00e5tervunnen polyester PU med 160 kr\u00e4mf\u00e4rgade sidor av \u00e5tervunnet papper.<br \/>\nAlla produkter \u00e4r RCS-certifierade f\u00f6r en verifierad leveranskedja av \u00e5tervunnet material. Totalt 75 % \u00e5tervunnet inneh\u00e5ll.<\/p>\n","protected":false},"excerpt":{"rendered":"<p>Detta lyxg\u00e5voset inneh\u00e5ller alla viktiga tillbeh\u00f6r du beh\u00f6ver f\u00f6r att klara av arbetsdagen med stil. Den dubbelv\u00e4ggiga termomuggen p\u00e5 350 ml \u00e4r vakuumisolerad och h\u00e5ller din dryck varm eller kall under en l\u00e4ngre tid. Det l\u00e4ckages\u00e4kra locket s\u00e4kerst\u00e4ller att dina kl\u00e4der f\u00f6rblir torra, \u00e4ven om muggen r\u00e5kar luta. Nycklarna h\u00e5ller du n\u00e4ra med en premium [&hellip;]<\/p>\n","protected":false},"featured_media":45866,"template":"","meta":{"_acf_changed":false},"product_cat":[299],"product_tag":[],"class_list":["post-46056","product","type-product","status-publish","has-post-thumbnail","hentry","product_cat-kontor-pennor","pa_color-black-sv"],"acf":[],"yoast_head":"<!-- This site is optimized with the Yoast SEO plugin v27.0 - https:\/\/yoast.com\/product\/yoast-seo-wordpress\/ -->\n<title>Swiss Peak RCS-certifierat lyxg\u00e5voset med termosmugg, svart - Swiss Peak<\/title>\n<meta name=\"robots\" content=\"index, follow, max-snippet:-1, max-image-preview:large, max-video-preview:-1\" \/>\n<link rel=\"canonical\" href=\"https:\/\/swiss-peak.com\/sv\/produkt\/swiss-peak-rcs-certifierat-lyxgavoset-med-termosmugg-svart\/\" \/>\n<meta property=\"og:locale\" content=\"sv_SE\" \/>\n<meta property=\"og:type\" content=\"article\" \/>\n<meta property=\"og:title\" content=\"Swiss Peak RCS-certifierat lyxg\u00e5voset med termosmugg, svart - Swiss Peak\" \/>\n<meta property=\"og:description\" content=\"Detta lyxg\u00e5voset inneh\u00e5ller alla viktiga tillbeh\u00f6r du beh\u00f6ver f\u00f6r att klara av arbetsdagen med stil. Den dubbelv\u00e4ggiga termomuggen p\u00e5 350 ml \u00e4r vakuumisolerad och h\u00e5ller din dryck varm eller kall under en l\u00e4ngre tid. Det l\u00e4ckages\u00e4kra locket s\u00e4kerst\u00e4ller att dina kl\u00e4der f\u00f6rblir torra, \u00e4ven om muggen r\u00e5kar luta. Nycklarna h\u00e5ller du n\u00e4ra med en premium [&hellip;]\" \/>\n<meta property=\"og:url\" content=\"https:\/\/swiss-peak.com\/sv\/produkt\/swiss-peak-rcs-certifierat-lyxgavoset-med-termosmugg-svart\/\" \/>\n<meta property=\"og:site_name\" content=\"Swiss Peak\" \/>\n<meta property=\"article:modified_time\" content=\"2026-03-12T02:17:13+00:00\" \/>\n<meta property=\"og:image\" content=\"https:\/\/swiss-peak.com\/wp-content\/uploads\/sites\/9\/2026\/01\/P774.6701__S_0__9b2e930ea2634ef583287bd256b73377.jpg\" \/>\n\t<meta property=\"og:image:width\" content=\"1024\" \/>\n\t<meta property=\"og:image:height\" content=\"1024\" \/>\n\t<meta property=\"og:image:type\" content=\"image\/jpeg\" \/>\n<meta name=\"twitter:card\" content=\"summary_large_image\" \/>\n<meta name=\"twitter:label1\" content=\"Ber\u00e4knad l\u00e4stid\" \/>\n\t<meta name=\"twitter:data1\" content=\"1 minut\" \/>\n<script type=\"application\/ld+json\" class=\"yoast-schema-graph\">{\"@context\":\"https:\/\/schema.org\",\"@graph\":[{\"@type\":\"WebPage\",\"@id\":\"https:\/\/swiss-peak.com\/sv\/produkt\/swiss-peak-rcs-certifierat-lyxgavoset-med-termosmugg-svart\/\",\"url\":\"https:\/\/swiss-peak.com\/sv\/produkt\/swiss-peak-rcs-certifierat-lyxgavoset-med-termosmugg-svart\/\",\"name\":\"Swiss Peak RCS-certifierat lyxg\u00e5voset med termosmugg, svart - Swiss Peak\",\"isPartOf\":{\"@id\":\"https:\/\/swiss-peak.com\/sv\/#website\"},\"primaryImageOfPage\":{\"@id\":\"https:\/\/swiss-peak.com\/sv\/produkt\/swiss-peak-rcs-certifierat-lyxgavoset-med-termosmugg-svart\/#primaryimage\"},\"image\":{\"@id\":\"https:\/\/swiss-peak.com\/sv\/produkt\/swiss-peak-rcs-certifierat-lyxgavoset-med-termosmugg-svart\/#primaryimage\"},\"thumbnailUrl\":\"https:\/\/swiss-peak.com\/wp-content\/uploads\/sites\/9\/2026\/01\/P774.6701__S_0__9b2e930ea2634ef583287bd256b73377.jpg\",\"datePublished\":\"2026-01-01T02:10:20+00:00\",\"dateModified\":\"2026-03-12T02:17:13+00:00\",\"breadcrumb\":{\"@id\":\"https:\/\/swiss-peak.com\/sv\/produkt\/swiss-peak-rcs-certifierat-lyxgavoset-med-termosmugg-svart\/#breadcrumb\"},\"inLanguage\":\"sv-SE\",\"potentialAction\":[{\"@type\":\"ReadAction\",\"target\":[\"https:\/\/swiss-peak.com\/sv\/produkt\/swiss-peak-rcs-certifierat-lyxgavoset-med-termosmugg-svart\/\"]}]},{\"@type\":\"ImageObject\",\"inLanguage\":\"sv-SE\",\"@id\":\"https:\/\/swiss-peak.com\/sv\/produkt\/swiss-peak-rcs-certifierat-lyxgavoset-med-termosmugg-svart\/#primaryimage\",\"url\":\"https:\/\/swiss-peak.com\/wp-content\/uploads\/sites\/9\/2026\/01\/P774.6701__S_0__9b2e930ea2634ef583287bd256b73377.jpg\",\"contentUrl\":\"https:\/\/swiss-peak.com\/wp-content\/uploads\/sites\/9\/2026\/01\/P774.6701__S_0__9b2e930ea2634ef583287bd256b73377.jpg\",\"width\":1024,\"height\":1024},{\"@type\":\"BreadcrumbList\",\"@id\":\"https:\/\/swiss-peak.com\/sv\/produkt\/swiss-peak-rcs-certifierat-lyxgavoset-med-termosmugg-svart\/#breadcrumb\",\"itemListElement\":[{\"@type\":\"ListItem\",\"position\":1,\"name\":\"Home\",\"item\":\"https:\/\/swiss-peak.com\/sv\/\"},{\"@type\":\"ListItem\",\"position\":2,\"name\":\"Kollektion\",\"item\":\"https:\/\/swiss-peak.com\/sv\/kollektion\/\"},{\"@type\":\"ListItem\",\"position\":3,\"name\":\"Swiss Peak RCS-certifierat lyxg\u00e5voset med termosmugg, svart\"}]},{\"@type\":\"WebSite\",\"@id\":\"https:\/\/swiss-peak.com\/sv\/#website\",\"url\":\"https:\/\/swiss-peak.com\/sv\/\",\"name\":\"Swiss Peak\",\"description\":\"Where will today take you?\",\"potentialAction\":[{\"@type\":\"SearchAction\",\"target\":{\"@type\":\"EntryPoint\",\"urlTemplate\":\"https:\/\/swiss-peak.com\/sv\/?s={search_term_string}\"},\"query-input\":{\"@type\":\"PropertyValueSpecification\",\"valueRequired\":true,\"valueName\":\"search_term_string\"}}],\"inLanguage\":\"sv-SE\"}]}<\/script>\n<!-- \/ Yoast SEO plugin. -->","yoast_head_json":{"title":"Swiss Peak RCS-certifierat lyxg\u00e5voset med termosmugg, svart - Swiss Peak","robots":{"index":"index","follow":"follow","max-snippet":"max-snippet:-1","max-image-preview":"max-image-preview:large","max-video-preview":"max-video-preview:-1"},"canonical":"https:\/\/swiss-peak.com\/sv\/produkt\/swiss-peak-rcs-certifierat-lyxgavoset-med-termosmugg-svart\/","og_locale":"sv_SE","og_type":"article","og_title":"Swiss Peak RCS-certifierat lyxg\u00e5voset med termosmugg, svart - Swiss Peak","og_description":"Detta lyxg\u00e5voset inneh\u00e5ller alla viktiga tillbeh\u00f6r du beh\u00f6ver f\u00f6r att klara av arbetsdagen med stil. Den dubbelv\u00e4ggiga termomuggen p\u00e5 350 ml \u00e4r vakuumisolerad och h\u00e5ller din dryck varm eller kall under en l\u00e4ngre tid. Det l\u00e4ckages\u00e4kra locket s\u00e4kerst\u00e4ller att dina kl\u00e4der f\u00f6rblir torra, \u00e4ven om muggen r\u00e5kar luta. Nycklarna h\u00e5ller du n\u00e4ra med en premium [&hellip;]","og_url":"https:\/\/swiss-peak.com\/sv\/produkt\/swiss-peak-rcs-certifierat-lyxgavoset-med-termosmugg-svart\/","og_site_name":"Swiss Peak","article_modified_time":"2026-03-12T02:17:13+00:00","og_image":[{"width":1024,"height":1024,"url":"https:\/\/swiss-peak.com\/wp-content\/uploads\/sites\/9\/2026\/01\/P774.6701__S_0__9b2e930ea2634ef583287bd256b73377.jpg","type":"image\/jpeg"}],"twitter_card":"summary_large_image","twitter_misc":{"Ber\u00e4knad l\u00e4stid":"1 minut"},"schema":{"@context":"https:\/\/schema.org","@graph":[{"@type":"WebPage","@id":"https:\/\/swiss-peak.com\/sv\/produkt\/swiss-peak-rcs-certifierat-lyxgavoset-med-termosmugg-svart\/","url":"https:\/\/swiss-peak.com\/sv\/produkt\/swiss-peak-rcs-certifierat-lyxgavoset-med-termosmugg-svart\/","name":"Swiss Peak RCS-certifierat lyxg\u00e5voset med termosmugg, svart - Swiss Peak","isPartOf":{"@id":"https:\/\/swiss-peak.com\/sv\/#website"},"primaryImageOfPage":{"@id":"https:\/\/swiss-peak.com\/sv\/produkt\/swiss-peak-rcs-certifierat-lyxgavoset-med-termosmugg-svart\/#primaryimage"},"image":{"@id":"https:\/\/swiss-peak.com\/sv\/produkt\/swiss-peak-rcs-certifierat-lyxgavoset-med-termosmugg-svart\/#primaryimage"},"thumbnailUrl":"https:\/\/swiss-peak.com\/wp-content\/uploads\/sites\/9\/2026\/01\/P774.6701__S_0__9b2e930ea2634ef583287bd256b73377.jpg","datePublished":"2026-01-01T02:10:20+00:00","dateModified":"2026-03-12T02:17:13+00:00","breadcrumb":{"@id":"https:\/\/swiss-peak.com\/sv\/produkt\/swiss-peak-rcs-certifierat-lyxgavoset-med-termosmugg-svart\/#breadcrumb"},"inLanguage":"sv-SE","potentialAction":[{"@type":"ReadAction","target":["https:\/\/swiss-peak.com\/sv\/produkt\/swiss-peak-rcs-certifierat-lyxgavoset-med-termosmugg-svart\/"]}]},{"@type":"ImageObject","inLanguage":"sv-SE","@id":"https:\/\/swiss-peak.com\/sv\/produkt\/swiss-peak-rcs-certifierat-lyxgavoset-med-termosmugg-svart\/#primaryimage","url":"https:\/\/swiss-peak.com\/wp-content\/uploads\/sites\/9\/2026\/01\/P774.6701__S_0__9b2e930ea2634ef583287bd256b73377.jpg","contentUrl":"https:\/\/swiss-peak.com\/wp-content\/uploads\/sites\/9\/2026\/01\/P774.6701__S_0__9b2e930ea2634ef583287bd256b73377.jpg","width":1024,"height":1024},{"@type":"BreadcrumbList","@id":"https:\/\/swiss-peak.com\/sv\/produkt\/swiss-peak-rcs-certifierat-lyxgavoset-med-termosmugg-svart\/#breadcrumb","itemListElement":[{"@type":"ListItem","position":1,"name":"Home","item":"https:\/\/swiss-peak.com\/sv\/"},{"@type":"ListItem","position":2,"name":"Kollektion","item":"https:\/\/swiss-peak.com\/sv\/kollektion\/"},{"@type":"ListItem","position":3,"name":"Swiss Peak RCS-certifierat lyxg\u00e5voset med termosmugg, svart"}]},{"@type":"WebSite","@id":"https:\/\/swiss-peak.com\/sv\/#website","url":"https:\/\/swiss-peak.com\/sv\/","name":"Swiss Peak","description":"Where will today take you?","potentialAction":[{"@type":"SearchAction","target":{"@type":"EntryPoint","urlTemplate":"https:\/\/swiss-peak.com\/sv\/?s={search_term_string}"},"query-input":{"@type":"PropertyValueSpecification","valueRequired":true,"valueName":"search_term_string"}}],"inLanguage":"sv-SE"}]}},"_links":{"self":[{"href":"https:\/\/swiss-peak.com\/sv\/wp-json\/wp\/v2\/product\/46056","targetHints":{"allow":["GET"]}}],"collection":[{"href":"https:\/\/swiss-peak.com\/sv\/wp-json\/wp\/v2\/product"}],"about":[{"href":"https:\/\/swiss-peak.com\/sv\/wp-json\/wp\/v2\/types\/product"}],"wp:featuredmedia":[{"embeddable":true,"href":"https:\/\/swiss-peak.com\/sv\/wp-json\/wp\/v2\/media\/45866"}],"wp:attachment":[{"href":"https:\/\/swiss-peak.com\/sv\/wp-json\/wp\/v2\/media?parent=46056"}],"wp:term":[{"taxonomy":"product_cat","embeddable":true,"href":"https:\/\/swiss-peak.com\/sv\/wp-json\/wp\/v2\/product_cat?post=46056"},{"taxonomy":"product_tag","embeddable":true,"href":"https:\/\/swiss-peak.com\/sv\/wp-json\/wp\/v2\/product_tag?post=46056"}],"curies":[{"name":"wp","href":"https:\/\/api.w.org\/{rel}","templated":true}]}}