{"id":45712,"date":"2025-08-01T02:00:21","date_gmt":"2025-08-01T01:12:10","guid":{"rendered":"https:\/\/swiss-peak.com\/swiss-peak-rcs-atervunnen-aluminium-10-w-bashogtalare-gra\/"},"modified":"2026-03-12T04:11:03","modified_gmt":"2026-03-12T02:11:03","slug":"swiss-peak-rcs-atervunnen-aluminium-10-w-bashogtalare-gra","status":"publish","type":"product","link":"https:\/\/swiss-peak.com\/sv\/produkt\/swiss-peak-rcs-atervunnen-aluminium-10-w-bashogtalare-gra\/","title":{"rendered":"Swiss Peak RCS \u00e5tervunnen aluminium 10 W bash\u00f6gtalare, gr\u00e5"},"content":{"rendered":"<p>Swiss Peak RCS Recycled Aluminum 10W-h\u00f6gtalare levererar kraftfullt ljud av h\u00f6g kvalitet med djup, resonant bas tack vare den integrerade subwoofern och dubbla 5W-h\u00f6gtalare. Den \u00e4r utformad f\u00f6r exceptionell ljudprestanda och har BT 5.3 f\u00f6r smidig anslutning och automatisk parkoppling, vilket garanterar enkel installation med dina enheter. Med ett 1200 mAh polymer-Li-jonbatteri ger h\u00f6gtalaren upp till 5 timmars speltid vid 50 % volym och laddas fullt p\u00e5 bara 2,5 timmar via den medf\u00f6ljande USB-C till USB-C-kabeln. Ytterligare funktioner inkluderar en USB-C-port och en AUX-port. H\u00f6gtalaren \u00e4r tillverkad av RCS-certifierat \u00e5tervunnet aluminium. RCS (Recycled Claim Standard) \u00e4r en standard f\u00f6r att verifiera \u00e5tervunnet inneh\u00e5ll i en produkt genom hela leveranskedjan. Totalt \u00e5tervunnet inneh\u00e5ll: 40 % baserat p\u00e5 produktens totala vikt. Denna h\u00f6gtalare \u00e4r PVC-fri och f\u00f6rpackad i en FSC-certifierad presentf\u00f6rpackning. Med b\u00e4rrem tillverkad av RPET.<\/p>\n","protected":false},"excerpt":{"rendered":"<p>Swiss Peak RCS Recycled Aluminum 10W-h\u00f6gtalare levererar kraftfullt ljud av h\u00f6g kvalitet med djup, resonant bas tack vare den integrerade subwoofern och dubbla 5W-h\u00f6gtalare. Den \u00e4r utformad f\u00f6r exceptionell ljudprestanda och har BT 5.3 f\u00f6r smidig anslutning och automatisk parkoppling, vilket garanterar enkel installation med dina enheter. Med ett 1200 mAh polymer-Li-jonbatteri ger h\u00f6gtalaren upp [&hellip;]<\/p>\n","protected":false},"featured_media":45744,"template":"","meta":{"_acf_changed":false},"product_cat":[306,312],"product_tag":[],"class_list":["post-45712","product","type-product","status-publish","has-post-thumbnail","hentry","product_cat-fritid-sport","product_cat-ljud","pa_color-grey-sv"],"acf":[],"yoast_head":"<!-- This site is optimized with the Yoast SEO plugin v27.0 - https:\/\/yoast.com\/product\/yoast-seo-wordpress\/ -->\n<title>Swiss Peak RCS \u00e5tervunnen aluminium 10 W bash\u00f6gtalare, gr\u00e5 - Swiss Peak<\/title>\n<meta name=\"robots\" content=\"index, follow, max-snippet:-1, max-image-preview:large, max-video-preview:-1\" \/>\n<link rel=\"canonical\" href=\"https:\/\/swiss-peak.com\/sv\/produkt\/swiss-peak-rcs-atervunnen-aluminium-10-w-bashogtalare-gra\/\" \/>\n<meta property=\"og:locale\" content=\"sv_SE\" \/>\n<meta property=\"og:type\" content=\"article\" \/>\n<meta property=\"og:title\" content=\"Swiss Peak RCS \u00e5tervunnen aluminium 10 W bash\u00f6gtalare, gr\u00e5 - Swiss Peak\" \/>\n<meta property=\"og:description\" content=\"Swiss Peak RCS Recycled Aluminum 10W-h\u00f6gtalare levererar kraftfullt ljud av h\u00f6g kvalitet med djup, resonant bas tack vare den integrerade subwoofern och dubbla 5W-h\u00f6gtalare. Den \u00e4r utformad f\u00f6r exceptionell ljudprestanda och har BT 5.3 f\u00f6r smidig anslutning och automatisk parkoppling, vilket garanterar enkel installation med dina enheter. Med ett 1200 mAh polymer-Li-jonbatteri ger h\u00f6gtalaren upp [&hellip;]\" \/>\n<meta property=\"og:url\" content=\"https:\/\/swiss-peak.com\/sv\/produkt\/swiss-peak-rcs-atervunnen-aluminium-10-w-bashogtalare-gra\/\" \/>\n<meta property=\"og:site_name\" content=\"Swiss Peak\" \/>\n<meta property=\"article:modified_time\" content=\"2026-03-12T02:11:03+00:00\" \/>\n<meta property=\"og:image\" content=\"https:\/\/swiss-peak.com\/wp-content\/uploads\/sites\/9\/2025\/10\/P331.0902__S_0__503c815dfef14cfbada4858420dec47a.jpg\" \/>\n\t<meta property=\"og:image:width\" content=\"1024\" \/>\n\t<meta property=\"og:image:height\" content=\"1024\" \/>\n\t<meta property=\"og:image:type\" content=\"image\/jpeg\" \/>\n<meta name=\"twitter:card\" content=\"summary_large_image\" \/>\n<meta name=\"twitter:label1\" content=\"Ber\u00e4knad l\u00e4stid\" \/>\n\t<meta name=\"twitter:data1\" content=\"1 minut\" \/>\n<script type=\"application\/ld+json\" class=\"yoast-schema-graph\">{\"@context\":\"https:\/\/schema.org\",\"@graph\":[{\"@type\":\"WebPage\",\"@id\":\"https:\/\/swiss-peak.com\/sv\/produkt\/swiss-peak-rcs-atervunnen-aluminium-10-w-bashogtalare-gra\/\",\"url\":\"https:\/\/swiss-peak.com\/sv\/produkt\/swiss-peak-rcs-atervunnen-aluminium-10-w-bashogtalare-gra\/\",\"name\":\"Swiss Peak RCS \u00e5tervunnen aluminium 10 W bash\u00f6gtalare, gr\u00e5 - Swiss Peak\",\"isPartOf\":{\"@id\":\"https:\/\/swiss-peak.com\/sv\/#website\"},\"primaryImageOfPage\":{\"@id\":\"https:\/\/swiss-peak.com\/sv\/produkt\/swiss-peak-rcs-atervunnen-aluminium-10-w-bashogtalare-gra\/#primaryimage\"},\"image\":{\"@id\":\"https:\/\/swiss-peak.com\/sv\/produkt\/swiss-peak-rcs-atervunnen-aluminium-10-w-bashogtalare-gra\/#primaryimage\"},\"thumbnailUrl\":\"https:\/\/swiss-peak.com\/wp-content\/uploads\/sites\/9\/2025\/10\/P331.0902__S_0__503c815dfef14cfbada4858420dec47a.jpg\",\"datePublished\":\"2025-08-01T01:12:10+00:00\",\"dateModified\":\"2026-03-12T02:11:03+00:00\",\"breadcrumb\":{\"@id\":\"https:\/\/swiss-peak.com\/sv\/produkt\/swiss-peak-rcs-atervunnen-aluminium-10-w-bashogtalare-gra\/#breadcrumb\"},\"inLanguage\":\"sv-SE\",\"potentialAction\":[{\"@type\":\"ReadAction\",\"target\":[\"https:\/\/swiss-peak.com\/sv\/produkt\/swiss-peak-rcs-atervunnen-aluminium-10-w-bashogtalare-gra\/\"]}]},{\"@type\":\"ImageObject\",\"inLanguage\":\"sv-SE\",\"@id\":\"https:\/\/swiss-peak.com\/sv\/produkt\/swiss-peak-rcs-atervunnen-aluminium-10-w-bashogtalare-gra\/#primaryimage\",\"url\":\"https:\/\/swiss-peak.com\/wp-content\/uploads\/sites\/9\/2025\/10\/P331.0902__S_0__503c815dfef14cfbada4858420dec47a.jpg\",\"contentUrl\":\"https:\/\/swiss-peak.com\/wp-content\/uploads\/sites\/9\/2025\/10\/P331.0902__S_0__503c815dfef14cfbada4858420dec47a.jpg\",\"width\":1024,\"height\":1024},{\"@type\":\"BreadcrumbList\",\"@id\":\"https:\/\/swiss-peak.com\/sv\/produkt\/swiss-peak-rcs-atervunnen-aluminium-10-w-bashogtalare-gra\/#breadcrumb\",\"itemListElement\":[{\"@type\":\"ListItem\",\"position\":1,\"name\":\"Home\",\"item\":\"https:\/\/swiss-peak.com\/sv\/\"},{\"@type\":\"ListItem\",\"position\":2,\"name\":\"Kollektion\",\"item\":\"https:\/\/swiss-peak.com\/sv\/kollektion\/\"},{\"@type\":\"ListItem\",\"position\":3,\"name\":\"Swiss Peak RCS \u00e5tervunnen aluminium 10 W bash\u00f6gtalare, gr\u00e5\"}]},{\"@type\":\"WebSite\",\"@id\":\"https:\/\/swiss-peak.com\/sv\/#website\",\"url\":\"https:\/\/swiss-peak.com\/sv\/\",\"name\":\"Swiss Peak\",\"description\":\"Where will today take you?\",\"potentialAction\":[{\"@type\":\"SearchAction\",\"target\":{\"@type\":\"EntryPoint\",\"urlTemplate\":\"https:\/\/swiss-peak.com\/sv\/?s={search_term_string}\"},\"query-input\":{\"@type\":\"PropertyValueSpecification\",\"valueRequired\":true,\"valueName\":\"search_term_string\"}}],\"inLanguage\":\"sv-SE\"}]}<\/script>\n<!-- \/ Yoast SEO plugin. -->","yoast_head_json":{"title":"Swiss Peak RCS \u00e5tervunnen aluminium 10 W bash\u00f6gtalare, gr\u00e5 - Swiss Peak","robots":{"index":"index","follow":"follow","max-snippet":"max-snippet:-1","max-image-preview":"max-image-preview:large","max-video-preview":"max-video-preview:-1"},"canonical":"https:\/\/swiss-peak.com\/sv\/produkt\/swiss-peak-rcs-atervunnen-aluminium-10-w-bashogtalare-gra\/","og_locale":"sv_SE","og_type":"article","og_title":"Swiss Peak RCS \u00e5tervunnen aluminium 10 W bash\u00f6gtalare, gr\u00e5 - Swiss Peak","og_description":"Swiss Peak RCS Recycled Aluminum 10W-h\u00f6gtalare levererar kraftfullt ljud av h\u00f6g kvalitet med djup, resonant bas tack vare den integrerade subwoofern och dubbla 5W-h\u00f6gtalare. Den \u00e4r utformad f\u00f6r exceptionell ljudprestanda och har BT 5.3 f\u00f6r smidig anslutning och automatisk parkoppling, vilket garanterar enkel installation med dina enheter. Med ett 1200 mAh polymer-Li-jonbatteri ger h\u00f6gtalaren upp [&hellip;]","og_url":"https:\/\/swiss-peak.com\/sv\/produkt\/swiss-peak-rcs-atervunnen-aluminium-10-w-bashogtalare-gra\/","og_site_name":"Swiss Peak","article_modified_time":"2026-03-12T02:11:03+00:00","og_image":[{"width":1024,"height":1024,"url":"https:\/\/swiss-peak.com\/wp-content\/uploads\/sites\/9\/2025\/10\/P331.0902__S_0__503c815dfef14cfbada4858420dec47a.jpg","type":"image\/jpeg"}],"twitter_card":"summary_large_image","twitter_misc":{"Ber\u00e4knad l\u00e4stid":"1 minut"},"schema":{"@context":"https:\/\/schema.org","@graph":[{"@type":"WebPage","@id":"https:\/\/swiss-peak.com\/sv\/produkt\/swiss-peak-rcs-atervunnen-aluminium-10-w-bashogtalare-gra\/","url":"https:\/\/swiss-peak.com\/sv\/produkt\/swiss-peak-rcs-atervunnen-aluminium-10-w-bashogtalare-gra\/","name":"Swiss Peak RCS \u00e5tervunnen aluminium 10 W bash\u00f6gtalare, gr\u00e5 - Swiss Peak","isPartOf":{"@id":"https:\/\/swiss-peak.com\/sv\/#website"},"primaryImageOfPage":{"@id":"https:\/\/swiss-peak.com\/sv\/produkt\/swiss-peak-rcs-atervunnen-aluminium-10-w-bashogtalare-gra\/#primaryimage"},"image":{"@id":"https:\/\/swiss-peak.com\/sv\/produkt\/swiss-peak-rcs-atervunnen-aluminium-10-w-bashogtalare-gra\/#primaryimage"},"thumbnailUrl":"https:\/\/swiss-peak.com\/wp-content\/uploads\/sites\/9\/2025\/10\/P331.0902__S_0__503c815dfef14cfbada4858420dec47a.jpg","datePublished":"2025-08-01T01:12:10+00:00","dateModified":"2026-03-12T02:11:03+00:00","breadcrumb":{"@id":"https:\/\/swiss-peak.com\/sv\/produkt\/swiss-peak-rcs-atervunnen-aluminium-10-w-bashogtalare-gra\/#breadcrumb"},"inLanguage":"sv-SE","potentialAction":[{"@type":"ReadAction","target":["https:\/\/swiss-peak.com\/sv\/produkt\/swiss-peak-rcs-atervunnen-aluminium-10-w-bashogtalare-gra\/"]}]},{"@type":"ImageObject","inLanguage":"sv-SE","@id":"https:\/\/swiss-peak.com\/sv\/produkt\/swiss-peak-rcs-atervunnen-aluminium-10-w-bashogtalare-gra\/#primaryimage","url":"https:\/\/swiss-peak.com\/wp-content\/uploads\/sites\/9\/2025\/10\/P331.0902__S_0__503c815dfef14cfbada4858420dec47a.jpg","contentUrl":"https:\/\/swiss-peak.com\/wp-content\/uploads\/sites\/9\/2025\/10\/P331.0902__S_0__503c815dfef14cfbada4858420dec47a.jpg","width":1024,"height":1024},{"@type":"BreadcrumbList","@id":"https:\/\/swiss-peak.com\/sv\/produkt\/swiss-peak-rcs-atervunnen-aluminium-10-w-bashogtalare-gra\/#breadcrumb","itemListElement":[{"@type":"ListItem","position":1,"name":"Home","item":"https:\/\/swiss-peak.com\/sv\/"},{"@type":"ListItem","position":2,"name":"Kollektion","item":"https:\/\/swiss-peak.com\/sv\/kollektion\/"},{"@type":"ListItem","position":3,"name":"Swiss Peak RCS \u00e5tervunnen aluminium 10 W bash\u00f6gtalare, gr\u00e5"}]},{"@type":"WebSite","@id":"https:\/\/swiss-peak.com\/sv\/#website","url":"https:\/\/swiss-peak.com\/sv\/","name":"Swiss Peak","description":"Where will today take you?","potentialAction":[{"@type":"SearchAction","target":{"@type":"EntryPoint","urlTemplate":"https:\/\/swiss-peak.com\/sv\/?s={search_term_string}"},"query-input":{"@type":"PropertyValueSpecification","valueRequired":true,"valueName":"search_term_string"}}],"inLanguage":"sv-SE"}]}},"_links":{"self":[{"href":"https:\/\/swiss-peak.com\/sv\/wp-json\/wp\/v2\/product\/45712","targetHints":{"allow":["GET"]}}],"collection":[{"href":"https:\/\/swiss-peak.com\/sv\/wp-json\/wp\/v2\/product"}],"about":[{"href":"https:\/\/swiss-peak.com\/sv\/wp-json\/wp\/v2\/types\/product"}],"wp:featuredmedia":[{"embeddable":true,"href":"https:\/\/swiss-peak.com\/sv\/wp-json\/wp\/v2\/media\/45744"}],"wp:attachment":[{"href":"https:\/\/swiss-peak.com\/sv\/wp-json\/wp\/v2\/media?parent=45712"}],"wp:term":[{"taxonomy":"product_cat","embeddable":true,"href":"https:\/\/swiss-peak.com\/sv\/wp-json\/wp\/v2\/product_cat?post=45712"},{"taxonomy":"product_tag","embeddable":true,"href":"https:\/\/swiss-peak.com\/sv\/wp-json\/wp\/v2\/product_tag?post=45712"}],"curies":[{"name":"wp","href":"https:\/\/api.w.org\/{rel}","templated":true}]}}