{"id":45607,"date":"2025-05-28T02:00:13","date_gmt":"2025-05-28T01:10:12","guid":{"rendered":"https:\/\/swiss-peak.com\/swiss-peak-15w-magnetiskt-laddningsfodral-for-laptop-14-156-svart\/"},"modified":"2026-03-12T04:10:44","modified_gmt":"2026-03-12T02:10:44","slug":"swiss-peak-15w-magnetiskt-laddningsfodral-for-laptop-14-156-svart","status":"publish","type":"product","link":"https:\/\/swiss-peak.com\/sv\/produkt\/swiss-peak-15w-magnetiskt-laddningsfodral-for-laptop-14-156-svart\/","title":{"rendered":"Swiss Peak 15W magnetiskt laddningsfodral f\u00f6r laptop 14-15,6, svart"},"content":{"rendered":"<p>Swiss Peak RCS Recycled Polyester 15W Magnetic Charging Laptop Sleeve, utformat f\u00f6r att passa 14-15,6\u201d b\u00e4rbara datorer, kombinerar stil, funktionalitet och h\u00e5llbarhet. Anv\u00e4nd den f\u00f6r att b\u00e4ra med dig din b\u00e4rbara dator vart du \u00e4n g\u00e5r och n\u00e4r du kommer fram till din destination kan du f\u00f6rvandla den till en arbetsstation.  Tillverkad av RCS-certifierad (Recycled Claim Standard) \u00e5tervunnen polyester, det totala \u00e5tervunna inneh\u00e5llet \u00e4r 6% baserat p\u00e5 den totala artikelvikten. Det h\u00e4r eleganta fodralet har en magnetisk st\u00e4ngning och erbjuder tr\u00e5dl\u00f6s 15 W magnetisk laddningsfunktion f\u00f6r att h\u00e5lla dina enheter laddade n\u00e4r du \u00e4r p\u00e5 spr\u00e5ng.. Fodralet levereras med en 120 cm svart RCS Type-C RTPE-kabel f\u00f6r bekv\u00e4m anslutning och kr\u00e4ver en minsta ing\u00e5ng p\u00e5 9V\/2A. Produkten \u00e4r f\u00f6rpackad i en svart Swiss Peak plastfri FSC-l\u00e5da. Artikel och tillbeh\u00f6r PVC-fria.<\/p>\n","protected":false},"excerpt":{"rendered":"<p>Swiss Peak RCS Recycled Polyester 15W Magnetic Charging Laptop Sleeve, utformat f\u00f6r att passa 14-15,6\u201d b\u00e4rbara datorer, kombinerar stil, funktionalitet och h\u00e5llbarhet. Anv\u00e4nd den f\u00f6r att b\u00e4ra med dig din b\u00e4rbara dator vart du \u00e4n g\u00e5r och n\u00e4r du kommer fram till din destination kan du f\u00f6rvandla den till en arbetsstation. Tillverkad av RCS-certifierad (Recycled [&hellip;]<\/p>\n","protected":false},"featured_media":45518,"template":"","meta":{"_acf_changed":false},"product_cat":[299],"product_tag":[],"class_list":["post-45607","product","type-product","status-publish","has-post-thumbnail","hentry","product_cat-kontor-pennor","pa_color-black-sv"],"acf":[],"yoast_head":"<!-- This site is optimized with the Yoast SEO plugin v27.0 - https:\/\/yoast.com\/product\/yoast-seo-wordpress\/ -->\n<title>Swiss Peak 15W magnetiskt laddningsfodral f\u00f6r laptop 14-15,6, svart - Swiss Peak<\/title>\n<meta name=\"robots\" content=\"index, follow, max-snippet:-1, max-image-preview:large, max-video-preview:-1\" \/>\n<link rel=\"canonical\" href=\"https:\/\/swiss-peak.com\/sv\/produkt\/swiss-peak-15w-magnetiskt-laddningsfodral-for-laptop-14-156-svart\/\" \/>\n<meta property=\"og:locale\" content=\"sv_SE\" \/>\n<meta property=\"og:type\" content=\"article\" \/>\n<meta property=\"og:title\" content=\"Swiss Peak 15W magnetiskt laddningsfodral f\u00f6r laptop 14-15,6, svart - Swiss Peak\" \/>\n<meta property=\"og:description\" content=\"Swiss Peak RCS Recycled Polyester 15W Magnetic Charging Laptop Sleeve, utformat f\u00f6r att passa 14-15,6\u201d b\u00e4rbara datorer, kombinerar stil, funktionalitet och h\u00e5llbarhet. Anv\u00e4nd den f\u00f6r att b\u00e4ra med dig din b\u00e4rbara dator vart du \u00e4n g\u00e5r och n\u00e4r du kommer fram till din destination kan du f\u00f6rvandla den till en arbetsstation. Tillverkad av RCS-certifierad (Recycled [&hellip;]\" \/>\n<meta property=\"og:url\" content=\"https:\/\/swiss-peak.com\/sv\/produkt\/swiss-peak-15w-magnetiskt-laddningsfodral-for-laptop-14-156-svart\/\" \/>\n<meta property=\"og:site_name\" content=\"Swiss Peak\" \/>\n<meta property=\"article:modified_time\" content=\"2026-03-12T02:10:44+00:00\" \/>\n<meta property=\"og:image\" content=\"https:\/\/swiss-peak.com\/wp-content\/uploads\/sites\/9\/2025\/05\/P309.0701__S_0__e74b4796074f43d2b7c5bcbcd26c829a.jpg\" \/>\n\t<meta property=\"og:image:width\" content=\"1024\" \/>\n\t<meta property=\"og:image:height\" content=\"1024\" \/>\n\t<meta property=\"og:image:type\" content=\"image\/jpeg\" \/>\n<meta name=\"twitter:card\" content=\"summary_large_image\" \/>\n<meta name=\"twitter:label1\" content=\"Ber\u00e4knad l\u00e4stid\" \/>\n\t<meta name=\"twitter:data1\" content=\"1 minut\" \/>\n<script type=\"application\/ld+json\" class=\"yoast-schema-graph\">{\"@context\":\"https:\/\/schema.org\",\"@graph\":[{\"@type\":\"WebPage\",\"@id\":\"https:\/\/swiss-peak.com\/sv\/produkt\/swiss-peak-15w-magnetiskt-laddningsfodral-for-laptop-14-156-svart\/\",\"url\":\"https:\/\/swiss-peak.com\/sv\/produkt\/swiss-peak-15w-magnetiskt-laddningsfodral-for-laptop-14-156-svart\/\",\"name\":\"Swiss Peak 15W magnetiskt laddningsfodral f\u00f6r laptop 14-15,6, svart - Swiss Peak\",\"isPartOf\":{\"@id\":\"https:\/\/swiss-peak.com\/sv\/#website\"},\"primaryImageOfPage\":{\"@id\":\"https:\/\/swiss-peak.com\/sv\/produkt\/swiss-peak-15w-magnetiskt-laddningsfodral-for-laptop-14-156-svart\/#primaryimage\"},\"image\":{\"@id\":\"https:\/\/swiss-peak.com\/sv\/produkt\/swiss-peak-15w-magnetiskt-laddningsfodral-for-laptop-14-156-svart\/#primaryimage\"},\"thumbnailUrl\":\"https:\/\/swiss-peak.com\/wp-content\/uploads\/sites\/9\/2025\/05\/P309.0701__S_0__e74b4796074f43d2b7c5bcbcd26c829a.jpg\",\"datePublished\":\"2025-05-28T01:10:12+00:00\",\"dateModified\":\"2026-03-12T02:10:44+00:00\",\"breadcrumb\":{\"@id\":\"https:\/\/swiss-peak.com\/sv\/produkt\/swiss-peak-15w-magnetiskt-laddningsfodral-for-laptop-14-156-svart\/#breadcrumb\"},\"inLanguage\":\"sv-SE\",\"potentialAction\":[{\"@type\":\"ReadAction\",\"target\":[\"https:\/\/swiss-peak.com\/sv\/produkt\/swiss-peak-15w-magnetiskt-laddningsfodral-for-laptop-14-156-svart\/\"]}]},{\"@type\":\"ImageObject\",\"inLanguage\":\"sv-SE\",\"@id\":\"https:\/\/swiss-peak.com\/sv\/produkt\/swiss-peak-15w-magnetiskt-laddningsfodral-for-laptop-14-156-svart\/#primaryimage\",\"url\":\"https:\/\/swiss-peak.com\/wp-content\/uploads\/sites\/9\/2025\/05\/P309.0701__S_0__e74b4796074f43d2b7c5bcbcd26c829a.jpg\",\"contentUrl\":\"https:\/\/swiss-peak.com\/wp-content\/uploads\/sites\/9\/2025\/05\/P309.0701__S_0__e74b4796074f43d2b7c5bcbcd26c829a.jpg\",\"width\":1024,\"height\":1024},{\"@type\":\"BreadcrumbList\",\"@id\":\"https:\/\/swiss-peak.com\/sv\/produkt\/swiss-peak-15w-magnetiskt-laddningsfodral-for-laptop-14-156-svart\/#breadcrumb\",\"itemListElement\":[{\"@type\":\"ListItem\",\"position\":1,\"name\":\"Home\",\"item\":\"https:\/\/swiss-peak.com\/sv\/\"},{\"@type\":\"ListItem\",\"position\":2,\"name\":\"Kollektion\",\"item\":\"https:\/\/swiss-peak.com\/sv\/kollektion\/\"},{\"@type\":\"ListItem\",\"position\":3,\"name\":\"Swiss Peak 15W magnetiskt laddningsfodral f\u00f6r laptop 14-15,6, svart\"}]},{\"@type\":\"WebSite\",\"@id\":\"https:\/\/swiss-peak.com\/sv\/#website\",\"url\":\"https:\/\/swiss-peak.com\/sv\/\",\"name\":\"Swiss Peak\",\"description\":\"Where will today take you?\",\"potentialAction\":[{\"@type\":\"SearchAction\",\"target\":{\"@type\":\"EntryPoint\",\"urlTemplate\":\"https:\/\/swiss-peak.com\/sv\/?s={search_term_string}\"},\"query-input\":{\"@type\":\"PropertyValueSpecification\",\"valueRequired\":true,\"valueName\":\"search_term_string\"}}],\"inLanguage\":\"sv-SE\"}]}<\/script>\n<!-- \/ Yoast SEO plugin. -->","yoast_head_json":{"title":"Swiss Peak 15W magnetiskt laddningsfodral f\u00f6r laptop 14-15,6, svart - Swiss Peak","robots":{"index":"index","follow":"follow","max-snippet":"max-snippet:-1","max-image-preview":"max-image-preview:large","max-video-preview":"max-video-preview:-1"},"canonical":"https:\/\/swiss-peak.com\/sv\/produkt\/swiss-peak-15w-magnetiskt-laddningsfodral-for-laptop-14-156-svart\/","og_locale":"sv_SE","og_type":"article","og_title":"Swiss Peak 15W magnetiskt laddningsfodral f\u00f6r laptop 14-15,6, svart - Swiss Peak","og_description":"Swiss Peak RCS Recycled Polyester 15W Magnetic Charging Laptop Sleeve, utformat f\u00f6r att passa 14-15,6\u201d b\u00e4rbara datorer, kombinerar stil, funktionalitet och h\u00e5llbarhet. Anv\u00e4nd den f\u00f6r att b\u00e4ra med dig din b\u00e4rbara dator vart du \u00e4n g\u00e5r och n\u00e4r du kommer fram till din destination kan du f\u00f6rvandla den till en arbetsstation. Tillverkad av RCS-certifierad (Recycled [&hellip;]","og_url":"https:\/\/swiss-peak.com\/sv\/produkt\/swiss-peak-15w-magnetiskt-laddningsfodral-for-laptop-14-156-svart\/","og_site_name":"Swiss Peak","article_modified_time":"2026-03-12T02:10:44+00:00","og_image":[{"width":1024,"height":1024,"url":"https:\/\/swiss-peak.com\/wp-content\/uploads\/sites\/9\/2025\/05\/P309.0701__S_0__e74b4796074f43d2b7c5bcbcd26c829a.jpg","type":"image\/jpeg"}],"twitter_card":"summary_large_image","twitter_misc":{"Ber\u00e4knad l\u00e4stid":"1 minut"},"schema":{"@context":"https:\/\/schema.org","@graph":[{"@type":"WebPage","@id":"https:\/\/swiss-peak.com\/sv\/produkt\/swiss-peak-15w-magnetiskt-laddningsfodral-for-laptop-14-156-svart\/","url":"https:\/\/swiss-peak.com\/sv\/produkt\/swiss-peak-15w-magnetiskt-laddningsfodral-for-laptop-14-156-svart\/","name":"Swiss Peak 15W magnetiskt laddningsfodral f\u00f6r laptop 14-15,6, svart - Swiss Peak","isPartOf":{"@id":"https:\/\/swiss-peak.com\/sv\/#website"},"primaryImageOfPage":{"@id":"https:\/\/swiss-peak.com\/sv\/produkt\/swiss-peak-15w-magnetiskt-laddningsfodral-for-laptop-14-156-svart\/#primaryimage"},"image":{"@id":"https:\/\/swiss-peak.com\/sv\/produkt\/swiss-peak-15w-magnetiskt-laddningsfodral-for-laptop-14-156-svart\/#primaryimage"},"thumbnailUrl":"https:\/\/swiss-peak.com\/wp-content\/uploads\/sites\/9\/2025\/05\/P309.0701__S_0__e74b4796074f43d2b7c5bcbcd26c829a.jpg","datePublished":"2025-05-28T01:10:12+00:00","dateModified":"2026-03-12T02:10:44+00:00","breadcrumb":{"@id":"https:\/\/swiss-peak.com\/sv\/produkt\/swiss-peak-15w-magnetiskt-laddningsfodral-for-laptop-14-156-svart\/#breadcrumb"},"inLanguage":"sv-SE","potentialAction":[{"@type":"ReadAction","target":["https:\/\/swiss-peak.com\/sv\/produkt\/swiss-peak-15w-magnetiskt-laddningsfodral-for-laptop-14-156-svart\/"]}]},{"@type":"ImageObject","inLanguage":"sv-SE","@id":"https:\/\/swiss-peak.com\/sv\/produkt\/swiss-peak-15w-magnetiskt-laddningsfodral-for-laptop-14-156-svart\/#primaryimage","url":"https:\/\/swiss-peak.com\/wp-content\/uploads\/sites\/9\/2025\/05\/P309.0701__S_0__e74b4796074f43d2b7c5bcbcd26c829a.jpg","contentUrl":"https:\/\/swiss-peak.com\/wp-content\/uploads\/sites\/9\/2025\/05\/P309.0701__S_0__e74b4796074f43d2b7c5bcbcd26c829a.jpg","width":1024,"height":1024},{"@type":"BreadcrumbList","@id":"https:\/\/swiss-peak.com\/sv\/produkt\/swiss-peak-15w-magnetiskt-laddningsfodral-for-laptop-14-156-svart\/#breadcrumb","itemListElement":[{"@type":"ListItem","position":1,"name":"Home","item":"https:\/\/swiss-peak.com\/sv\/"},{"@type":"ListItem","position":2,"name":"Kollektion","item":"https:\/\/swiss-peak.com\/sv\/kollektion\/"},{"@type":"ListItem","position":3,"name":"Swiss Peak 15W magnetiskt laddningsfodral f\u00f6r laptop 14-15,6, svart"}]},{"@type":"WebSite","@id":"https:\/\/swiss-peak.com\/sv\/#website","url":"https:\/\/swiss-peak.com\/sv\/","name":"Swiss Peak","description":"Where will today take you?","potentialAction":[{"@type":"SearchAction","target":{"@type":"EntryPoint","urlTemplate":"https:\/\/swiss-peak.com\/sv\/?s={search_term_string}"},"query-input":{"@type":"PropertyValueSpecification","valueRequired":true,"valueName":"search_term_string"}}],"inLanguage":"sv-SE"}]}},"_links":{"self":[{"href":"https:\/\/swiss-peak.com\/sv\/wp-json\/wp\/v2\/product\/45607","targetHints":{"allow":["GET"]}}],"collection":[{"href":"https:\/\/swiss-peak.com\/sv\/wp-json\/wp\/v2\/product"}],"about":[{"href":"https:\/\/swiss-peak.com\/sv\/wp-json\/wp\/v2\/types\/product"}],"wp:featuredmedia":[{"embeddable":true,"href":"https:\/\/swiss-peak.com\/sv\/wp-json\/wp\/v2\/media\/45518"}],"wp:attachment":[{"href":"https:\/\/swiss-peak.com\/sv\/wp-json\/wp\/v2\/media?parent=45607"}],"wp:term":[{"taxonomy":"product_cat","embeddable":true,"href":"https:\/\/swiss-peak.com\/sv\/wp-json\/wp\/v2\/product_cat?post=45607"},{"taxonomy":"product_tag","embeddable":true,"href":"https:\/\/swiss-peak.com\/sv\/wp-json\/wp\/v2\/product_tag?post=45607"}],"curies":[{"name":"wp","href":"https:\/\/api.w.org\/{rel}","templated":true}]}}