{"id":45348,"date":"2025-01-22T03:04:06","date_gmt":"2025-01-22T02:10:16","guid":{"rendered":"https:\/\/swiss-peak.com\/swiss-peak-aware-rpet-leonard-156-laptop-ryggsack-svart\/"},"modified":"2026-03-12T04:16:43","modified_gmt":"2026-03-12T02:16:43","slug":"swiss-peak-aware-rpet-leonard-156-laptop-ryggsack-svart","status":"publish","type":"product","link":"https:\/\/swiss-peak.com\/sv\/produkt\/swiss-peak-aware-rpet-leonard-156-laptop-ryggsack-svart\/","title":{"rendered":"Swiss Peak Aware\u2122 RPET Leonard 15,6 laptop ryggs\u00e4ck, svart"},"content":{"rendered":"<p>Swiss Peak Aware\u2122 RPET Leonard 15,6 Inch Laptop Backpack \u00e4r en perfekt blandning av stil och funktionalitet. Den h\u00e4r trendiga ryggs\u00e4cken \u00e4r tillverkad av 100% rPET och har justerbara axelremmar och en unik klaffdesign som ger 14 cm extra h\u00f6jd n\u00e4r det beh\u00f6vs. Huvudfacket \u00f6ppnas i en L-form f\u00f6r enkel \u00e5tkomst, med extra s\u00e4kerhet som tillhandah\u00e5lls av band och sp\u00e4nnen. Inuti ryms bekv\u00e4mt en 15,6-tums b\u00e4rbar dator som s\u00e4kras med kardborrekn\u00e4ppning, tillsammans med en praktisk intern blixtl\u00e5sficka. V\u00e4skan har ocks\u00e5 ett blixtl\u00e5sfack p\u00e5 framsidan, en ficka f\u00f6r dryckesh\u00e5llare och ett bandhandtag p\u00e5 toppen, vilket g\u00f6r den idealisk f\u00f6r aff\u00e4rer och daglig anv\u00e4ndning. Tillverkad av \u00e5tervunnen polyester med AWARE\u2122-sp\u00e5rning. 2% av int\u00e4kterna fr\u00e5n varje produkt som s\u00e4ljs med AWARE\u2122 doneras till Water.org. PVC-fri<\/p>\n","protected":false},"excerpt":{"rendered":"<p>Swiss Peak Aware\u2122 RPET Leonard 15,6 Inch Laptop Backpack \u00e4r en perfekt blandning av stil och funktionalitet. Den h\u00e4r trendiga ryggs\u00e4cken \u00e4r tillverkad av 100% rPET och har justerbara axelremmar och en unik klaffdesign som ger 14 cm extra h\u00f6jd n\u00e4r det beh\u00f6vs. Huvudfacket \u00f6ppnas i en L-form f\u00f6r enkel \u00e5tkomst, med extra s\u00e4kerhet som [&hellip;]<\/p>\n","protected":false},"featured_media":45273,"template":"","meta":{"_acf_changed":false},"product_cat":[258,253],"product_tag":[],"class_list":["post-45348","product","type-product","status-publish","has-post-thumbnail","hentry","product_cat-ryggsackar","product_cat-vaskor-och-resor","pa_color-black-sv"],"acf":[],"yoast_head":"<!-- This site is optimized with the Yoast SEO plugin v27.0 - https:\/\/yoast.com\/product\/yoast-seo-wordpress\/ -->\n<title>Swiss Peak Aware\u2122 RPET Leonard 15,6 laptop ryggs\u00e4ck, svart - Swiss Peak<\/title>\n<meta name=\"robots\" content=\"index, follow, max-snippet:-1, max-image-preview:large, max-video-preview:-1\" \/>\n<link rel=\"canonical\" href=\"https:\/\/swiss-peak.com\/sv\/produkt\/swiss-peak-aware-rpet-leonard-156-laptop-ryggsack-svart\/\" \/>\n<meta property=\"og:locale\" content=\"sv_SE\" \/>\n<meta property=\"og:type\" content=\"article\" \/>\n<meta property=\"og:title\" content=\"Swiss Peak Aware\u2122 RPET Leonard 15,6 laptop ryggs\u00e4ck, svart - Swiss Peak\" \/>\n<meta property=\"og:description\" content=\"Swiss Peak Aware\u2122 RPET Leonard 15,6 Inch Laptop Backpack \u00e4r en perfekt blandning av stil och funktionalitet. Den h\u00e4r trendiga ryggs\u00e4cken \u00e4r tillverkad av 100% rPET och har justerbara axelremmar och en unik klaffdesign som ger 14 cm extra h\u00f6jd n\u00e4r det beh\u00f6vs. Huvudfacket \u00f6ppnas i en L-form f\u00f6r enkel \u00e5tkomst, med extra s\u00e4kerhet som [&hellip;]\" \/>\n<meta property=\"og:url\" content=\"https:\/\/swiss-peak.com\/sv\/produkt\/swiss-peak-aware-rpet-leonard-156-laptop-ryggsack-svart\/\" \/>\n<meta property=\"og:site_name\" content=\"Swiss Peak\" \/>\n<meta property=\"article:modified_time\" content=\"2026-03-12T02:16:43+00:00\" \/>\n<meta property=\"og:image\" content=\"https:\/\/swiss-peak.com\/wp-content\/uploads\/sites\/9\/2025\/01\/P763.4601__S_0__36f7b5b9a80145e49c0b8e4e06304135.jpg\" \/>\n\t<meta property=\"og:image:width\" content=\"1024\" \/>\n\t<meta property=\"og:image:height\" content=\"1024\" \/>\n\t<meta property=\"og:image:type\" content=\"image\/jpeg\" \/>\n<meta name=\"twitter:card\" content=\"summary_large_image\" \/>\n<meta name=\"twitter:label1\" content=\"Ber\u00e4knad l\u00e4stid\" \/>\n\t<meta name=\"twitter:data1\" content=\"1 minut\" \/>\n<script type=\"application\/ld+json\" class=\"yoast-schema-graph\">{\"@context\":\"https:\/\/schema.org\",\"@graph\":[{\"@type\":\"WebPage\",\"@id\":\"https:\/\/swiss-peak.com\/sv\/produkt\/swiss-peak-aware-rpet-leonard-156-laptop-ryggsack-svart\/\",\"url\":\"https:\/\/swiss-peak.com\/sv\/produkt\/swiss-peak-aware-rpet-leonard-156-laptop-ryggsack-svart\/\",\"name\":\"Swiss Peak Aware\u2122 RPET Leonard 15,6 laptop ryggs\u00e4ck, svart - Swiss Peak\",\"isPartOf\":{\"@id\":\"https:\/\/swiss-peak.com\/sv\/#website\"},\"primaryImageOfPage\":{\"@id\":\"https:\/\/swiss-peak.com\/sv\/produkt\/swiss-peak-aware-rpet-leonard-156-laptop-ryggsack-svart\/#primaryimage\"},\"image\":{\"@id\":\"https:\/\/swiss-peak.com\/sv\/produkt\/swiss-peak-aware-rpet-leonard-156-laptop-ryggsack-svart\/#primaryimage\"},\"thumbnailUrl\":\"https:\/\/swiss-peak.com\/wp-content\/uploads\/sites\/9\/2025\/01\/P763.4601__S_0__36f7b5b9a80145e49c0b8e4e06304135.jpg\",\"datePublished\":\"2025-01-22T02:10:16+00:00\",\"dateModified\":\"2026-03-12T02:16:43+00:00\",\"breadcrumb\":{\"@id\":\"https:\/\/swiss-peak.com\/sv\/produkt\/swiss-peak-aware-rpet-leonard-156-laptop-ryggsack-svart\/#breadcrumb\"},\"inLanguage\":\"sv-SE\",\"potentialAction\":[{\"@type\":\"ReadAction\",\"target\":[\"https:\/\/swiss-peak.com\/sv\/produkt\/swiss-peak-aware-rpet-leonard-156-laptop-ryggsack-svart\/\"]}]},{\"@type\":\"ImageObject\",\"inLanguage\":\"sv-SE\",\"@id\":\"https:\/\/swiss-peak.com\/sv\/produkt\/swiss-peak-aware-rpet-leonard-156-laptop-ryggsack-svart\/#primaryimage\",\"url\":\"https:\/\/swiss-peak.com\/wp-content\/uploads\/sites\/9\/2025\/01\/P763.4601__S_0__36f7b5b9a80145e49c0b8e4e06304135.jpg\",\"contentUrl\":\"https:\/\/swiss-peak.com\/wp-content\/uploads\/sites\/9\/2025\/01\/P763.4601__S_0__36f7b5b9a80145e49c0b8e4e06304135.jpg\",\"width\":1024,\"height\":1024},{\"@type\":\"BreadcrumbList\",\"@id\":\"https:\/\/swiss-peak.com\/sv\/produkt\/swiss-peak-aware-rpet-leonard-156-laptop-ryggsack-svart\/#breadcrumb\",\"itemListElement\":[{\"@type\":\"ListItem\",\"position\":1,\"name\":\"Home\",\"item\":\"https:\/\/swiss-peak.com\/sv\/\"},{\"@type\":\"ListItem\",\"position\":2,\"name\":\"Kollektion\",\"item\":\"https:\/\/swiss-peak.com\/sv\/kollektion\/\"},{\"@type\":\"ListItem\",\"position\":3,\"name\":\"Swiss Peak Aware\u2122 RPET Leonard 15,6 laptop ryggs\u00e4ck, svart\"}]},{\"@type\":\"WebSite\",\"@id\":\"https:\/\/swiss-peak.com\/sv\/#website\",\"url\":\"https:\/\/swiss-peak.com\/sv\/\",\"name\":\"Swiss Peak\",\"description\":\"Where will today take you?\",\"potentialAction\":[{\"@type\":\"SearchAction\",\"target\":{\"@type\":\"EntryPoint\",\"urlTemplate\":\"https:\/\/swiss-peak.com\/sv\/?s={search_term_string}\"},\"query-input\":{\"@type\":\"PropertyValueSpecification\",\"valueRequired\":true,\"valueName\":\"search_term_string\"}}],\"inLanguage\":\"sv-SE\"}]}<\/script>\n<!-- \/ Yoast SEO plugin. -->","yoast_head_json":{"title":"Swiss Peak Aware\u2122 RPET Leonard 15,6 laptop ryggs\u00e4ck, svart - Swiss Peak","robots":{"index":"index","follow":"follow","max-snippet":"max-snippet:-1","max-image-preview":"max-image-preview:large","max-video-preview":"max-video-preview:-1"},"canonical":"https:\/\/swiss-peak.com\/sv\/produkt\/swiss-peak-aware-rpet-leonard-156-laptop-ryggsack-svart\/","og_locale":"sv_SE","og_type":"article","og_title":"Swiss Peak Aware\u2122 RPET Leonard 15,6 laptop ryggs\u00e4ck, svart - Swiss Peak","og_description":"Swiss Peak Aware\u2122 RPET Leonard 15,6 Inch Laptop Backpack \u00e4r en perfekt blandning av stil och funktionalitet. Den h\u00e4r trendiga ryggs\u00e4cken \u00e4r tillverkad av 100% rPET och har justerbara axelremmar och en unik klaffdesign som ger 14 cm extra h\u00f6jd n\u00e4r det beh\u00f6vs. Huvudfacket \u00f6ppnas i en L-form f\u00f6r enkel \u00e5tkomst, med extra s\u00e4kerhet som [&hellip;]","og_url":"https:\/\/swiss-peak.com\/sv\/produkt\/swiss-peak-aware-rpet-leonard-156-laptop-ryggsack-svart\/","og_site_name":"Swiss Peak","article_modified_time":"2026-03-12T02:16:43+00:00","og_image":[{"width":1024,"height":1024,"url":"https:\/\/swiss-peak.com\/wp-content\/uploads\/sites\/9\/2025\/01\/P763.4601__S_0__36f7b5b9a80145e49c0b8e4e06304135.jpg","type":"image\/jpeg"}],"twitter_card":"summary_large_image","twitter_misc":{"Ber\u00e4knad l\u00e4stid":"1 minut"},"schema":{"@context":"https:\/\/schema.org","@graph":[{"@type":"WebPage","@id":"https:\/\/swiss-peak.com\/sv\/produkt\/swiss-peak-aware-rpet-leonard-156-laptop-ryggsack-svart\/","url":"https:\/\/swiss-peak.com\/sv\/produkt\/swiss-peak-aware-rpet-leonard-156-laptop-ryggsack-svart\/","name":"Swiss Peak Aware\u2122 RPET Leonard 15,6 laptop ryggs\u00e4ck, svart - Swiss Peak","isPartOf":{"@id":"https:\/\/swiss-peak.com\/sv\/#website"},"primaryImageOfPage":{"@id":"https:\/\/swiss-peak.com\/sv\/produkt\/swiss-peak-aware-rpet-leonard-156-laptop-ryggsack-svart\/#primaryimage"},"image":{"@id":"https:\/\/swiss-peak.com\/sv\/produkt\/swiss-peak-aware-rpet-leonard-156-laptop-ryggsack-svart\/#primaryimage"},"thumbnailUrl":"https:\/\/swiss-peak.com\/wp-content\/uploads\/sites\/9\/2025\/01\/P763.4601__S_0__36f7b5b9a80145e49c0b8e4e06304135.jpg","datePublished":"2025-01-22T02:10:16+00:00","dateModified":"2026-03-12T02:16:43+00:00","breadcrumb":{"@id":"https:\/\/swiss-peak.com\/sv\/produkt\/swiss-peak-aware-rpet-leonard-156-laptop-ryggsack-svart\/#breadcrumb"},"inLanguage":"sv-SE","potentialAction":[{"@type":"ReadAction","target":["https:\/\/swiss-peak.com\/sv\/produkt\/swiss-peak-aware-rpet-leonard-156-laptop-ryggsack-svart\/"]}]},{"@type":"ImageObject","inLanguage":"sv-SE","@id":"https:\/\/swiss-peak.com\/sv\/produkt\/swiss-peak-aware-rpet-leonard-156-laptop-ryggsack-svart\/#primaryimage","url":"https:\/\/swiss-peak.com\/wp-content\/uploads\/sites\/9\/2025\/01\/P763.4601__S_0__36f7b5b9a80145e49c0b8e4e06304135.jpg","contentUrl":"https:\/\/swiss-peak.com\/wp-content\/uploads\/sites\/9\/2025\/01\/P763.4601__S_0__36f7b5b9a80145e49c0b8e4e06304135.jpg","width":1024,"height":1024},{"@type":"BreadcrumbList","@id":"https:\/\/swiss-peak.com\/sv\/produkt\/swiss-peak-aware-rpet-leonard-156-laptop-ryggsack-svart\/#breadcrumb","itemListElement":[{"@type":"ListItem","position":1,"name":"Home","item":"https:\/\/swiss-peak.com\/sv\/"},{"@type":"ListItem","position":2,"name":"Kollektion","item":"https:\/\/swiss-peak.com\/sv\/kollektion\/"},{"@type":"ListItem","position":3,"name":"Swiss Peak Aware\u2122 RPET Leonard 15,6 laptop ryggs\u00e4ck, svart"}]},{"@type":"WebSite","@id":"https:\/\/swiss-peak.com\/sv\/#website","url":"https:\/\/swiss-peak.com\/sv\/","name":"Swiss Peak","description":"Where will today take you?","potentialAction":[{"@type":"SearchAction","target":{"@type":"EntryPoint","urlTemplate":"https:\/\/swiss-peak.com\/sv\/?s={search_term_string}"},"query-input":{"@type":"PropertyValueSpecification","valueRequired":true,"valueName":"search_term_string"}}],"inLanguage":"sv-SE"}]}},"_links":{"self":[{"href":"https:\/\/swiss-peak.com\/sv\/wp-json\/wp\/v2\/product\/45348","targetHints":{"allow":["GET"]}}],"collection":[{"href":"https:\/\/swiss-peak.com\/sv\/wp-json\/wp\/v2\/product"}],"about":[{"href":"https:\/\/swiss-peak.com\/sv\/wp-json\/wp\/v2\/types\/product"}],"wp:featuredmedia":[{"embeddable":true,"href":"https:\/\/swiss-peak.com\/sv\/wp-json\/wp\/v2\/media\/45273"}],"wp:attachment":[{"href":"https:\/\/swiss-peak.com\/sv\/wp-json\/wp\/v2\/media?parent=45348"}],"wp:term":[{"taxonomy":"product_cat","embeddable":true,"href":"https:\/\/swiss-peak.com\/sv\/wp-json\/wp\/v2\/product_cat?post=45348"},{"taxonomy":"product_tag","embeddable":true,"href":"https:\/\/swiss-peak.com\/sv\/wp-json\/wp\/v2\/product_tag?post=45348"}],"curies":[{"name":"wp","href":"https:\/\/api.w.org\/{rel}","templated":true}]}}