{"id":45247,"date":"2025-01-01T03:06:07","date_gmt":"2025-01-01T02:10:29","guid":{"rendered":"https:\/\/swiss-peak.com\/swiss-peak-aware-rpet-essential-156-tums-fodral-svart\/"},"modified":"2026-03-12T04:18:14","modified_gmt":"2026-03-12T02:18:14","slug":"swiss-peak-aware-rpet-essential-156-tums-fodral-svart","status":"publish","type":"product","link":"https:\/\/swiss-peak.com\/sv\/produkt\/swiss-peak-aware-rpet-essential-156-tums-fodral-svart\/","title":{"rendered":"Swiss Peak Aware\u2122 RPET Essential 15,6 tums fodral, svart"},"content":{"rendered":"<p>Skydda din b\u00e4rbara dator med stil med Swiss Peak Aware\u2122 RPET Essential 15.6 Inch Laptop Sleeve. Tillverkad av 100% rPET med ett matchande rPET-foder, garanterar denna eleganta och moderna sleeve att din b\u00e4rbara dator \u00e4r s\u00e4ker samtidigt som den beh\u00e5ller ett professionellt utseende. Den har en fr\u00e4mre ficka med dragkedja f\u00f6r enkel \u00e5tkomst till dina viktigaste saker och ett huvudfack som rymmer moderna 15,6-tums b\u00e4rbara datorer p\u00e5 ett s\u00e4kert s\u00e4tt. De h\u00e5llbara Swiss Peak-dragkedjorna ger smidig anv\u00e4ndning, vilket g\u00f6r det till det perfekta valet f\u00f6r dem som \u00e4r p\u00e5 spr\u00e5ng. Detta fodral f\u00f6r b\u00e4rbara datorer \u00e4r perfekt f\u00f6r aff\u00e4rsm\u00e4n och erbjuder b\u00e5de funktionalitet och stil. Tillverkad av \u00e5tervunnen polyester med AWARE\u2122-sp\u00e5rning. 2% av int\u00e4kterna fr\u00e5n varje produkt som s\u00e4ljs med AWARE\u2122 kommer att doneras till Water.org. PVC-fri.<\/p>\n","protected":false},"excerpt":{"rendered":"<p>Skydda din b\u00e4rbara dator med stil med Swiss Peak Aware\u2122 RPET Essential 15.6 Inch Laptop Sleeve. Tillverkad av 100% rPET med ett matchande rPET-foder, garanterar denna eleganta och moderna sleeve att din b\u00e4rbara dator \u00e4r s\u00e4ker samtidigt som den beh\u00e5ller ett professionellt utseende. Den har en fr\u00e4mre ficka med dragkedja f\u00f6r enkel \u00e5tkomst till dina [&hellip;]<\/p>\n","protected":false},"featured_media":45406,"template":"","meta":{"_acf_changed":false},"product_cat":[289,299,295],"product_tag":[],"class_list":["post-45247","product","type-product","status-publish","has-post-thumbnail","hentry","product_cat-business-sv","product_cat-kontor-pennor","product_cat-laptopvaskor","pa_color-black-sv"],"acf":[],"yoast_head":"<!-- This site is optimized with the Yoast SEO plugin v27.0 - https:\/\/yoast.com\/product\/yoast-seo-wordpress\/ -->\n<title>Swiss Peak Aware\u2122 RPET Essential 15,6 tums fodral, svart - Swiss Peak<\/title>\n<meta name=\"robots\" content=\"index, follow, max-snippet:-1, max-image-preview:large, max-video-preview:-1\" \/>\n<link rel=\"canonical\" href=\"https:\/\/swiss-peak.com\/sv\/produkt\/swiss-peak-aware-rpet-essential-156-tums-fodral-svart\/\" \/>\n<meta property=\"og:locale\" content=\"sv_SE\" \/>\n<meta property=\"og:type\" content=\"article\" \/>\n<meta property=\"og:title\" content=\"Swiss Peak Aware\u2122 RPET Essential 15,6 tums fodral, svart - Swiss Peak\" \/>\n<meta property=\"og:description\" content=\"Skydda din b\u00e4rbara dator med stil med Swiss Peak Aware\u2122 RPET Essential 15.6 Inch Laptop Sleeve. Tillverkad av 100% rPET med ett matchande rPET-foder, garanterar denna eleganta och moderna sleeve att din b\u00e4rbara dator \u00e4r s\u00e4ker samtidigt som den beh\u00e5ller ett professionellt utseende. Den har en fr\u00e4mre ficka med dragkedja f\u00f6r enkel \u00e5tkomst till dina [&hellip;]\" \/>\n<meta property=\"og:url\" content=\"https:\/\/swiss-peak.com\/sv\/produkt\/swiss-peak-aware-rpet-essential-156-tums-fodral-svart\/\" \/>\n<meta property=\"og:site_name\" content=\"Swiss Peak\" \/>\n<meta property=\"article:modified_time\" content=\"2026-03-12T02:18:14+00:00\" \/>\n<meta property=\"og:image\" content=\"https:\/\/swiss-peak.com\/wp-content\/uploads\/sites\/9\/2025\/02\/P788.1601__S_0__5df5b3a1849c4830b766cea1fb31478c.jpg\" \/>\n\t<meta property=\"og:image:width\" content=\"1024\" \/>\n\t<meta property=\"og:image:height\" content=\"1024\" \/>\n\t<meta property=\"og:image:type\" content=\"image\/jpeg\" \/>\n<meta name=\"twitter:card\" content=\"summary_large_image\" \/>\n<meta name=\"twitter:label1\" content=\"Ber\u00e4knad l\u00e4stid\" \/>\n\t<meta name=\"twitter:data1\" content=\"1 minut\" \/>\n<script type=\"application\/ld+json\" class=\"yoast-schema-graph\">{\"@context\":\"https:\/\/schema.org\",\"@graph\":[{\"@type\":\"WebPage\",\"@id\":\"https:\/\/swiss-peak.com\/sv\/produkt\/swiss-peak-aware-rpet-essential-156-tums-fodral-svart\/\",\"url\":\"https:\/\/swiss-peak.com\/sv\/produkt\/swiss-peak-aware-rpet-essential-156-tums-fodral-svart\/\",\"name\":\"Swiss Peak Aware\u2122 RPET Essential 15,6 tums fodral, svart - Swiss Peak\",\"isPartOf\":{\"@id\":\"https:\/\/swiss-peak.com\/sv\/#website\"},\"primaryImageOfPage\":{\"@id\":\"https:\/\/swiss-peak.com\/sv\/produkt\/swiss-peak-aware-rpet-essential-156-tums-fodral-svart\/#primaryimage\"},\"image\":{\"@id\":\"https:\/\/swiss-peak.com\/sv\/produkt\/swiss-peak-aware-rpet-essential-156-tums-fodral-svart\/#primaryimage\"},\"thumbnailUrl\":\"https:\/\/swiss-peak.com\/wp-content\/uploads\/sites\/9\/2025\/02\/P788.1601__S_0__5df5b3a1849c4830b766cea1fb31478c.jpg\",\"datePublished\":\"2025-01-01T02:10:29+00:00\",\"dateModified\":\"2026-03-12T02:18:14+00:00\",\"breadcrumb\":{\"@id\":\"https:\/\/swiss-peak.com\/sv\/produkt\/swiss-peak-aware-rpet-essential-156-tums-fodral-svart\/#breadcrumb\"},\"inLanguage\":\"sv-SE\",\"potentialAction\":[{\"@type\":\"ReadAction\",\"target\":[\"https:\/\/swiss-peak.com\/sv\/produkt\/swiss-peak-aware-rpet-essential-156-tums-fodral-svart\/\"]}]},{\"@type\":\"ImageObject\",\"inLanguage\":\"sv-SE\",\"@id\":\"https:\/\/swiss-peak.com\/sv\/produkt\/swiss-peak-aware-rpet-essential-156-tums-fodral-svart\/#primaryimage\",\"url\":\"https:\/\/swiss-peak.com\/wp-content\/uploads\/sites\/9\/2025\/02\/P788.1601__S_0__5df5b3a1849c4830b766cea1fb31478c.jpg\",\"contentUrl\":\"https:\/\/swiss-peak.com\/wp-content\/uploads\/sites\/9\/2025\/02\/P788.1601__S_0__5df5b3a1849c4830b766cea1fb31478c.jpg\",\"width\":1024,\"height\":1024},{\"@type\":\"BreadcrumbList\",\"@id\":\"https:\/\/swiss-peak.com\/sv\/produkt\/swiss-peak-aware-rpet-essential-156-tums-fodral-svart\/#breadcrumb\",\"itemListElement\":[{\"@type\":\"ListItem\",\"position\":1,\"name\":\"Home\",\"item\":\"https:\/\/swiss-peak.com\/sv\/\"},{\"@type\":\"ListItem\",\"position\":2,\"name\":\"Kollektion\",\"item\":\"https:\/\/swiss-peak.com\/sv\/kollektion\/\"},{\"@type\":\"ListItem\",\"position\":3,\"name\":\"Swiss Peak Aware\u2122 RPET Essential 15,6 tums fodral, svart\"}]},{\"@type\":\"WebSite\",\"@id\":\"https:\/\/swiss-peak.com\/sv\/#website\",\"url\":\"https:\/\/swiss-peak.com\/sv\/\",\"name\":\"Swiss Peak\",\"description\":\"Where will today take you?\",\"potentialAction\":[{\"@type\":\"SearchAction\",\"target\":{\"@type\":\"EntryPoint\",\"urlTemplate\":\"https:\/\/swiss-peak.com\/sv\/?s={search_term_string}\"},\"query-input\":{\"@type\":\"PropertyValueSpecification\",\"valueRequired\":true,\"valueName\":\"search_term_string\"}}],\"inLanguage\":\"sv-SE\"}]}<\/script>\n<!-- \/ Yoast SEO plugin. -->","yoast_head_json":{"title":"Swiss Peak Aware\u2122 RPET Essential 15,6 tums fodral, svart - Swiss Peak","robots":{"index":"index","follow":"follow","max-snippet":"max-snippet:-1","max-image-preview":"max-image-preview:large","max-video-preview":"max-video-preview:-1"},"canonical":"https:\/\/swiss-peak.com\/sv\/produkt\/swiss-peak-aware-rpet-essential-156-tums-fodral-svart\/","og_locale":"sv_SE","og_type":"article","og_title":"Swiss Peak Aware\u2122 RPET Essential 15,6 tums fodral, svart - Swiss Peak","og_description":"Skydda din b\u00e4rbara dator med stil med Swiss Peak Aware\u2122 RPET Essential 15.6 Inch Laptop Sleeve. Tillverkad av 100% rPET med ett matchande rPET-foder, garanterar denna eleganta och moderna sleeve att din b\u00e4rbara dator \u00e4r s\u00e4ker samtidigt som den beh\u00e5ller ett professionellt utseende. Den har en fr\u00e4mre ficka med dragkedja f\u00f6r enkel \u00e5tkomst till dina [&hellip;]","og_url":"https:\/\/swiss-peak.com\/sv\/produkt\/swiss-peak-aware-rpet-essential-156-tums-fodral-svart\/","og_site_name":"Swiss Peak","article_modified_time":"2026-03-12T02:18:14+00:00","og_image":[{"width":1024,"height":1024,"url":"https:\/\/swiss-peak.com\/wp-content\/uploads\/sites\/9\/2025\/02\/P788.1601__S_0__5df5b3a1849c4830b766cea1fb31478c.jpg","type":"image\/jpeg"}],"twitter_card":"summary_large_image","twitter_misc":{"Ber\u00e4knad l\u00e4stid":"1 minut"},"schema":{"@context":"https:\/\/schema.org","@graph":[{"@type":"WebPage","@id":"https:\/\/swiss-peak.com\/sv\/produkt\/swiss-peak-aware-rpet-essential-156-tums-fodral-svart\/","url":"https:\/\/swiss-peak.com\/sv\/produkt\/swiss-peak-aware-rpet-essential-156-tums-fodral-svart\/","name":"Swiss Peak Aware\u2122 RPET Essential 15,6 tums fodral, svart - Swiss Peak","isPartOf":{"@id":"https:\/\/swiss-peak.com\/sv\/#website"},"primaryImageOfPage":{"@id":"https:\/\/swiss-peak.com\/sv\/produkt\/swiss-peak-aware-rpet-essential-156-tums-fodral-svart\/#primaryimage"},"image":{"@id":"https:\/\/swiss-peak.com\/sv\/produkt\/swiss-peak-aware-rpet-essential-156-tums-fodral-svart\/#primaryimage"},"thumbnailUrl":"https:\/\/swiss-peak.com\/wp-content\/uploads\/sites\/9\/2025\/02\/P788.1601__S_0__5df5b3a1849c4830b766cea1fb31478c.jpg","datePublished":"2025-01-01T02:10:29+00:00","dateModified":"2026-03-12T02:18:14+00:00","breadcrumb":{"@id":"https:\/\/swiss-peak.com\/sv\/produkt\/swiss-peak-aware-rpet-essential-156-tums-fodral-svart\/#breadcrumb"},"inLanguage":"sv-SE","potentialAction":[{"@type":"ReadAction","target":["https:\/\/swiss-peak.com\/sv\/produkt\/swiss-peak-aware-rpet-essential-156-tums-fodral-svart\/"]}]},{"@type":"ImageObject","inLanguage":"sv-SE","@id":"https:\/\/swiss-peak.com\/sv\/produkt\/swiss-peak-aware-rpet-essential-156-tums-fodral-svart\/#primaryimage","url":"https:\/\/swiss-peak.com\/wp-content\/uploads\/sites\/9\/2025\/02\/P788.1601__S_0__5df5b3a1849c4830b766cea1fb31478c.jpg","contentUrl":"https:\/\/swiss-peak.com\/wp-content\/uploads\/sites\/9\/2025\/02\/P788.1601__S_0__5df5b3a1849c4830b766cea1fb31478c.jpg","width":1024,"height":1024},{"@type":"BreadcrumbList","@id":"https:\/\/swiss-peak.com\/sv\/produkt\/swiss-peak-aware-rpet-essential-156-tums-fodral-svart\/#breadcrumb","itemListElement":[{"@type":"ListItem","position":1,"name":"Home","item":"https:\/\/swiss-peak.com\/sv\/"},{"@type":"ListItem","position":2,"name":"Kollektion","item":"https:\/\/swiss-peak.com\/sv\/kollektion\/"},{"@type":"ListItem","position":3,"name":"Swiss Peak Aware\u2122 RPET Essential 15,6 tums fodral, svart"}]},{"@type":"WebSite","@id":"https:\/\/swiss-peak.com\/sv\/#website","url":"https:\/\/swiss-peak.com\/sv\/","name":"Swiss Peak","description":"Where will today take you?","potentialAction":[{"@type":"SearchAction","target":{"@type":"EntryPoint","urlTemplate":"https:\/\/swiss-peak.com\/sv\/?s={search_term_string}"},"query-input":{"@type":"PropertyValueSpecification","valueRequired":true,"valueName":"search_term_string"}}],"inLanguage":"sv-SE"}]}},"_links":{"self":[{"href":"https:\/\/swiss-peak.com\/sv\/wp-json\/wp\/v2\/product\/45247","targetHints":{"allow":["GET"]}}],"collection":[{"href":"https:\/\/swiss-peak.com\/sv\/wp-json\/wp\/v2\/product"}],"about":[{"href":"https:\/\/swiss-peak.com\/sv\/wp-json\/wp\/v2\/types\/product"}],"wp:featuredmedia":[{"embeddable":true,"href":"https:\/\/swiss-peak.com\/sv\/wp-json\/wp\/v2\/media\/45406"}],"wp:attachment":[{"href":"https:\/\/swiss-peak.com\/sv\/wp-json\/wp\/v2\/media?parent=45247"}],"wp:term":[{"taxonomy":"product_cat","embeddable":true,"href":"https:\/\/swiss-peak.com\/sv\/wp-json\/wp\/v2\/product_cat?post=45247"},{"taxonomy":"product_tag","embeddable":true,"href":"https:\/\/swiss-peak.com\/sv\/wp-json\/wp\/v2\/product_tag?post=45247"}],"curies":[{"name":"wp","href":"https:\/\/api.w.org\/{rel}","templated":true}]}}