{"id":45246,"date":"2025-01-01T03:04:40","date_gmt":"2025-01-01T02:10:24","guid":{"rendered":"https:\/\/swiss-peak.com\/sp-aware-rpet-edin-100-atervunnen-ryggsack-svart\/"},"modified":"2026-03-12T04:16:46","modified_gmt":"2026-03-12T02:16:46","slug":"sp-aware-rpet-edin-100-atervunnen-ryggsack-svart","status":"publish","type":"product","link":"https:\/\/swiss-peak.com\/sv\/produkt\/sp-aware-rpet-edin-100-atervunnen-ryggsack-svart\/","title":{"rendered":"SP Aware\u2122 RPET Edin 100% \u00e5tervunnen ryggs\u00e4ck, svart"},"content":{"rendered":"<p>SP Aware\u2122 RPET Edin 100% Recycled 15,6 Inch Laptop Backpack kombinerar funktionalitet och h\u00e5llbarhet f\u00f6r dina aff\u00e4rsbehov. Denna ryggs\u00e4ck \u00e4r tillverkad av 100% rPET med ett matchande rPET-fodral och har ett laptopfack som passar 15,6 och 16-tums b\u00e4rbara datorer. Den har ocks\u00e5 en frontficka med dragkedja, ett mittfack med dragkedja och en n\u00e4tficka med dragkedja, tv\u00e5 fickor i passstorlek och en \u00f6ppen ficka f\u00f6r pennor. Med en bagagerem f\u00f6r enkel transport och ett bandhandtag p\u00e5 ovansidan \u00e4r denna ryggs\u00e4ck utformad med bekv\u00e4mlighet i \u00e5tanke. Alla komponenter, fr\u00e5n band till blixtl\u00e5s och sp\u00e4nnen, \u00e4r tillverkade av \u00e5tervunnet material, vilket g\u00f6r den till ett h\u00e5llbart val f\u00f6r den moderna yrkesmannen. Tillverkad av \u00e5tervunnen polyester med AWARE\u2122-sp\u00e5rning. 2% av int\u00e4kterna fr\u00e5n varje produkt som s\u00e4ljs med AWARE\u2122 doneras till Water.org. PVC-fri.<\/p>\n","protected":false},"excerpt":{"rendered":"<p>SP Aware\u2122 RPET Edin 100% Recycled 15,6 Inch Laptop Backpack kombinerar funktionalitet och h\u00e5llbarhet f\u00f6r dina aff\u00e4rsbehov. Denna ryggs\u00e4ck \u00e4r tillverkad av 100% rPET med ett matchande rPET-fodral och har ett laptopfack som passar 15,6 och 16-tums b\u00e4rbara datorer. Den har ocks\u00e5 en frontficka med dragkedja, ett mittfack med dragkedja och en n\u00e4tficka med dragkedja, [&hellip;]<\/p>\n","protected":false},"featured_media":45399,"template":"","meta":{"_acf_changed":false},"product_cat":[289,295],"product_tag":[],"class_list":["post-45246","product","type-product","status-publish","has-post-thumbnail","hentry","product_cat-business-sv","product_cat-laptopvaskor","pa_color-black-sv"],"acf":[],"yoast_head":"<!-- This site is optimized with the Yoast SEO plugin v27.0 - https:\/\/yoast.com\/product\/yoast-seo-wordpress\/ -->\n<title>SP Aware\u2122 RPET Edin 100% \u00e5tervunnen ryggs\u00e4ck, svart - Swiss Peak<\/title>\n<meta name=\"robots\" content=\"index, follow, max-snippet:-1, max-image-preview:large, max-video-preview:-1\" \/>\n<link rel=\"canonical\" href=\"https:\/\/swiss-peak.com\/sv\/produkt\/sp-aware-rpet-edin-100-atervunnen-ryggsack-svart\/\" \/>\n<meta property=\"og:locale\" content=\"sv_SE\" \/>\n<meta property=\"og:type\" content=\"article\" \/>\n<meta property=\"og:title\" content=\"SP Aware\u2122 RPET Edin 100% \u00e5tervunnen ryggs\u00e4ck, svart - Swiss Peak\" \/>\n<meta property=\"og:description\" content=\"SP Aware\u2122 RPET Edin 100% Recycled 15,6 Inch Laptop Backpack kombinerar funktionalitet och h\u00e5llbarhet f\u00f6r dina aff\u00e4rsbehov. Denna ryggs\u00e4ck \u00e4r tillverkad av 100% rPET med ett matchande rPET-fodral och har ett laptopfack som passar 15,6 och 16-tums b\u00e4rbara datorer. Den har ocks\u00e5 en frontficka med dragkedja, ett mittfack med dragkedja och en n\u00e4tficka med dragkedja, [&hellip;]\" \/>\n<meta property=\"og:url\" content=\"https:\/\/swiss-peak.com\/sv\/produkt\/sp-aware-rpet-edin-100-atervunnen-ryggsack-svart\/\" \/>\n<meta property=\"og:site_name\" content=\"Swiss Peak\" \/>\n<meta property=\"article:modified_time\" content=\"2026-03-12T02:16:46+00:00\" \/>\n<meta property=\"og:image\" content=\"https:\/\/swiss-peak.com\/wp-content\/uploads\/sites\/9\/2025\/02\/P763.4801__S_0__2c72b941a4074a2681477bc7ce6bdb3b.jpg\" \/>\n\t<meta property=\"og:image:width\" content=\"1024\" \/>\n\t<meta property=\"og:image:height\" content=\"1024\" \/>\n\t<meta property=\"og:image:type\" content=\"image\/jpeg\" \/>\n<meta name=\"twitter:card\" content=\"summary_large_image\" \/>\n<meta name=\"twitter:label1\" content=\"Ber\u00e4knad l\u00e4stid\" \/>\n\t<meta name=\"twitter:data1\" content=\"1 minut\" \/>\n<script type=\"application\/ld+json\" class=\"yoast-schema-graph\">{\"@context\":\"https:\/\/schema.org\",\"@graph\":[{\"@type\":\"WebPage\",\"@id\":\"https:\/\/swiss-peak.com\/sv\/produkt\/sp-aware-rpet-edin-100-atervunnen-ryggsack-svart\/\",\"url\":\"https:\/\/swiss-peak.com\/sv\/produkt\/sp-aware-rpet-edin-100-atervunnen-ryggsack-svart\/\",\"name\":\"SP Aware\u2122 RPET Edin 100% \u00e5tervunnen ryggs\u00e4ck, svart - Swiss Peak\",\"isPartOf\":{\"@id\":\"https:\/\/swiss-peak.com\/sv\/#website\"},\"primaryImageOfPage\":{\"@id\":\"https:\/\/swiss-peak.com\/sv\/produkt\/sp-aware-rpet-edin-100-atervunnen-ryggsack-svart\/#primaryimage\"},\"image\":{\"@id\":\"https:\/\/swiss-peak.com\/sv\/produkt\/sp-aware-rpet-edin-100-atervunnen-ryggsack-svart\/#primaryimage\"},\"thumbnailUrl\":\"https:\/\/swiss-peak.com\/wp-content\/uploads\/sites\/9\/2025\/02\/P763.4801__S_0__2c72b941a4074a2681477bc7ce6bdb3b.jpg\",\"datePublished\":\"2025-01-01T02:10:24+00:00\",\"dateModified\":\"2026-03-12T02:16:46+00:00\",\"breadcrumb\":{\"@id\":\"https:\/\/swiss-peak.com\/sv\/produkt\/sp-aware-rpet-edin-100-atervunnen-ryggsack-svart\/#breadcrumb\"},\"inLanguage\":\"sv-SE\",\"potentialAction\":[{\"@type\":\"ReadAction\",\"target\":[\"https:\/\/swiss-peak.com\/sv\/produkt\/sp-aware-rpet-edin-100-atervunnen-ryggsack-svart\/\"]}]},{\"@type\":\"ImageObject\",\"inLanguage\":\"sv-SE\",\"@id\":\"https:\/\/swiss-peak.com\/sv\/produkt\/sp-aware-rpet-edin-100-atervunnen-ryggsack-svart\/#primaryimage\",\"url\":\"https:\/\/swiss-peak.com\/wp-content\/uploads\/sites\/9\/2025\/02\/P763.4801__S_0__2c72b941a4074a2681477bc7ce6bdb3b.jpg\",\"contentUrl\":\"https:\/\/swiss-peak.com\/wp-content\/uploads\/sites\/9\/2025\/02\/P763.4801__S_0__2c72b941a4074a2681477bc7ce6bdb3b.jpg\",\"width\":1024,\"height\":1024},{\"@type\":\"BreadcrumbList\",\"@id\":\"https:\/\/swiss-peak.com\/sv\/produkt\/sp-aware-rpet-edin-100-atervunnen-ryggsack-svart\/#breadcrumb\",\"itemListElement\":[{\"@type\":\"ListItem\",\"position\":1,\"name\":\"Home\",\"item\":\"https:\/\/swiss-peak.com\/sv\/\"},{\"@type\":\"ListItem\",\"position\":2,\"name\":\"Kollektion\",\"item\":\"https:\/\/swiss-peak.com\/sv\/kollektion\/\"},{\"@type\":\"ListItem\",\"position\":3,\"name\":\"SP Aware\u2122 RPET Edin 100% \u00e5tervunnen ryggs\u00e4ck, svart\"}]},{\"@type\":\"WebSite\",\"@id\":\"https:\/\/swiss-peak.com\/sv\/#website\",\"url\":\"https:\/\/swiss-peak.com\/sv\/\",\"name\":\"Swiss Peak\",\"description\":\"Where will today take you?\",\"potentialAction\":[{\"@type\":\"SearchAction\",\"target\":{\"@type\":\"EntryPoint\",\"urlTemplate\":\"https:\/\/swiss-peak.com\/sv\/?s={search_term_string}\"},\"query-input\":{\"@type\":\"PropertyValueSpecification\",\"valueRequired\":true,\"valueName\":\"search_term_string\"}}],\"inLanguage\":\"sv-SE\"}]}<\/script>\n<!-- \/ Yoast SEO plugin. -->","yoast_head_json":{"title":"SP Aware\u2122 RPET Edin 100% \u00e5tervunnen ryggs\u00e4ck, svart - Swiss Peak","robots":{"index":"index","follow":"follow","max-snippet":"max-snippet:-1","max-image-preview":"max-image-preview:large","max-video-preview":"max-video-preview:-1"},"canonical":"https:\/\/swiss-peak.com\/sv\/produkt\/sp-aware-rpet-edin-100-atervunnen-ryggsack-svart\/","og_locale":"sv_SE","og_type":"article","og_title":"SP Aware\u2122 RPET Edin 100% \u00e5tervunnen ryggs\u00e4ck, svart - Swiss Peak","og_description":"SP Aware\u2122 RPET Edin 100% Recycled 15,6 Inch Laptop Backpack kombinerar funktionalitet och h\u00e5llbarhet f\u00f6r dina aff\u00e4rsbehov. Denna ryggs\u00e4ck \u00e4r tillverkad av 100% rPET med ett matchande rPET-fodral och har ett laptopfack som passar 15,6 och 16-tums b\u00e4rbara datorer. Den har ocks\u00e5 en frontficka med dragkedja, ett mittfack med dragkedja och en n\u00e4tficka med dragkedja, [&hellip;]","og_url":"https:\/\/swiss-peak.com\/sv\/produkt\/sp-aware-rpet-edin-100-atervunnen-ryggsack-svart\/","og_site_name":"Swiss Peak","article_modified_time":"2026-03-12T02:16:46+00:00","og_image":[{"width":1024,"height":1024,"url":"https:\/\/swiss-peak.com\/wp-content\/uploads\/sites\/9\/2025\/02\/P763.4801__S_0__2c72b941a4074a2681477bc7ce6bdb3b.jpg","type":"image\/jpeg"}],"twitter_card":"summary_large_image","twitter_misc":{"Ber\u00e4knad l\u00e4stid":"1 minut"},"schema":{"@context":"https:\/\/schema.org","@graph":[{"@type":"WebPage","@id":"https:\/\/swiss-peak.com\/sv\/produkt\/sp-aware-rpet-edin-100-atervunnen-ryggsack-svart\/","url":"https:\/\/swiss-peak.com\/sv\/produkt\/sp-aware-rpet-edin-100-atervunnen-ryggsack-svart\/","name":"SP Aware\u2122 RPET Edin 100% \u00e5tervunnen ryggs\u00e4ck, svart - Swiss Peak","isPartOf":{"@id":"https:\/\/swiss-peak.com\/sv\/#website"},"primaryImageOfPage":{"@id":"https:\/\/swiss-peak.com\/sv\/produkt\/sp-aware-rpet-edin-100-atervunnen-ryggsack-svart\/#primaryimage"},"image":{"@id":"https:\/\/swiss-peak.com\/sv\/produkt\/sp-aware-rpet-edin-100-atervunnen-ryggsack-svart\/#primaryimage"},"thumbnailUrl":"https:\/\/swiss-peak.com\/wp-content\/uploads\/sites\/9\/2025\/02\/P763.4801__S_0__2c72b941a4074a2681477bc7ce6bdb3b.jpg","datePublished":"2025-01-01T02:10:24+00:00","dateModified":"2026-03-12T02:16:46+00:00","breadcrumb":{"@id":"https:\/\/swiss-peak.com\/sv\/produkt\/sp-aware-rpet-edin-100-atervunnen-ryggsack-svart\/#breadcrumb"},"inLanguage":"sv-SE","potentialAction":[{"@type":"ReadAction","target":["https:\/\/swiss-peak.com\/sv\/produkt\/sp-aware-rpet-edin-100-atervunnen-ryggsack-svart\/"]}]},{"@type":"ImageObject","inLanguage":"sv-SE","@id":"https:\/\/swiss-peak.com\/sv\/produkt\/sp-aware-rpet-edin-100-atervunnen-ryggsack-svart\/#primaryimage","url":"https:\/\/swiss-peak.com\/wp-content\/uploads\/sites\/9\/2025\/02\/P763.4801__S_0__2c72b941a4074a2681477bc7ce6bdb3b.jpg","contentUrl":"https:\/\/swiss-peak.com\/wp-content\/uploads\/sites\/9\/2025\/02\/P763.4801__S_0__2c72b941a4074a2681477bc7ce6bdb3b.jpg","width":1024,"height":1024},{"@type":"BreadcrumbList","@id":"https:\/\/swiss-peak.com\/sv\/produkt\/sp-aware-rpet-edin-100-atervunnen-ryggsack-svart\/#breadcrumb","itemListElement":[{"@type":"ListItem","position":1,"name":"Home","item":"https:\/\/swiss-peak.com\/sv\/"},{"@type":"ListItem","position":2,"name":"Kollektion","item":"https:\/\/swiss-peak.com\/sv\/kollektion\/"},{"@type":"ListItem","position":3,"name":"SP Aware\u2122 RPET Edin 100% \u00e5tervunnen ryggs\u00e4ck, svart"}]},{"@type":"WebSite","@id":"https:\/\/swiss-peak.com\/sv\/#website","url":"https:\/\/swiss-peak.com\/sv\/","name":"Swiss Peak","description":"Where will today take you?","potentialAction":[{"@type":"SearchAction","target":{"@type":"EntryPoint","urlTemplate":"https:\/\/swiss-peak.com\/sv\/?s={search_term_string}"},"query-input":{"@type":"PropertyValueSpecification","valueRequired":true,"valueName":"search_term_string"}}],"inLanguage":"sv-SE"}]}},"_links":{"self":[{"href":"https:\/\/swiss-peak.com\/sv\/wp-json\/wp\/v2\/product\/45246","targetHints":{"allow":["GET"]}}],"collection":[{"href":"https:\/\/swiss-peak.com\/sv\/wp-json\/wp\/v2\/product"}],"about":[{"href":"https:\/\/swiss-peak.com\/sv\/wp-json\/wp\/v2\/types\/product"}],"wp:featuredmedia":[{"embeddable":true,"href":"https:\/\/swiss-peak.com\/sv\/wp-json\/wp\/v2\/media\/45399"}],"wp:attachment":[{"href":"https:\/\/swiss-peak.com\/sv\/wp-json\/wp\/v2\/media?parent=45246"}],"wp:term":[{"taxonomy":"product_cat","embeddable":true,"href":"https:\/\/swiss-peak.com\/sv\/wp-json\/wp\/v2\/product_cat?post=45246"},{"taxonomy":"product_tag","embeddable":true,"href":"https:\/\/swiss-peak.com\/sv\/wp-json\/wp\/v2\/product_tag?post=45246"}],"curies":[{"name":"wp","href":"https:\/\/api.w.org\/{rel}","templated":true}]}}