{"id":45245,"date":"2025-01-01T03:04:40","date_gmt":"2025-01-01T02:10:24","guid":{"rendered":"https:\/\/swiss-peak.com\/swiss-peak-aware-rpet-essential-156-tums-ryggsack-svart\/"},"modified":"2026-03-12T04:16:41","modified_gmt":"2026-03-12T02:16:41","slug":"swiss-peak-aware-rpet-essential-156-tums-ryggsack-svart","status":"publish","type":"product","link":"https:\/\/swiss-peak.com\/sv\/produkt\/swiss-peak-aware-rpet-essential-156-tums-ryggsack-svart\/","title":{"rendered":"Swiss Peak Aware\u2122 RPET Essential 15,6 tums ryggs\u00e4ck, svart"},"content":{"rendered":"<p>Swiss Peak Aware\u2122 RPET Essential 15,6 Inch Laptop Backpack \u00e4r utformad f\u00f6r att m\u00f6ta dina dagliga aff\u00e4rsbehov. Den h\u00e4r snygga och slitstarka ryggs\u00e4cken \u00e4r tillverkad av 100% rPET och har ett huvudfack med dragkedja och ett s\u00e4rskilt fack f\u00f6r b\u00e4rbara datorer som passar moderna 15,6-tums b\u00e4rbara datorer, samt en dragkedjeficka i mesh och en sk\u00f6tseletikett p\u00e5 insidan. De justerbara axelremmarna med sp\u00e4nnen ger en bekv\u00e4m passform, medan den fr\u00e4mre blixtl\u00e5sf\u00f6rsedda fickan och sidofickan med dryckesh\u00e5llare ger ytterligare f\u00f6rvaring. V\u00e4skan har ocks\u00e5 en praktisk bagagerem p\u00e5 baksidan och ett bandhandtag p\u00e5 ovansidan f\u00f6r enkel hantering. Den tonade Swiss Peak-logotypen och premium Swiss Peak-dragkedjorna full\u00e4ndar det professionella utseendet.tillverkad av \u00e5tervunnen polyester med AWARE\u2122-sp\u00e5rning. 2% av int\u00e4kterna fr\u00e5n varje produkt som s\u00e4ljs med AWARE\u2122 kommer att doneras till Water.org. PVC-fri.<\/p>\n","protected":false},"excerpt":{"rendered":"<p>Swiss Peak Aware\u2122 RPET Essential 15,6 Inch Laptop Backpack \u00e4r utformad f\u00f6r att m\u00f6ta dina dagliga aff\u00e4rsbehov. Den h\u00e4r snygga och slitstarka ryggs\u00e4cken \u00e4r tillverkad av 100% rPET och har ett huvudfack med dragkedja och ett s\u00e4rskilt fack f\u00f6r b\u00e4rbara datorer som passar moderna 15,6-tums b\u00e4rbara datorer, samt en dragkedjeficka i mesh och en sk\u00f6tseletikett [&hellip;]<\/p>\n","protected":false},"featured_media":45392,"template":"","meta":{"_acf_changed":false},"product_cat":[289,295],"product_tag":[],"class_list":["post-45245","product","type-product","status-publish","has-post-thumbnail","hentry","product_cat-business-sv","product_cat-laptopvaskor","pa_color-black-sv"],"acf":[],"yoast_head":"<!-- This site is optimized with the Yoast SEO plugin v27.0 - https:\/\/yoast.com\/product\/yoast-seo-wordpress\/ -->\n<title>Swiss Peak Aware\u2122 RPET Essential 15,6 tums ryggs\u00e4ck, svart - Swiss Peak<\/title>\n<meta name=\"robots\" content=\"index, follow, max-snippet:-1, max-image-preview:large, max-video-preview:-1\" \/>\n<link rel=\"canonical\" href=\"https:\/\/swiss-peak.com\/sv\/produkt\/swiss-peak-aware-rpet-essential-156-tums-ryggsack-svart\/\" \/>\n<meta property=\"og:locale\" content=\"sv_SE\" \/>\n<meta property=\"og:type\" content=\"article\" \/>\n<meta property=\"og:title\" content=\"Swiss Peak Aware\u2122 RPET Essential 15,6 tums ryggs\u00e4ck, svart - Swiss Peak\" \/>\n<meta property=\"og:description\" content=\"Swiss Peak Aware\u2122 RPET Essential 15,6 Inch Laptop Backpack \u00e4r utformad f\u00f6r att m\u00f6ta dina dagliga aff\u00e4rsbehov. Den h\u00e4r snygga och slitstarka ryggs\u00e4cken \u00e4r tillverkad av 100% rPET och har ett huvudfack med dragkedja och ett s\u00e4rskilt fack f\u00f6r b\u00e4rbara datorer som passar moderna 15,6-tums b\u00e4rbara datorer, samt en dragkedjeficka i mesh och en sk\u00f6tseletikett [&hellip;]\" \/>\n<meta property=\"og:url\" content=\"https:\/\/swiss-peak.com\/sv\/produkt\/swiss-peak-aware-rpet-essential-156-tums-ryggsack-svart\/\" \/>\n<meta property=\"og:site_name\" content=\"Swiss Peak\" \/>\n<meta property=\"article:modified_time\" content=\"2026-03-12T02:16:41+00:00\" \/>\n<meta property=\"og:image\" content=\"https:\/\/swiss-peak.com\/wp-content\/uploads\/sites\/9\/2025\/02\/P763.4301__S_0__e50b23c8853b4d81b08326fd2c93cf03.jpg\" \/>\n\t<meta property=\"og:image:width\" content=\"1024\" \/>\n\t<meta property=\"og:image:height\" content=\"1024\" \/>\n\t<meta property=\"og:image:type\" content=\"image\/jpeg\" \/>\n<meta name=\"twitter:card\" content=\"summary_large_image\" \/>\n<meta name=\"twitter:label1\" content=\"Ber\u00e4knad l\u00e4stid\" \/>\n\t<meta name=\"twitter:data1\" content=\"1 minut\" \/>\n<script type=\"application\/ld+json\" class=\"yoast-schema-graph\">{\"@context\":\"https:\/\/schema.org\",\"@graph\":[{\"@type\":\"WebPage\",\"@id\":\"https:\/\/swiss-peak.com\/sv\/produkt\/swiss-peak-aware-rpet-essential-156-tums-ryggsack-svart\/\",\"url\":\"https:\/\/swiss-peak.com\/sv\/produkt\/swiss-peak-aware-rpet-essential-156-tums-ryggsack-svart\/\",\"name\":\"Swiss Peak Aware\u2122 RPET Essential 15,6 tums ryggs\u00e4ck, svart - Swiss Peak\",\"isPartOf\":{\"@id\":\"https:\/\/swiss-peak.com\/sv\/#website\"},\"primaryImageOfPage\":{\"@id\":\"https:\/\/swiss-peak.com\/sv\/produkt\/swiss-peak-aware-rpet-essential-156-tums-ryggsack-svart\/#primaryimage\"},\"image\":{\"@id\":\"https:\/\/swiss-peak.com\/sv\/produkt\/swiss-peak-aware-rpet-essential-156-tums-ryggsack-svart\/#primaryimage\"},\"thumbnailUrl\":\"https:\/\/swiss-peak.com\/wp-content\/uploads\/sites\/9\/2025\/02\/P763.4301__S_0__e50b23c8853b4d81b08326fd2c93cf03.jpg\",\"datePublished\":\"2025-01-01T02:10:24+00:00\",\"dateModified\":\"2026-03-12T02:16:41+00:00\",\"breadcrumb\":{\"@id\":\"https:\/\/swiss-peak.com\/sv\/produkt\/swiss-peak-aware-rpet-essential-156-tums-ryggsack-svart\/#breadcrumb\"},\"inLanguage\":\"sv-SE\",\"potentialAction\":[{\"@type\":\"ReadAction\",\"target\":[\"https:\/\/swiss-peak.com\/sv\/produkt\/swiss-peak-aware-rpet-essential-156-tums-ryggsack-svart\/\"]}]},{\"@type\":\"ImageObject\",\"inLanguage\":\"sv-SE\",\"@id\":\"https:\/\/swiss-peak.com\/sv\/produkt\/swiss-peak-aware-rpet-essential-156-tums-ryggsack-svart\/#primaryimage\",\"url\":\"https:\/\/swiss-peak.com\/wp-content\/uploads\/sites\/9\/2025\/02\/P763.4301__S_0__e50b23c8853b4d81b08326fd2c93cf03.jpg\",\"contentUrl\":\"https:\/\/swiss-peak.com\/wp-content\/uploads\/sites\/9\/2025\/02\/P763.4301__S_0__e50b23c8853b4d81b08326fd2c93cf03.jpg\",\"width\":1024,\"height\":1024},{\"@type\":\"BreadcrumbList\",\"@id\":\"https:\/\/swiss-peak.com\/sv\/produkt\/swiss-peak-aware-rpet-essential-156-tums-ryggsack-svart\/#breadcrumb\",\"itemListElement\":[{\"@type\":\"ListItem\",\"position\":1,\"name\":\"Home\",\"item\":\"https:\/\/swiss-peak.com\/sv\/\"},{\"@type\":\"ListItem\",\"position\":2,\"name\":\"Kollektion\",\"item\":\"https:\/\/swiss-peak.com\/sv\/kollektion\/\"},{\"@type\":\"ListItem\",\"position\":3,\"name\":\"Swiss Peak Aware\u2122 RPET Essential 15,6 tums ryggs\u00e4ck, svart\"}]},{\"@type\":\"WebSite\",\"@id\":\"https:\/\/swiss-peak.com\/sv\/#website\",\"url\":\"https:\/\/swiss-peak.com\/sv\/\",\"name\":\"Swiss Peak\",\"description\":\"Where will today take you?\",\"potentialAction\":[{\"@type\":\"SearchAction\",\"target\":{\"@type\":\"EntryPoint\",\"urlTemplate\":\"https:\/\/swiss-peak.com\/sv\/?s={search_term_string}\"},\"query-input\":{\"@type\":\"PropertyValueSpecification\",\"valueRequired\":true,\"valueName\":\"search_term_string\"}}],\"inLanguage\":\"sv-SE\"}]}<\/script>\n<!-- \/ Yoast SEO plugin. -->","yoast_head_json":{"title":"Swiss Peak Aware\u2122 RPET Essential 15,6 tums ryggs\u00e4ck, svart - Swiss Peak","robots":{"index":"index","follow":"follow","max-snippet":"max-snippet:-1","max-image-preview":"max-image-preview:large","max-video-preview":"max-video-preview:-1"},"canonical":"https:\/\/swiss-peak.com\/sv\/produkt\/swiss-peak-aware-rpet-essential-156-tums-ryggsack-svart\/","og_locale":"sv_SE","og_type":"article","og_title":"Swiss Peak Aware\u2122 RPET Essential 15,6 tums ryggs\u00e4ck, svart - Swiss Peak","og_description":"Swiss Peak Aware\u2122 RPET Essential 15,6 Inch Laptop Backpack \u00e4r utformad f\u00f6r att m\u00f6ta dina dagliga aff\u00e4rsbehov. Den h\u00e4r snygga och slitstarka ryggs\u00e4cken \u00e4r tillverkad av 100% rPET och har ett huvudfack med dragkedja och ett s\u00e4rskilt fack f\u00f6r b\u00e4rbara datorer som passar moderna 15,6-tums b\u00e4rbara datorer, samt en dragkedjeficka i mesh och en sk\u00f6tseletikett [&hellip;]","og_url":"https:\/\/swiss-peak.com\/sv\/produkt\/swiss-peak-aware-rpet-essential-156-tums-ryggsack-svart\/","og_site_name":"Swiss Peak","article_modified_time":"2026-03-12T02:16:41+00:00","og_image":[{"width":1024,"height":1024,"url":"https:\/\/swiss-peak.com\/wp-content\/uploads\/sites\/9\/2025\/02\/P763.4301__S_0__e50b23c8853b4d81b08326fd2c93cf03.jpg","type":"image\/jpeg"}],"twitter_card":"summary_large_image","twitter_misc":{"Ber\u00e4knad l\u00e4stid":"1 minut"},"schema":{"@context":"https:\/\/schema.org","@graph":[{"@type":"WebPage","@id":"https:\/\/swiss-peak.com\/sv\/produkt\/swiss-peak-aware-rpet-essential-156-tums-ryggsack-svart\/","url":"https:\/\/swiss-peak.com\/sv\/produkt\/swiss-peak-aware-rpet-essential-156-tums-ryggsack-svart\/","name":"Swiss Peak Aware\u2122 RPET Essential 15,6 tums ryggs\u00e4ck, svart - Swiss Peak","isPartOf":{"@id":"https:\/\/swiss-peak.com\/sv\/#website"},"primaryImageOfPage":{"@id":"https:\/\/swiss-peak.com\/sv\/produkt\/swiss-peak-aware-rpet-essential-156-tums-ryggsack-svart\/#primaryimage"},"image":{"@id":"https:\/\/swiss-peak.com\/sv\/produkt\/swiss-peak-aware-rpet-essential-156-tums-ryggsack-svart\/#primaryimage"},"thumbnailUrl":"https:\/\/swiss-peak.com\/wp-content\/uploads\/sites\/9\/2025\/02\/P763.4301__S_0__e50b23c8853b4d81b08326fd2c93cf03.jpg","datePublished":"2025-01-01T02:10:24+00:00","dateModified":"2026-03-12T02:16:41+00:00","breadcrumb":{"@id":"https:\/\/swiss-peak.com\/sv\/produkt\/swiss-peak-aware-rpet-essential-156-tums-ryggsack-svart\/#breadcrumb"},"inLanguage":"sv-SE","potentialAction":[{"@type":"ReadAction","target":["https:\/\/swiss-peak.com\/sv\/produkt\/swiss-peak-aware-rpet-essential-156-tums-ryggsack-svart\/"]}]},{"@type":"ImageObject","inLanguage":"sv-SE","@id":"https:\/\/swiss-peak.com\/sv\/produkt\/swiss-peak-aware-rpet-essential-156-tums-ryggsack-svart\/#primaryimage","url":"https:\/\/swiss-peak.com\/wp-content\/uploads\/sites\/9\/2025\/02\/P763.4301__S_0__e50b23c8853b4d81b08326fd2c93cf03.jpg","contentUrl":"https:\/\/swiss-peak.com\/wp-content\/uploads\/sites\/9\/2025\/02\/P763.4301__S_0__e50b23c8853b4d81b08326fd2c93cf03.jpg","width":1024,"height":1024},{"@type":"BreadcrumbList","@id":"https:\/\/swiss-peak.com\/sv\/produkt\/swiss-peak-aware-rpet-essential-156-tums-ryggsack-svart\/#breadcrumb","itemListElement":[{"@type":"ListItem","position":1,"name":"Home","item":"https:\/\/swiss-peak.com\/sv\/"},{"@type":"ListItem","position":2,"name":"Kollektion","item":"https:\/\/swiss-peak.com\/sv\/kollektion\/"},{"@type":"ListItem","position":3,"name":"Swiss Peak Aware\u2122 RPET Essential 15,6 tums ryggs\u00e4ck, svart"}]},{"@type":"WebSite","@id":"https:\/\/swiss-peak.com\/sv\/#website","url":"https:\/\/swiss-peak.com\/sv\/","name":"Swiss Peak","description":"Where will today take you?","potentialAction":[{"@type":"SearchAction","target":{"@type":"EntryPoint","urlTemplate":"https:\/\/swiss-peak.com\/sv\/?s={search_term_string}"},"query-input":{"@type":"PropertyValueSpecification","valueRequired":true,"valueName":"search_term_string"}}],"inLanguage":"sv-SE"}]}},"_links":{"self":[{"href":"https:\/\/swiss-peak.com\/sv\/wp-json\/wp\/v2\/product\/45245","targetHints":{"allow":["GET"]}}],"collection":[{"href":"https:\/\/swiss-peak.com\/sv\/wp-json\/wp\/v2\/product"}],"about":[{"href":"https:\/\/swiss-peak.com\/sv\/wp-json\/wp\/v2\/types\/product"}],"wp:featuredmedia":[{"embeddable":true,"href":"https:\/\/swiss-peak.com\/sv\/wp-json\/wp\/v2\/media\/45392"}],"wp:attachment":[{"href":"https:\/\/swiss-peak.com\/sv\/wp-json\/wp\/v2\/media?parent=45245"}],"wp:term":[{"taxonomy":"product_cat","embeddable":true,"href":"https:\/\/swiss-peak.com\/sv\/wp-json\/wp\/v2\/product_cat?post=45245"},{"taxonomy":"product_tag","embeddable":true,"href":"https:\/\/swiss-peak.com\/sv\/wp-json\/wp\/v2\/product_tag?post=45245"}],"curies":[{"name":"wp","href":"https:\/\/api.w.org\/{rel}","templated":true}]}}