{"id":45244,"date":"2025-01-01T03:04:06","date_gmt":"2025-01-01T02:10:21","guid":{"rendered":"https:\/\/swiss-peak.com\/swiss-peak-aware-rpet-essential-156-tums-laptopvaska-svart\/"},"modified":"2026-04-29T03:10:34","modified_gmt":"2026-04-29T01:10:34","slug":"swiss-peak-aware-rpet-essential-156-tums-laptopvaska-svart","status":"publish","type":"product","link":"https:\/\/swiss-peak.com\/sv\/produkt\/swiss-peak-aware-rpet-essential-156-tums-laptopvaska-svart\/","title":{"rendered":"Swiss Peak Aware\u2122 RPET Essential 15,6 tums laptopv\u00e4ska, svart"},"content":{"rendered":"<p>B\u00e4r din teknik med stil med Swiss Peak Aware\u2122 RPET Essential 15,6 tums laptopv\u00e4ska. Den h\u00e4r eleganta v\u00e4skan \u00e4r tillverkad av 100 % rPET och har ett huvudfack med ett s\u00e4rskilt laptopfack som rymmer moderna 15,6-tums laptops p\u00e5 ett s\u00e4kert s\u00e4tt. V\u00e4skan har ocks\u00e5 en fr\u00e4mre ficka med dragkedja f\u00f6r tillbeh\u00f6r, tv\u00e5 handtag med v\u00e4vband och en avtagbar, justerbar axelrem (120 cm) med sp\u00e4nnen f\u00f6r enkel b\u00e4rning. Den tonala Swiss Peak-logotypen p\u00e5 framsidan ger en touch av elegans till den funktionella designen. Tillverkad av \u00e5tervunnen polyester med AWARE\u2122-tracer. 2% av int\u00e4kterna fr\u00e5n varje produkt som s\u00e4ljs med AWARE\u2122 kommer att doneras till Water.org. PVC-fri<\/p>\n","protected":false},"excerpt":{"rendered":"<p>B\u00e4r din teknik med stil med Swiss Peak Aware\u2122 RPET Essential 15,6 tums laptopv\u00e4ska. Den h\u00e4r eleganta v\u00e4skan \u00e4r tillverkad av 100 % rPET och har ett huvudfack med ett s\u00e4rskilt laptopfack som rymmer moderna 15,6-tums laptops p\u00e5 ett s\u00e4kert s\u00e4tt. V\u00e4skan har ocks\u00e5 en fr\u00e4mre ficka med dragkedja f\u00f6r tillbeh\u00f6r, tv\u00e5 handtag med v\u00e4vband [&hellip;]<\/p>\n","protected":false},"featured_media":46679,"template":"","meta":{"_acf_changed":false},"product_cat":[289,295],"product_tag":[],"class_list":["post-45244","product","type-product","status-publish","has-post-thumbnail","hentry","product_cat-business-sv","product_cat-laptopvaskor","pa_color-black-sv"],"acf":[],"yoast_head":"<!-- This site is optimized with the Yoast SEO plugin v27.0 - https:\/\/yoast.com\/product\/yoast-seo-wordpress\/ -->\n<title>Swiss Peak Aware\u2122 RPET Essential 15,6 tums laptopv\u00e4ska, svart - Swiss Peak<\/title>\n<meta name=\"robots\" content=\"index, follow, max-snippet:-1, max-image-preview:large, max-video-preview:-1\" \/>\n<link rel=\"canonical\" href=\"https:\/\/swiss-peak.com\/sv\/produkt\/swiss-peak-aware-rpet-essential-156-tums-laptopvaska-svart\/\" \/>\n<meta property=\"og:locale\" content=\"sv_SE\" \/>\n<meta property=\"og:type\" content=\"article\" \/>\n<meta property=\"og:title\" content=\"Swiss Peak Aware\u2122 RPET Essential 15,6 tums laptopv\u00e4ska, svart - Swiss Peak\" \/>\n<meta property=\"og:description\" content=\"B\u00e4r din teknik med stil med Swiss Peak Aware\u2122 RPET Essential 15,6 tums laptopv\u00e4ska. Den h\u00e4r eleganta v\u00e4skan \u00e4r tillverkad av 100 % rPET och har ett huvudfack med ett s\u00e4rskilt laptopfack som rymmer moderna 15,6-tums laptops p\u00e5 ett s\u00e4kert s\u00e4tt. V\u00e4skan har ocks\u00e5 en fr\u00e4mre ficka med dragkedja f\u00f6r tillbeh\u00f6r, tv\u00e5 handtag med v\u00e4vband [&hellip;]\" \/>\n<meta property=\"og:url\" content=\"https:\/\/swiss-peak.com\/sv\/produkt\/swiss-peak-aware-rpet-essential-156-tums-laptopvaska-svart\/\" \/>\n<meta property=\"og:site_name\" content=\"Swiss Peak\" \/>\n<meta property=\"article:modified_time\" content=\"2026-04-29T01:10:34+00:00\" \/>\n<meta property=\"og:image\" content=\"https:\/\/swiss-peak.com\/wp-content\/uploads\/sites\/9\/2026\/04\/P732.2301__S_0__b38b1ee9e2894f4095bdfc78c3860040.jpg\" \/>\n\t<meta property=\"og:image:width\" content=\"1024\" \/>\n\t<meta property=\"og:image:height\" content=\"1024\" \/>\n\t<meta property=\"og:image:type\" content=\"image\/jpeg\" \/>\n<meta name=\"twitter:card\" content=\"summary_large_image\" \/>\n<meta name=\"twitter:label1\" content=\"Ber\u00e4knad l\u00e4stid\" \/>\n\t<meta name=\"twitter:data1\" content=\"1 minut\" \/>\n<script type=\"application\/ld+json\" class=\"yoast-schema-graph\">{\"@context\":\"https:\/\/schema.org\",\"@graph\":[{\"@type\":\"WebPage\",\"@id\":\"https:\/\/swiss-peak.com\/sv\/produkt\/swiss-peak-aware-rpet-essential-156-tums-laptopvaska-svart\/\",\"url\":\"https:\/\/swiss-peak.com\/sv\/produkt\/swiss-peak-aware-rpet-essential-156-tums-laptopvaska-svart\/\",\"name\":\"Swiss Peak Aware\u2122 RPET Essential 15,6 tums laptopv\u00e4ska, svart - Swiss Peak\",\"isPartOf\":{\"@id\":\"https:\/\/swiss-peak.com\/sv\/#website\"},\"primaryImageOfPage\":{\"@id\":\"https:\/\/swiss-peak.com\/sv\/produkt\/swiss-peak-aware-rpet-essential-156-tums-laptopvaska-svart\/#primaryimage\"},\"image\":{\"@id\":\"https:\/\/swiss-peak.com\/sv\/produkt\/swiss-peak-aware-rpet-essential-156-tums-laptopvaska-svart\/#primaryimage\"},\"thumbnailUrl\":\"https:\/\/swiss-peak.com\/wp-content\/uploads\/sites\/9\/2026\/04\/P732.2301__S_0__b38b1ee9e2894f4095bdfc78c3860040.jpg\",\"datePublished\":\"2025-01-01T02:10:21+00:00\",\"dateModified\":\"2026-04-29T01:10:34+00:00\",\"breadcrumb\":{\"@id\":\"https:\/\/swiss-peak.com\/sv\/produkt\/swiss-peak-aware-rpet-essential-156-tums-laptopvaska-svart\/#breadcrumb\"},\"inLanguage\":\"sv-SE\",\"potentialAction\":[{\"@type\":\"ReadAction\",\"target\":[\"https:\/\/swiss-peak.com\/sv\/produkt\/swiss-peak-aware-rpet-essential-156-tums-laptopvaska-svart\/\"]}]},{\"@type\":\"ImageObject\",\"inLanguage\":\"sv-SE\",\"@id\":\"https:\/\/swiss-peak.com\/sv\/produkt\/swiss-peak-aware-rpet-essential-156-tums-laptopvaska-svart\/#primaryimage\",\"url\":\"https:\/\/swiss-peak.com\/wp-content\/uploads\/sites\/9\/2026\/04\/P732.2301__S_0__b38b1ee9e2894f4095bdfc78c3860040.jpg\",\"contentUrl\":\"https:\/\/swiss-peak.com\/wp-content\/uploads\/sites\/9\/2026\/04\/P732.2301__S_0__b38b1ee9e2894f4095bdfc78c3860040.jpg\",\"width\":1024,\"height\":1024},{\"@type\":\"BreadcrumbList\",\"@id\":\"https:\/\/swiss-peak.com\/sv\/produkt\/swiss-peak-aware-rpet-essential-156-tums-laptopvaska-svart\/#breadcrumb\",\"itemListElement\":[{\"@type\":\"ListItem\",\"position\":1,\"name\":\"Home\",\"item\":\"https:\/\/swiss-peak.com\/sv\/\"},{\"@type\":\"ListItem\",\"position\":2,\"name\":\"Kollektion\",\"item\":\"https:\/\/swiss-peak.com\/sv\/kollektion\/\"},{\"@type\":\"ListItem\",\"position\":3,\"name\":\"Swiss Peak Aware\u2122 RPET Essential 15,6 tums laptopv\u00e4ska, svart\"}]},{\"@type\":\"WebSite\",\"@id\":\"https:\/\/swiss-peak.com\/sv\/#website\",\"url\":\"https:\/\/swiss-peak.com\/sv\/\",\"name\":\"Swiss Peak\",\"description\":\"Where will today take you?\",\"potentialAction\":[{\"@type\":\"SearchAction\",\"target\":{\"@type\":\"EntryPoint\",\"urlTemplate\":\"https:\/\/swiss-peak.com\/sv\/?s={search_term_string}\"},\"query-input\":{\"@type\":\"PropertyValueSpecification\",\"valueRequired\":true,\"valueName\":\"search_term_string\"}}],\"inLanguage\":\"sv-SE\"}]}<\/script>\n<!-- \/ Yoast SEO plugin. -->","yoast_head_json":{"title":"Swiss Peak Aware\u2122 RPET Essential 15,6 tums laptopv\u00e4ska, svart - Swiss Peak","robots":{"index":"index","follow":"follow","max-snippet":"max-snippet:-1","max-image-preview":"max-image-preview:large","max-video-preview":"max-video-preview:-1"},"canonical":"https:\/\/swiss-peak.com\/sv\/produkt\/swiss-peak-aware-rpet-essential-156-tums-laptopvaska-svart\/","og_locale":"sv_SE","og_type":"article","og_title":"Swiss Peak Aware\u2122 RPET Essential 15,6 tums laptopv\u00e4ska, svart - Swiss Peak","og_description":"B\u00e4r din teknik med stil med Swiss Peak Aware\u2122 RPET Essential 15,6 tums laptopv\u00e4ska. Den h\u00e4r eleganta v\u00e4skan \u00e4r tillverkad av 100 % rPET och har ett huvudfack med ett s\u00e4rskilt laptopfack som rymmer moderna 15,6-tums laptops p\u00e5 ett s\u00e4kert s\u00e4tt. V\u00e4skan har ocks\u00e5 en fr\u00e4mre ficka med dragkedja f\u00f6r tillbeh\u00f6r, tv\u00e5 handtag med v\u00e4vband [&hellip;]","og_url":"https:\/\/swiss-peak.com\/sv\/produkt\/swiss-peak-aware-rpet-essential-156-tums-laptopvaska-svart\/","og_site_name":"Swiss Peak","article_modified_time":"2026-04-29T01:10:34+00:00","og_image":[{"width":1024,"height":1024,"url":"https:\/\/swiss-peak.com\/wp-content\/uploads\/sites\/9\/2026\/04\/P732.2301__S_0__b38b1ee9e2894f4095bdfc78c3860040.jpg","type":"image\/jpeg"}],"twitter_card":"summary_large_image","twitter_misc":{"Ber\u00e4knad l\u00e4stid":"1 minut"},"schema":{"@context":"https:\/\/schema.org","@graph":[{"@type":"WebPage","@id":"https:\/\/swiss-peak.com\/sv\/produkt\/swiss-peak-aware-rpet-essential-156-tums-laptopvaska-svart\/","url":"https:\/\/swiss-peak.com\/sv\/produkt\/swiss-peak-aware-rpet-essential-156-tums-laptopvaska-svart\/","name":"Swiss Peak Aware\u2122 RPET Essential 15,6 tums laptopv\u00e4ska, svart - Swiss Peak","isPartOf":{"@id":"https:\/\/swiss-peak.com\/sv\/#website"},"primaryImageOfPage":{"@id":"https:\/\/swiss-peak.com\/sv\/produkt\/swiss-peak-aware-rpet-essential-156-tums-laptopvaska-svart\/#primaryimage"},"image":{"@id":"https:\/\/swiss-peak.com\/sv\/produkt\/swiss-peak-aware-rpet-essential-156-tums-laptopvaska-svart\/#primaryimage"},"thumbnailUrl":"https:\/\/swiss-peak.com\/wp-content\/uploads\/sites\/9\/2026\/04\/P732.2301__S_0__b38b1ee9e2894f4095bdfc78c3860040.jpg","datePublished":"2025-01-01T02:10:21+00:00","dateModified":"2026-04-29T01:10:34+00:00","breadcrumb":{"@id":"https:\/\/swiss-peak.com\/sv\/produkt\/swiss-peak-aware-rpet-essential-156-tums-laptopvaska-svart\/#breadcrumb"},"inLanguage":"sv-SE","potentialAction":[{"@type":"ReadAction","target":["https:\/\/swiss-peak.com\/sv\/produkt\/swiss-peak-aware-rpet-essential-156-tums-laptopvaska-svart\/"]}]},{"@type":"ImageObject","inLanguage":"sv-SE","@id":"https:\/\/swiss-peak.com\/sv\/produkt\/swiss-peak-aware-rpet-essential-156-tums-laptopvaska-svart\/#primaryimage","url":"https:\/\/swiss-peak.com\/wp-content\/uploads\/sites\/9\/2026\/04\/P732.2301__S_0__b38b1ee9e2894f4095bdfc78c3860040.jpg","contentUrl":"https:\/\/swiss-peak.com\/wp-content\/uploads\/sites\/9\/2026\/04\/P732.2301__S_0__b38b1ee9e2894f4095bdfc78c3860040.jpg","width":1024,"height":1024},{"@type":"BreadcrumbList","@id":"https:\/\/swiss-peak.com\/sv\/produkt\/swiss-peak-aware-rpet-essential-156-tums-laptopvaska-svart\/#breadcrumb","itemListElement":[{"@type":"ListItem","position":1,"name":"Home","item":"https:\/\/swiss-peak.com\/sv\/"},{"@type":"ListItem","position":2,"name":"Kollektion","item":"https:\/\/swiss-peak.com\/sv\/kollektion\/"},{"@type":"ListItem","position":3,"name":"Swiss Peak Aware\u2122 RPET Essential 15,6 tums laptopv\u00e4ska, svart"}]},{"@type":"WebSite","@id":"https:\/\/swiss-peak.com\/sv\/#website","url":"https:\/\/swiss-peak.com\/sv\/","name":"Swiss Peak","description":"Where will today take you?","potentialAction":[{"@type":"SearchAction","target":{"@type":"EntryPoint","urlTemplate":"https:\/\/swiss-peak.com\/sv\/?s={search_term_string}"},"query-input":{"@type":"PropertyValueSpecification","valueRequired":true,"valueName":"search_term_string"}}],"inLanguage":"sv-SE"}]}},"_links":{"self":[{"href":"https:\/\/swiss-peak.com\/sv\/wp-json\/wp\/v2\/product\/45244","targetHints":{"allow":["GET"]}}],"collection":[{"href":"https:\/\/swiss-peak.com\/sv\/wp-json\/wp\/v2\/product"}],"about":[{"href":"https:\/\/swiss-peak.com\/sv\/wp-json\/wp\/v2\/types\/product"}],"wp:featuredmedia":[{"embeddable":true,"href":"https:\/\/swiss-peak.com\/sv\/wp-json\/wp\/v2\/media\/46679"}],"wp:attachment":[{"href":"https:\/\/swiss-peak.com\/sv\/wp-json\/wp\/v2\/media?parent=45244"}],"wp:term":[{"taxonomy":"product_cat","embeddable":true,"href":"https:\/\/swiss-peak.com\/sv\/wp-json\/wp\/v2\/product_cat?post=45244"},{"taxonomy":"product_tag","embeddable":true,"href":"https:\/\/swiss-peak.com\/sv\/wp-json\/wp\/v2\/product_tag?post=45244"}],"curies":[{"name":"wp","href":"https:\/\/api.w.org\/{rel}","templated":true}]}}