{"id":45242,"date":"2025-01-01T03:02:54","date_gmt":"2025-01-01T02:10:17","guid":{"rendered":"https:\/\/swiss-peak.com\/swiss-peak-luca-rcs-pennset-deluxe-i-atervunnen-massing-svart\/"},"modified":"2026-03-12T04:12:58","modified_gmt":"2026-03-12T02:12:58","slug":"swiss-peak-luca-rcs-pennset-deluxe-i-atervunnen-massing-svart","status":"publish","type":"product","link":"https:\/\/swiss-peak.com\/sv\/produkt\/swiss-peak-luca-rcs-pennset-deluxe-i-atervunnen-massing-svart\/","title":{"rendered":"Swiss Peak Luca RCS pennset deluxe i \u00e5tervunnen m\u00e4ssing, svart"},"content":{"rendered":"<p>F\u00f6rh\u00f6j din skrivupplevelse med Swiss Peak Luca RCS Recycled Brass Deluxe Pen Set. Denna upps\u00e4ttning \u00e4r designad med sofistikering i \u00e5tanke och best\u00e5r av eleganta svarta pennor med guldaccenter, inklusive \u00f6verdelen, toppringen, klipset, mittringen och spetsen. Pennorna \u00e4r tillverkade av 55% RCS-certifierad \u00e5tervunnen m\u00e4ssing och erbjuder b\u00e5de elegans och h\u00e5llbarhet. Kulspetspennan har en vridmekanism och en refill med bl\u00e5tt bl\u00e4ck som skriver 1,0 mm brett i upp till 1200 m. Pennan med lock har bl\u00e5tt gelbl\u00e4ck och ger 800 m smidig skrivning i samma 1,0 mm bredd. B\u00e5da pennorna har ett st\u00e5lkl\u00e4mma och \u00e4r graverade med Swiss Peak-logotypen p\u00e5 den mellersta ringen. Detta set presenteras i en premium presentf\u00f6rpackning och utstr\u00e5lar lyx och stil.<\/p>\n","protected":false},"excerpt":{"rendered":"<p>F\u00f6rh\u00f6j din skrivupplevelse med Swiss Peak Luca RCS Recycled Brass Deluxe Pen Set. Denna upps\u00e4ttning \u00e4r designad med sofistikering i \u00e5tanke och best\u00e5r av eleganta svarta pennor med guldaccenter, inklusive \u00f6verdelen, toppringen, klipset, mittringen och spetsen. Pennorna \u00e4r tillverkade av 55% RCS-certifierad \u00e5tervunnen m\u00e4ssing och erbjuder b\u00e5de elegans och h\u00e5llbarhet. Kulspetspennan har en vridmekanism och [&hellip;]<\/p>\n","protected":false},"featured_media":45371,"template":"","meta":{"_acf_changed":false},"product_cat":[289,299],"product_tag":[],"class_list":["post-45242","product","type-product","status-publish","has-post-thumbnail","hentry","product_cat-business-sv","product_cat-kontor-pennor","pa_color-black-sv"],"acf":[],"yoast_head":"<!-- This site is optimized with the Yoast SEO plugin v27.0 - https:\/\/yoast.com\/product\/yoast-seo-wordpress\/ -->\n<title>Swiss Peak Luca RCS pennset deluxe i \u00e5tervunnen m\u00e4ssing, svart - Swiss Peak<\/title>\n<meta name=\"robots\" content=\"index, follow, max-snippet:-1, max-image-preview:large, max-video-preview:-1\" \/>\n<link rel=\"canonical\" href=\"https:\/\/swiss-peak.com\/sv\/produkt\/swiss-peak-luca-rcs-pennset-deluxe-i-atervunnen-massing-svart\/\" \/>\n<meta property=\"og:locale\" content=\"sv_SE\" \/>\n<meta property=\"og:type\" content=\"article\" \/>\n<meta property=\"og:title\" content=\"Swiss Peak Luca RCS pennset deluxe i \u00e5tervunnen m\u00e4ssing, svart - Swiss Peak\" \/>\n<meta property=\"og:description\" content=\"F\u00f6rh\u00f6j din skrivupplevelse med Swiss Peak Luca RCS Recycled Brass Deluxe Pen Set. Denna upps\u00e4ttning \u00e4r designad med sofistikering i \u00e5tanke och best\u00e5r av eleganta svarta pennor med guldaccenter, inklusive \u00f6verdelen, toppringen, klipset, mittringen och spetsen. Pennorna \u00e4r tillverkade av 55% RCS-certifierad \u00e5tervunnen m\u00e4ssing och erbjuder b\u00e5de elegans och h\u00e5llbarhet. Kulspetspennan har en vridmekanism och [&hellip;]\" \/>\n<meta property=\"og:url\" content=\"https:\/\/swiss-peak.com\/sv\/produkt\/swiss-peak-luca-rcs-pennset-deluxe-i-atervunnen-massing-svart\/\" \/>\n<meta property=\"og:site_name\" content=\"Swiss Peak\" \/>\n<meta property=\"article:modified_time\" content=\"2026-03-12T02:12:58+00:00\" \/>\n<meta property=\"og:image\" content=\"https:\/\/swiss-peak.com\/wp-content\/uploads\/sites\/9\/2025\/02\/P611.3001__S_0__df34534febed45c7a9b22f102468cebb.jpg\" \/>\n\t<meta property=\"og:image:width\" content=\"1024\" \/>\n\t<meta property=\"og:image:height\" content=\"1024\" \/>\n\t<meta property=\"og:image:type\" content=\"image\/jpeg\" \/>\n<meta name=\"twitter:card\" content=\"summary_large_image\" \/>\n<meta name=\"twitter:label1\" content=\"Ber\u00e4knad l\u00e4stid\" \/>\n\t<meta name=\"twitter:data1\" content=\"1 minut\" \/>\n<script type=\"application\/ld+json\" class=\"yoast-schema-graph\">{\"@context\":\"https:\/\/schema.org\",\"@graph\":[{\"@type\":\"WebPage\",\"@id\":\"https:\/\/swiss-peak.com\/sv\/produkt\/swiss-peak-luca-rcs-pennset-deluxe-i-atervunnen-massing-svart\/\",\"url\":\"https:\/\/swiss-peak.com\/sv\/produkt\/swiss-peak-luca-rcs-pennset-deluxe-i-atervunnen-massing-svart\/\",\"name\":\"Swiss Peak Luca RCS pennset deluxe i \u00e5tervunnen m\u00e4ssing, svart - Swiss Peak\",\"isPartOf\":{\"@id\":\"https:\/\/swiss-peak.com\/sv\/#website\"},\"primaryImageOfPage\":{\"@id\":\"https:\/\/swiss-peak.com\/sv\/produkt\/swiss-peak-luca-rcs-pennset-deluxe-i-atervunnen-massing-svart\/#primaryimage\"},\"image\":{\"@id\":\"https:\/\/swiss-peak.com\/sv\/produkt\/swiss-peak-luca-rcs-pennset-deluxe-i-atervunnen-massing-svart\/#primaryimage\"},\"thumbnailUrl\":\"https:\/\/swiss-peak.com\/wp-content\/uploads\/sites\/9\/2025\/02\/P611.3001__S_0__df34534febed45c7a9b22f102468cebb.jpg\",\"datePublished\":\"2025-01-01T02:10:17+00:00\",\"dateModified\":\"2026-03-12T02:12:58+00:00\",\"breadcrumb\":{\"@id\":\"https:\/\/swiss-peak.com\/sv\/produkt\/swiss-peak-luca-rcs-pennset-deluxe-i-atervunnen-massing-svart\/#breadcrumb\"},\"inLanguage\":\"sv-SE\",\"potentialAction\":[{\"@type\":\"ReadAction\",\"target\":[\"https:\/\/swiss-peak.com\/sv\/produkt\/swiss-peak-luca-rcs-pennset-deluxe-i-atervunnen-massing-svart\/\"]}]},{\"@type\":\"ImageObject\",\"inLanguage\":\"sv-SE\",\"@id\":\"https:\/\/swiss-peak.com\/sv\/produkt\/swiss-peak-luca-rcs-pennset-deluxe-i-atervunnen-massing-svart\/#primaryimage\",\"url\":\"https:\/\/swiss-peak.com\/wp-content\/uploads\/sites\/9\/2025\/02\/P611.3001__S_0__df34534febed45c7a9b22f102468cebb.jpg\",\"contentUrl\":\"https:\/\/swiss-peak.com\/wp-content\/uploads\/sites\/9\/2025\/02\/P611.3001__S_0__df34534febed45c7a9b22f102468cebb.jpg\",\"width\":1024,\"height\":1024},{\"@type\":\"BreadcrumbList\",\"@id\":\"https:\/\/swiss-peak.com\/sv\/produkt\/swiss-peak-luca-rcs-pennset-deluxe-i-atervunnen-massing-svart\/#breadcrumb\",\"itemListElement\":[{\"@type\":\"ListItem\",\"position\":1,\"name\":\"Home\",\"item\":\"https:\/\/swiss-peak.com\/sv\/\"},{\"@type\":\"ListItem\",\"position\":2,\"name\":\"Kollektion\",\"item\":\"https:\/\/swiss-peak.com\/sv\/kollektion\/\"},{\"@type\":\"ListItem\",\"position\":3,\"name\":\"Swiss Peak Luca RCS pennset deluxe i \u00e5tervunnen m\u00e4ssing, svart\"}]},{\"@type\":\"WebSite\",\"@id\":\"https:\/\/swiss-peak.com\/sv\/#website\",\"url\":\"https:\/\/swiss-peak.com\/sv\/\",\"name\":\"Swiss Peak\",\"description\":\"Where will today take you?\",\"potentialAction\":[{\"@type\":\"SearchAction\",\"target\":{\"@type\":\"EntryPoint\",\"urlTemplate\":\"https:\/\/swiss-peak.com\/sv\/?s={search_term_string}\"},\"query-input\":{\"@type\":\"PropertyValueSpecification\",\"valueRequired\":true,\"valueName\":\"search_term_string\"}}],\"inLanguage\":\"sv-SE\"}]}<\/script>\n<!-- \/ Yoast SEO plugin. -->","yoast_head_json":{"title":"Swiss Peak Luca RCS pennset deluxe i \u00e5tervunnen m\u00e4ssing, svart - Swiss Peak","robots":{"index":"index","follow":"follow","max-snippet":"max-snippet:-1","max-image-preview":"max-image-preview:large","max-video-preview":"max-video-preview:-1"},"canonical":"https:\/\/swiss-peak.com\/sv\/produkt\/swiss-peak-luca-rcs-pennset-deluxe-i-atervunnen-massing-svart\/","og_locale":"sv_SE","og_type":"article","og_title":"Swiss Peak Luca RCS pennset deluxe i \u00e5tervunnen m\u00e4ssing, svart - Swiss Peak","og_description":"F\u00f6rh\u00f6j din skrivupplevelse med Swiss Peak Luca RCS Recycled Brass Deluxe Pen Set. Denna upps\u00e4ttning \u00e4r designad med sofistikering i \u00e5tanke och best\u00e5r av eleganta svarta pennor med guldaccenter, inklusive \u00f6verdelen, toppringen, klipset, mittringen och spetsen. Pennorna \u00e4r tillverkade av 55% RCS-certifierad \u00e5tervunnen m\u00e4ssing och erbjuder b\u00e5de elegans och h\u00e5llbarhet. Kulspetspennan har en vridmekanism och [&hellip;]","og_url":"https:\/\/swiss-peak.com\/sv\/produkt\/swiss-peak-luca-rcs-pennset-deluxe-i-atervunnen-massing-svart\/","og_site_name":"Swiss Peak","article_modified_time":"2026-03-12T02:12:58+00:00","og_image":[{"width":1024,"height":1024,"url":"https:\/\/swiss-peak.com\/wp-content\/uploads\/sites\/9\/2025\/02\/P611.3001__S_0__df34534febed45c7a9b22f102468cebb.jpg","type":"image\/jpeg"}],"twitter_card":"summary_large_image","twitter_misc":{"Ber\u00e4knad l\u00e4stid":"1 minut"},"schema":{"@context":"https:\/\/schema.org","@graph":[{"@type":"WebPage","@id":"https:\/\/swiss-peak.com\/sv\/produkt\/swiss-peak-luca-rcs-pennset-deluxe-i-atervunnen-massing-svart\/","url":"https:\/\/swiss-peak.com\/sv\/produkt\/swiss-peak-luca-rcs-pennset-deluxe-i-atervunnen-massing-svart\/","name":"Swiss Peak Luca RCS pennset deluxe i \u00e5tervunnen m\u00e4ssing, svart - Swiss Peak","isPartOf":{"@id":"https:\/\/swiss-peak.com\/sv\/#website"},"primaryImageOfPage":{"@id":"https:\/\/swiss-peak.com\/sv\/produkt\/swiss-peak-luca-rcs-pennset-deluxe-i-atervunnen-massing-svart\/#primaryimage"},"image":{"@id":"https:\/\/swiss-peak.com\/sv\/produkt\/swiss-peak-luca-rcs-pennset-deluxe-i-atervunnen-massing-svart\/#primaryimage"},"thumbnailUrl":"https:\/\/swiss-peak.com\/wp-content\/uploads\/sites\/9\/2025\/02\/P611.3001__S_0__df34534febed45c7a9b22f102468cebb.jpg","datePublished":"2025-01-01T02:10:17+00:00","dateModified":"2026-03-12T02:12:58+00:00","breadcrumb":{"@id":"https:\/\/swiss-peak.com\/sv\/produkt\/swiss-peak-luca-rcs-pennset-deluxe-i-atervunnen-massing-svart\/#breadcrumb"},"inLanguage":"sv-SE","potentialAction":[{"@type":"ReadAction","target":["https:\/\/swiss-peak.com\/sv\/produkt\/swiss-peak-luca-rcs-pennset-deluxe-i-atervunnen-massing-svart\/"]}]},{"@type":"ImageObject","inLanguage":"sv-SE","@id":"https:\/\/swiss-peak.com\/sv\/produkt\/swiss-peak-luca-rcs-pennset-deluxe-i-atervunnen-massing-svart\/#primaryimage","url":"https:\/\/swiss-peak.com\/wp-content\/uploads\/sites\/9\/2025\/02\/P611.3001__S_0__df34534febed45c7a9b22f102468cebb.jpg","contentUrl":"https:\/\/swiss-peak.com\/wp-content\/uploads\/sites\/9\/2025\/02\/P611.3001__S_0__df34534febed45c7a9b22f102468cebb.jpg","width":1024,"height":1024},{"@type":"BreadcrumbList","@id":"https:\/\/swiss-peak.com\/sv\/produkt\/swiss-peak-luca-rcs-pennset-deluxe-i-atervunnen-massing-svart\/#breadcrumb","itemListElement":[{"@type":"ListItem","position":1,"name":"Home","item":"https:\/\/swiss-peak.com\/sv\/"},{"@type":"ListItem","position":2,"name":"Kollektion","item":"https:\/\/swiss-peak.com\/sv\/kollektion\/"},{"@type":"ListItem","position":3,"name":"Swiss Peak Luca RCS pennset deluxe i \u00e5tervunnen m\u00e4ssing, svart"}]},{"@type":"WebSite","@id":"https:\/\/swiss-peak.com\/sv\/#website","url":"https:\/\/swiss-peak.com\/sv\/","name":"Swiss Peak","description":"Where will today take you?","potentialAction":[{"@type":"SearchAction","target":{"@type":"EntryPoint","urlTemplate":"https:\/\/swiss-peak.com\/sv\/?s={search_term_string}"},"query-input":{"@type":"PropertyValueSpecification","valueRequired":true,"valueName":"search_term_string"}}],"inLanguage":"sv-SE"}]}},"_links":{"self":[{"href":"https:\/\/swiss-peak.com\/sv\/wp-json\/wp\/v2\/product\/45242","targetHints":{"allow":["GET"]}}],"collection":[{"href":"https:\/\/swiss-peak.com\/sv\/wp-json\/wp\/v2\/product"}],"about":[{"href":"https:\/\/swiss-peak.com\/sv\/wp-json\/wp\/v2\/types\/product"}],"wp:featuredmedia":[{"embeddable":true,"href":"https:\/\/swiss-peak.com\/sv\/wp-json\/wp\/v2\/media\/45371"}],"wp:attachment":[{"href":"https:\/\/swiss-peak.com\/sv\/wp-json\/wp\/v2\/media?parent=45242"}],"wp:term":[{"taxonomy":"product_cat","embeddable":true,"href":"https:\/\/swiss-peak.com\/sv\/wp-json\/wp\/v2\/product_cat?post=45242"},{"taxonomy":"product_tag","embeddable":true,"href":"https:\/\/swiss-peak.com\/sv\/wp-json\/wp\/v2\/product_tag?post=45242"}],"curies":[{"name":"wp","href":"https:\/\/api.w.org\/{rel}","templated":true}]}}