{"id":45240,"date":"2025-01-01T03:02:08","date_gmt":"2025-01-01T02:10:11","guid":{"rendered":"https:\/\/swiss-peak.com\/swiss-peak-3i1-rcs-atervunnen-pu-tradlos-laddare-bricka-svart\/"},"modified":"2026-03-12T04:10:38","modified_gmt":"2026-03-12T02:10:38","slug":"swiss-peak-3i1-rcs-atervunnen-pu-tradlos-laddare-bricka-svart","status":"publish","type":"product","link":"https:\/\/swiss-peak.com\/sv\/produkt\/swiss-peak-3i1-rcs-atervunnen-pu-tradlos-laddare-bricka-svart\/","title":{"rendered":"Swiss Peak 3-i-1 RCS \u00e5tervunnen PU tr\u00e5dl\u00f6s laddare bricka, svart"},"content":{"rendered":"<p>Lyxig och hopf\u00e4llbar tr\u00e5dl\u00f6s 3-i-1-laddare med skrivbordsfack tillverkad av RCS-\u00e5tervunnen PU.Totalt \u00e5tervunnet inneh\u00e5ll: 5% baserat p\u00e5 artikelns totala vikt. RCS-certifiering s\u00e4kerst\u00e4ller en helt certifierad leveranskedja f\u00f6r de \u00e5tervunna materialen. Den tr\u00e5dl\u00f6sa laddaren \u00e4r utrustad med en magnetisk 15W tr\u00e5dl\u00f6s laddare och en extra 5W tr\u00e5dl\u00f6s laddare som \u00e4r l\u00e4mplig f\u00f6r \u00f6ronsn\u00e4ckor eller andra sm\u00e5 tr\u00e5dl\u00f6sa laddningsbara enheter och en 2,5W tr\u00e5dl\u00f6s laddare f\u00f6r smartklockor (endast Apple-klockor). Inklusive 120 cm TPE-kabel. F\u00f6rpackad i FSC\u00ae-mixad f\u00f6rpackning. Artikel och tillbeh\u00f6r 100% PVC-fria. Minsta ing\u00e5ng: 9V\/3A f\u00f6r optimal anv\u00e4ndning. Utg\u00e5ng: Telefon: 9V\/1,1A; 9V\/1,67 A\/(15W), \u00f6ronsn\u00e4ckor: 5V\/1A (5W), klocka: 5V\/0,5A.<\/p>\n","protected":false},"excerpt":{"rendered":"<p>Lyxig och hopf\u00e4llbar tr\u00e5dl\u00f6s 3-i-1-laddare med skrivbordsfack tillverkad av RCS-\u00e5tervunnen PU.Totalt \u00e5tervunnet inneh\u00e5ll: 5% baserat p\u00e5 artikelns totala vikt. RCS-certifiering s\u00e4kerst\u00e4ller en helt certifierad leveranskedja f\u00f6r de \u00e5tervunna materialen. Den tr\u00e5dl\u00f6sa laddaren \u00e4r utrustad med en magnetisk 15W tr\u00e5dl\u00f6s laddare och en extra 5W tr\u00e5dl\u00f6s laddare som \u00e4r l\u00e4mplig f\u00f6r \u00f6ronsn\u00e4ckor eller andra sm\u00e5 tr\u00e5dl\u00f6sa [&hellip;]<\/p>\n","protected":false},"featured_media":45265,"template":"","meta":{"_acf_changed":false},"product_cat":[289,303],"product_tag":[],"class_list":["post-45240","product","type-product","status-publish","has-post-thumbnail","hentry","product_cat-business-sv","product_cat-tech-sv","pa_color-black-sv"],"acf":[],"yoast_head":"<!-- This site is optimized with the Yoast SEO plugin v27.0 - https:\/\/yoast.com\/product\/yoast-seo-wordpress\/ -->\n<title>Swiss Peak 3-i-1 RCS \u00e5tervunnen PU tr\u00e5dl\u00f6s laddare bricka, svart - Swiss Peak<\/title>\n<meta name=\"robots\" content=\"index, follow, max-snippet:-1, max-image-preview:large, max-video-preview:-1\" \/>\n<link rel=\"canonical\" href=\"https:\/\/swiss-peak.com\/sv\/produkt\/swiss-peak-3i1-rcs-atervunnen-pu-tradlos-laddare-bricka-svart\/\" \/>\n<meta property=\"og:locale\" content=\"sv_SE\" \/>\n<meta property=\"og:type\" content=\"article\" \/>\n<meta property=\"og:title\" content=\"Swiss Peak 3-i-1 RCS \u00e5tervunnen PU tr\u00e5dl\u00f6s laddare bricka, svart - Swiss Peak\" \/>\n<meta property=\"og:description\" content=\"Lyxig och hopf\u00e4llbar tr\u00e5dl\u00f6s 3-i-1-laddare med skrivbordsfack tillverkad av RCS-\u00e5tervunnen PU.Totalt \u00e5tervunnet inneh\u00e5ll: 5% baserat p\u00e5 artikelns totala vikt. RCS-certifiering s\u00e4kerst\u00e4ller en helt certifierad leveranskedja f\u00f6r de \u00e5tervunna materialen. Den tr\u00e5dl\u00f6sa laddaren \u00e4r utrustad med en magnetisk 15W tr\u00e5dl\u00f6s laddare och en extra 5W tr\u00e5dl\u00f6s laddare som \u00e4r l\u00e4mplig f\u00f6r \u00f6ronsn\u00e4ckor eller andra sm\u00e5 tr\u00e5dl\u00f6sa [&hellip;]\" \/>\n<meta property=\"og:url\" content=\"https:\/\/swiss-peak.com\/sv\/produkt\/swiss-peak-3i1-rcs-atervunnen-pu-tradlos-laddare-bricka-svart\/\" \/>\n<meta property=\"og:site_name\" content=\"Swiss Peak\" \/>\n<meta property=\"article:modified_time\" content=\"2026-03-12T02:10:38+00:00\" \/>\n<meta property=\"og:image\" content=\"https:\/\/swiss-peak.com\/wp-content\/uploads\/sites\/9\/2025\/01\/P309.0401__S_0__be8dee041bea4fc8b240fba1ffcc2c03.jpg\" \/>\n\t<meta property=\"og:image:width\" content=\"1024\" \/>\n\t<meta property=\"og:image:height\" content=\"1024\" \/>\n\t<meta property=\"og:image:type\" content=\"image\/jpeg\" \/>\n<meta name=\"twitter:card\" content=\"summary_large_image\" \/>\n<meta name=\"twitter:label1\" content=\"Ber\u00e4knad l\u00e4stid\" \/>\n\t<meta name=\"twitter:data1\" content=\"1 minut\" \/>\n<script type=\"application\/ld+json\" class=\"yoast-schema-graph\">{\"@context\":\"https:\/\/schema.org\",\"@graph\":[{\"@type\":\"WebPage\",\"@id\":\"https:\/\/swiss-peak.com\/sv\/produkt\/swiss-peak-3i1-rcs-atervunnen-pu-tradlos-laddare-bricka-svart\/\",\"url\":\"https:\/\/swiss-peak.com\/sv\/produkt\/swiss-peak-3i1-rcs-atervunnen-pu-tradlos-laddare-bricka-svart\/\",\"name\":\"Swiss Peak 3-i-1 RCS \u00e5tervunnen PU tr\u00e5dl\u00f6s laddare bricka, svart - Swiss Peak\",\"isPartOf\":{\"@id\":\"https:\/\/swiss-peak.com\/sv\/#website\"},\"primaryImageOfPage\":{\"@id\":\"https:\/\/swiss-peak.com\/sv\/produkt\/swiss-peak-3i1-rcs-atervunnen-pu-tradlos-laddare-bricka-svart\/#primaryimage\"},\"image\":{\"@id\":\"https:\/\/swiss-peak.com\/sv\/produkt\/swiss-peak-3i1-rcs-atervunnen-pu-tradlos-laddare-bricka-svart\/#primaryimage\"},\"thumbnailUrl\":\"https:\/\/swiss-peak.com\/wp-content\/uploads\/sites\/9\/2025\/01\/P309.0401__S_0__be8dee041bea4fc8b240fba1ffcc2c03.jpg\",\"datePublished\":\"2025-01-01T02:10:11+00:00\",\"dateModified\":\"2026-03-12T02:10:38+00:00\",\"breadcrumb\":{\"@id\":\"https:\/\/swiss-peak.com\/sv\/produkt\/swiss-peak-3i1-rcs-atervunnen-pu-tradlos-laddare-bricka-svart\/#breadcrumb\"},\"inLanguage\":\"sv-SE\",\"potentialAction\":[{\"@type\":\"ReadAction\",\"target\":[\"https:\/\/swiss-peak.com\/sv\/produkt\/swiss-peak-3i1-rcs-atervunnen-pu-tradlos-laddare-bricka-svart\/\"]}]},{\"@type\":\"ImageObject\",\"inLanguage\":\"sv-SE\",\"@id\":\"https:\/\/swiss-peak.com\/sv\/produkt\/swiss-peak-3i1-rcs-atervunnen-pu-tradlos-laddare-bricka-svart\/#primaryimage\",\"url\":\"https:\/\/swiss-peak.com\/wp-content\/uploads\/sites\/9\/2025\/01\/P309.0401__S_0__be8dee041bea4fc8b240fba1ffcc2c03.jpg\",\"contentUrl\":\"https:\/\/swiss-peak.com\/wp-content\/uploads\/sites\/9\/2025\/01\/P309.0401__S_0__be8dee041bea4fc8b240fba1ffcc2c03.jpg\",\"width\":1024,\"height\":1024},{\"@type\":\"BreadcrumbList\",\"@id\":\"https:\/\/swiss-peak.com\/sv\/produkt\/swiss-peak-3i1-rcs-atervunnen-pu-tradlos-laddare-bricka-svart\/#breadcrumb\",\"itemListElement\":[{\"@type\":\"ListItem\",\"position\":1,\"name\":\"Home\",\"item\":\"https:\/\/swiss-peak.com\/sv\/\"},{\"@type\":\"ListItem\",\"position\":2,\"name\":\"Kollektion\",\"item\":\"https:\/\/swiss-peak.com\/sv\/kollektion\/\"},{\"@type\":\"ListItem\",\"position\":3,\"name\":\"Swiss Peak 3-i-1 RCS \u00e5tervunnen PU tr\u00e5dl\u00f6s laddare bricka, svart\"}]},{\"@type\":\"WebSite\",\"@id\":\"https:\/\/swiss-peak.com\/sv\/#website\",\"url\":\"https:\/\/swiss-peak.com\/sv\/\",\"name\":\"Swiss Peak\",\"description\":\"Where will today take you?\",\"potentialAction\":[{\"@type\":\"SearchAction\",\"target\":{\"@type\":\"EntryPoint\",\"urlTemplate\":\"https:\/\/swiss-peak.com\/sv\/?s={search_term_string}\"},\"query-input\":{\"@type\":\"PropertyValueSpecification\",\"valueRequired\":true,\"valueName\":\"search_term_string\"}}],\"inLanguage\":\"sv-SE\"}]}<\/script>\n<!-- \/ Yoast SEO plugin. -->","yoast_head_json":{"title":"Swiss Peak 3-i-1 RCS \u00e5tervunnen PU tr\u00e5dl\u00f6s laddare bricka, svart - Swiss Peak","robots":{"index":"index","follow":"follow","max-snippet":"max-snippet:-1","max-image-preview":"max-image-preview:large","max-video-preview":"max-video-preview:-1"},"canonical":"https:\/\/swiss-peak.com\/sv\/produkt\/swiss-peak-3i1-rcs-atervunnen-pu-tradlos-laddare-bricka-svart\/","og_locale":"sv_SE","og_type":"article","og_title":"Swiss Peak 3-i-1 RCS \u00e5tervunnen PU tr\u00e5dl\u00f6s laddare bricka, svart - Swiss Peak","og_description":"Lyxig och hopf\u00e4llbar tr\u00e5dl\u00f6s 3-i-1-laddare med skrivbordsfack tillverkad av RCS-\u00e5tervunnen PU.Totalt \u00e5tervunnet inneh\u00e5ll: 5% baserat p\u00e5 artikelns totala vikt. RCS-certifiering s\u00e4kerst\u00e4ller en helt certifierad leveranskedja f\u00f6r de \u00e5tervunna materialen. Den tr\u00e5dl\u00f6sa laddaren \u00e4r utrustad med en magnetisk 15W tr\u00e5dl\u00f6s laddare och en extra 5W tr\u00e5dl\u00f6s laddare som \u00e4r l\u00e4mplig f\u00f6r \u00f6ronsn\u00e4ckor eller andra sm\u00e5 tr\u00e5dl\u00f6sa [&hellip;]","og_url":"https:\/\/swiss-peak.com\/sv\/produkt\/swiss-peak-3i1-rcs-atervunnen-pu-tradlos-laddare-bricka-svart\/","og_site_name":"Swiss Peak","article_modified_time":"2026-03-12T02:10:38+00:00","og_image":[{"width":1024,"height":1024,"url":"https:\/\/swiss-peak.com\/wp-content\/uploads\/sites\/9\/2025\/01\/P309.0401__S_0__be8dee041bea4fc8b240fba1ffcc2c03.jpg","type":"image\/jpeg"}],"twitter_card":"summary_large_image","twitter_misc":{"Ber\u00e4knad l\u00e4stid":"1 minut"},"schema":{"@context":"https:\/\/schema.org","@graph":[{"@type":"WebPage","@id":"https:\/\/swiss-peak.com\/sv\/produkt\/swiss-peak-3i1-rcs-atervunnen-pu-tradlos-laddare-bricka-svart\/","url":"https:\/\/swiss-peak.com\/sv\/produkt\/swiss-peak-3i1-rcs-atervunnen-pu-tradlos-laddare-bricka-svart\/","name":"Swiss Peak 3-i-1 RCS \u00e5tervunnen PU tr\u00e5dl\u00f6s laddare bricka, svart - Swiss Peak","isPartOf":{"@id":"https:\/\/swiss-peak.com\/sv\/#website"},"primaryImageOfPage":{"@id":"https:\/\/swiss-peak.com\/sv\/produkt\/swiss-peak-3i1-rcs-atervunnen-pu-tradlos-laddare-bricka-svart\/#primaryimage"},"image":{"@id":"https:\/\/swiss-peak.com\/sv\/produkt\/swiss-peak-3i1-rcs-atervunnen-pu-tradlos-laddare-bricka-svart\/#primaryimage"},"thumbnailUrl":"https:\/\/swiss-peak.com\/wp-content\/uploads\/sites\/9\/2025\/01\/P309.0401__S_0__be8dee041bea4fc8b240fba1ffcc2c03.jpg","datePublished":"2025-01-01T02:10:11+00:00","dateModified":"2026-03-12T02:10:38+00:00","breadcrumb":{"@id":"https:\/\/swiss-peak.com\/sv\/produkt\/swiss-peak-3i1-rcs-atervunnen-pu-tradlos-laddare-bricka-svart\/#breadcrumb"},"inLanguage":"sv-SE","potentialAction":[{"@type":"ReadAction","target":["https:\/\/swiss-peak.com\/sv\/produkt\/swiss-peak-3i1-rcs-atervunnen-pu-tradlos-laddare-bricka-svart\/"]}]},{"@type":"ImageObject","inLanguage":"sv-SE","@id":"https:\/\/swiss-peak.com\/sv\/produkt\/swiss-peak-3i1-rcs-atervunnen-pu-tradlos-laddare-bricka-svart\/#primaryimage","url":"https:\/\/swiss-peak.com\/wp-content\/uploads\/sites\/9\/2025\/01\/P309.0401__S_0__be8dee041bea4fc8b240fba1ffcc2c03.jpg","contentUrl":"https:\/\/swiss-peak.com\/wp-content\/uploads\/sites\/9\/2025\/01\/P309.0401__S_0__be8dee041bea4fc8b240fba1ffcc2c03.jpg","width":1024,"height":1024},{"@type":"BreadcrumbList","@id":"https:\/\/swiss-peak.com\/sv\/produkt\/swiss-peak-3i1-rcs-atervunnen-pu-tradlos-laddare-bricka-svart\/#breadcrumb","itemListElement":[{"@type":"ListItem","position":1,"name":"Home","item":"https:\/\/swiss-peak.com\/sv\/"},{"@type":"ListItem","position":2,"name":"Kollektion","item":"https:\/\/swiss-peak.com\/sv\/kollektion\/"},{"@type":"ListItem","position":3,"name":"Swiss Peak 3-i-1 RCS \u00e5tervunnen PU tr\u00e5dl\u00f6s laddare bricka, svart"}]},{"@type":"WebSite","@id":"https:\/\/swiss-peak.com\/sv\/#website","url":"https:\/\/swiss-peak.com\/sv\/","name":"Swiss Peak","description":"Where will today take you?","potentialAction":[{"@type":"SearchAction","target":{"@type":"EntryPoint","urlTemplate":"https:\/\/swiss-peak.com\/sv\/?s={search_term_string}"},"query-input":{"@type":"PropertyValueSpecification","valueRequired":true,"valueName":"search_term_string"}}],"inLanguage":"sv-SE"}]}},"_links":{"self":[{"href":"https:\/\/swiss-peak.com\/sv\/wp-json\/wp\/v2\/product\/45240","targetHints":{"allow":["GET"]}}],"collection":[{"href":"https:\/\/swiss-peak.com\/sv\/wp-json\/wp\/v2\/product"}],"about":[{"href":"https:\/\/swiss-peak.com\/sv\/wp-json\/wp\/v2\/types\/product"}],"wp:featuredmedia":[{"embeddable":true,"href":"https:\/\/swiss-peak.com\/sv\/wp-json\/wp\/v2\/media\/45265"}],"wp:attachment":[{"href":"https:\/\/swiss-peak.com\/sv\/wp-json\/wp\/v2\/media?parent=45240"}],"wp:term":[{"taxonomy":"product_cat","embeddable":true,"href":"https:\/\/swiss-peak.com\/sv\/wp-json\/wp\/v2\/product_cat?post=45240"},{"taxonomy":"product_tag","embeddable":true,"href":"https:\/\/swiss-peak.com\/sv\/wp-json\/wp\/v2\/product_tag?post=45240"}],"curies":[{"name":"wp","href":"https:\/\/api.w.org\/{rel}","templated":true}]}}