{"id":44349,"date":"2024-08-03T02:02:34","date_gmt":"2024-08-03T01:10:17","guid":{"rendered":"https:\/\/swiss-peak.com\/sp-tula-nyckelhallare-och-pennset-i-rcs-atervunnen-pu-svart\/"},"modified":"2026-03-20T04:10:28","modified_gmt":"2026-03-20T02:10:28","slug":"sp-tula-nyckelhallare-och-pennset-i-rcs-atervunnen-pu-svart","status":"publish","type":"product","link":"https:\/\/swiss-peak.com\/sv\/produkt\/sp-tula-nyckelhallare-och-pennset-i-rcs-atervunnen-pu-svart\/","title":{"rendered":"Tula nyckelh\u00e5llare och pennset i RCS \u00e5tervunnen PU, svart"},"content":{"rendered":"<p>Swiss Peak Tula nyckelh\u00e5llare och pennset i RCS-certifierat \u00e5tervunnet aluminium, stiligt presenterade i en lyxig presentf\u00f6rpackning. Tillverkade med RCS-certifierat \u00e5tervunnet material (Recycled Claim Standard). RCS-certifieringen s\u00e4kerst\u00e4ller en helt certifierad leveranskedja f\u00f6r \u00e5tervunnet material. Denna produkt inneh\u00e5ller 11% RCS-certifierad \u00e5tervunnen PU och 8% RCS-certifierad \u00e5tervunnen aluminium.<\/p>\n","protected":false},"excerpt":{"rendered":"<p>Swiss Peak Tula nyckelh\u00e5llare och pennset i RCS-certifierat \u00e5tervunnet aluminium, stiligt presenterade i en lyxig presentf\u00f6rpackning. Tillverkade med RCS-certifierat \u00e5tervunnet material (Recycled Claim Standard). RCS-certifieringen s\u00e4kerst\u00e4ller en helt certifierad leveranskedja f\u00f6r \u00e5tervunnet material. Denna produkt inneh\u00e5ller 11% RCS-certifierad \u00e5tervunnen PU och 8% RCS-certifierad \u00e5tervunnen aluminium.<\/p>\n","protected":false},"featured_media":44220,"template":"","meta":{"_acf_changed":false},"product_cat":[289,299],"product_tag":[],"class_list":["post-44349","product","type-product","status-publish","has-post-thumbnail","hentry","product_cat-business-sv","product_cat-kontor-pennor","pa_color-black-sv"],"acf":[],"yoast_head":"<!-- This site is optimized with the Yoast SEO plugin v27.0 - https:\/\/yoast.com\/product\/yoast-seo-wordpress\/ -->\n<title>Tula nyckelh\u00e5llare och pennset i RCS \u00e5tervunnen PU, svart - Swiss Peak<\/title>\n<meta name=\"robots\" content=\"index, follow, max-snippet:-1, max-image-preview:large, max-video-preview:-1\" \/>\n<link rel=\"canonical\" href=\"https:\/\/swiss-peak.com\/sv\/produkt\/sp-tula-nyckelhallare-och-pennset-i-rcs-atervunnen-pu-svart\/\" \/>\n<meta property=\"og:locale\" content=\"sv_SE\" \/>\n<meta property=\"og:type\" content=\"article\" \/>\n<meta property=\"og:title\" content=\"Tula nyckelh\u00e5llare och pennset i RCS \u00e5tervunnen PU, svart - Swiss Peak\" \/>\n<meta property=\"og:description\" content=\"Swiss Peak Tula nyckelh\u00e5llare och pennset i RCS-certifierat \u00e5tervunnet aluminium, stiligt presenterade i en lyxig presentf\u00f6rpackning. Tillverkade med RCS-certifierat \u00e5tervunnet material (Recycled Claim Standard). RCS-certifieringen s\u00e4kerst\u00e4ller en helt certifierad leveranskedja f\u00f6r \u00e5tervunnet material. Denna produkt inneh\u00e5ller 11% RCS-certifierad \u00e5tervunnen PU och 8% RCS-certifierad \u00e5tervunnen aluminium.\" \/>\n<meta property=\"og:url\" content=\"https:\/\/swiss-peak.com\/sv\/produkt\/sp-tula-nyckelhallare-och-pennset-i-rcs-atervunnen-pu-svart\/\" \/>\n<meta property=\"og:site_name\" content=\"Swiss Peak\" \/>\n<meta property=\"article:modified_time\" content=\"2026-03-20T02:10:28+00:00\" \/>\n<meta property=\"og:image\" content=\"https:\/\/swiss-peak.com\/wp-content\/uploads\/sites\/9\/2024\/08\/P820.9701__S_0__a99a23a48fe74bb694aaaed5cd4ea3f4.jpg\" \/>\n\t<meta property=\"og:image:width\" content=\"1024\" \/>\n\t<meta property=\"og:image:height\" content=\"1024\" \/>\n\t<meta property=\"og:image:type\" content=\"image\/jpeg\" \/>\n<meta name=\"twitter:card\" content=\"summary_large_image\" \/>\n<script type=\"application\/ld+json\" class=\"yoast-schema-graph\">{\"@context\":\"https:\/\/schema.org\",\"@graph\":[{\"@type\":\"WebPage\",\"@id\":\"https:\/\/swiss-peak.com\/sv\/produkt\/sp-tula-nyckelhallare-och-pennset-i-rcs-atervunnen-pu-svart\/\",\"url\":\"https:\/\/swiss-peak.com\/sv\/produkt\/sp-tula-nyckelhallare-och-pennset-i-rcs-atervunnen-pu-svart\/\",\"name\":\"Tula nyckelh\u00e5llare och pennset i RCS \u00e5tervunnen PU, svart - Swiss Peak\",\"isPartOf\":{\"@id\":\"https:\/\/swiss-peak.com\/sv\/#website\"},\"primaryImageOfPage\":{\"@id\":\"https:\/\/swiss-peak.com\/sv\/produkt\/sp-tula-nyckelhallare-och-pennset-i-rcs-atervunnen-pu-svart\/#primaryimage\"},\"image\":{\"@id\":\"https:\/\/swiss-peak.com\/sv\/produkt\/sp-tula-nyckelhallare-och-pennset-i-rcs-atervunnen-pu-svart\/#primaryimage\"},\"thumbnailUrl\":\"https:\/\/swiss-peak.com\/wp-content\/uploads\/sites\/9\/2024\/08\/P820.9701__S_0__a99a23a48fe74bb694aaaed5cd4ea3f4.jpg\",\"datePublished\":\"2024-08-03T01:10:17+00:00\",\"dateModified\":\"2026-03-20T02:10:28+00:00\",\"breadcrumb\":{\"@id\":\"https:\/\/swiss-peak.com\/sv\/produkt\/sp-tula-nyckelhallare-och-pennset-i-rcs-atervunnen-pu-svart\/#breadcrumb\"},\"inLanguage\":\"sv-SE\",\"potentialAction\":[{\"@type\":\"ReadAction\",\"target\":[\"https:\/\/swiss-peak.com\/sv\/produkt\/sp-tula-nyckelhallare-och-pennset-i-rcs-atervunnen-pu-svart\/\"]}]},{\"@type\":\"ImageObject\",\"inLanguage\":\"sv-SE\",\"@id\":\"https:\/\/swiss-peak.com\/sv\/produkt\/sp-tula-nyckelhallare-och-pennset-i-rcs-atervunnen-pu-svart\/#primaryimage\",\"url\":\"https:\/\/swiss-peak.com\/wp-content\/uploads\/sites\/9\/2024\/08\/P820.9701__S_0__a99a23a48fe74bb694aaaed5cd4ea3f4.jpg\",\"contentUrl\":\"https:\/\/swiss-peak.com\/wp-content\/uploads\/sites\/9\/2024\/08\/P820.9701__S_0__a99a23a48fe74bb694aaaed5cd4ea3f4.jpg\",\"width\":1024,\"height\":1024},{\"@type\":\"BreadcrumbList\",\"@id\":\"https:\/\/swiss-peak.com\/sv\/produkt\/sp-tula-nyckelhallare-och-pennset-i-rcs-atervunnen-pu-svart\/#breadcrumb\",\"itemListElement\":[{\"@type\":\"ListItem\",\"position\":1,\"name\":\"Home\",\"item\":\"https:\/\/swiss-peak.com\/sv\/\"},{\"@type\":\"ListItem\",\"position\":2,\"name\":\"Kollektion\",\"item\":\"https:\/\/swiss-peak.com\/sv\/kollektion\/\"},{\"@type\":\"ListItem\",\"position\":3,\"name\":\"Tula nyckelh\u00e5llare och pennset i RCS \u00e5tervunnen PU, svart\"}]},{\"@type\":\"WebSite\",\"@id\":\"https:\/\/swiss-peak.com\/sv\/#website\",\"url\":\"https:\/\/swiss-peak.com\/sv\/\",\"name\":\"Swiss Peak\",\"description\":\"Where will today take you?\",\"potentialAction\":[{\"@type\":\"SearchAction\",\"target\":{\"@type\":\"EntryPoint\",\"urlTemplate\":\"https:\/\/swiss-peak.com\/sv\/?s={search_term_string}\"},\"query-input\":{\"@type\":\"PropertyValueSpecification\",\"valueRequired\":true,\"valueName\":\"search_term_string\"}}],\"inLanguage\":\"sv-SE\"}]}<\/script>\n<!-- \/ Yoast SEO plugin. -->","yoast_head_json":{"title":"Tula nyckelh\u00e5llare och pennset i RCS \u00e5tervunnen PU, svart - Swiss Peak","robots":{"index":"index","follow":"follow","max-snippet":"max-snippet:-1","max-image-preview":"max-image-preview:large","max-video-preview":"max-video-preview:-1"},"canonical":"https:\/\/swiss-peak.com\/sv\/produkt\/sp-tula-nyckelhallare-och-pennset-i-rcs-atervunnen-pu-svart\/","og_locale":"sv_SE","og_type":"article","og_title":"Tula nyckelh\u00e5llare och pennset i RCS \u00e5tervunnen PU, svart - Swiss Peak","og_description":"Swiss Peak Tula nyckelh\u00e5llare och pennset i RCS-certifierat \u00e5tervunnet aluminium, stiligt presenterade i en lyxig presentf\u00f6rpackning. Tillverkade med RCS-certifierat \u00e5tervunnet material (Recycled Claim Standard). RCS-certifieringen s\u00e4kerst\u00e4ller en helt certifierad leveranskedja f\u00f6r \u00e5tervunnet material. Denna produkt inneh\u00e5ller 11% RCS-certifierad \u00e5tervunnen PU och 8% RCS-certifierad \u00e5tervunnen aluminium.","og_url":"https:\/\/swiss-peak.com\/sv\/produkt\/sp-tula-nyckelhallare-och-pennset-i-rcs-atervunnen-pu-svart\/","og_site_name":"Swiss Peak","article_modified_time":"2026-03-20T02:10:28+00:00","og_image":[{"width":1024,"height":1024,"url":"https:\/\/swiss-peak.com\/wp-content\/uploads\/sites\/9\/2024\/08\/P820.9701__S_0__a99a23a48fe74bb694aaaed5cd4ea3f4.jpg","type":"image\/jpeg"}],"twitter_card":"summary_large_image","schema":{"@context":"https:\/\/schema.org","@graph":[{"@type":"WebPage","@id":"https:\/\/swiss-peak.com\/sv\/produkt\/sp-tula-nyckelhallare-och-pennset-i-rcs-atervunnen-pu-svart\/","url":"https:\/\/swiss-peak.com\/sv\/produkt\/sp-tula-nyckelhallare-och-pennset-i-rcs-atervunnen-pu-svart\/","name":"Tula nyckelh\u00e5llare och pennset i RCS \u00e5tervunnen PU, svart - Swiss Peak","isPartOf":{"@id":"https:\/\/swiss-peak.com\/sv\/#website"},"primaryImageOfPage":{"@id":"https:\/\/swiss-peak.com\/sv\/produkt\/sp-tula-nyckelhallare-och-pennset-i-rcs-atervunnen-pu-svart\/#primaryimage"},"image":{"@id":"https:\/\/swiss-peak.com\/sv\/produkt\/sp-tula-nyckelhallare-och-pennset-i-rcs-atervunnen-pu-svart\/#primaryimage"},"thumbnailUrl":"https:\/\/swiss-peak.com\/wp-content\/uploads\/sites\/9\/2024\/08\/P820.9701__S_0__a99a23a48fe74bb694aaaed5cd4ea3f4.jpg","datePublished":"2024-08-03T01:10:17+00:00","dateModified":"2026-03-20T02:10:28+00:00","breadcrumb":{"@id":"https:\/\/swiss-peak.com\/sv\/produkt\/sp-tula-nyckelhallare-och-pennset-i-rcs-atervunnen-pu-svart\/#breadcrumb"},"inLanguage":"sv-SE","potentialAction":[{"@type":"ReadAction","target":["https:\/\/swiss-peak.com\/sv\/produkt\/sp-tula-nyckelhallare-och-pennset-i-rcs-atervunnen-pu-svart\/"]}]},{"@type":"ImageObject","inLanguage":"sv-SE","@id":"https:\/\/swiss-peak.com\/sv\/produkt\/sp-tula-nyckelhallare-och-pennset-i-rcs-atervunnen-pu-svart\/#primaryimage","url":"https:\/\/swiss-peak.com\/wp-content\/uploads\/sites\/9\/2024\/08\/P820.9701__S_0__a99a23a48fe74bb694aaaed5cd4ea3f4.jpg","contentUrl":"https:\/\/swiss-peak.com\/wp-content\/uploads\/sites\/9\/2024\/08\/P820.9701__S_0__a99a23a48fe74bb694aaaed5cd4ea3f4.jpg","width":1024,"height":1024},{"@type":"BreadcrumbList","@id":"https:\/\/swiss-peak.com\/sv\/produkt\/sp-tula-nyckelhallare-och-pennset-i-rcs-atervunnen-pu-svart\/#breadcrumb","itemListElement":[{"@type":"ListItem","position":1,"name":"Home","item":"https:\/\/swiss-peak.com\/sv\/"},{"@type":"ListItem","position":2,"name":"Kollektion","item":"https:\/\/swiss-peak.com\/sv\/kollektion\/"},{"@type":"ListItem","position":3,"name":"Tula nyckelh\u00e5llare och pennset i RCS \u00e5tervunnen PU, svart"}]},{"@type":"WebSite","@id":"https:\/\/swiss-peak.com\/sv\/#website","url":"https:\/\/swiss-peak.com\/sv\/","name":"Swiss Peak","description":"Where will today take you?","potentialAction":[{"@type":"SearchAction","target":{"@type":"EntryPoint","urlTemplate":"https:\/\/swiss-peak.com\/sv\/?s={search_term_string}"},"query-input":{"@type":"PropertyValueSpecification","valueRequired":true,"valueName":"search_term_string"}}],"inLanguage":"sv-SE"}]}},"_links":{"self":[{"href":"https:\/\/swiss-peak.com\/sv\/wp-json\/wp\/v2\/product\/44349","targetHints":{"allow":["GET"]}}],"collection":[{"href":"https:\/\/swiss-peak.com\/sv\/wp-json\/wp\/v2\/product"}],"about":[{"href":"https:\/\/swiss-peak.com\/sv\/wp-json\/wp\/v2\/types\/product"}],"wp:featuredmedia":[{"embeddable":true,"href":"https:\/\/swiss-peak.com\/sv\/wp-json\/wp\/v2\/media\/44220"}],"wp:attachment":[{"href":"https:\/\/swiss-peak.com\/sv\/wp-json\/wp\/v2\/media?parent=44349"}],"wp:term":[{"taxonomy":"product_cat","embeddable":true,"href":"https:\/\/swiss-peak.com\/sv\/wp-json\/wp\/v2\/product_cat?post=44349"},{"taxonomy":"product_tag","embeddable":true,"href":"https:\/\/swiss-peak.com\/sv\/wp-json\/wp\/v2\/product_tag?post=44349"}],"curies":[{"name":"wp","href":"https:\/\/api.w.org\/{rel}","templated":true}]}}