{"id":44197,"date":"2024-07-02T02:02:08","date_gmt":"2024-07-02T01:10:11","guid":{"rendered":"https:\/\/swiss-peak.com\/magstand-rcs-atervunnen-pu-magnetisk-telefonplanbok-med-stat-svart\/"},"modified":"2026-03-12T04:10:24","modified_gmt":"2026-03-12T02:10:24","slug":"magstand-rcs-atervunnen-pu-magnetisk-telefonplanbok-med-stat-svart","status":"publish","type":"product","link":"https:\/\/swiss-peak.com\/sv\/produkt\/magstand-rcs-atervunnen-pu-magnetisk-telefonplanbok-med-stat-svart\/","title":{"rendered":"Magstand RCS \u00e5tervunnen PU magnetisk telefonpl\u00e5nbok med stat, svart"},"content":{"rendered":"<p>Vi introducerar denna ultimata kombination av bekv\u00e4mlighet och stil. S\u00e4g adj\u00f6 till skrymmande fickor och fumlande efter kort &#8211; den h\u00e4r eleganta accessoaren h\u00e5ller dina viktigaste saker n\u00e4ra till hands samtidigt som den enkelt kan omvandlas till ett stativ f\u00f6r handsfree-visning.<br \/>\nDenna magnetiska telefonpl\u00e5nbok med stativ \u00e4r tillverkad av RCS-\u00e5tervunnen PU och utformad f\u00f6r moderna livsstilar och \u00e4r utformad f\u00f6r att passa s\u00f6ml\u00f6st med telefoner som st\u00f6der magnetiska funktioner. Med sin minimalistiska design rymmer den tv\u00e5 kort och erbjuder precis r\u00e4tt m\u00e4ngd f\u00f6rvaring utan att g\u00f6ra avkall p\u00e5 elegansen. Oavsett om du \u00e4r p\u00e5 resande fot eller bara kopplar av hemma ser det h\u00e4r m\u00e5ngsidiga tillbeh\u00f6ret till att din telefon och dina kort alltid finns inom r\u00e4ckh\u00e5ll.  V\u00e4nd helt enkelt pl\u00e5nboken f\u00f6r att f\u00f6rvandla den till ett robust stativ som ger den perfekta betraktningsvinkeln f\u00f6r din enhet. Totalt \u00e5tervunnet inneh\u00e5ll: 5% baserat p\u00e5 artikelns totala vikt. RCS-certifiering garanterar en helt certifi<\/p>\n","protected":false},"excerpt":{"rendered":"<p>Vi introducerar denna ultimata kombination av bekv\u00e4mlighet och stil. S\u00e4g adj\u00f6 till skrymmande fickor och fumlande efter kort &#8211; den h\u00e4r eleganta accessoaren h\u00e5ller dina viktigaste saker n\u00e4ra till hands samtidigt som den enkelt kan omvandlas till ett stativ f\u00f6r handsfree-visning. Denna magnetiska telefonpl\u00e5nbok med stativ \u00e4r tillverkad av RCS-\u00e5tervunnen PU och utformad f\u00f6r moderna [&hellip;]<\/p>\n","protected":false},"featured_media":44205,"template":"","meta":{"_acf_changed":false},"product_cat":[289,303],"product_tag":[],"class_list":["post-44197","product","type-product","status-publish","has-post-thumbnail","hentry","product_cat-business-sv","product_cat-tech-sv","pa_color-black-sv"],"acf":[],"yoast_head":"<!-- This site is optimized with the Yoast SEO plugin v27.0 - https:\/\/yoast.com\/product\/yoast-seo-wordpress\/ -->\n<title>Magstand RCS \u00e5tervunnen PU magnetisk telefonpl\u00e5nbok med stat, svart - Swiss Peak<\/title>\n<meta name=\"robots\" content=\"index, follow, max-snippet:-1, max-image-preview:large, max-video-preview:-1\" \/>\n<link rel=\"canonical\" href=\"https:\/\/swiss-peak.com\/sv\/produkt\/magstand-rcs-atervunnen-pu-magnetisk-telefonplanbok-med-stat-svart\/\" \/>\n<meta property=\"og:locale\" content=\"sv_SE\" \/>\n<meta property=\"og:type\" content=\"article\" \/>\n<meta property=\"og:title\" content=\"Magstand RCS \u00e5tervunnen PU magnetisk telefonpl\u00e5nbok med stat, svart - Swiss Peak\" \/>\n<meta property=\"og:description\" content=\"Vi introducerar denna ultimata kombination av bekv\u00e4mlighet och stil. S\u00e4g adj\u00f6 till skrymmande fickor och fumlande efter kort &#8211; den h\u00e4r eleganta accessoaren h\u00e5ller dina viktigaste saker n\u00e4ra till hands samtidigt som den enkelt kan omvandlas till ett stativ f\u00f6r handsfree-visning. Denna magnetiska telefonpl\u00e5nbok med stativ \u00e4r tillverkad av RCS-\u00e5tervunnen PU och utformad f\u00f6r moderna [&hellip;]\" \/>\n<meta property=\"og:url\" content=\"https:\/\/swiss-peak.com\/sv\/produkt\/magstand-rcs-atervunnen-pu-magnetisk-telefonplanbok-med-stat-svart\/\" \/>\n<meta property=\"og:site_name\" content=\"Swiss Peak\" \/>\n<meta property=\"article:modified_time\" content=\"2026-03-12T02:10:24+00:00\" \/>\n<meta property=\"og:image\" content=\"https:\/\/swiss-peak.com\/wp-content\/uploads\/sites\/9\/2024\/07\/P301.7501__S_0__bdc01cce230943b2b37ad307607643de.jpg\" \/>\n\t<meta property=\"og:image:width\" content=\"1024\" \/>\n\t<meta property=\"og:image:height\" content=\"1024\" \/>\n\t<meta property=\"og:image:type\" content=\"image\/jpeg\" \/>\n<meta name=\"twitter:card\" content=\"summary_large_image\" \/>\n<meta name=\"twitter:label1\" content=\"Ber\u00e4knad l\u00e4stid\" \/>\n\t<meta name=\"twitter:data1\" content=\"1 minut\" \/>\n<script type=\"application\/ld+json\" class=\"yoast-schema-graph\">{\"@context\":\"https:\/\/schema.org\",\"@graph\":[{\"@type\":\"WebPage\",\"@id\":\"https:\/\/swiss-peak.com\/sv\/produkt\/magstand-rcs-atervunnen-pu-magnetisk-telefonplanbok-med-stat-svart\/\",\"url\":\"https:\/\/swiss-peak.com\/sv\/produkt\/magstand-rcs-atervunnen-pu-magnetisk-telefonplanbok-med-stat-svart\/\",\"name\":\"Magstand RCS \u00e5tervunnen PU magnetisk telefonpl\u00e5nbok med stat, svart - Swiss Peak\",\"isPartOf\":{\"@id\":\"https:\/\/swiss-peak.com\/sv\/#website\"},\"primaryImageOfPage\":{\"@id\":\"https:\/\/swiss-peak.com\/sv\/produkt\/magstand-rcs-atervunnen-pu-magnetisk-telefonplanbok-med-stat-svart\/#primaryimage\"},\"image\":{\"@id\":\"https:\/\/swiss-peak.com\/sv\/produkt\/magstand-rcs-atervunnen-pu-magnetisk-telefonplanbok-med-stat-svart\/#primaryimage\"},\"thumbnailUrl\":\"https:\/\/swiss-peak.com\/wp-content\/uploads\/sites\/9\/2024\/07\/P301.7501__S_0__bdc01cce230943b2b37ad307607643de.jpg\",\"datePublished\":\"2024-07-02T01:10:11+00:00\",\"dateModified\":\"2026-03-12T02:10:24+00:00\",\"breadcrumb\":{\"@id\":\"https:\/\/swiss-peak.com\/sv\/produkt\/magstand-rcs-atervunnen-pu-magnetisk-telefonplanbok-med-stat-svart\/#breadcrumb\"},\"inLanguage\":\"sv-SE\",\"potentialAction\":[{\"@type\":\"ReadAction\",\"target\":[\"https:\/\/swiss-peak.com\/sv\/produkt\/magstand-rcs-atervunnen-pu-magnetisk-telefonplanbok-med-stat-svart\/\"]}]},{\"@type\":\"ImageObject\",\"inLanguage\":\"sv-SE\",\"@id\":\"https:\/\/swiss-peak.com\/sv\/produkt\/magstand-rcs-atervunnen-pu-magnetisk-telefonplanbok-med-stat-svart\/#primaryimage\",\"url\":\"https:\/\/swiss-peak.com\/wp-content\/uploads\/sites\/9\/2024\/07\/P301.7501__S_0__bdc01cce230943b2b37ad307607643de.jpg\",\"contentUrl\":\"https:\/\/swiss-peak.com\/wp-content\/uploads\/sites\/9\/2024\/07\/P301.7501__S_0__bdc01cce230943b2b37ad307607643de.jpg\",\"width\":1024,\"height\":1024},{\"@type\":\"BreadcrumbList\",\"@id\":\"https:\/\/swiss-peak.com\/sv\/produkt\/magstand-rcs-atervunnen-pu-magnetisk-telefonplanbok-med-stat-svart\/#breadcrumb\",\"itemListElement\":[{\"@type\":\"ListItem\",\"position\":1,\"name\":\"Home\",\"item\":\"https:\/\/swiss-peak.com\/sv\/\"},{\"@type\":\"ListItem\",\"position\":2,\"name\":\"Kollektion\",\"item\":\"https:\/\/swiss-peak.com\/sv\/kollektion\/\"},{\"@type\":\"ListItem\",\"position\":3,\"name\":\"Magstand RCS \u00e5tervunnen PU magnetisk telefonpl\u00e5nbok med stat, svart\"}]},{\"@type\":\"WebSite\",\"@id\":\"https:\/\/swiss-peak.com\/sv\/#website\",\"url\":\"https:\/\/swiss-peak.com\/sv\/\",\"name\":\"Swiss Peak\",\"description\":\"Where will today take you?\",\"potentialAction\":[{\"@type\":\"SearchAction\",\"target\":{\"@type\":\"EntryPoint\",\"urlTemplate\":\"https:\/\/swiss-peak.com\/sv\/?s={search_term_string}\"},\"query-input\":{\"@type\":\"PropertyValueSpecification\",\"valueRequired\":true,\"valueName\":\"search_term_string\"}}],\"inLanguage\":\"sv-SE\"}]}<\/script>\n<!-- \/ Yoast SEO plugin. -->","yoast_head_json":{"title":"Magstand RCS \u00e5tervunnen PU magnetisk telefonpl\u00e5nbok med stat, svart - Swiss Peak","robots":{"index":"index","follow":"follow","max-snippet":"max-snippet:-1","max-image-preview":"max-image-preview:large","max-video-preview":"max-video-preview:-1"},"canonical":"https:\/\/swiss-peak.com\/sv\/produkt\/magstand-rcs-atervunnen-pu-magnetisk-telefonplanbok-med-stat-svart\/","og_locale":"sv_SE","og_type":"article","og_title":"Magstand RCS \u00e5tervunnen PU magnetisk telefonpl\u00e5nbok med stat, svart - Swiss Peak","og_description":"Vi introducerar denna ultimata kombination av bekv\u00e4mlighet och stil. S\u00e4g adj\u00f6 till skrymmande fickor och fumlande efter kort &#8211; den h\u00e4r eleganta accessoaren h\u00e5ller dina viktigaste saker n\u00e4ra till hands samtidigt som den enkelt kan omvandlas till ett stativ f\u00f6r handsfree-visning. Denna magnetiska telefonpl\u00e5nbok med stativ \u00e4r tillverkad av RCS-\u00e5tervunnen PU och utformad f\u00f6r moderna [&hellip;]","og_url":"https:\/\/swiss-peak.com\/sv\/produkt\/magstand-rcs-atervunnen-pu-magnetisk-telefonplanbok-med-stat-svart\/","og_site_name":"Swiss Peak","article_modified_time":"2026-03-12T02:10:24+00:00","og_image":[{"width":1024,"height":1024,"url":"https:\/\/swiss-peak.com\/wp-content\/uploads\/sites\/9\/2024\/07\/P301.7501__S_0__bdc01cce230943b2b37ad307607643de.jpg","type":"image\/jpeg"}],"twitter_card":"summary_large_image","twitter_misc":{"Ber\u00e4knad l\u00e4stid":"1 minut"},"schema":{"@context":"https:\/\/schema.org","@graph":[{"@type":"WebPage","@id":"https:\/\/swiss-peak.com\/sv\/produkt\/magstand-rcs-atervunnen-pu-magnetisk-telefonplanbok-med-stat-svart\/","url":"https:\/\/swiss-peak.com\/sv\/produkt\/magstand-rcs-atervunnen-pu-magnetisk-telefonplanbok-med-stat-svart\/","name":"Magstand RCS \u00e5tervunnen PU magnetisk telefonpl\u00e5nbok med stat, svart - Swiss Peak","isPartOf":{"@id":"https:\/\/swiss-peak.com\/sv\/#website"},"primaryImageOfPage":{"@id":"https:\/\/swiss-peak.com\/sv\/produkt\/magstand-rcs-atervunnen-pu-magnetisk-telefonplanbok-med-stat-svart\/#primaryimage"},"image":{"@id":"https:\/\/swiss-peak.com\/sv\/produkt\/magstand-rcs-atervunnen-pu-magnetisk-telefonplanbok-med-stat-svart\/#primaryimage"},"thumbnailUrl":"https:\/\/swiss-peak.com\/wp-content\/uploads\/sites\/9\/2024\/07\/P301.7501__S_0__bdc01cce230943b2b37ad307607643de.jpg","datePublished":"2024-07-02T01:10:11+00:00","dateModified":"2026-03-12T02:10:24+00:00","breadcrumb":{"@id":"https:\/\/swiss-peak.com\/sv\/produkt\/magstand-rcs-atervunnen-pu-magnetisk-telefonplanbok-med-stat-svart\/#breadcrumb"},"inLanguage":"sv-SE","potentialAction":[{"@type":"ReadAction","target":["https:\/\/swiss-peak.com\/sv\/produkt\/magstand-rcs-atervunnen-pu-magnetisk-telefonplanbok-med-stat-svart\/"]}]},{"@type":"ImageObject","inLanguage":"sv-SE","@id":"https:\/\/swiss-peak.com\/sv\/produkt\/magstand-rcs-atervunnen-pu-magnetisk-telefonplanbok-med-stat-svart\/#primaryimage","url":"https:\/\/swiss-peak.com\/wp-content\/uploads\/sites\/9\/2024\/07\/P301.7501__S_0__bdc01cce230943b2b37ad307607643de.jpg","contentUrl":"https:\/\/swiss-peak.com\/wp-content\/uploads\/sites\/9\/2024\/07\/P301.7501__S_0__bdc01cce230943b2b37ad307607643de.jpg","width":1024,"height":1024},{"@type":"BreadcrumbList","@id":"https:\/\/swiss-peak.com\/sv\/produkt\/magstand-rcs-atervunnen-pu-magnetisk-telefonplanbok-med-stat-svart\/#breadcrumb","itemListElement":[{"@type":"ListItem","position":1,"name":"Home","item":"https:\/\/swiss-peak.com\/sv\/"},{"@type":"ListItem","position":2,"name":"Kollektion","item":"https:\/\/swiss-peak.com\/sv\/kollektion\/"},{"@type":"ListItem","position":3,"name":"Magstand RCS \u00e5tervunnen PU magnetisk telefonpl\u00e5nbok med stat, svart"}]},{"@type":"WebSite","@id":"https:\/\/swiss-peak.com\/sv\/#website","url":"https:\/\/swiss-peak.com\/sv\/","name":"Swiss Peak","description":"Where will today take you?","potentialAction":[{"@type":"SearchAction","target":{"@type":"EntryPoint","urlTemplate":"https:\/\/swiss-peak.com\/sv\/?s={search_term_string}"},"query-input":{"@type":"PropertyValueSpecification","valueRequired":true,"valueName":"search_term_string"}}],"inLanguage":"sv-SE"}]}},"_links":{"self":[{"href":"https:\/\/swiss-peak.com\/sv\/wp-json\/wp\/v2\/product\/44197","targetHints":{"allow":["GET"]}}],"collection":[{"href":"https:\/\/swiss-peak.com\/sv\/wp-json\/wp\/v2\/product"}],"about":[{"href":"https:\/\/swiss-peak.com\/sv\/wp-json\/wp\/v2\/types\/product"}],"wp:featuredmedia":[{"embeddable":true,"href":"https:\/\/swiss-peak.com\/sv\/wp-json\/wp\/v2\/media\/44205"}],"wp:attachment":[{"href":"https:\/\/swiss-peak.com\/sv\/wp-json\/wp\/v2\/media?parent=44197"}],"wp:term":[{"taxonomy":"product_cat","embeddable":true,"href":"https:\/\/swiss-peak.com\/sv\/wp-json\/wp\/v2\/product_cat?post=44197"},{"taxonomy":"product_tag","embeddable":true,"href":"https:\/\/swiss-peak.com\/sv\/wp-json\/wp\/v2\/product_tag?post=44197"}],"curies":[{"name":"wp","href":"https:\/\/api.w.org\/{rel}","templated":true}]}}