{"id":22544,"date":"2024-01-03T03:02:07","date_gmt":"2024-01-03T02:10:17","guid":{"rendered":"https:\/\/swiss-peak.com\/swiss-peak-script-aware-a4-portfolio-svart\/"},"modified":"2026-03-12T04:17:09","modified_gmt":"2026-03-12T02:17:09","slug":"swiss-peak-script-aware-a4-portfolio-svart","status":"publish","type":"product","link":"https:\/\/swiss-peak.com\/sv\/produkt\/swiss-peak-script-aware-a4-portfolio-svart\/","title":{"rendered":"Script AWARE\u2122 A4 portfolio, svart"},"content":{"rendered":"<p>Den h\u00e4r portf\u00f6ljen \u00e4r tillverkad av 100% AWARE 300D \u00e5tervunnen polyester och RCS-certifierad \u00e5tervunnen PU och kombinerar stil med l\u00e5g milj\u00f6p\u00e5verkan. Den har visitkortsfack, penn\u00f6gla och en rymlig A4-ficka. H\u00e5ll dig organiserad med det p\u00e5fyllningsbara fodrade anteckningsblocket i A4-format (20 sidor 70 g\/m\u00b2) tillverkat av FSC\u00ae mix kr\u00e4mf\u00e4rgat papper. Tillverkad av 100% \u00e5tervunnen polyester med AWARE\u2122-sp\u00e5rning. F\u00f6rpackad i en FSC\u00ae presentf\u00f6rpackning.<\/p>\n","protected":false},"excerpt":{"rendered":"<p>Den h\u00e4r portf\u00f6ljen \u00e4r tillverkad av 100% AWARE 300D \u00e5tervunnen polyester och RCS-certifierad \u00e5tervunnen PU och kombinerar stil med l\u00e5g milj\u00f6p\u00e5verkan. Den har visitkortsfack, penn\u00f6gla och en rymlig A4-ficka. H\u00e5ll dig organiserad med det p\u00e5fyllningsbara fodrade anteckningsblocket i A4-format (20 sidor 70 g\/m\u00b2) tillverkat av FSC\u00ae mix kr\u00e4mf\u00e4rgat papper. Tillverkad av 100% \u00e5tervunnen polyester med [&hellip;]<\/p>\n","protected":false},"featured_media":39254,"template":"","meta":{"_acf_changed":false},"product_cat":[289,299],"product_tag":[],"class_list":["post-22544","product","type-product","status-publish","has-post-thumbnail","hentry","product_cat-business-sv","product_cat-kontor-pennor","pa_color-black-sv"],"acf":[],"yoast_head":"<!-- This site is optimized with the Yoast SEO plugin v27.0 - https:\/\/yoast.com\/product\/yoast-seo-wordpress\/ -->\n<title>Script AWARE\u2122 A4 portfolio, svart - Swiss Peak<\/title>\n<meta name=\"robots\" content=\"index, follow, max-snippet:-1, max-image-preview:large, max-video-preview:-1\" \/>\n<link rel=\"canonical\" href=\"https:\/\/swiss-peak.com\/sv\/produkt\/swiss-peak-script-aware-a4-portfolio-svart\/\" \/>\n<meta property=\"og:locale\" content=\"sv_SE\" \/>\n<meta property=\"og:type\" content=\"article\" \/>\n<meta property=\"og:title\" content=\"Script AWARE\u2122 A4 portfolio, svart - Swiss Peak\" \/>\n<meta property=\"og:description\" content=\"Den h\u00e4r portf\u00f6ljen \u00e4r tillverkad av 100% AWARE 300D \u00e5tervunnen polyester och RCS-certifierad \u00e5tervunnen PU och kombinerar stil med l\u00e5g milj\u00f6p\u00e5verkan. Den har visitkortsfack, penn\u00f6gla och en rymlig A4-ficka. H\u00e5ll dig organiserad med det p\u00e5fyllningsbara fodrade anteckningsblocket i A4-format (20 sidor 70 g\/m\u00b2) tillverkat av FSC\u00ae mix kr\u00e4mf\u00e4rgat papper. Tillverkad av 100% \u00e5tervunnen polyester med [&hellip;]\" \/>\n<meta property=\"og:url\" content=\"https:\/\/swiss-peak.com\/sv\/produkt\/swiss-peak-script-aware-a4-portfolio-svart\/\" \/>\n<meta property=\"og:site_name\" content=\"Swiss Peak\" \/>\n<meta property=\"article:modified_time\" content=\"2026-03-12T02:17:09+00:00\" \/>\n<meta property=\"og:image\" content=\"https:\/\/swiss-peak.com\/wp-content\/uploads\/sites\/9\/2024\/02\/P774.501__S_0__b0330805627445d7a0acc0e7d22305f2.jpg\" \/>\n\t<meta property=\"og:image:width\" content=\"1024\" \/>\n\t<meta property=\"og:image:height\" content=\"1024\" \/>\n\t<meta property=\"og:image:type\" content=\"image\/jpeg\" \/>\n<meta name=\"twitter:card\" content=\"summary_large_image\" \/>\n<script type=\"application\/ld+json\" class=\"yoast-schema-graph\">{\"@context\":\"https:\/\/schema.org\",\"@graph\":[{\"@type\":\"WebPage\",\"@id\":\"https:\/\/swiss-peak.com\/sv\/produkt\/swiss-peak-script-aware-a4-portfolio-svart\/\",\"url\":\"https:\/\/swiss-peak.com\/sv\/produkt\/swiss-peak-script-aware-a4-portfolio-svart\/\",\"name\":\"Script AWARE\u2122 A4 portfolio, svart - Swiss Peak\",\"isPartOf\":{\"@id\":\"https:\/\/swiss-peak.com\/sv\/#website\"},\"primaryImageOfPage\":{\"@id\":\"https:\/\/swiss-peak.com\/sv\/produkt\/swiss-peak-script-aware-a4-portfolio-svart\/#primaryimage\"},\"image\":{\"@id\":\"https:\/\/swiss-peak.com\/sv\/produkt\/swiss-peak-script-aware-a4-portfolio-svart\/#primaryimage\"},\"thumbnailUrl\":\"https:\/\/swiss-peak.com\/wp-content\/uploads\/sites\/9\/2024\/02\/P774.501__S_0__b0330805627445d7a0acc0e7d22305f2.jpg\",\"datePublished\":\"2024-01-03T02:10:17+00:00\",\"dateModified\":\"2026-03-12T02:17:09+00:00\",\"breadcrumb\":{\"@id\":\"https:\/\/swiss-peak.com\/sv\/produkt\/swiss-peak-script-aware-a4-portfolio-svart\/#breadcrumb\"},\"inLanguage\":\"sv-SE\",\"potentialAction\":[{\"@type\":\"ReadAction\",\"target\":[\"https:\/\/swiss-peak.com\/sv\/produkt\/swiss-peak-script-aware-a4-portfolio-svart\/\"]}]},{\"@type\":\"ImageObject\",\"inLanguage\":\"sv-SE\",\"@id\":\"https:\/\/swiss-peak.com\/sv\/produkt\/swiss-peak-script-aware-a4-portfolio-svart\/#primaryimage\",\"url\":\"https:\/\/swiss-peak.com\/wp-content\/uploads\/sites\/9\/2024\/02\/P774.501__S_0__b0330805627445d7a0acc0e7d22305f2.jpg\",\"contentUrl\":\"https:\/\/swiss-peak.com\/wp-content\/uploads\/sites\/9\/2024\/02\/P774.501__S_0__b0330805627445d7a0acc0e7d22305f2.jpg\",\"width\":1024,\"height\":1024},{\"@type\":\"BreadcrumbList\",\"@id\":\"https:\/\/swiss-peak.com\/sv\/produkt\/swiss-peak-script-aware-a4-portfolio-svart\/#breadcrumb\",\"itemListElement\":[{\"@type\":\"ListItem\",\"position\":1,\"name\":\"Home\",\"item\":\"https:\/\/swiss-peak.com\/sv\/\"},{\"@type\":\"ListItem\",\"position\":2,\"name\":\"Kollektion\",\"item\":\"https:\/\/swiss-peak.com\/sv\/kollektion\/\"},{\"@type\":\"ListItem\",\"position\":3,\"name\":\"Script AWARE\u2122 A4 portfolio, svart\"}]},{\"@type\":\"WebSite\",\"@id\":\"https:\/\/swiss-peak.com\/sv\/#website\",\"url\":\"https:\/\/swiss-peak.com\/sv\/\",\"name\":\"Swiss Peak\",\"description\":\"Where will today take you?\",\"potentialAction\":[{\"@type\":\"SearchAction\",\"target\":{\"@type\":\"EntryPoint\",\"urlTemplate\":\"https:\/\/swiss-peak.com\/sv\/?s={search_term_string}\"},\"query-input\":{\"@type\":\"PropertyValueSpecification\",\"valueRequired\":true,\"valueName\":\"search_term_string\"}}],\"inLanguage\":\"sv-SE\"}]}<\/script>\n<!-- \/ Yoast SEO plugin. -->","yoast_head_json":{"title":"Script AWARE\u2122 A4 portfolio, svart - Swiss Peak","robots":{"index":"index","follow":"follow","max-snippet":"max-snippet:-1","max-image-preview":"max-image-preview:large","max-video-preview":"max-video-preview:-1"},"canonical":"https:\/\/swiss-peak.com\/sv\/produkt\/swiss-peak-script-aware-a4-portfolio-svart\/","og_locale":"sv_SE","og_type":"article","og_title":"Script AWARE\u2122 A4 portfolio, svart - Swiss Peak","og_description":"Den h\u00e4r portf\u00f6ljen \u00e4r tillverkad av 100% AWARE 300D \u00e5tervunnen polyester och RCS-certifierad \u00e5tervunnen PU och kombinerar stil med l\u00e5g milj\u00f6p\u00e5verkan. Den har visitkortsfack, penn\u00f6gla och en rymlig A4-ficka. H\u00e5ll dig organiserad med det p\u00e5fyllningsbara fodrade anteckningsblocket i A4-format (20 sidor 70 g\/m\u00b2) tillverkat av FSC\u00ae mix kr\u00e4mf\u00e4rgat papper. Tillverkad av 100% \u00e5tervunnen polyester med [&hellip;]","og_url":"https:\/\/swiss-peak.com\/sv\/produkt\/swiss-peak-script-aware-a4-portfolio-svart\/","og_site_name":"Swiss Peak","article_modified_time":"2026-03-12T02:17:09+00:00","og_image":[{"width":1024,"height":1024,"url":"https:\/\/swiss-peak.com\/wp-content\/uploads\/sites\/9\/2024\/02\/P774.501__S_0__b0330805627445d7a0acc0e7d22305f2.jpg","type":"image\/jpeg"}],"twitter_card":"summary_large_image","schema":{"@context":"https:\/\/schema.org","@graph":[{"@type":"WebPage","@id":"https:\/\/swiss-peak.com\/sv\/produkt\/swiss-peak-script-aware-a4-portfolio-svart\/","url":"https:\/\/swiss-peak.com\/sv\/produkt\/swiss-peak-script-aware-a4-portfolio-svart\/","name":"Script AWARE\u2122 A4 portfolio, svart - Swiss Peak","isPartOf":{"@id":"https:\/\/swiss-peak.com\/sv\/#website"},"primaryImageOfPage":{"@id":"https:\/\/swiss-peak.com\/sv\/produkt\/swiss-peak-script-aware-a4-portfolio-svart\/#primaryimage"},"image":{"@id":"https:\/\/swiss-peak.com\/sv\/produkt\/swiss-peak-script-aware-a4-portfolio-svart\/#primaryimage"},"thumbnailUrl":"https:\/\/swiss-peak.com\/wp-content\/uploads\/sites\/9\/2024\/02\/P774.501__S_0__b0330805627445d7a0acc0e7d22305f2.jpg","datePublished":"2024-01-03T02:10:17+00:00","dateModified":"2026-03-12T02:17:09+00:00","breadcrumb":{"@id":"https:\/\/swiss-peak.com\/sv\/produkt\/swiss-peak-script-aware-a4-portfolio-svart\/#breadcrumb"},"inLanguage":"sv-SE","potentialAction":[{"@type":"ReadAction","target":["https:\/\/swiss-peak.com\/sv\/produkt\/swiss-peak-script-aware-a4-portfolio-svart\/"]}]},{"@type":"ImageObject","inLanguage":"sv-SE","@id":"https:\/\/swiss-peak.com\/sv\/produkt\/swiss-peak-script-aware-a4-portfolio-svart\/#primaryimage","url":"https:\/\/swiss-peak.com\/wp-content\/uploads\/sites\/9\/2024\/02\/P774.501__S_0__b0330805627445d7a0acc0e7d22305f2.jpg","contentUrl":"https:\/\/swiss-peak.com\/wp-content\/uploads\/sites\/9\/2024\/02\/P774.501__S_0__b0330805627445d7a0acc0e7d22305f2.jpg","width":1024,"height":1024},{"@type":"BreadcrumbList","@id":"https:\/\/swiss-peak.com\/sv\/produkt\/swiss-peak-script-aware-a4-portfolio-svart\/#breadcrumb","itemListElement":[{"@type":"ListItem","position":1,"name":"Home","item":"https:\/\/swiss-peak.com\/sv\/"},{"@type":"ListItem","position":2,"name":"Kollektion","item":"https:\/\/swiss-peak.com\/sv\/kollektion\/"},{"@type":"ListItem","position":3,"name":"Script AWARE\u2122 A4 portfolio, svart"}]},{"@type":"WebSite","@id":"https:\/\/swiss-peak.com\/sv\/#website","url":"https:\/\/swiss-peak.com\/sv\/","name":"Swiss Peak","description":"Where will today take you?","potentialAction":[{"@type":"SearchAction","target":{"@type":"EntryPoint","urlTemplate":"https:\/\/swiss-peak.com\/sv\/?s={search_term_string}"},"query-input":{"@type":"PropertyValueSpecification","valueRequired":true,"valueName":"search_term_string"}}],"inLanguage":"sv-SE"}]}},"_links":{"self":[{"href":"https:\/\/swiss-peak.com\/sv\/wp-json\/wp\/v2\/product\/22544","targetHints":{"allow":["GET"]}}],"collection":[{"href":"https:\/\/swiss-peak.com\/sv\/wp-json\/wp\/v2\/product"}],"about":[{"href":"https:\/\/swiss-peak.com\/sv\/wp-json\/wp\/v2\/types\/product"}],"wp:featuredmedia":[{"embeddable":true,"href":"https:\/\/swiss-peak.com\/sv\/wp-json\/wp\/v2\/media\/39254"}],"wp:attachment":[{"href":"https:\/\/swiss-peak.com\/sv\/wp-json\/wp\/v2\/media?parent=22544"}],"wp:term":[{"taxonomy":"product_cat","embeddable":true,"href":"https:\/\/swiss-peak.com\/sv\/wp-json\/wp\/v2\/product_cat?post=22544"},{"taxonomy":"product_tag","embeddable":true,"href":"https:\/\/swiss-peak.com\/sv\/wp-json\/wp\/v2\/product_tag?post=22544"}],"curies":[{"name":"wp","href":"https:\/\/api.w.org\/{rel}","templated":true}]}}