{"id":22543,"date":"2024-01-03T03:00:30","date_gmt":"2024-01-03T02:10:13","guid":{"rendered":"https:\/\/swiss-peak.com\/swiss-peak-storm-penna-dubbla-spetsar-rcs-atervunnen-alu-svart\/"},"modified":"2026-03-12T04:12:55","modified_gmt":"2026-03-12T02:12:55","slug":"swiss-peak-storm-penna-dubbla-spetsar-rcs-atervunnen-alu-svart","status":"publish","type":"product","link":"https:\/\/swiss-peak.com\/sv\/produkt\/swiss-peak-storm-penna-dubbla-spetsar-rcs-atervunnen-alu-svart\/","title":{"rendered":"Storm penna dubbla spetsar RCS \u00e5tervunnen aluminium, svart"},"content":{"rendered":"<p>Penna med unik design tillverkad av RCS-certifierad \u00e5tervunnen aluminium. Den kombinerar stil och l\u00e5g milj\u00f6p\u00e5verkan med 83% \u00e5tervunnet RCS-certifierat aluminiuminneh\u00e5ll. Pennan har tv\u00e5 spetsar &#8211; en grafitspets p\u00e5 ena sidan och en kulspetspenna med bl\u00e5tt bl\u00e4ck p\u00e5 andra sidan. Skrivbredd 1 mm, skrivl\u00e4ngd 1200 meter.  Levereras i en FSC\u00ae-mix svart Swiss Peak-presentf\u00f6rpackning. Totalt \u00e5tervunnet inneh\u00e5ll: 83% baserat p\u00e5 total produktvikt.<\/p>\n","protected":false},"excerpt":{"rendered":"<p>Penna med unik design tillverkad av RCS-certifierad \u00e5tervunnen aluminium. Den kombinerar stil och l\u00e5g milj\u00f6p\u00e5verkan med 83% \u00e5tervunnet RCS-certifierat aluminiuminneh\u00e5ll. Pennan har tv\u00e5 spetsar &#8211; en grafitspets p\u00e5 ena sidan och en kulspetspenna med bl\u00e5tt bl\u00e4ck p\u00e5 andra sidan. Skrivbredd 1 mm, skrivl\u00e4ngd 1200 meter. Levereras i en FSC\u00ae-mix svart Swiss Peak-presentf\u00f6rpackning. Totalt \u00e5tervunnet inneh\u00e5ll: [&hellip;]<\/p>\n","protected":false},"featured_media":28995,"template":"","meta":{"_acf_changed":false},"product_cat":[289,299],"product_tag":[],"class_list":["post-22543","product","type-product","status-publish","has-post-thumbnail","hentry","product_cat-business-sv","product_cat-kontor-pennor","pa_color-black-sv"],"acf":[],"yoast_head":"<!-- This site is optimized with the Yoast SEO plugin v27.0 - https:\/\/yoast.com\/product\/yoast-seo-wordpress\/ -->\n<title>Storm penna dubbla spetsar RCS \u00e5tervunnen aluminium, svart - Swiss Peak<\/title>\n<meta name=\"robots\" content=\"index, follow, max-snippet:-1, max-image-preview:large, max-video-preview:-1\" \/>\n<link rel=\"canonical\" href=\"https:\/\/swiss-peak.com\/sv\/produkt\/swiss-peak-storm-penna-dubbla-spetsar-rcs-atervunnen-alu-svart\/\" \/>\n<meta property=\"og:locale\" content=\"sv_SE\" \/>\n<meta property=\"og:type\" content=\"article\" \/>\n<meta property=\"og:title\" content=\"Storm penna dubbla spetsar RCS \u00e5tervunnen aluminium, svart - Swiss Peak\" \/>\n<meta property=\"og:description\" content=\"Penna med unik design tillverkad av RCS-certifierad \u00e5tervunnen aluminium. Den kombinerar stil och l\u00e5g milj\u00f6p\u00e5verkan med 83% \u00e5tervunnet RCS-certifierat aluminiuminneh\u00e5ll. Pennan har tv\u00e5 spetsar &#8211; en grafitspets p\u00e5 ena sidan och en kulspetspenna med bl\u00e5tt bl\u00e4ck p\u00e5 andra sidan. Skrivbredd 1 mm, skrivl\u00e4ngd 1200 meter. Levereras i en FSC\u00ae-mix svart Swiss Peak-presentf\u00f6rpackning. Totalt \u00e5tervunnet inneh\u00e5ll: [&hellip;]\" \/>\n<meta property=\"og:url\" content=\"https:\/\/swiss-peak.com\/sv\/produkt\/swiss-peak-storm-penna-dubbla-spetsar-rcs-atervunnen-alu-svart\/\" \/>\n<meta property=\"og:site_name\" content=\"Swiss Peak\" \/>\n<meta property=\"article:modified_time\" content=\"2026-03-12T02:12:55+00:00\" \/>\n<meta property=\"og:image\" content=\"https:\/\/swiss-peak.com\/wp-content\/uploads\/sites\/9\/2024\/02\/P611.251__S_0__c3c3b2d921dd4937839884e466a1e0fd.jpg\" \/>\n\t<meta property=\"og:image:width\" content=\"1024\" \/>\n\t<meta property=\"og:image:height\" content=\"1024\" \/>\n\t<meta property=\"og:image:type\" content=\"image\/jpeg\" \/>\n<meta name=\"twitter:card\" content=\"summary_large_image\" \/>\n<script type=\"application\/ld+json\" class=\"yoast-schema-graph\">{\"@context\":\"https:\/\/schema.org\",\"@graph\":[{\"@type\":\"WebPage\",\"@id\":\"https:\/\/swiss-peak.com\/sv\/produkt\/swiss-peak-storm-penna-dubbla-spetsar-rcs-atervunnen-alu-svart\/\",\"url\":\"https:\/\/swiss-peak.com\/sv\/produkt\/swiss-peak-storm-penna-dubbla-spetsar-rcs-atervunnen-alu-svart\/\",\"name\":\"Storm penna dubbla spetsar RCS \u00e5tervunnen aluminium, svart - Swiss Peak\",\"isPartOf\":{\"@id\":\"https:\/\/swiss-peak.com\/sv\/#website\"},\"primaryImageOfPage\":{\"@id\":\"https:\/\/swiss-peak.com\/sv\/produkt\/swiss-peak-storm-penna-dubbla-spetsar-rcs-atervunnen-alu-svart\/#primaryimage\"},\"image\":{\"@id\":\"https:\/\/swiss-peak.com\/sv\/produkt\/swiss-peak-storm-penna-dubbla-spetsar-rcs-atervunnen-alu-svart\/#primaryimage\"},\"thumbnailUrl\":\"https:\/\/swiss-peak.com\/wp-content\/uploads\/sites\/9\/2024\/02\/P611.251__S_0__c3c3b2d921dd4937839884e466a1e0fd.jpg\",\"datePublished\":\"2024-01-03T02:10:13+00:00\",\"dateModified\":\"2026-03-12T02:12:55+00:00\",\"breadcrumb\":{\"@id\":\"https:\/\/swiss-peak.com\/sv\/produkt\/swiss-peak-storm-penna-dubbla-spetsar-rcs-atervunnen-alu-svart\/#breadcrumb\"},\"inLanguage\":\"sv-SE\",\"potentialAction\":[{\"@type\":\"ReadAction\",\"target\":[\"https:\/\/swiss-peak.com\/sv\/produkt\/swiss-peak-storm-penna-dubbla-spetsar-rcs-atervunnen-alu-svart\/\"]}]},{\"@type\":\"ImageObject\",\"inLanguage\":\"sv-SE\",\"@id\":\"https:\/\/swiss-peak.com\/sv\/produkt\/swiss-peak-storm-penna-dubbla-spetsar-rcs-atervunnen-alu-svart\/#primaryimage\",\"url\":\"https:\/\/swiss-peak.com\/wp-content\/uploads\/sites\/9\/2024\/02\/P611.251__S_0__c3c3b2d921dd4937839884e466a1e0fd.jpg\",\"contentUrl\":\"https:\/\/swiss-peak.com\/wp-content\/uploads\/sites\/9\/2024\/02\/P611.251__S_0__c3c3b2d921dd4937839884e466a1e0fd.jpg\",\"width\":1024,\"height\":1024},{\"@type\":\"BreadcrumbList\",\"@id\":\"https:\/\/swiss-peak.com\/sv\/produkt\/swiss-peak-storm-penna-dubbla-spetsar-rcs-atervunnen-alu-svart\/#breadcrumb\",\"itemListElement\":[{\"@type\":\"ListItem\",\"position\":1,\"name\":\"Home\",\"item\":\"https:\/\/swiss-peak.com\/sv\/\"},{\"@type\":\"ListItem\",\"position\":2,\"name\":\"Kollektion\",\"item\":\"https:\/\/swiss-peak.com\/sv\/kollektion\/\"},{\"@type\":\"ListItem\",\"position\":3,\"name\":\"Storm penna dubbla spetsar RCS \u00e5tervunnen aluminium, svart\"}]},{\"@type\":\"WebSite\",\"@id\":\"https:\/\/swiss-peak.com\/sv\/#website\",\"url\":\"https:\/\/swiss-peak.com\/sv\/\",\"name\":\"Swiss Peak\",\"description\":\"Where will today take you?\",\"potentialAction\":[{\"@type\":\"SearchAction\",\"target\":{\"@type\":\"EntryPoint\",\"urlTemplate\":\"https:\/\/swiss-peak.com\/sv\/?s={search_term_string}\"},\"query-input\":{\"@type\":\"PropertyValueSpecification\",\"valueRequired\":true,\"valueName\":\"search_term_string\"}}],\"inLanguage\":\"sv-SE\"}]}<\/script>\n<!-- \/ Yoast SEO plugin. -->","yoast_head_json":{"title":"Storm penna dubbla spetsar RCS \u00e5tervunnen aluminium, svart - Swiss Peak","robots":{"index":"index","follow":"follow","max-snippet":"max-snippet:-1","max-image-preview":"max-image-preview:large","max-video-preview":"max-video-preview:-1"},"canonical":"https:\/\/swiss-peak.com\/sv\/produkt\/swiss-peak-storm-penna-dubbla-spetsar-rcs-atervunnen-alu-svart\/","og_locale":"sv_SE","og_type":"article","og_title":"Storm penna dubbla spetsar RCS \u00e5tervunnen aluminium, svart - Swiss Peak","og_description":"Penna med unik design tillverkad av RCS-certifierad \u00e5tervunnen aluminium. Den kombinerar stil och l\u00e5g milj\u00f6p\u00e5verkan med 83% \u00e5tervunnet RCS-certifierat aluminiuminneh\u00e5ll. Pennan har tv\u00e5 spetsar &#8211; en grafitspets p\u00e5 ena sidan och en kulspetspenna med bl\u00e5tt bl\u00e4ck p\u00e5 andra sidan. Skrivbredd 1 mm, skrivl\u00e4ngd 1200 meter. Levereras i en FSC\u00ae-mix svart Swiss Peak-presentf\u00f6rpackning. Totalt \u00e5tervunnet inneh\u00e5ll: [&hellip;]","og_url":"https:\/\/swiss-peak.com\/sv\/produkt\/swiss-peak-storm-penna-dubbla-spetsar-rcs-atervunnen-alu-svart\/","og_site_name":"Swiss Peak","article_modified_time":"2026-03-12T02:12:55+00:00","og_image":[{"width":1024,"height":1024,"url":"https:\/\/swiss-peak.com\/wp-content\/uploads\/sites\/9\/2024\/02\/P611.251__S_0__c3c3b2d921dd4937839884e466a1e0fd.jpg","type":"image\/jpeg"}],"twitter_card":"summary_large_image","schema":{"@context":"https:\/\/schema.org","@graph":[{"@type":"WebPage","@id":"https:\/\/swiss-peak.com\/sv\/produkt\/swiss-peak-storm-penna-dubbla-spetsar-rcs-atervunnen-alu-svart\/","url":"https:\/\/swiss-peak.com\/sv\/produkt\/swiss-peak-storm-penna-dubbla-spetsar-rcs-atervunnen-alu-svart\/","name":"Storm penna dubbla spetsar RCS \u00e5tervunnen aluminium, svart - Swiss Peak","isPartOf":{"@id":"https:\/\/swiss-peak.com\/sv\/#website"},"primaryImageOfPage":{"@id":"https:\/\/swiss-peak.com\/sv\/produkt\/swiss-peak-storm-penna-dubbla-spetsar-rcs-atervunnen-alu-svart\/#primaryimage"},"image":{"@id":"https:\/\/swiss-peak.com\/sv\/produkt\/swiss-peak-storm-penna-dubbla-spetsar-rcs-atervunnen-alu-svart\/#primaryimage"},"thumbnailUrl":"https:\/\/swiss-peak.com\/wp-content\/uploads\/sites\/9\/2024\/02\/P611.251__S_0__c3c3b2d921dd4937839884e466a1e0fd.jpg","datePublished":"2024-01-03T02:10:13+00:00","dateModified":"2026-03-12T02:12:55+00:00","breadcrumb":{"@id":"https:\/\/swiss-peak.com\/sv\/produkt\/swiss-peak-storm-penna-dubbla-spetsar-rcs-atervunnen-alu-svart\/#breadcrumb"},"inLanguage":"sv-SE","potentialAction":[{"@type":"ReadAction","target":["https:\/\/swiss-peak.com\/sv\/produkt\/swiss-peak-storm-penna-dubbla-spetsar-rcs-atervunnen-alu-svart\/"]}]},{"@type":"ImageObject","inLanguage":"sv-SE","@id":"https:\/\/swiss-peak.com\/sv\/produkt\/swiss-peak-storm-penna-dubbla-spetsar-rcs-atervunnen-alu-svart\/#primaryimage","url":"https:\/\/swiss-peak.com\/wp-content\/uploads\/sites\/9\/2024\/02\/P611.251__S_0__c3c3b2d921dd4937839884e466a1e0fd.jpg","contentUrl":"https:\/\/swiss-peak.com\/wp-content\/uploads\/sites\/9\/2024\/02\/P611.251__S_0__c3c3b2d921dd4937839884e466a1e0fd.jpg","width":1024,"height":1024},{"@type":"BreadcrumbList","@id":"https:\/\/swiss-peak.com\/sv\/produkt\/swiss-peak-storm-penna-dubbla-spetsar-rcs-atervunnen-alu-svart\/#breadcrumb","itemListElement":[{"@type":"ListItem","position":1,"name":"Home","item":"https:\/\/swiss-peak.com\/sv\/"},{"@type":"ListItem","position":2,"name":"Kollektion","item":"https:\/\/swiss-peak.com\/sv\/kollektion\/"},{"@type":"ListItem","position":3,"name":"Storm penna dubbla spetsar RCS \u00e5tervunnen aluminium, svart"}]},{"@type":"WebSite","@id":"https:\/\/swiss-peak.com\/sv\/#website","url":"https:\/\/swiss-peak.com\/sv\/","name":"Swiss Peak","description":"Where will today take you?","potentialAction":[{"@type":"SearchAction","target":{"@type":"EntryPoint","urlTemplate":"https:\/\/swiss-peak.com\/sv\/?s={search_term_string}"},"query-input":{"@type":"PropertyValueSpecification","valueRequired":true,"valueName":"search_term_string"}}],"inLanguage":"sv-SE"}]}},"_links":{"self":[{"href":"https:\/\/swiss-peak.com\/sv\/wp-json\/wp\/v2\/product\/22543","targetHints":{"allow":["GET"]}}],"collection":[{"href":"https:\/\/swiss-peak.com\/sv\/wp-json\/wp\/v2\/product"}],"about":[{"href":"https:\/\/swiss-peak.com\/sv\/wp-json\/wp\/v2\/types\/product"}],"wp:featuredmedia":[{"embeddable":true,"href":"https:\/\/swiss-peak.com\/sv\/wp-json\/wp\/v2\/media\/28995"}],"wp:attachment":[{"href":"https:\/\/swiss-peak.com\/sv\/wp-json\/wp\/v2\/media?parent=22543"}],"wp:term":[{"taxonomy":"product_cat","embeddable":true,"href":"https:\/\/swiss-peak.com\/sv\/wp-json\/wp\/v2\/product_cat?post=22543"},{"taxonomy":"product_tag","embeddable":true,"href":"https:\/\/swiss-peak.com\/sv\/wp-json\/wp\/v2\/product_tag?post=22543"}],"curies":[{"name":"wp","href":"https:\/\/api.w.org\/{rel}","templated":true}]}}