{"id":20001,"date":"2023-08-09T02:00:17","date_gmt":"2023-08-09T01:10:13","guid":{"rendered":"https:\/\/swiss-peak.com\/swiss-peak-3-i-1-15w-tradlos-laddare-rcs-rplast-gra\/"},"modified":"2026-04-16T03:12:13","modified_gmt":"2026-04-16T01:12:13","slug":"swiss-peak-3-i-1-15w-tradlos-laddare-rcs-rplast-gra","status":"publish","type":"product","link":"https:\/\/swiss-peak.com\/sv\/produkt\/swiss-peak-3-i-1-15w-tradlos-laddare-rcs-rplast-gra\/","title":{"rendered":"3-i-1 15W tr\u00e5dl\u00f6s laddare RCS plast, gr\u00e5"},"content":{"rendered":"<p>Lyxig och hopf\u00e4llbar tr\u00e5dl\u00f6s 3 i 1-laddare tillverkad av RCS \u00e5tervunnet ABS. Totalt \u00e5tervunnet inneh\u00e5ll: 46% baserat p\u00e5 total produktvikt. RCS-certifiering garanterar en fullst\u00e4ndigt certifierad leveranskedja f\u00f6r de \u00e5tervunna materialen. Den tr\u00e5dl\u00f6sa laddaren \u00e4r utrustad med en magnetisk 15W tr\u00e5dl\u00f6s laddare och en extra 5W tr\u00e5dl\u00f6s laddare l\u00e4mplig f\u00f6r fodral till h\u00f6rlurar eller andra sm\u00e5 tr\u00e5dl\u00f6sa laddningsbara enheter och en 2,5W tr\u00e5dl\u00f6s laddare f\u00f6r smartklockor (endast Apple-klockor) 120cm kabel i RCS-certifierad \u00e5tervunnen TPE medf\u00f6ljer. Levereras i FSC\u00ae mix kraftf\u00f6rpackning. Produkten och tillbeh\u00f6ren \u00e4r 100% fria fr\u00e5n PVC. Input: 9V\/3A f\u00f6r optimal anv\u00e4ndning. Output: Telefon: 9V\/1.1A; 9V\/1.67 A\/(15W), h\u00f6rlurar: 9V\/1.1A; 9V\/1.67 A\/(15W), h\u00f6rlurar: 9V\/1.67 A\/(15W): 5V\/1A (5W), klocka: 5V\/1A (5W): (5V\/0,5A).<\/p>\n","protected":false},"excerpt":{"rendered":"<p>Lyxig och hopf\u00e4llbar tr\u00e5dl\u00f6s 3 i 1-laddare tillverkad av RCS \u00e5tervunnet ABS. Totalt \u00e5tervunnet inneh\u00e5ll: 46% baserat p\u00e5 total produktvikt. RCS-certifiering garanterar en fullst\u00e4ndigt certifierad leveranskedja f\u00f6r de \u00e5tervunna materialen. Den tr\u00e5dl\u00f6sa laddaren \u00e4r utrustad med en magnetisk 15W tr\u00e5dl\u00f6s laddare och en extra 5W tr\u00e5dl\u00f6s laddare l\u00e4mplig f\u00f6r fodral till h\u00f6rlurar eller andra sm\u00e5 [&hellip;]<\/p>\n","protected":false},"featured_media":46098,"template":"","meta":{"_acf_changed":false},"product_cat":[289,303],"product_tag":[],"class_list":["post-20001","product","type-product","status-publish","has-post-thumbnail","hentry","product_cat-business-sv","product_cat-tech-sv","pa_color-black-sv","pa_color-grey-sv"],"acf":[],"yoast_head":"<!-- This site is optimized with the Yoast SEO plugin v27.0 - https:\/\/yoast.com\/product\/yoast-seo-wordpress\/ -->\n<title>3-i-1 15W tr\u00e5dl\u00f6s laddare RCS plast, gr\u00e5 - Swiss Peak<\/title>\n<meta name=\"robots\" content=\"index, follow, max-snippet:-1, max-image-preview:large, max-video-preview:-1\" \/>\n<link rel=\"canonical\" href=\"https:\/\/swiss-peak.com\/sv\/produkt\/swiss-peak-3-i-1-15w-tradlos-laddare-rcs-rplast-gra\/\" \/>\n<meta property=\"og:locale\" content=\"sv_SE\" \/>\n<meta property=\"og:type\" content=\"article\" \/>\n<meta property=\"og:title\" content=\"3-i-1 15W tr\u00e5dl\u00f6s laddare RCS plast, gr\u00e5 - Swiss Peak\" \/>\n<meta property=\"og:description\" content=\"Lyxig och hopf\u00e4llbar tr\u00e5dl\u00f6s 3 i 1-laddare tillverkad av RCS \u00e5tervunnet ABS. Totalt \u00e5tervunnet inneh\u00e5ll: 46% baserat p\u00e5 total produktvikt. RCS-certifiering garanterar en fullst\u00e4ndigt certifierad leveranskedja f\u00f6r de \u00e5tervunna materialen. Den tr\u00e5dl\u00f6sa laddaren \u00e4r utrustad med en magnetisk 15W tr\u00e5dl\u00f6s laddare och en extra 5W tr\u00e5dl\u00f6s laddare l\u00e4mplig f\u00f6r fodral till h\u00f6rlurar eller andra sm\u00e5 [&hellip;]\" \/>\n<meta property=\"og:url\" content=\"https:\/\/swiss-peak.com\/sv\/produkt\/swiss-peak-3-i-1-15w-tradlos-laddare-rcs-rplast-gra\/\" \/>\n<meta property=\"og:site_name\" content=\"Swiss Peak\" \/>\n<meta property=\"article:modified_time\" content=\"2026-04-16T01:12:13+00:00\" \/>\n<meta property=\"og:image\" content=\"https:\/\/swiss-peak.com\/wp-content\/uploads\/sites\/9\/2026\/04\/P308.531__S_0__42f926df7d0249238f9fd7b21ab07aba.jpg\" \/>\n\t<meta property=\"og:image:width\" content=\"1024\" \/>\n\t<meta property=\"og:image:height\" content=\"1024\" \/>\n\t<meta property=\"og:image:type\" content=\"image\/jpeg\" \/>\n<meta name=\"twitter:card\" content=\"summary_large_image\" \/>\n<meta name=\"twitter:label1\" content=\"Ber\u00e4knad l\u00e4stid\" \/>\n\t<meta name=\"twitter:data1\" content=\"1 minut\" \/>\n<script type=\"application\/ld+json\" class=\"yoast-schema-graph\">{\"@context\":\"https:\/\/schema.org\",\"@graph\":[{\"@type\":\"WebPage\",\"@id\":\"https:\/\/swiss-peak.com\/sv\/produkt\/swiss-peak-3-i-1-15w-tradlos-laddare-rcs-rplast-gra\/\",\"url\":\"https:\/\/swiss-peak.com\/sv\/produkt\/swiss-peak-3-i-1-15w-tradlos-laddare-rcs-rplast-gra\/\",\"name\":\"3-i-1 15W tr\u00e5dl\u00f6s laddare RCS plast, gr\u00e5 - Swiss Peak\",\"isPartOf\":{\"@id\":\"https:\/\/swiss-peak.com\/sv\/#website\"},\"primaryImageOfPage\":{\"@id\":\"https:\/\/swiss-peak.com\/sv\/produkt\/swiss-peak-3-i-1-15w-tradlos-laddare-rcs-rplast-gra\/#primaryimage\"},\"image\":{\"@id\":\"https:\/\/swiss-peak.com\/sv\/produkt\/swiss-peak-3-i-1-15w-tradlos-laddare-rcs-rplast-gra\/#primaryimage\"},\"thumbnailUrl\":\"https:\/\/swiss-peak.com\/wp-content\/uploads\/sites\/9\/2026\/04\/P308.531__S_0__42f926df7d0249238f9fd7b21ab07aba.jpg\",\"datePublished\":\"2023-08-09T01:10:13+00:00\",\"dateModified\":\"2026-04-16T01:12:13+00:00\",\"breadcrumb\":{\"@id\":\"https:\/\/swiss-peak.com\/sv\/produkt\/swiss-peak-3-i-1-15w-tradlos-laddare-rcs-rplast-gra\/#breadcrumb\"},\"inLanguage\":\"sv-SE\",\"potentialAction\":[{\"@type\":\"ReadAction\",\"target\":[\"https:\/\/swiss-peak.com\/sv\/produkt\/swiss-peak-3-i-1-15w-tradlos-laddare-rcs-rplast-gra\/\"]}]},{\"@type\":\"ImageObject\",\"inLanguage\":\"sv-SE\",\"@id\":\"https:\/\/swiss-peak.com\/sv\/produkt\/swiss-peak-3-i-1-15w-tradlos-laddare-rcs-rplast-gra\/#primaryimage\",\"url\":\"https:\/\/swiss-peak.com\/wp-content\/uploads\/sites\/9\/2026\/04\/P308.531__S_0__42f926df7d0249238f9fd7b21ab07aba.jpg\",\"contentUrl\":\"https:\/\/swiss-peak.com\/wp-content\/uploads\/sites\/9\/2026\/04\/P308.531__S_0__42f926df7d0249238f9fd7b21ab07aba.jpg\",\"width\":1024,\"height\":1024},{\"@type\":\"BreadcrumbList\",\"@id\":\"https:\/\/swiss-peak.com\/sv\/produkt\/swiss-peak-3-i-1-15w-tradlos-laddare-rcs-rplast-gra\/#breadcrumb\",\"itemListElement\":[{\"@type\":\"ListItem\",\"position\":1,\"name\":\"Home\",\"item\":\"https:\/\/swiss-peak.com\/sv\/\"},{\"@type\":\"ListItem\",\"position\":2,\"name\":\"Kollektion\",\"item\":\"https:\/\/swiss-peak.com\/sv\/kollektion\/\"},{\"@type\":\"ListItem\",\"position\":3,\"name\":\"3-i-1 15W tr\u00e5dl\u00f6s laddare RCS plast, gr\u00e5\"}]},{\"@type\":\"WebSite\",\"@id\":\"https:\/\/swiss-peak.com\/sv\/#website\",\"url\":\"https:\/\/swiss-peak.com\/sv\/\",\"name\":\"Swiss Peak\",\"description\":\"Where will today take you?\",\"potentialAction\":[{\"@type\":\"SearchAction\",\"target\":{\"@type\":\"EntryPoint\",\"urlTemplate\":\"https:\/\/swiss-peak.com\/sv\/?s={search_term_string}\"},\"query-input\":{\"@type\":\"PropertyValueSpecification\",\"valueRequired\":true,\"valueName\":\"search_term_string\"}}],\"inLanguage\":\"sv-SE\"}]}<\/script>\n<!-- \/ Yoast SEO plugin. -->","yoast_head_json":{"title":"3-i-1 15W tr\u00e5dl\u00f6s laddare RCS plast, gr\u00e5 - Swiss Peak","robots":{"index":"index","follow":"follow","max-snippet":"max-snippet:-1","max-image-preview":"max-image-preview:large","max-video-preview":"max-video-preview:-1"},"canonical":"https:\/\/swiss-peak.com\/sv\/produkt\/swiss-peak-3-i-1-15w-tradlos-laddare-rcs-rplast-gra\/","og_locale":"sv_SE","og_type":"article","og_title":"3-i-1 15W tr\u00e5dl\u00f6s laddare RCS plast, gr\u00e5 - Swiss Peak","og_description":"Lyxig och hopf\u00e4llbar tr\u00e5dl\u00f6s 3 i 1-laddare tillverkad av RCS \u00e5tervunnet ABS. Totalt \u00e5tervunnet inneh\u00e5ll: 46% baserat p\u00e5 total produktvikt. RCS-certifiering garanterar en fullst\u00e4ndigt certifierad leveranskedja f\u00f6r de \u00e5tervunna materialen. Den tr\u00e5dl\u00f6sa laddaren \u00e4r utrustad med en magnetisk 15W tr\u00e5dl\u00f6s laddare och en extra 5W tr\u00e5dl\u00f6s laddare l\u00e4mplig f\u00f6r fodral till h\u00f6rlurar eller andra sm\u00e5 [&hellip;]","og_url":"https:\/\/swiss-peak.com\/sv\/produkt\/swiss-peak-3-i-1-15w-tradlos-laddare-rcs-rplast-gra\/","og_site_name":"Swiss Peak","article_modified_time":"2026-04-16T01:12:13+00:00","og_image":[{"width":1024,"height":1024,"url":"https:\/\/swiss-peak.com\/wp-content\/uploads\/sites\/9\/2026\/04\/P308.531__S_0__42f926df7d0249238f9fd7b21ab07aba.jpg","type":"image\/jpeg"}],"twitter_card":"summary_large_image","twitter_misc":{"Ber\u00e4knad l\u00e4stid":"1 minut"},"schema":{"@context":"https:\/\/schema.org","@graph":[{"@type":"WebPage","@id":"https:\/\/swiss-peak.com\/sv\/produkt\/swiss-peak-3-i-1-15w-tradlos-laddare-rcs-rplast-gra\/","url":"https:\/\/swiss-peak.com\/sv\/produkt\/swiss-peak-3-i-1-15w-tradlos-laddare-rcs-rplast-gra\/","name":"3-i-1 15W tr\u00e5dl\u00f6s laddare RCS plast, gr\u00e5 - Swiss Peak","isPartOf":{"@id":"https:\/\/swiss-peak.com\/sv\/#website"},"primaryImageOfPage":{"@id":"https:\/\/swiss-peak.com\/sv\/produkt\/swiss-peak-3-i-1-15w-tradlos-laddare-rcs-rplast-gra\/#primaryimage"},"image":{"@id":"https:\/\/swiss-peak.com\/sv\/produkt\/swiss-peak-3-i-1-15w-tradlos-laddare-rcs-rplast-gra\/#primaryimage"},"thumbnailUrl":"https:\/\/swiss-peak.com\/wp-content\/uploads\/sites\/9\/2026\/04\/P308.531__S_0__42f926df7d0249238f9fd7b21ab07aba.jpg","datePublished":"2023-08-09T01:10:13+00:00","dateModified":"2026-04-16T01:12:13+00:00","breadcrumb":{"@id":"https:\/\/swiss-peak.com\/sv\/produkt\/swiss-peak-3-i-1-15w-tradlos-laddare-rcs-rplast-gra\/#breadcrumb"},"inLanguage":"sv-SE","potentialAction":[{"@type":"ReadAction","target":["https:\/\/swiss-peak.com\/sv\/produkt\/swiss-peak-3-i-1-15w-tradlos-laddare-rcs-rplast-gra\/"]}]},{"@type":"ImageObject","inLanguage":"sv-SE","@id":"https:\/\/swiss-peak.com\/sv\/produkt\/swiss-peak-3-i-1-15w-tradlos-laddare-rcs-rplast-gra\/#primaryimage","url":"https:\/\/swiss-peak.com\/wp-content\/uploads\/sites\/9\/2026\/04\/P308.531__S_0__42f926df7d0249238f9fd7b21ab07aba.jpg","contentUrl":"https:\/\/swiss-peak.com\/wp-content\/uploads\/sites\/9\/2026\/04\/P308.531__S_0__42f926df7d0249238f9fd7b21ab07aba.jpg","width":1024,"height":1024},{"@type":"BreadcrumbList","@id":"https:\/\/swiss-peak.com\/sv\/produkt\/swiss-peak-3-i-1-15w-tradlos-laddare-rcs-rplast-gra\/#breadcrumb","itemListElement":[{"@type":"ListItem","position":1,"name":"Home","item":"https:\/\/swiss-peak.com\/sv\/"},{"@type":"ListItem","position":2,"name":"Kollektion","item":"https:\/\/swiss-peak.com\/sv\/kollektion\/"},{"@type":"ListItem","position":3,"name":"3-i-1 15W tr\u00e5dl\u00f6s laddare RCS plast, gr\u00e5"}]},{"@type":"WebSite","@id":"https:\/\/swiss-peak.com\/sv\/#website","url":"https:\/\/swiss-peak.com\/sv\/","name":"Swiss Peak","description":"Where will today take you?","potentialAction":[{"@type":"SearchAction","target":{"@type":"EntryPoint","urlTemplate":"https:\/\/swiss-peak.com\/sv\/?s={search_term_string}"},"query-input":{"@type":"PropertyValueSpecification","valueRequired":true,"valueName":"search_term_string"}}],"inLanguage":"sv-SE"}]}},"_links":{"self":[{"href":"https:\/\/swiss-peak.com\/sv\/wp-json\/wp\/v2\/product\/20001","targetHints":{"allow":["GET"]}}],"collection":[{"href":"https:\/\/swiss-peak.com\/sv\/wp-json\/wp\/v2\/product"}],"about":[{"href":"https:\/\/swiss-peak.com\/sv\/wp-json\/wp\/v2\/types\/product"}],"wp:featuredmedia":[{"embeddable":true,"href":"https:\/\/swiss-peak.com\/sv\/wp-json\/wp\/v2\/media\/46098"}],"wp:attachment":[{"href":"https:\/\/swiss-peak.com\/sv\/wp-json\/wp\/v2\/media?parent=20001"}],"wp:term":[{"taxonomy":"product_cat","embeddable":true,"href":"https:\/\/swiss-peak.com\/sv\/wp-json\/wp\/v2\/product_cat?post=20001"},{"taxonomy":"product_tag","embeddable":true,"href":"https:\/\/swiss-peak.com\/sv\/wp-json\/wp\/v2\/product_tag?post=20001"}],"curies":[{"name":"wp","href":"https:\/\/api.w.org\/{rel}","templated":true}]}}