{"id":19772,"date":"2023-07-18T02:00:14","date_gmt":"2023-07-18T01:10:14","guid":{"rendered":"https:\/\/swiss-peak.com\/swiss-peak-15w-3-i-1-magnetisk-tradlos-laddare-rcs-rpu-svart\/"},"modified":"2026-04-16T03:12:17","modified_gmt":"2026-04-16T01:12:17","slug":"swiss-peak-15w-3-i-1-magnetisk-tradlos-laddare-rcs-rpu-svart","status":"publish","type":"product","link":"https:\/\/swiss-peak.com\/sv\/produkt\/swiss-peak-15w-3-i-1-magnetisk-tradlos-laddare-rcs-rpu-svart\/","title":{"rendered":"15W 3-i-1 magnetisk tr\u00e5dl\u00f6s laddare RCS PU, svart"},"content":{"rendered":"<p>Lyxig och vikbar 3-i-1 tr\u00e5dl\u00f6s laddare tillverkad av RCS-certifierad \u00e5tervunnen PU. Totalt \u00e5tervunnet inneh\u00e5ll: 5% baserat p\u00e5 total pruduktvikt. RCS-certifiering garanterar en helt certifierad leveranskedja f\u00f6r de \u00e5tervunna materialen. Den tr\u00e5dl\u00f6sa laddaren \u00e4r utrustad med en magnetisk 15W tr\u00e5dl\u00f6s laddare p\u00e5 framsidan. P\u00e5 baksidan finns ytterligare en 5W tr\u00e5dl\u00f6s laddare som \u00e4r l\u00e4mplig f\u00f6r laddning av odral till h\u00f6rlurar eller andra sm\u00e5 tr\u00e5dl\u00f6st laddningsbara enheter och 2,5W tr\u00e5dl\u00f6s laddare f\u00f6r smartklockor (endast Apple-klockor) 120cm kabel i RCS-certifierad \u00e5tervunnen TPE medf\u00f6ljer. Levereras i FSC\u00ae mix kraftf\u00f6rpackning. Produkten och tillbeh\u00f6ren \u00e4r 100% fria fr\u00e5n PVC. Input: 9V\/3A f\u00f6r optimal anv\u00e4ndning. Output: F\u00f6r b\u00e4sta effekt: Front: 9V\/1.1A; 9V\/1.67 A\/(15W), H\u00f6rlurar: 5V\/1A (5W), Klocka: 5V\/0.5A. F\u00f6r iPhone 12\u201315 Pro: Upp till 7,5 W tr\u00e5dl\u00f6s laddning utan MagSafe\/Qi2.<\/p>\n","protected":false},"excerpt":{"rendered":"<p>Lyxig och vikbar 3-i-1 tr\u00e5dl\u00f6s laddare tillverkad av RCS-certifierad \u00e5tervunnen PU. Totalt \u00e5tervunnet inneh\u00e5ll: 5% baserat p\u00e5 total pruduktvikt. RCS-certifiering garanterar en helt certifierad leveranskedja f\u00f6r de \u00e5tervunna materialen. Den tr\u00e5dl\u00f6sa laddaren \u00e4r utrustad med en magnetisk 15W tr\u00e5dl\u00f6s laddare p\u00e5 framsidan. P\u00e5 baksidan finns ytterligare en 5W tr\u00e5dl\u00f6s laddare som \u00e4r l\u00e4mplig f\u00f6r laddning [&hellip;]<\/p>\n","protected":false},"featured_media":46105,"template":"","meta":{"_acf_changed":false},"product_cat":[289,303],"product_tag":[],"class_list":["post-19772","product","type-product","status-publish","has-post-thumbnail","hentry","product_cat-business-sv","product_cat-tech-sv","pa_color-black-sv"],"acf":[],"yoast_head":"<!-- This site is optimized with the Yoast SEO plugin v27.0 - https:\/\/yoast.com\/product\/yoast-seo-wordpress\/ -->\n<title>15W 3-i-1 magnetisk tr\u00e5dl\u00f6s laddare RCS PU, svart - Swiss Peak<\/title>\n<meta name=\"robots\" content=\"index, follow, max-snippet:-1, max-image-preview:large, max-video-preview:-1\" \/>\n<link rel=\"canonical\" href=\"https:\/\/swiss-peak.com\/sv\/produkt\/swiss-peak-15w-3-i-1-magnetisk-tradlos-laddare-rcs-rpu-svart\/\" \/>\n<meta property=\"og:locale\" content=\"sv_SE\" \/>\n<meta property=\"og:type\" content=\"article\" \/>\n<meta property=\"og:title\" content=\"15W 3-i-1 magnetisk tr\u00e5dl\u00f6s laddare RCS PU, svart - Swiss Peak\" \/>\n<meta property=\"og:description\" content=\"Lyxig och vikbar 3-i-1 tr\u00e5dl\u00f6s laddare tillverkad av RCS-certifierad \u00e5tervunnen PU. Totalt \u00e5tervunnet inneh\u00e5ll: 5% baserat p\u00e5 total pruduktvikt. RCS-certifiering garanterar en helt certifierad leveranskedja f\u00f6r de \u00e5tervunna materialen. Den tr\u00e5dl\u00f6sa laddaren \u00e4r utrustad med en magnetisk 15W tr\u00e5dl\u00f6s laddare p\u00e5 framsidan. P\u00e5 baksidan finns ytterligare en 5W tr\u00e5dl\u00f6s laddare som \u00e4r l\u00e4mplig f\u00f6r laddning [&hellip;]\" \/>\n<meta property=\"og:url\" content=\"https:\/\/swiss-peak.com\/sv\/produkt\/swiss-peak-15w-3-i-1-magnetisk-tradlos-laddare-rcs-rpu-svart\/\" \/>\n<meta property=\"og:site_name\" content=\"Swiss Peak\" \/>\n<meta property=\"article:modified_time\" content=\"2026-04-16T01:12:17+00:00\" \/>\n<meta property=\"og:image\" content=\"https:\/\/swiss-peak.com\/wp-content\/uploads\/sites\/9\/2026\/04\/P308.541__S_0__056545e7fe9d4d22a40ea843b5d77e36.jpg\" \/>\n\t<meta property=\"og:image:width\" content=\"1024\" \/>\n\t<meta property=\"og:image:height\" content=\"1024\" \/>\n\t<meta property=\"og:image:type\" content=\"image\/jpeg\" \/>\n<meta name=\"twitter:card\" content=\"summary_large_image\" \/>\n<meta name=\"twitter:label1\" content=\"Ber\u00e4knad l\u00e4stid\" \/>\n\t<meta name=\"twitter:data1\" content=\"1 minut\" \/>\n<script type=\"application\/ld+json\" class=\"yoast-schema-graph\">{\"@context\":\"https:\/\/schema.org\",\"@graph\":[{\"@type\":\"WebPage\",\"@id\":\"https:\/\/swiss-peak.com\/sv\/produkt\/swiss-peak-15w-3-i-1-magnetisk-tradlos-laddare-rcs-rpu-svart\/\",\"url\":\"https:\/\/swiss-peak.com\/sv\/produkt\/swiss-peak-15w-3-i-1-magnetisk-tradlos-laddare-rcs-rpu-svart\/\",\"name\":\"15W 3-i-1 magnetisk tr\u00e5dl\u00f6s laddare RCS PU, svart - Swiss Peak\",\"isPartOf\":{\"@id\":\"https:\/\/swiss-peak.com\/sv\/#website\"},\"primaryImageOfPage\":{\"@id\":\"https:\/\/swiss-peak.com\/sv\/produkt\/swiss-peak-15w-3-i-1-magnetisk-tradlos-laddare-rcs-rpu-svart\/#primaryimage\"},\"image\":{\"@id\":\"https:\/\/swiss-peak.com\/sv\/produkt\/swiss-peak-15w-3-i-1-magnetisk-tradlos-laddare-rcs-rpu-svart\/#primaryimage\"},\"thumbnailUrl\":\"https:\/\/swiss-peak.com\/wp-content\/uploads\/sites\/9\/2026\/04\/P308.541__S_0__056545e7fe9d4d22a40ea843b5d77e36.jpg\",\"datePublished\":\"2023-07-18T01:10:14+00:00\",\"dateModified\":\"2026-04-16T01:12:17+00:00\",\"breadcrumb\":{\"@id\":\"https:\/\/swiss-peak.com\/sv\/produkt\/swiss-peak-15w-3-i-1-magnetisk-tradlos-laddare-rcs-rpu-svart\/#breadcrumb\"},\"inLanguage\":\"sv-SE\",\"potentialAction\":[{\"@type\":\"ReadAction\",\"target\":[\"https:\/\/swiss-peak.com\/sv\/produkt\/swiss-peak-15w-3-i-1-magnetisk-tradlos-laddare-rcs-rpu-svart\/\"]}]},{\"@type\":\"ImageObject\",\"inLanguage\":\"sv-SE\",\"@id\":\"https:\/\/swiss-peak.com\/sv\/produkt\/swiss-peak-15w-3-i-1-magnetisk-tradlos-laddare-rcs-rpu-svart\/#primaryimage\",\"url\":\"https:\/\/swiss-peak.com\/wp-content\/uploads\/sites\/9\/2026\/04\/P308.541__S_0__056545e7fe9d4d22a40ea843b5d77e36.jpg\",\"contentUrl\":\"https:\/\/swiss-peak.com\/wp-content\/uploads\/sites\/9\/2026\/04\/P308.541__S_0__056545e7fe9d4d22a40ea843b5d77e36.jpg\",\"width\":1024,\"height\":1024},{\"@type\":\"BreadcrumbList\",\"@id\":\"https:\/\/swiss-peak.com\/sv\/produkt\/swiss-peak-15w-3-i-1-magnetisk-tradlos-laddare-rcs-rpu-svart\/#breadcrumb\",\"itemListElement\":[{\"@type\":\"ListItem\",\"position\":1,\"name\":\"Home\",\"item\":\"https:\/\/swiss-peak.com\/sv\/\"},{\"@type\":\"ListItem\",\"position\":2,\"name\":\"Kollektion\",\"item\":\"https:\/\/swiss-peak.com\/sv\/kollektion\/\"},{\"@type\":\"ListItem\",\"position\":3,\"name\":\"15W 3-i-1 magnetisk tr\u00e5dl\u00f6s laddare RCS PU, svart\"}]},{\"@type\":\"WebSite\",\"@id\":\"https:\/\/swiss-peak.com\/sv\/#website\",\"url\":\"https:\/\/swiss-peak.com\/sv\/\",\"name\":\"Swiss Peak\",\"description\":\"Where will today take you?\",\"potentialAction\":[{\"@type\":\"SearchAction\",\"target\":{\"@type\":\"EntryPoint\",\"urlTemplate\":\"https:\/\/swiss-peak.com\/sv\/?s={search_term_string}\"},\"query-input\":{\"@type\":\"PropertyValueSpecification\",\"valueRequired\":true,\"valueName\":\"search_term_string\"}}],\"inLanguage\":\"sv-SE\"}]}<\/script>\n<!-- \/ Yoast SEO plugin. -->","yoast_head_json":{"title":"15W 3-i-1 magnetisk tr\u00e5dl\u00f6s laddare RCS PU, svart - Swiss Peak","robots":{"index":"index","follow":"follow","max-snippet":"max-snippet:-1","max-image-preview":"max-image-preview:large","max-video-preview":"max-video-preview:-1"},"canonical":"https:\/\/swiss-peak.com\/sv\/produkt\/swiss-peak-15w-3-i-1-magnetisk-tradlos-laddare-rcs-rpu-svart\/","og_locale":"sv_SE","og_type":"article","og_title":"15W 3-i-1 magnetisk tr\u00e5dl\u00f6s laddare RCS PU, svart - Swiss Peak","og_description":"Lyxig och vikbar 3-i-1 tr\u00e5dl\u00f6s laddare tillverkad av RCS-certifierad \u00e5tervunnen PU. Totalt \u00e5tervunnet inneh\u00e5ll: 5% baserat p\u00e5 total pruduktvikt. RCS-certifiering garanterar en helt certifierad leveranskedja f\u00f6r de \u00e5tervunna materialen. Den tr\u00e5dl\u00f6sa laddaren \u00e4r utrustad med en magnetisk 15W tr\u00e5dl\u00f6s laddare p\u00e5 framsidan. P\u00e5 baksidan finns ytterligare en 5W tr\u00e5dl\u00f6s laddare som \u00e4r l\u00e4mplig f\u00f6r laddning [&hellip;]","og_url":"https:\/\/swiss-peak.com\/sv\/produkt\/swiss-peak-15w-3-i-1-magnetisk-tradlos-laddare-rcs-rpu-svart\/","og_site_name":"Swiss Peak","article_modified_time":"2026-04-16T01:12:17+00:00","og_image":[{"width":1024,"height":1024,"url":"https:\/\/swiss-peak.com\/wp-content\/uploads\/sites\/9\/2026\/04\/P308.541__S_0__056545e7fe9d4d22a40ea843b5d77e36.jpg","type":"image\/jpeg"}],"twitter_card":"summary_large_image","twitter_misc":{"Ber\u00e4knad l\u00e4stid":"1 minut"},"schema":{"@context":"https:\/\/schema.org","@graph":[{"@type":"WebPage","@id":"https:\/\/swiss-peak.com\/sv\/produkt\/swiss-peak-15w-3-i-1-magnetisk-tradlos-laddare-rcs-rpu-svart\/","url":"https:\/\/swiss-peak.com\/sv\/produkt\/swiss-peak-15w-3-i-1-magnetisk-tradlos-laddare-rcs-rpu-svart\/","name":"15W 3-i-1 magnetisk tr\u00e5dl\u00f6s laddare RCS PU, svart - Swiss Peak","isPartOf":{"@id":"https:\/\/swiss-peak.com\/sv\/#website"},"primaryImageOfPage":{"@id":"https:\/\/swiss-peak.com\/sv\/produkt\/swiss-peak-15w-3-i-1-magnetisk-tradlos-laddare-rcs-rpu-svart\/#primaryimage"},"image":{"@id":"https:\/\/swiss-peak.com\/sv\/produkt\/swiss-peak-15w-3-i-1-magnetisk-tradlos-laddare-rcs-rpu-svart\/#primaryimage"},"thumbnailUrl":"https:\/\/swiss-peak.com\/wp-content\/uploads\/sites\/9\/2026\/04\/P308.541__S_0__056545e7fe9d4d22a40ea843b5d77e36.jpg","datePublished":"2023-07-18T01:10:14+00:00","dateModified":"2026-04-16T01:12:17+00:00","breadcrumb":{"@id":"https:\/\/swiss-peak.com\/sv\/produkt\/swiss-peak-15w-3-i-1-magnetisk-tradlos-laddare-rcs-rpu-svart\/#breadcrumb"},"inLanguage":"sv-SE","potentialAction":[{"@type":"ReadAction","target":["https:\/\/swiss-peak.com\/sv\/produkt\/swiss-peak-15w-3-i-1-magnetisk-tradlos-laddare-rcs-rpu-svart\/"]}]},{"@type":"ImageObject","inLanguage":"sv-SE","@id":"https:\/\/swiss-peak.com\/sv\/produkt\/swiss-peak-15w-3-i-1-magnetisk-tradlos-laddare-rcs-rpu-svart\/#primaryimage","url":"https:\/\/swiss-peak.com\/wp-content\/uploads\/sites\/9\/2026\/04\/P308.541__S_0__056545e7fe9d4d22a40ea843b5d77e36.jpg","contentUrl":"https:\/\/swiss-peak.com\/wp-content\/uploads\/sites\/9\/2026\/04\/P308.541__S_0__056545e7fe9d4d22a40ea843b5d77e36.jpg","width":1024,"height":1024},{"@type":"BreadcrumbList","@id":"https:\/\/swiss-peak.com\/sv\/produkt\/swiss-peak-15w-3-i-1-magnetisk-tradlos-laddare-rcs-rpu-svart\/#breadcrumb","itemListElement":[{"@type":"ListItem","position":1,"name":"Home","item":"https:\/\/swiss-peak.com\/sv\/"},{"@type":"ListItem","position":2,"name":"Kollektion","item":"https:\/\/swiss-peak.com\/sv\/kollektion\/"},{"@type":"ListItem","position":3,"name":"15W 3-i-1 magnetisk tr\u00e5dl\u00f6s laddare RCS PU, svart"}]},{"@type":"WebSite","@id":"https:\/\/swiss-peak.com\/sv\/#website","url":"https:\/\/swiss-peak.com\/sv\/","name":"Swiss Peak","description":"Where will today take you?","potentialAction":[{"@type":"SearchAction","target":{"@type":"EntryPoint","urlTemplate":"https:\/\/swiss-peak.com\/sv\/?s={search_term_string}"},"query-input":{"@type":"PropertyValueSpecification","valueRequired":true,"valueName":"search_term_string"}}],"inLanguage":"sv-SE"}]}},"_links":{"self":[{"href":"https:\/\/swiss-peak.com\/sv\/wp-json\/wp\/v2\/product\/19772","targetHints":{"allow":["GET"]}}],"collection":[{"href":"https:\/\/swiss-peak.com\/sv\/wp-json\/wp\/v2\/product"}],"about":[{"href":"https:\/\/swiss-peak.com\/sv\/wp-json\/wp\/v2\/types\/product"}],"wp:featuredmedia":[{"embeddable":true,"href":"https:\/\/swiss-peak.com\/sv\/wp-json\/wp\/v2\/media\/46105"}],"wp:attachment":[{"href":"https:\/\/swiss-peak.com\/sv\/wp-json\/wp\/v2\/media?parent=19772"}],"wp:term":[{"taxonomy":"product_cat","embeddable":true,"href":"https:\/\/swiss-peak.com\/sv\/wp-json\/wp\/v2\/product_cat?post=19772"},{"taxonomy":"product_tag","embeddable":true,"href":"https:\/\/swiss-peak.com\/sv\/wp-json\/wp\/v2\/product_tag?post=19772"}],"curies":[{"name":"wp","href":"https:\/\/api.w.org\/{rel}","templated":true}]}}