{"id":19485,"date":"2023-07-12T02:02:18","date_gmt":"2023-07-12T01:10:19","guid":{"rendered":"https:\/\/swiss-peak.com\/swiss-peak-cedar-set-rcs-certifierad-atervunnen-aluminiun-svart\/"},"modified":"2026-03-12T04:12:53","modified_gmt":"2026-03-12T02:12:53","slug":"swiss-peak-cedar-set-rcs-certifierad-atervunnen-aluminiun-svart","status":"publish","type":"product","link":"https:\/\/swiss-peak.com\/sv\/produkt\/swiss-peak-cedar-set-rcs-certifierad-atervunnen-aluminiun-svart\/","title":{"rendered":"Cedar set, RCS certifierad \u00e5tervunnen aluminium, svart"},"content":{"rendered":"<p>Cedar pennset i RCS-certifierad \u00e5tervunnet aluminium \u00e4r den perfekta kombinationen av low impact och stil. Tillverkad av \u00e5tervunnet aluminium ser den h\u00e4r pennan inte bara snygg ut med sin eleganta och moderna design utan bidrar ocks\u00e5 till en minskad milj\u00f6p\u00e5verkan. En garanterad 1200 meter smidig skrivupplevelse med bl\u00e5tt Dokumental-bl\u00e4ck. Rollerball-pennan har en skrivl\u00e4ngd p\u00e5 400 meter. Tillverkad med RCS (Recycled Claim Standard) certifierade \u00e5tervunna material. RCS-certifieringen garanterar en fullst\u00e4ndigt certifierad leveranskedja f\u00f6r de \u00e5tervunna materialen. Totalt \u00e5tervunnet inneh\u00e5ll: 17% baserat p\u00e5 total produktvikt. Levereras i FSC\u00ae certifierad sleeve-box.<\/p>\n","protected":false},"excerpt":{"rendered":"<p>Cedar pennset i RCS-certifierad \u00e5tervunnet aluminium \u00e4r den perfekta kombinationen av low impact och stil. Tillverkad av \u00e5tervunnet aluminium ser den h\u00e4r pennan inte bara snygg ut med sin eleganta och moderna design utan bidrar ocks\u00e5 till en minskad milj\u00f6p\u00e5verkan. En garanterad 1200 meter smidig skrivupplevelse med bl\u00e5tt Dokumental-bl\u00e4ck. Rollerball-pennan har en skrivl\u00e4ngd p\u00e5 400 [&hellip;]<\/p>\n","protected":false},"featured_media":28640,"template":"","meta":{"_acf_changed":false},"product_cat":[289,299],"product_tag":[],"class_list":["post-19485","product","type-product","status-publish","has-post-thumbnail","hentry","product_cat-business-sv","product_cat-kontor-pennor","pa_color-black-sv"],"acf":[],"yoast_head":"<!-- This site is optimized with the Yoast SEO plugin v27.0 - https:\/\/yoast.com\/product\/yoast-seo-wordpress\/ -->\n<title>Cedar set, RCS certifierad \u00e5tervunnen aluminium, svart - Swiss Peak<\/title>\n<meta name=\"robots\" content=\"index, follow, max-snippet:-1, max-image-preview:large, max-video-preview:-1\" \/>\n<link rel=\"canonical\" href=\"https:\/\/swiss-peak.com\/sv\/produkt\/swiss-peak-cedar-set-rcs-certifierad-atervunnen-aluminiun-svart\/\" \/>\n<meta property=\"og:locale\" content=\"sv_SE\" \/>\n<meta property=\"og:type\" content=\"article\" \/>\n<meta property=\"og:title\" content=\"Cedar set, RCS certifierad \u00e5tervunnen aluminium, svart - Swiss Peak\" \/>\n<meta property=\"og:description\" content=\"Cedar pennset i RCS-certifierad \u00e5tervunnet aluminium \u00e4r den perfekta kombinationen av low impact och stil. Tillverkad av \u00e5tervunnet aluminium ser den h\u00e4r pennan inte bara snygg ut med sin eleganta och moderna design utan bidrar ocks\u00e5 till en minskad milj\u00f6p\u00e5verkan. En garanterad 1200 meter smidig skrivupplevelse med bl\u00e5tt Dokumental-bl\u00e4ck. Rollerball-pennan har en skrivl\u00e4ngd p\u00e5 400 [&hellip;]\" \/>\n<meta property=\"og:url\" content=\"https:\/\/swiss-peak.com\/sv\/produkt\/swiss-peak-cedar-set-rcs-certifierad-atervunnen-aluminiun-svart\/\" \/>\n<meta property=\"og:site_name\" content=\"Swiss Peak\" \/>\n<meta property=\"article:modified_time\" content=\"2026-03-12T02:12:53+00:00\" \/>\n<meta property=\"og:image\" content=\"https:\/\/swiss-peak.com\/wp-content\/uploads\/sites\/9\/2024\/02\/P611.161__S_0__4c093c824ee74ba48033e722e3d7e38c.jpg\" \/>\n\t<meta property=\"og:image:width\" content=\"1024\" \/>\n\t<meta property=\"og:image:height\" content=\"1024\" \/>\n\t<meta property=\"og:image:type\" content=\"image\/jpeg\" \/>\n<meta name=\"twitter:card\" content=\"summary_large_image\" \/>\n<script type=\"application\/ld+json\" class=\"yoast-schema-graph\">{\"@context\":\"https:\/\/schema.org\",\"@graph\":[{\"@type\":\"WebPage\",\"@id\":\"https:\/\/swiss-peak.com\/sv\/produkt\/swiss-peak-cedar-set-rcs-certifierad-atervunnen-aluminiun-svart\/\",\"url\":\"https:\/\/swiss-peak.com\/sv\/produkt\/swiss-peak-cedar-set-rcs-certifierad-atervunnen-aluminiun-svart\/\",\"name\":\"Cedar set, RCS certifierad \u00e5tervunnen aluminium, svart - Swiss Peak\",\"isPartOf\":{\"@id\":\"https:\/\/swiss-peak.com\/sv\/#website\"},\"primaryImageOfPage\":{\"@id\":\"https:\/\/swiss-peak.com\/sv\/produkt\/swiss-peak-cedar-set-rcs-certifierad-atervunnen-aluminiun-svart\/#primaryimage\"},\"image\":{\"@id\":\"https:\/\/swiss-peak.com\/sv\/produkt\/swiss-peak-cedar-set-rcs-certifierad-atervunnen-aluminiun-svart\/#primaryimage\"},\"thumbnailUrl\":\"https:\/\/swiss-peak.com\/wp-content\/uploads\/sites\/9\/2024\/02\/P611.161__S_0__4c093c824ee74ba48033e722e3d7e38c.jpg\",\"datePublished\":\"2023-07-12T01:10:19+00:00\",\"dateModified\":\"2026-03-12T02:12:53+00:00\",\"breadcrumb\":{\"@id\":\"https:\/\/swiss-peak.com\/sv\/produkt\/swiss-peak-cedar-set-rcs-certifierad-atervunnen-aluminiun-svart\/#breadcrumb\"},\"inLanguage\":\"sv-SE\",\"potentialAction\":[{\"@type\":\"ReadAction\",\"target\":[\"https:\/\/swiss-peak.com\/sv\/produkt\/swiss-peak-cedar-set-rcs-certifierad-atervunnen-aluminiun-svart\/\"]}]},{\"@type\":\"ImageObject\",\"inLanguage\":\"sv-SE\",\"@id\":\"https:\/\/swiss-peak.com\/sv\/produkt\/swiss-peak-cedar-set-rcs-certifierad-atervunnen-aluminiun-svart\/#primaryimage\",\"url\":\"https:\/\/swiss-peak.com\/wp-content\/uploads\/sites\/9\/2024\/02\/P611.161__S_0__4c093c824ee74ba48033e722e3d7e38c.jpg\",\"contentUrl\":\"https:\/\/swiss-peak.com\/wp-content\/uploads\/sites\/9\/2024\/02\/P611.161__S_0__4c093c824ee74ba48033e722e3d7e38c.jpg\",\"width\":1024,\"height\":1024},{\"@type\":\"BreadcrumbList\",\"@id\":\"https:\/\/swiss-peak.com\/sv\/produkt\/swiss-peak-cedar-set-rcs-certifierad-atervunnen-aluminiun-svart\/#breadcrumb\",\"itemListElement\":[{\"@type\":\"ListItem\",\"position\":1,\"name\":\"Home\",\"item\":\"https:\/\/swiss-peak.com\/sv\/\"},{\"@type\":\"ListItem\",\"position\":2,\"name\":\"Kollektion\",\"item\":\"https:\/\/swiss-peak.com\/sv\/kollektion\/\"},{\"@type\":\"ListItem\",\"position\":3,\"name\":\"Cedar set, RCS certifierad \u00e5tervunnen aluminium, svart\"}]},{\"@type\":\"WebSite\",\"@id\":\"https:\/\/swiss-peak.com\/sv\/#website\",\"url\":\"https:\/\/swiss-peak.com\/sv\/\",\"name\":\"Swiss Peak\",\"description\":\"Where will today take you?\",\"potentialAction\":[{\"@type\":\"SearchAction\",\"target\":{\"@type\":\"EntryPoint\",\"urlTemplate\":\"https:\/\/swiss-peak.com\/sv\/?s={search_term_string}\"},\"query-input\":{\"@type\":\"PropertyValueSpecification\",\"valueRequired\":true,\"valueName\":\"search_term_string\"}}],\"inLanguage\":\"sv-SE\"}]}<\/script>\n<!-- \/ Yoast SEO plugin. -->","yoast_head_json":{"title":"Cedar set, RCS certifierad \u00e5tervunnen aluminium, svart - Swiss Peak","robots":{"index":"index","follow":"follow","max-snippet":"max-snippet:-1","max-image-preview":"max-image-preview:large","max-video-preview":"max-video-preview:-1"},"canonical":"https:\/\/swiss-peak.com\/sv\/produkt\/swiss-peak-cedar-set-rcs-certifierad-atervunnen-aluminiun-svart\/","og_locale":"sv_SE","og_type":"article","og_title":"Cedar set, RCS certifierad \u00e5tervunnen aluminium, svart - Swiss Peak","og_description":"Cedar pennset i RCS-certifierad \u00e5tervunnet aluminium \u00e4r den perfekta kombinationen av low impact och stil. Tillverkad av \u00e5tervunnet aluminium ser den h\u00e4r pennan inte bara snygg ut med sin eleganta och moderna design utan bidrar ocks\u00e5 till en minskad milj\u00f6p\u00e5verkan. En garanterad 1200 meter smidig skrivupplevelse med bl\u00e5tt Dokumental-bl\u00e4ck. Rollerball-pennan har en skrivl\u00e4ngd p\u00e5 400 [&hellip;]","og_url":"https:\/\/swiss-peak.com\/sv\/produkt\/swiss-peak-cedar-set-rcs-certifierad-atervunnen-aluminiun-svart\/","og_site_name":"Swiss Peak","article_modified_time":"2026-03-12T02:12:53+00:00","og_image":[{"width":1024,"height":1024,"url":"https:\/\/swiss-peak.com\/wp-content\/uploads\/sites\/9\/2024\/02\/P611.161__S_0__4c093c824ee74ba48033e722e3d7e38c.jpg","type":"image\/jpeg"}],"twitter_card":"summary_large_image","schema":{"@context":"https:\/\/schema.org","@graph":[{"@type":"WebPage","@id":"https:\/\/swiss-peak.com\/sv\/produkt\/swiss-peak-cedar-set-rcs-certifierad-atervunnen-aluminiun-svart\/","url":"https:\/\/swiss-peak.com\/sv\/produkt\/swiss-peak-cedar-set-rcs-certifierad-atervunnen-aluminiun-svart\/","name":"Cedar set, RCS certifierad \u00e5tervunnen aluminium, svart - Swiss Peak","isPartOf":{"@id":"https:\/\/swiss-peak.com\/sv\/#website"},"primaryImageOfPage":{"@id":"https:\/\/swiss-peak.com\/sv\/produkt\/swiss-peak-cedar-set-rcs-certifierad-atervunnen-aluminiun-svart\/#primaryimage"},"image":{"@id":"https:\/\/swiss-peak.com\/sv\/produkt\/swiss-peak-cedar-set-rcs-certifierad-atervunnen-aluminiun-svart\/#primaryimage"},"thumbnailUrl":"https:\/\/swiss-peak.com\/wp-content\/uploads\/sites\/9\/2024\/02\/P611.161__S_0__4c093c824ee74ba48033e722e3d7e38c.jpg","datePublished":"2023-07-12T01:10:19+00:00","dateModified":"2026-03-12T02:12:53+00:00","breadcrumb":{"@id":"https:\/\/swiss-peak.com\/sv\/produkt\/swiss-peak-cedar-set-rcs-certifierad-atervunnen-aluminiun-svart\/#breadcrumb"},"inLanguage":"sv-SE","potentialAction":[{"@type":"ReadAction","target":["https:\/\/swiss-peak.com\/sv\/produkt\/swiss-peak-cedar-set-rcs-certifierad-atervunnen-aluminiun-svart\/"]}]},{"@type":"ImageObject","inLanguage":"sv-SE","@id":"https:\/\/swiss-peak.com\/sv\/produkt\/swiss-peak-cedar-set-rcs-certifierad-atervunnen-aluminiun-svart\/#primaryimage","url":"https:\/\/swiss-peak.com\/wp-content\/uploads\/sites\/9\/2024\/02\/P611.161__S_0__4c093c824ee74ba48033e722e3d7e38c.jpg","contentUrl":"https:\/\/swiss-peak.com\/wp-content\/uploads\/sites\/9\/2024\/02\/P611.161__S_0__4c093c824ee74ba48033e722e3d7e38c.jpg","width":1024,"height":1024},{"@type":"BreadcrumbList","@id":"https:\/\/swiss-peak.com\/sv\/produkt\/swiss-peak-cedar-set-rcs-certifierad-atervunnen-aluminiun-svart\/#breadcrumb","itemListElement":[{"@type":"ListItem","position":1,"name":"Home","item":"https:\/\/swiss-peak.com\/sv\/"},{"@type":"ListItem","position":2,"name":"Kollektion","item":"https:\/\/swiss-peak.com\/sv\/kollektion\/"},{"@type":"ListItem","position":3,"name":"Cedar set, RCS certifierad \u00e5tervunnen aluminium, svart"}]},{"@type":"WebSite","@id":"https:\/\/swiss-peak.com\/sv\/#website","url":"https:\/\/swiss-peak.com\/sv\/","name":"Swiss Peak","description":"Where will today take you?","potentialAction":[{"@type":"SearchAction","target":{"@type":"EntryPoint","urlTemplate":"https:\/\/swiss-peak.com\/sv\/?s={search_term_string}"},"query-input":{"@type":"PropertyValueSpecification","valueRequired":true,"valueName":"search_term_string"}}],"inLanguage":"sv-SE"}]}},"_links":{"self":[{"href":"https:\/\/swiss-peak.com\/sv\/wp-json\/wp\/v2\/product\/19485","targetHints":{"allow":["GET"]}}],"collection":[{"href":"https:\/\/swiss-peak.com\/sv\/wp-json\/wp\/v2\/product"}],"about":[{"href":"https:\/\/swiss-peak.com\/sv\/wp-json\/wp\/v2\/types\/product"}],"wp:featuredmedia":[{"embeddable":true,"href":"https:\/\/swiss-peak.com\/sv\/wp-json\/wp\/v2\/media\/28640"}],"wp:attachment":[{"href":"https:\/\/swiss-peak.com\/sv\/wp-json\/wp\/v2\/media?parent=19485"}],"wp:term":[{"taxonomy":"product_cat","embeddable":true,"href":"https:\/\/swiss-peak.com\/sv\/wp-json\/wp\/v2\/product_cat?post=19485"},{"taxonomy":"product_tag","embeddable":true,"href":"https:\/\/swiss-peak.com\/sv\/wp-json\/wp\/v2\/product_tag?post=19485"}],"curies":[{"name":"wp","href":"https:\/\/api.w.org\/{rel}","templated":true}]}}