{"id":19484,"date":"2023-07-12T02:02:18","date_gmt":"2023-07-12T01:10:19","guid":{"rendered":"https:\/\/swiss-peak.com\/swiss-peak-cedar-penna-rcs-certifierad-atervunnen-aluminiun-silver\/"},"modified":"2026-03-12T04:12:50","modified_gmt":"2026-03-12T02:12:50","slug":"swiss-peak-cedar-penna-rcs-certifierad-atervunnen-aluminiun-silver","status":"publish","type":"product","link":"https:\/\/swiss-peak.com\/sv\/produkt\/swiss-peak-cedar-penna-rcs-certifierad-atervunnen-aluminiun-silver\/","title":{"rendered":"Cedar penna, RCS certifierad \u00e5tervunnen aluminium, silver"},"content":{"rendered":"<p>Cedar penna i  RCS-certifierad \u00e5tervunnet aluminium \u00e4r den perfekta kombinationen av low impact och stil. Tillverkad av \u00e5tervunnet aluminium ser den h\u00e4r pennan inte bara snygg ut med sin eleganta och moderna design utan bidrar ocks\u00e5 till en minskad milj\u00f6p\u00e5verkan. En garanterad 1200 meter smidig skrivupplevelse med bl\u00e5tt Dokumental-bl\u00e4ck. Tillverkad med RCS (Recycled Claim Standard) certifierade \u00e5tervunna material. RCS-certifieringen garanterar en fullst\u00e4ndigt certifierad leveranskedja f\u00f6r de \u00e5tervunna materialen. Totalt \u00e5tervunnet inneh\u00e5ll: 17% baserat p\u00e5 total produktvikt. Inklusive FSC\u00ae-certifierad f\u00f6rpackning<\/p>\n","protected":false},"excerpt":{"rendered":"<p>Cedar penna i RCS-certifierad \u00e5tervunnet aluminium \u00e4r den perfekta kombinationen av low impact och stil. Tillverkad av \u00e5tervunnet aluminium ser den h\u00e4r pennan inte bara snygg ut med sin eleganta och moderna design utan bidrar ocks\u00e5 till en minskad milj\u00f6p\u00e5verkan. En garanterad 1200 meter smidig skrivupplevelse med bl\u00e5tt Dokumental-bl\u00e4ck. Tillverkad med RCS (Recycled Claim Standard) [&hellip;]<\/p>\n","protected":false},"featured_media":28526,"template":"","meta":{"_acf_changed":false},"product_cat":[289,299],"product_tag":[],"class_list":["post-19484","product","type-product","status-publish","has-post-thumbnail","hentry","product_cat-business-sv","product_cat-kontor-pennor","pa_color-silver-sv-2"],"acf":[],"yoast_head":"<!-- This site is optimized with the Yoast SEO plugin v27.0 - https:\/\/yoast.com\/product\/yoast-seo-wordpress\/ -->\n<title>Cedar penna, RCS certifierad \u00e5tervunnen aluminium, silver - Swiss Peak<\/title>\n<meta name=\"robots\" content=\"index, follow, max-snippet:-1, max-image-preview:large, max-video-preview:-1\" \/>\n<link rel=\"canonical\" href=\"https:\/\/swiss-peak.com\/sv\/produkt\/swiss-peak-cedar-penna-rcs-certifierad-atervunnen-aluminiun-silver\/\" \/>\n<meta property=\"og:locale\" content=\"sv_SE\" \/>\n<meta property=\"og:type\" content=\"article\" \/>\n<meta property=\"og:title\" content=\"Cedar penna, RCS certifierad \u00e5tervunnen aluminium, silver - Swiss Peak\" \/>\n<meta property=\"og:description\" content=\"Cedar penna i RCS-certifierad \u00e5tervunnet aluminium \u00e4r den perfekta kombinationen av low impact och stil. Tillverkad av \u00e5tervunnet aluminium ser den h\u00e4r pennan inte bara snygg ut med sin eleganta och moderna design utan bidrar ocks\u00e5 till en minskad milj\u00f6p\u00e5verkan. En garanterad 1200 meter smidig skrivupplevelse med bl\u00e5tt Dokumental-bl\u00e4ck. Tillverkad med RCS (Recycled Claim Standard) [&hellip;]\" \/>\n<meta property=\"og:url\" content=\"https:\/\/swiss-peak.com\/sv\/produkt\/swiss-peak-cedar-penna-rcs-certifierad-atervunnen-aluminiun-silver\/\" \/>\n<meta property=\"og:site_name\" content=\"Swiss Peak\" \/>\n<meta property=\"article:modified_time\" content=\"2026-03-12T02:12:50+00:00\" \/>\n<meta property=\"og:image\" content=\"https:\/\/swiss-peak.com\/wp-content\/uploads\/sites\/9\/2024\/02\/P611.152__S_0__153edb051bc04c86b8c45a5fa9d3dbb4.jpg\" \/>\n\t<meta property=\"og:image:width\" content=\"1024\" \/>\n\t<meta property=\"og:image:height\" content=\"1024\" \/>\n\t<meta property=\"og:image:type\" content=\"image\/jpeg\" \/>\n<meta name=\"twitter:card\" content=\"summary_large_image\" \/>\n<script type=\"application\/ld+json\" class=\"yoast-schema-graph\">{\"@context\":\"https:\/\/schema.org\",\"@graph\":[{\"@type\":\"WebPage\",\"@id\":\"https:\/\/swiss-peak.com\/sv\/produkt\/swiss-peak-cedar-penna-rcs-certifierad-atervunnen-aluminiun-silver\/\",\"url\":\"https:\/\/swiss-peak.com\/sv\/produkt\/swiss-peak-cedar-penna-rcs-certifierad-atervunnen-aluminiun-silver\/\",\"name\":\"Cedar penna, RCS certifierad \u00e5tervunnen aluminium, silver - Swiss Peak\",\"isPartOf\":{\"@id\":\"https:\/\/swiss-peak.com\/sv\/#website\"},\"primaryImageOfPage\":{\"@id\":\"https:\/\/swiss-peak.com\/sv\/produkt\/swiss-peak-cedar-penna-rcs-certifierad-atervunnen-aluminiun-silver\/#primaryimage\"},\"image\":{\"@id\":\"https:\/\/swiss-peak.com\/sv\/produkt\/swiss-peak-cedar-penna-rcs-certifierad-atervunnen-aluminiun-silver\/#primaryimage\"},\"thumbnailUrl\":\"https:\/\/swiss-peak.com\/wp-content\/uploads\/sites\/9\/2024\/02\/P611.152__S_0__153edb051bc04c86b8c45a5fa9d3dbb4.jpg\",\"datePublished\":\"2023-07-12T01:10:19+00:00\",\"dateModified\":\"2026-03-12T02:12:50+00:00\",\"breadcrumb\":{\"@id\":\"https:\/\/swiss-peak.com\/sv\/produkt\/swiss-peak-cedar-penna-rcs-certifierad-atervunnen-aluminiun-silver\/#breadcrumb\"},\"inLanguage\":\"sv-SE\",\"potentialAction\":[{\"@type\":\"ReadAction\",\"target\":[\"https:\/\/swiss-peak.com\/sv\/produkt\/swiss-peak-cedar-penna-rcs-certifierad-atervunnen-aluminiun-silver\/\"]}]},{\"@type\":\"ImageObject\",\"inLanguage\":\"sv-SE\",\"@id\":\"https:\/\/swiss-peak.com\/sv\/produkt\/swiss-peak-cedar-penna-rcs-certifierad-atervunnen-aluminiun-silver\/#primaryimage\",\"url\":\"https:\/\/swiss-peak.com\/wp-content\/uploads\/sites\/9\/2024\/02\/P611.152__S_0__153edb051bc04c86b8c45a5fa9d3dbb4.jpg\",\"contentUrl\":\"https:\/\/swiss-peak.com\/wp-content\/uploads\/sites\/9\/2024\/02\/P611.152__S_0__153edb051bc04c86b8c45a5fa9d3dbb4.jpg\",\"width\":1024,\"height\":1024},{\"@type\":\"BreadcrumbList\",\"@id\":\"https:\/\/swiss-peak.com\/sv\/produkt\/swiss-peak-cedar-penna-rcs-certifierad-atervunnen-aluminiun-silver\/#breadcrumb\",\"itemListElement\":[{\"@type\":\"ListItem\",\"position\":1,\"name\":\"Home\",\"item\":\"https:\/\/swiss-peak.com\/sv\/\"},{\"@type\":\"ListItem\",\"position\":2,\"name\":\"Kollektion\",\"item\":\"https:\/\/swiss-peak.com\/sv\/kollektion\/\"},{\"@type\":\"ListItem\",\"position\":3,\"name\":\"Cedar penna, RCS certifierad \u00e5tervunnen aluminium, silver\"}]},{\"@type\":\"WebSite\",\"@id\":\"https:\/\/swiss-peak.com\/sv\/#website\",\"url\":\"https:\/\/swiss-peak.com\/sv\/\",\"name\":\"Swiss Peak\",\"description\":\"Where will today take you?\",\"potentialAction\":[{\"@type\":\"SearchAction\",\"target\":{\"@type\":\"EntryPoint\",\"urlTemplate\":\"https:\/\/swiss-peak.com\/sv\/?s={search_term_string}\"},\"query-input\":{\"@type\":\"PropertyValueSpecification\",\"valueRequired\":true,\"valueName\":\"search_term_string\"}}],\"inLanguage\":\"sv-SE\"}]}<\/script>\n<!-- \/ Yoast SEO plugin. -->","yoast_head_json":{"title":"Cedar penna, RCS certifierad \u00e5tervunnen aluminium, silver - Swiss Peak","robots":{"index":"index","follow":"follow","max-snippet":"max-snippet:-1","max-image-preview":"max-image-preview:large","max-video-preview":"max-video-preview:-1"},"canonical":"https:\/\/swiss-peak.com\/sv\/produkt\/swiss-peak-cedar-penna-rcs-certifierad-atervunnen-aluminiun-silver\/","og_locale":"sv_SE","og_type":"article","og_title":"Cedar penna, RCS certifierad \u00e5tervunnen aluminium, silver - Swiss Peak","og_description":"Cedar penna i RCS-certifierad \u00e5tervunnet aluminium \u00e4r den perfekta kombinationen av low impact och stil. Tillverkad av \u00e5tervunnet aluminium ser den h\u00e4r pennan inte bara snygg ut med sin eleganta och moderna design utan bidrar ocks\u00e5 till en minskad milj\u00f6p\u00e5verkan. En garanterad 1200 meter smidig skrivupplevelse med bl\u00e5tt Dokumental-bl\u00e4ck. Tillverkad med RCS (Recycled Claim Standard) [&hellip;]","og_url":"https:\/\/swiss-peak.com\/sv\/produkt\/swiss-peak-cedar-penna-rcs-certifierad-atervunnen-aluminiun-silver\/","og_site_name":"Swiss Peak","article_modified_time":"2026-03-12T02:12:50+00:00","og_image":[{"width":1024,"height":1024,"url":"https:\/\/swiss-peak.com\/wp-content\/uploads\/sites\/9\/2024\/02\/P611.152__S_0__153edb051bc04c86b8c45a5fa9d3dbb4.jpg","type":"image\/jpeg"}],"twitter_card":"summary_large_image","schema":{"@context":"https:\/\/schema.org","@graph":[{"@type":"WebPage","@id":"https:\/\/swiss-peak.com\/sv\/produkt\/swiss-peak-cedar-penna-rcs-certifierad-atervunnen-aluminiun-silver\/","url":"https:\/\/swiss-peak.com\/sv\/produkt\/swiss-peak-cedar-penna-rcs-certifierad-atervunnen-aluminiun-silver\/","name":"Cedar penna, RCS certifierad \u00e5tervunnen aluminium, silver - Swiss Peak","isPartOf":{"@id":"https:\/\/swiss-peak.com\/sv\/#website"},"primaryImageOfPage":{"@id":"https:\/\/swiss-peak.com\/sv\/produkt\/swiss-peak-cedar-penna-rcs-certifierad-atervunnen-aluminiun-silver\/#primaryimage"},"image":{"@id":"https:\/\/swiss-peak.com\/sv\/produkt\/swiss-peak-cedar-penna-rcs-certifierad-atervunnen-aluminiun-silver\/#primaryimage"},"thumbnailUrl":"https:\/\/swiss-peak.com\/wp-content\/uploads\/sites\/9\/2024\/02\/P611.152__S_0__153edb051bc04c86b8c45a5fa9d3dbb4.jpg","datePublished":"2023-07-12T01:10:19+00:00","dateModified":"2026-03-12T02:12:50+00:00","breadcrumb":{"@id":"https:\/\/swiss-peak.com\/sv\/produkt\/swiss-peak-cedar-penna-rcs-certifierad-atervunnen-aluminiun-silver\/#breadcrumb"},"inLanguage":"sv-SE","potentialAction":[{"@type":"ReadAction","target":["https:\/\/swiss-peak.com\/sv\/produkt\/swiss-peak-cedar-penna-rcs-certifierad-atervunnen-aluminiun-silver\/"]}]},{"@type":"ImageObject","inLanguage":"sv-SE","@id":"https:\/\/swiss-peak.com\/sv\/produkt\/swiss-peak-cedar-penna-rcs-certifierad-atervunnen-aluminiun-silver\/#primaryimage","url":"https:\/\/swiss-peak.com\/wp-content\/uploads\/sites\/9\/2024\/02\/P611.152__S_0__153edb051bc04c86b8c45a5fa9d3dbb4.jpg","contentUrl":"https:\/\/swiss-peak.com\/wp-content\/uploads\/sites\/9\/2024\/02\/P611.152__S_0__153edb051bc04c86b8c45a5fa9d3dbb4.jpg","width":1024,"height":1024},{"@type":"BreadcrumbList","@id":"https:\/\/swiss-peak.com\/sv\/produkt\/swiss-peak-cedar-penna-rcs-certifierad-atervunnen-aluminiun-silver\/#breadcrumb","itemListElement":[{"@type":"ListItem","position":1,"name":"Home","item":"https:\/\/swiss-peak.com\/sv\/"},{"@type":"ListItem","position":2,"name":"Kollektion","item":"https:\/\/swiss-peak.com\/sv\/kollektion\/"},{"@type":"ListItem","position":3,"name":"Cedar penna, RCS certifierad \u00e5tervunnen aluminium, silver"}]},{"@type":"WebSite","@id":"https:\/\/swiss-peak.com\/sv\/#website","url":"https:\/\/swiss-peak.com\/sv\/","name":"Swiss Peak","description":"Where will today take you?","potentialAction":[{"@type":"SearchAction","target":{"@type":"EntryPoint","urlTemplate":"https:\/\/swiss-peak.com\/sv\/?s={search_term_string}"},"query-input":{"@type":"PropertyValueSpecification","valueRequired":true,"valueName":"search_term_string"}}],"inLanguage":"sv-SE"}]}},"_links":{"self":[{"href":"https:\/\/swiss-peak.com\/sv\/wp-json\/wp\/v2\/product\/19484","targetHints":{"allow":["GET"]}}],"collection":[{"href":"https:\/\/swiss-peak.com\/sv\/wp-json\/wp\/v2\/product"}],"about":[{"href":"https:\/\/swiss-peak.com\/sv\/wp-json\/wp\/v2\/types\/product"}],"wp:featuredmedia":[{"embeddable":true,"href":"https:\/\/swiss-peak.com\/sv\/wp-json\/wp\/v2\/media\/28526"}],"wp:attachment":[{"href":"https:\/\/swiss-peak.com\/sv\/wp-json\/wp\/v2\/media?parent=19484"}],"wp:term":[{"taxonomy":"product_cat","embeddable":true,"href":"https:\/\/swiss-peak.com\/sv\/wp-json\/wp\/v2\/product_cat?post=19484"},{"taxonomy":"product_tag","embeddable":true,"href":"https:\/\/swiss-peak.com\/sv\/wp-json\/wp\/v2\/product_tag?post=19484"}],"curies":[{"name":"wp","href":"https:\/\/api.w.org\/{rel}","templated":true}]}}