{"id":16326,"date":"2023-06-21T02:02:17","date_gmt":"2023-06-21T01:10:16","guid":{"rendered":"https:\/\/swiss-peak.com\/swiss-peak-aware-23-till-27-expanderbart-paraply-svart\/"},"modified":"2026-03-12T04:18:55","modified_gmt":"2026-03-12T02:18:55","slug":"swiss-peak-aware-23-till-27-expanderbart-paraply-svart","status":"publish","type":"product","link":"https:\/\/swiss-peak.com\/sv\/produkt\/swiss-peak-aware-23-till-27-expanderbart-paraply-svart\/","title":{"rendered":"AWARE\u2122 23&#8243; till 27&#8243; expanderbart paraply, svart"},"content":{"rendered":"<p>Det h\u00e4r paraplyet med automatisk \u00f6ppning och manuell st\u00e4ngning \u00e4r utformat f\u00f6r att vara b\u00e5de kompakt och rymligt och ger ett gott skydd mot regnet. N\u00e4r det \u00e4r hopvikt \u00e4r det lika litet och l\u00e4tt som ett paraply i 23&#8243; storlek, vilket g\u00f6r det l\u00e4tt att b\u00e4ra med sig. N\u00e4r paraplyet \u00f6ppnas expanderar det automatiskt till en storlek p\u00e5 27&#8243;, vilket ger tillr\u00e4ckligt med skydd f\u00f6r tv\u00e5 personer. Med ett metallskaft, glasfiberribbor och PP-spetsar och ett mattsvart handtag. Med storms\u00e4ker funktion. Tillverkad med AWARE\u2122-sp\u00e5rning som bevisar anv\u00e4ndningen av \u00e5tervunnet material. 100% \u00e5tervunnen 190T pongee polyester. 2% av int\u00e4kterna fr\u00e5n varje s\u00e5ld Aware\u2122-produkt kommer att doneras till Water.org.<\/p>\n","protected":false},"excerpt":{"rendered":"<p>Det h\u00e4r paraplyet med automatisk \u00f6ppning och manuell st\u00e4ngning \u00e4r utformat f\u00f6r att vara b\u00e5de kompakt och rymligt och ger ett gott skydd mot regnet. N\u00e4r det \u00e4r hopvikt \u00e4r det lika litet och l\u00e4tt som ett paraply i 23&#8243; storlek, vilket g\u00f6r det l\u00e4tt att b\u00e4ra med sig. N\u00e4r paraplyet \u00f6ppnas expanderar det automatiskt [&hellip;]<\/p>\n","protected":false},"featured_media":45758,"template":"","meta":{"_acf_changed":false},"product_cat":[306,323],"product_tag":[],"class_list":["post-16326","product","type-product","status-publish","has-post-thumbnail","hentry","product_cat-fritid-sport","product_cat-paraplyer","pa_color-black-sv","pa_color-grey-sv"],"acf":[],"yoast_head":"<!-- This site is optimized with the Yoast SEO plugin v27.0 - https:\/\/yoast.com\/product\/yoast-seo-wordpress\/ -->\n<title>AWARE\u2122 23&quot; till 27&quot; expanderbart paraply, svart - Swiss Peak<\/title>\n<meta name=\"robots\" content=\"index, follow, max-snippet:-1, max-image-preview:large, max-video-preview:-1\" \/>\n<link rel=\"canonical\" href=\"https:\/\/swiss-peak.com\/sv\/produkt\/swiss-peak-aware-23-till-27-expanderbart-paraply-svart\/\" \/>\n<meta property=\"og:locale\" content=\"sv_SE\" \/>\n<meta property=\"og:type\" content=\"article\" \/>\n<meta property=\"og:title\" content=\"AWARE\u2122 23&quot; till 27&quot; expanderbart paraply, svart - Swiss Peak\" \/>\n<meta property=\"og:description\" content=\"Det h\u00e4r paraplyet med automatisk \u00f6ppning och manuell st\u00e4ngning \u00e4r utformat f\u00f6r att vara b\u00e5de kompakt och rymligt och ger ett gott skydd mot regnet. N\u00e4r det \u00e4r hopvikt \u00e4r det lika litet och l\u00e4tt som ett paraply i 23&#8243; storlek, vilket g\u00f6r det l\u00e4tt att b\u00e4ra med sig. N\u00e4r paraplyet \u00f6ppnas expanderar det automatiskt [&hellip;]\" \/>\n<meta property=\"og:url\" content=\"https:\/\/swiss-peak.com\/sv\/produkt\/swiss-peak-aware-23-till-27-expanderbart-paraply-svart\/\" \/>\n<meta property=\"og:site_name\" content=\"Swiss Peak\" \/>\n<meta property=\"article:modified_time\" content=\"2026-03-12T02:18:55+00:00\" \/>\n<meta property=\"og:image\" content=\"https:\/\/swiss-peak.com\/wp-content\/uploads\/sites\/9\/2025\/11\/P850.451__S_0__409d780ef1fc4abe9d2afce54132b39c.jpg\" \/>\n\t<meta property=\"og:image:width\" content=\"1024\" \/>\n\t<meta property=\"og:image:height\" content=\"1024\" \/>\n\t<meta property=\"og:image:type\" content=\"image\/jpeg\" \/>\n<meta name=\"twitter:card\" content=\"summary_large_image\" \/>\n<meta name=\"twitter:label1\" content=\"Ber\u00e4knad l\u00e4stid\" \/>\n\t<meta name=\"twitter:data1\" content=\"1 minut\" \/>\n<script type=\"application\/ld+json\" class=\"yoast-schema-graph\">{\"@context\":\"https:\/\/schema.org\",\"@graph\":[{\"@type\":\"WebPage\",\"@id\":\"https:\/\/swiss-peak.com\/sv\/produkt\/swiss-peak-aware-23-till-27-expanderbart-paraply-svart\/\",\"url\":\"https:\/\/swiss-peak.com\/sv\/produkt\/swiss-peak-aware-23-till-27-expanderbart-paraply-svart\/\",\"name\":\"AWARE\u2122 23\\\" till 27\\\" expanderbart paraply, svart - Swiss Peak\",\"isPartOf\":{\"@id\":\"https:\/\/swiss-peak.com\/sv\/#website\"},\"primaryImageOfPage\":{\"@id\":\"https:\/\/swiss-peak.com\/sv\/produkt\/swiss-peak-aware-23-till-27-expanderbart-paraply-svart\/#primaryimage\"},\"image\":{\"@id\":\"https:\/\/swiss-peak.com\/sv\/produkt\/swiss-peak-aware-23-till-27-expanderbart-paraply-svart\/#primaryimage\"},\"thumbnailUrl\":\"https:\/\/swiss-peak.com\/wp-content\/uploads\/sites\/9\/2025\/11\/P850.451__S_0__409d780ef1fc4abe9d2afce54132b39c.jpg\",\"datePublished\":\"2023-06-21T01:10:16+00:00\",\"dateModified\":\"2026-03-12T02:18:55+00:00\",\"breadcrumb\":{\"@id\":\"https:\/\/swiss-peak.com\/sv\/produkt\/swiss-peak-aware-23-till-27-expanderbart-paraply-svart\/#breadcrumb\"},\"inLanguage\":\"sv-SE\",\"potentialAction\":[{\"@type\":\"ReadAction\",\"target\":[\"https:\/\/swiss-peak.com\/sv\/produkt\/swiss-peak-aware-23-till-27-expanderbart-paraply-svart\/\"]}]},{\"@type\":\"ImageObject\",\"inLanguage\":\"sv-SE\",\"@id\":\"https:\/\/swiss-peak.com\/sv\/produkt\/swiss-peak-aware-23-till-27-expanderbart-paraply-svart\/#primaryimage\",\"url\":\"https:\/\/swiss-peak.com\/wp-content\/uploads\/sites\/9\/2025\/11\/P850.451__S_0__409d780ef1fc4abe9d2afce54132b39c.jpg\",\"contentUrl\":\"https:\/\/swiss-peak.com\/wp-content\/uploads\/sites\/9\/2025\/11\/P850.451__S_0__409d780ef1fc4abe9d2afce54132b39c.jpg\",\"width\":1024,\"height\":1024},{\"@type\":\"BreadcrumbList\",\"@id\":\"https:\/\/swiss-peak.com\/sv\/produkt\/swiss-peak-aware-23-till-27-expanderbart-paraply-svart\/#breadcrumb\",\"itemListElement\":[{\"@type\":\"ListItem\",\"position\":1,\"name\":\"Home\",\"item\":\"https:\/\/swiss-peak.com\/sv\/\"},{\"@type\":\"ListItem\",\"position\":2,\"name\":\"Kollektion\",\"item\":\"https:\/\/swiss-peak.com\/sv\/kollektion\/\"},{\"@type\":\"ListItem\",\"position\":3,\"name\":\"AWARE\u2122 23&#8243; till 27&#8243; expanderbart paraply, svart\"}]},{\"@type\":\"WebSite\",\"@id\":\"https:\/\/swiss-peak.com\/sv\/#website\",\"url\":\"https:\/\/swiss-peak.com\/sv\/\",\"name\":\"Swiss Peak\",\"description\":\"Where will today take you?\",\"potentialAction\":[{\"@type\":\"SearchAction\",\"target\":{\"@type\":\"EntryPoint\",\"urlTemplate\":\"https:\/\/swiss-peak.com\/sv\/?s={search_term_string}\"},\"query-input\":{\"@type\":\"PropertyValueSpecification\",\"valueRequired\":true,\"valueName\":\"search_term_string\"}}],\"inLanguage\":\"sv-SE\"}]}<\/script>\n<!-- \/ Yoast SEO plugin. -->","yoast_head_json":{"title":"AWARE\u2122 23\" till 27\" expanderbart paraply, svart - Swiss Peak","robots":{"index":"index","follow":"follow","max-snippet":"max-snippet:-1","max-image-preview":"max-image-preview:large","max-video-preview":"max-video-preview:-1"},"canonical":"https:\/\/swiss-peak.com\/sv\/produkt\/swiss-peak-aware-23-till-27-expanderbart-paraply-svart\/","og_locale":"sv_SE","og_type":"article","og_title":"AWARE\u2122 23\" till 27\" expanderbart paraply, svart - Swiss Peak","og_description":"Det h\u00e4r paraplyet med automatisk \u00f6ppning och manuell st\u00e4ngning \u00e4r utformat f\u00f6r att vara b\u00e5de kompakt och rymligt och ger ett gott skydd mot regnet. N\u00e4r det \u00e4r hopvikt \u00e4r det lika litet och l\u00e4tt som ett paraply i 23&#8243; storlek, vilket g\u00f6r det l\u00e4tt att b\u00e4ra med sig. N\u00e4r paraplyet \u00f6ppnas expanderar det automatiskt [&hellip;]","og_url":"https:\/\/swiss-peak.com\/sv\/produkt\/swiss-peak-aware-23-till-27-expanderbart-paraply-svart\/","og_site_name":"Swiss Peak","article_modified_time":"2026-03-12T02:18:55+00:00","og_image":[{"width":1024,"height":1024,"url":"https:\/\/swiss-peak.com\/wp-content\/uploads\/sites\/9\/2025\/11\/P850.451__S_0__409d780ef1fc4abe9d2afce54132b39c.jpg","type":"image\/jpeg"}],"twitter_card":"summary_large_image","twitter_misc":{"Ber\u00e4knad l\u00e4stid":"1 minut"},"schema":{"@context":"https:\/\/schema.org","@graph":[{"@type":"WebPage","@id":"https:\/\/swiss-peak.com\/sv\/produkt\/swiss-peak-aware-23-till-27-expanderbart-paraply-svart\/","url":"https:\/\/swiss-peak.com\/sv\/produkt\/swiss-peak-aware-23-till-27-expanderbart-paraply-svart\/","name":"AWARE\u2122 23\" till 27\" expanderbart paraply, svart - Swiss Peak","isPartOf":{"@id":"https:\/\/swiss-peak.com\/sv\/#website"},"primaryImageOfPage":{"@id":"https:\/\/swiss-peak.com\/sv\/produkt\/swiss-peak-aware-23-till-27-expanderbart-paraply-svart\/#primaryimage"},"image":{"@id":"https:\/\/swiss-peak.com\/sv\/produkt\/swiss-peak-aware-23-till-27-expanderbart-paraply-svart\/#primaryimage"},"thumbnailUrl":"https:\/\/swiss-peak.com\/wp-content\/uploads\/sites\/9\/2025\/11\/P850.451__S_0__409d780ef1fc4abe9d2afce54132b39c.jpg","datePublished":"2023-06-21T01:10:16+00:00","dateModified":"2026-03-12T02:18:55+00:00","breadcrumb":{"@id":"https:\/\/swiss-peak.com\/sv\/produkt\/swiss-peak-aware-23-till-27-expanderbart-paraply-svart\/#breadcrumb"},"inLanguage":"sv-SE","potentialAction":[{"@type":"ReadAction","target":["https:\/\/swiss-peak.com\/sv\/produkt\/swiss-peak-aware-23-till-27-expanderbart-paraply-svart\/"]}]},{"@type":"ImageObject","inLanguage":"sv-SE","@id":"https:\/\/swiss-peak.com\/sv\/produkt\/swiss-peak-aware-23-till-27-expanderbart-paraply-svart\/#primaryimage","url":"https:\/\/swiss-peak.com\/wp-content\/uploads\/sites\/9\/2025\/11\/P850.451__S_0__409d780ef1fc4abe9d2afce54132b39c.jpg","contentUrl":"https:\/\/swiss-peak.com\/wp-content\/uploads\/sites\/9\/2025\/11\/P850.451__S_0__409d780ef1fc4abe9d2afce54132b39c.jpg","width":1024,"height":1024},{"@type":"BreadcrumbList","@id":"https:\/\/swiss-peak.com\/sv\/produkt\/swiss-peak-aware-23-till-27-expanderbart-paraply-svart\/#breadcrumb","itemListElement":[{"@type":"ListItem","position":1,"name":"Home","item":"https:\/\/swiss-peak.com\/sv\/"},{"@type":"ListItem","position":2,"name":"Kollektion","item":"https:\/\/swiss-peak.com\/sv\/kollektion\/"},{"@type":"ListItem","position":3,"name":"AWARE\u2122 23&#8243; till 27&#8243; expanderbart paraply, svart"}]},{"@type":"WebSite","@id":"https:\/\/swiss-peak.com\/sv\/#website","url":"https:\/\/swiss-peak.com\/sv\/","name":"Swiss Peak","description":"Where will today take you?","potentialAction":[{"@type":"SearchAction","target":{"@type":"EntryPoint","urlTemplate":"https:\/\/swiss-peak.com\/sv\/?s={search_term_string}"},"query-input":{"@type":"PropertyValueSpecification","valueRequired":true,"valueName":"search_term_string"}}],"inLanguage":"sv-SE"}]}},"_links":{"self":[{"href":"https:\/\/swiss-peak.com\/sv\/wp-json\/wp\/v2\/product\/16326","targetHints":{"allow":["GET"]}}],"collection":[{"href":"https:\/\/swiss-peak.com\/sv\/wp-json\/wp\/v2\/product"}],"about":[{"href":"https:\/\/swiss-peak.com\/sv\/wp-json\/wp\/v2\/types\/product"}],"wp:featuredmedia":[{"embeddable":true,"href":"https:\/\/swiss-peak.com\/sv\/wp-json\/wp\/v2\/media\/45758"}],"wp:attachment":[{"href":"https:\/\/swiss-peak.com\/sv\/wp-json\/wp\/v2\/media?parent=16326"}],"wp:term":[{"taxonomy":"product_cat","embeddable":true,"href":"https:\/\/swiss-peak.com\/sv\/wp-json\/wp\/v2\/product_cat?post=16326"},{"taxonomy":"product_tag","embeddable":true,"href":"https:\/\/swiss-peak.com\/sv\/wp-json\/wp\/v2\/product_tag?post=16326"}],"curies":[{"name":"wp","href":"https:\/\/api.w.org\/{rel}","templated":true}]}}