{"id":16278,"date":"2023-06-10T02:02:17","date_gmt":"2023-06-10T01:10:13","guid":{"rendered":"https:\/\/swiss-peak.com\/swiss-peak-aware-tornado-23-stormparaply-svart\/"},"modified":"2026-03-12T04:19:02","modified_gmt":"2026-03-12T02:19:02","slug":"swiss-peak-aware-tornado-23-stormparaply-svart","status":"publish","type":"product","link":"https:\/\/swiss-peak.com\/sv\/produkt\/swiss-peak-aware-tornado-23-stormparaply-svart\/","title":{"rendered":"AWARE\u2122 Tornado 23\u201d stormparaply, svart"},"content":{"rendered":"<p>Swiss Peak AWARE\u2122 Tornado 23&#8243; stormparaply i 190T pongee RPET \u00e4r utformat f\u00f6r att st\u00e5 emot h\u00e5rt v\u00e4der. Med automatisk \u00f6ppning\/manuell st\u00e4ngning. Vindt\u00e4tt system tillsammans med metallskaftet och glasfiberramen ger ett robust paraply. Det raka handtaget i ABS-gummi \u00e4r bekv\u00e4mt att greppa, och parapyet levereras med en Swiss Peak FSC Kraft giftbox. Med AWARE\u2122-sp\u00e5rare som bevisar den genuina anv\u00e4ndningen av \u00e5tervunnet material. 2% av int\u00e4kterna fr\u00e5n varje s\u00e5ld Aware\u2122-produkt kommer att doneras till Water.org.<\/p>\n","protected":false},"excerpt":{"rendered":"<p>Swiss Peak AWARE\u2122 Tornado 23&#8243; stormparaply i 190T pongee RPET \u00e4r utformat f\u00f6r att st\u00e5 emot h\u00e5rt v\u00e4der. Med automatisk \u00f6ppning\/manuell st\u00e4ngning. Vindt\u00e4tt system tillsammans med metallskaftet och glasfiberramen ger ett robust paraply. Det raka handtaget i ABS-gummi \u00e4r bekv\u00e4mt att greppa, och parapyet levereras med en Swiss Peak FSC Kraft giftbox. Med AWARE\u2122-sp\u00e5rare som [&hellip;]<\/p>\n","protected":false},"featured_media":43500,"template":"","meta":{"_acf_changed":false},"product_cat":[306,323],"product_tag":[],"class_list":["post-16278","product","type-product","status-publish","has-post-thumbnail","hentry","product_cat-fritid-sport","product_cat-paraplyer","pa_color-black-sv"],"acf":[],"yoast_head":"<!-- This site is optimized with the Yoast SEO plugin v27.0 - https:\/\/yoast.com\/product\/yoast-seo-wordpress\/ -->\n<title>AWARE\u2122 Tornado 23\u201d stormparaply, svart - Swiss Peak<\/title>\n<meta name=\"robots\" content=\"index, follow, max-snippet:-1, max-image-preview:large, max-video-preview:-1\" \/>\n<link rel=\"canonical\" href=\"https:\/\/swiss-peak.com\/sv\/produkt\/swiss-peak-aware-tornado-23-stormparaply-svart\/\" \/>\n<meta property=\"og:locale\" content=\"sv_SE\" \/>\n<meta property=\"og:type\" content=\"article\" \/>\n<meta property=\"og:title\" content=\"AWARE\u2122 Tornado 23\u201d stormparaply, svart - Swiss Peak\" \/>\n<meta property=\"og:description\" content=\"Swiss Peak AWARE\u2122 Tornado 23&#8243; stormparaply i 190T pongee RPET \u00e4r utformat f\u00f6r att st\u00e5 emot h\u00e5rt v\u00e4der. Med automatisk \u00f6ppning\/manuell st\u00e4ngning. Vindt\u00e4tt system tillsammans med metallskaftet och glasfiberramen ger ett robust paraply. Det raka handtaget i ABS-gummi \u00e4r bekv\u00e4mt att greppa, och parapyet levereras med en Swiss Peak FSC Kraft giftbox. Med AWARE\u2122-sp\u00e5rare som [&hellip;]\" \/>\n<meta property=\"og:url\" content=\"https:\/\/swiss-peak.com\/sv\/produkt\/swiss-peak-aware-tornado-23-stormparaply-svart\/\" \/>\n<meta property=\"og:site_name\" content=\"Swiss Peak\" \/>\n<meta property=\"article:modified_time\" content=\"2026-03-12T02:19:02+00:00\" \/>\n<meta property=\"og:image\" content=\"https:\/\/swiss-peak.com\/wp-content\/uploads\/sites\/9\/2024\/02\/P850.471__S_0__3a733bb3dbb141abbfb442173535f307.jpg\" \/>\n\t<meta property=\"og:image:width\" content=\"1024\" \/>\n\t<meta property=\"og:image:height\" content=\"1024\" \/>\n\t<meta property=\"og:image:type\" content=\"image\/jpeg\" \/>\n<meta name=\"twitter:card\" content=\"summary_large_image\" \/>\n<script type=\"application\/ld+json\" class=\"yoast-schema-graph\">{\"@context\":\"https:\/\/schema.org\",\"@graph\":[{\"@type\":\"WebPage\",\"@id\":\"https:\/\/swiss-peak.com\/sv\/produkt\/swiss-peak-aware-tornado-23-stormparaply-svart\/\",\"url\":\"https:\/\/swiss-peak.com\/sv\/produkt\/swiss-peak-aware-tornado-23-stormparaply-svart\/\",\"name\":\"AWARE\u2122 Tornado 23\u201d stormparaply, svart - Swiss Peak\",\"isPartOf\":{\"@id\":\"https:\/\/swiss-peak.com\/sv\/#website\"},\"primaryImageOfPage\":{\"@id\":\"https:\/\/swiss-peak.com\/sv\/produkt\/swiss-peak-aware-tornado-23-stormparaply-svart\/#primaryimage\"},\"image\":{\"@id\":\"https:\/\/swiss-peak.com\/sv\/produkt\/swiss-peak-aware-tornado-23-stormparaply-svart\/#primaryimage\"},\"thumbnailUrl\":\"https:\/\/swiss-peak.com\/wp-content\/uploads\/sites\/9\/2024\/02\/P850.471__S_0__3a733bb3dbb141abbfb442173535f307.jpg\",\"datePublished\":\"2023-06-10T01:10:13+00:00\",\"dateModified\":\"2026-03-12T02:19:02+00:00\",\"breadcrumb\":{\"@id\":\"https:\/\/swiss-peak.com\/sv\/produkt\/swiss-peak-aware-tornado-23-stormparaply-svart\/#breadcrumb\"},\"inLanguage\":\"sv-SE\",\"potentialAction\":[{\"@type\":\"ReadAction\",\"target\":[\"https:\/\/swiss-peak.com\/sv\/produkt\/swiss-peak-aware-tornado-23-stormparaply-svart\/\"]}]},{\"@type\":\"ImageObject\",\"inLanguage\":\"sv-SE\",\"@id\":\"https:\/\/swiss-peak.com\/sv\/produkt\/swiss-peak-aware-tornado-23-stormparaply-svart\/#primaryimage\",\"url\":\"https:\/\/swiss-peak.com\/wp-content\/uploads\/sites\/9\/2024\/02\/P850.471__S_0__3a733bb3dbb141abbfb442173535f307.jpg\",\"contentUrl\":\"https:\/\/swiss-peak.com\/wp-content\/uploads\/sites\/9\/2024\/02\/P850.471__S_0__3a733bb3dbb141abbfb442173535f307.jpg\",\"width\":1024,\"height\":1024},{\"@type\":\"BreadcrumbList\",\"@id\":\"https:\/\/swiss-peak.com\/sv\/produkt\/swiss-peak-aware-tornado-23-stormparaply-svart\/#breadcrumb\",\"itemListElement\":[{\"@type\":\"ListItem\",\"position\":1,\"name\":\"Home\",\"item\":\"https:\/\/swiss-peak.com\/sv\/\"},{\"@type\":\"ListItem\",\"position\":2,\"name\":\"Kollektion\",\"item\":\"https:\/\/swiss-peak.com\/sv\/kollektion\/\"},{\"@type\":\"ListItem\",\"position\":3,\"name\":\"AWARE\u2122 Tornado 23\u201d stormparaply, svart\"}]},{\"@type\":\"WebSite\",\"@id\":\"https:\/\/swiss-peak.com\/sv\/#website\",\"url\":\"https:\/\/swiss-peak.com\/sv\/\",\"name\":\"Swiss Peak\",\"description\":\"Where will today take you?\",\"potentialAction\":[{\"@type\":\"SearchAction\",\"target\":{\"@type\":\"EntryPoint\",\"urlTemplate\":\"https:\/\/swiss-peak.com\/sv\/?s={search_term_string}\"},\"query-input\":{\"@type\":\"PropertyValueSpecification\",\"valueRequired\":true,\"valueName\":\"search_term_string\"}}],\"inLanguage\":\"sv-SE\"}]}<\/script>\n<!-- \/ Yoast SEO plugin. -->","yoast_head_json":{"title":"AWARE\u2122 Tornado 23\u201d stormparaply, svart - Swiss Peak","robots":{"index":"index","follow":"follow","max-snippet":"max-snippet:-1","max-image-preview":"max-image-preview:large","max-video-preview":"max-video-preview:-1"},"canonical":"https:\/\/swiss-peak.com\/sv\/produkt\/swiss-peak-aware-tornado-23-stormparaply-svart\/","og_locale":"sv_SE","og_type":"article","og_title":"AWARE\u2122 Tornado 23\u201d stormparaply, svart - Swiss Peak","og_description":"Swiss Peak AWARE\u2122 Tornado 23&#8243; stormparaply i 190T pongee RPET \u00e4r utformat f\u00f6r att st\u00e5 emot h\u00e5rt v\u00e4der. Med automatisk \u00f6ppning\/manuell st\u00e4ngning. Vindt\u00e4tt system tillsammans med metallskaftet och glasfiberramen ger ett robust paraply. Det raka handtaget i ABS-gummi \u00e4r bekv\u00e4mt att greppa, och parapyet levereras med en Swiss Peak FSC Kraft giftbox. Med AWARE\u2122-sp\u00e5rare som [&hellip;]","og_url":"https:\/\/swiss-peak.com\/sv\/produkt\/swiss-peak-aware-tornado-23-stormparaply-svart\/","og_site_name":"Swiss Peak","article_modified_time":"2026-03-12T02:19:02+00:00","og_image":[{"width":1024,"height":1024,"url":"https:\/\/swiss-peak.com\/wp-content\/uploads\/sites\/9\/2024\/02\/P850.471__S_0__3a733bb3dbb141abbfb442173535f307.jpg","type":"image\/jpeg"}],"twitter_card":"summary_large_image","schema":{"@context":"https:\/\/schema.org","@graph":[{"@type":"WebPage","@id":"https:\/\/swiss-peak.com\/sv\/produkt\/swiss-peak-aware-tornado-23-stormparaply-svart\/","url":"https:\/\/swiss-peak.com\/sv\/produkt\/swiss-peak-aware-tornado-23-stormparaply-svart\/","name":"AWARE\u2122 Tornado 23\u201d stormparaply, svart - Swiss Peak","isPartOf":{"@id":"https:\/\/swiss-peak.com\/sv\/#website"},"primaryImageOfPage":{"@id":"https:\/\/swiss-peak.com\/sv\/produkt\/swiss-peak-aware-tornado-23-stormparaply-svart\/#primaryimage"},"image":{"@id":"https:\/\/swiss-peak.com\/sv\/produkt\/swiss-peak-aware-tornado-23-stormparaply-svart\/#primaryimage"},"thumbnailUrl":"https:\/\/swiss-peak.com\/wp-content\/uploads\/sites\/9\/2024\/02\/P850.471__S_0__3a733bb3dbb141abbfb442173535f307.jpg","datePublished":"2023-06-10T01:10:13+00:00","dateModified":"2026-03-12T02:19:02+00:00","breadcrumb":{"@id":"https:\/\/swiss-peak.com\/sv\/produkt\/swiss-peak-aware-tornado-23-stormparaply-svart\/#breadcrumb"},"inLanguage":"sv-SE","potentialAction":[{"@type":"ReadAction","target":["https:\/\/swiss-peak.com\/sv\/produkt\/swiss-peak-aware-tornado-23-stormparaply-svart\/"]}]},{"@type":"ImageObject","inLanguage":"sv-SE","@id":"https:\/\/swiss-peak.com\/sv\/produkt\/swiss-peak-aware-tornado-23-stormparaply-svart\/#primaryimage","url":"https:\/\/swiss-peak.com\/wp-content\/uploads\/sites\/9\/2024\/02\/P850.471__S_0__3a733bb3dbb141abbfb442173535f307.jpg","contentUrl":"https:\/\/swiss-peak.com\/wp-content\/uploads\/sites\/9\/2024\/02\/P850.471__S_0__3a733bb3dbb141abbfb442173535f307.jpg","width":1024,"height":1024},{"@type":"BreadcrumbList","@id":"https:\/\/swiss-peak.com\/sv\/produkt\/swiss-peak-aware-tornado-23-stormparaply-svart\/#breadcrumb","itemListElement":[{"@type":"ListItem","position":1,"name":"Home","item":"https:\/\/swiss-peak.com\/sv\/"},{"@type":"ListItem","position":2,"name":"Kollektion","item":"https:\/\/swiss-peak.com\/sv\/kollektion\/"},{"@type":"ListItem","position":3,"name":"AWARE\u2122 Tornado 23\u201d stormparaply, svart"}]},{"@type":"WebSite","@id":"https:\/\/swiss-peak.com\/sv\/#website","url":"https:\/\/swiss-peak.com\/sv\/","name":"Swiss Peak","description":"Where will today take you?","potentialAction":[{"@type":"SearchAction","target":{"@type":"EntryPoint","urlTemplate":"https:\/\/swiss-peak.com\/sv\/?s={search_term_string}"},"query-input":{"@type":"PropertyValueSpecification","valueRequired":true,"valueName":"search_term_string"}}],"inLanguage":"sv-SE"}]}},"_links":{"self":[{"href":"https:\/\/swiss-peak.com\/sv\/wp-json\/wp\/v2\/product\/16278","targetHints":{"allow":["GET"]}}],"collection":[{"href":"https:\/\/swiss-peak.com\/sv\/wp-json\/wp\/v2\/product"}],"about":[{"href":"https:\/\/swiss-peak.com\/sv\/wp-json\/wp\/v2\/types\/product"}],"wp:featuredmedia":[{"embeddable":true,"href":"https:\/\/swiss-peak.com\/sv\/wp-json\/wp\/v2\/media\/43500"}],"wp:attachment":[{"href":"https:\/\/swiss-peak.com\/sv\/wp-json\/wp\/v2\/media?parent=16278"}],"wp:term":[{"taxonomy":"product_cat","embeddable":true,"href":"https:\/\/swiss-peak.com\/sv\/wp-json\/wp\/v2\/product_cat?post=16278"},{"taxonomy":"product_tag","embeddable":true,"href":"https:\/\/swiss-peak.com\/sv\/wp-json\/wp\/v2\/product_tag?post=16278"}],"curies":[{"name":"wp","href":"https:\/\/api.w.org\/{rel}","templated":true}]}}