{"id":16277,"date":"2023-06-10T02:02:17","date_gmt":"2023-06-10T01:10:13","guid":{"rendered":"https:\/\/swiss-peak.com\/sp-aware-23-hopvikbart-vandbart-auto-open-close-paraply-svart\/"},"modified":"2026-04-16T03:18:17","modified_gmt":"2026-04-16T01:18:17","slug":"sp-aware-23-hopvikbart-vandbart-auto-open-close-paraply-svart","status":"publish","type":"product","link":"https:\/\/swiss-peak.com\/sv\/produkt\/sp-aware-23-hopvikbart-vandbart-auto-open-close-paraply-svart\/","title":{"rendered":"AWARE\u2122 23&#8243; hopvikbart\/v\u00e4ndbart auto automatisk \u00f6ppni paraply"},"content":{"rendered":"<p>23&#8243; v\u00e4ndbart 3-sektionsparaply med automatisk \u00f6ppning\/st\u00e4ngning. Tillverkat av 190T pongee RPET-material med glasfiberribbor och ett f\u00f6rkromat st\u00e5lskaft g\u00f6r paraplyet starkt och h\u00e5llbart. Paraplyet har en unik konstruktion med omv\u00e4nd \u00f6ppning som h\u00e5ller vattenl\u00e4ckage inne och f\u00f6rhindrar att man blir bl\u00f6t n\u00e4r man stiger in i eller ut ur en bil eller byggnad. Med AWARE\u2122-sp\u00e5rare som bevisar den genuina anv\u00e4ndningen av \u00e5tervunnet material. 2% av int\u00e4kterna fr\u00e5n varje s\u00e5ld Aware\u2122-produkt kommer att doneras till Water.org.<\/p>\n","protected":false},"excerpt":{"rendered":"<p>23&#8243; v\u00e4ndbart 3-sektionsparaply med automatisk \u00f6ppning\/st\u00e4ngning. Tillverkat av 190T pongee RPET-material med glasfiberribbor och ett f\u00f6rkromat st\u00e5lskaft g\u00f6r paraplyet starkt och h\u00e5llbart. Paraplyet har en unik konstruktion med omv\u00e4nd \u00f6ppning som h\u00e5ller vattenl\u00e4ckage inne och f\u00f6rhindrar att man blir bl\u00f6t n\u00e4r man stiger in i eller ut ur en bil eller byggnad. Med AWARE\u2122-sp\u00e5rare som [&hellip;]<\/p>\n","protected":false},"featured_media":46602,"template":"","meta":{"_acf_changed":false},"product_cat":[306,323],"product_tag":[],"class_list":["post-16277","product","type-product","status-publish","has-post-thumbnail","hentry","product_cat-fritid-sport","product_cat-paraplyer","pa_color-black-sv"],"acf":[],"yoast_head":"<!-- This site is optimized with the Yoast SEO plugin v27.0 - https:\/\/yoast.com\/product\/yoast-seo-wordpress\/ -->\n<title>AWARE\u2122 23&quot; hopvikbart\/v\u00e4ndbart auto automatisk \u00f6ppni paraply - Swiss Peak<\/title>\n<meta name=\"robots\" content=\"index, follow, max-snippet:-1, max-image-preview:large, max-video-preview:-1\" \/>\n<link rel=\"canonical\" href=\"https:\/\/swiss-peak.com\/sv\/produkt\/sp-aware-23-hopvikbart-vandbart-auto-open-close-paraply-svart\/\" \/>\n<meta property=\"og:locale\" content=\"sv_SE\" \/>\n<meta property=\"og:type\" content=\"article\" \/>\n<meta property=\"og:title\" content=\"AWARE\u2122 23&quot; hopvikbart\/v\u00e4ndbart auto automatisk \u00f6ppni paraply - Swiss Peak\" \/>\n<meta property=\"og:description\" content=\"23&#8243; v\u00e4ndbart 3-sektionsparaply med automatisk \u00f6ppning\/st\u00e4ngning. Tillverkat av 190T pongee RPET-material med glasfiberribbor och ett f\u00f6rkromat st\u00e5lskaft g\u00f6r paraplyet starkt och h\u00e5llbart. Paraplyet har en unik konstruktion med omv\u00e4nd \u00f6ppning som h\u00e5ller vattenl\u00e4ckage inne och f\u00f6rhindrar att man blir bl\u00f6t n\u00e4r man stiger in i eller ut ur en bil eller byggnad. Med AWARE\u2122-sp\u00e5rare som [&hellip;]\" \/>\n<meta property=\"og:url\" content=\"https:\/\/swiss-peak.com\/sv\/produkt\/sp-aware-23-hopvikbart-vandbart-auto-open-close-paraply-svart\/\" \/>\n<meta property=\"og:site_name\" content=\"Swiss Peak\" \/>\n<meta property=\"article:modified_time\" content=\"2026-04-16T01:18:17+00:00\" \/>\n<meta property=\"og:image\" content=\"https:\/\/swiss-peak.com\/wp-content\/uploads\/sites\/9\/2026\/04\/P850.461__S_0__3099cee46945497b93b7a9d97c2d0885.jpg\" \/>\n\t<meta property=\"og:image:width\" content=\"1024\" \/>\n\t<meta property=\"og:image:height\" content=\"1024\" \/>\n\t<meta property=\"og:image:type\" content=\"image\/jpeg\" \/>\n<meta name=\"twitter:card\" content=\"summary_large_image\" \/>\n<script type=\"application\/ld+json\" class=\"yoast-schema-graph\">{\"@context\":\"https:\/\/schema.org\",\"@graph\":[{\"@type\":\"WebPage\",\"@id\":\"https:\/\/swiss-peak.com\/sv\/produkt\/sp-aware-23-hopvikbart-vandbart-auto-open-close-paraply-svart\/\",\"url\":\"https:\/\/swiss-peak.com\/sv\/produkt\/sp-aware-23-hopvikbart-vandbart-auto-open-close-paraply-svart\/\",\"name\":\"AWARE\u2122 23\\\" hopvikbart\/v\u00e4ndbart auto automatisk \u00f6ppni paraply - Swiss Peak\",\"isPartOf\":{\"@id\":\"https:\/\/swiss-peak.com\/sv\/#website\"},\"primaryImageOfPage\":{\"@id\":\"https:\/\/swiss-peak.com\/sv\/produkt\/sp-aware-23-hopvikbart-vandbart-auto-open-close-paraply-svart\/#primaryimage\"},\"image\":{\"@id\":\"https:\/\/swiss-peak.com\/sv\/produkt\/sp-aware-23-hopvikbart-vandbart-auto-open-close-paraply-svart\/#primaryimage\"},\"thumbnailUrl\":\"https:\/\/swiss-peak.com\/wp-content\/uploads\/sites\/9\/2026\/04\/P850.461__S_0__3099cee46945497b93b7a9d97c2d0885.jpg\",\"datePublished\":\"2023-06-10T01:10:13+00:00\",\"dateModified\":\"2026-04-16T01:18:17+00:00\",\"breadcrumb\":{\"@id\":\"https:\/\/swiss-peak.com\/sv\/produkt\/sp-aware-23-hopvikbart-vandbart-auto-open-close-paraply-svart\/#breadcrumb\"},\"inLanguage\":\"sv-SE\",\"potentialAction\":[{\"@type\":\"ReadAction\",\"target\":[\"https:\/\/swiss-peak.com\/sv\/produkt\/sp-aware-23-hopvikbart-vandbart-auto-open-close-paraply-svart\/\"]}]},{\"@type\":\"ImageObject\",\"inLanguage\":\"sv-SE\",\"@id\":\"https:\/\/swiss-peak.com\/sv\/produkt\/sp-aware-23-hopvikbart-vandbart-auto-open-close-paraply-svart\/#primaryimage\",\"url\":\"https:\/\/swiss-peak.com\/wp-content\/uploads\/sites\/9\/2026\/04\/P850.461__S_0__3099cee46945497b93b7a9d97c2d0885.jpg\",\"contentUrl\":\"https:\/\/swiss-peak.com\/wp-content\/uploads\/sites\/9\/2026\/04\/P850.461__S_0__3099cee46945497b93b7a9d97c2d0885.jpg\",\"width\":1024,\"height\":1024},{\"@type\":\"BreadcrumbList\",\"@id\":\"https:\/\/swiss-peak.com\/sv\/produkt\/sp-aware-23-hopvikbart-vandbart-auto-open-close-paraply-svart\/#breadcrumb\",\"itemListElement\":[{\"@type\":\"ListItem\",\"position\":1,\"name\":\"Home\",\"item\":\"https:\/\/swiss-peak.com\/sv\/\"},{\"@type\":\"ListItem\",\"position\":2,\"name\":\"Kollektion\",\"item\":\"https:\/\/swiss-peak.com\/sv\/kollektion\/\"},{\"@type\":\"ListItem\",\"position\":3,\"name\":\"AWARE\u2122 23&#8243; hopvikbart\/v\u00e4ndbart auto automatisk \u00f6ppni paraply\"}]},{\"@type\":\"WebSite\",\"@id\":\"https:\/\/swiss-peak.com\/sv\/#website\",\"url\":\"https:\/\/swiss-peak.com\/sv\/\",\"name\":\"Swiss Peak\",\"description\":\"Where will today take you?\",\"potentialAction\":[{\"@type\":\"SearchAction\",\"target\":{\"@type\":\"EntryPoint\",\"urlTemplate\":\"https:\/\/swiss-peak.com\/sv\/?s={search_term_string}\"},\"query-input\":{\"@type\":\"PropertyValueSpecification\",\"valueRequired\":true,\"valueName\":\"search_term_string\"}}],\"inLanguage\":\"sv-SE\"}]}<\/script>\n<!-- \/ Yoast SEO plugin. -->","yoast_head_json":{"title":"AWARE\u2122 23\" hopvikbart\/v\u00e4ndbart auto automatisk \u00f6ppni paraply - Swiss Peak","robots":{"index":"index","follow":"follow","max-snippet":"max-snippet:-1","max-image-preview":"max-image-preview:large","max-video-preview":"max-video-preview:-1"},"canonical":"https:\/\/swiss-peak.com\/sv\/produkt\/sp-aware-23-hopvikbart-vandbart-auto-open-close-paraply-svart\/","og_locale":"sv_SE","og_type":"article","og_title":"AWARE\u2122 23\" hopvikbart\/v\u00e4ndbart auto automatisk \u00f6ppni paraply - Swiss Peak","og_description":"23&#8243; v\u00e4ndbart 3-sektionsparaply med automatisk \u00f6ppning\/st\u00e4ngning. Tillverkat av 190T pongee RPET-material med glasfiberribbor och ett f\u00f6rkromat st\u00e5lskaft g\u00f6r paraplyet starkt och h\u00e5llbart. Paraplyet har en unik konstruktion med omv\u00e4nd \u00f6ppning som h\u00e5ller vattenl\u00e4ckage inne och f\u00f6rhindrar att man blir bl\u00f6t n\u00e4r man stiger in i eller ut ur en bil eller byggnad. Med AWARE\u2122-sp\u00e5rare som [&hellip;]","og_url":"https:\/\/swiss-peak.com\/sv\/produkt\/sp-aware-23-hopvikbart-vandbart-auto-open-close-paraply-svart\/","og_site_name":"Swiss Peak","article_modified_time":"2026-04-16T01:18:17+00:00","og_image":[{"width":1024,"height":1024,"url":"https:\/\/swiss-peak.com\/wp-content\/uploads\/sites\/9\/2026\/04\/P850.461__S_0__3099cee46945497b93b7a9d97c2d0885.jpg","type":"image\/jpeg"}],"twitter_card":"summary_large_image","schema":{"@context":"https:\/\/schema.org","@graph":[{"@type":"WebPage","@id":"https:\/\/swiss-peak.com\/sv\/produkt\/sp-aware-23-hopvikbart-vandbart-auto-open-close-paraply-svart\/","url":"https:\/\/swiss-peak.com\/sv\/produkt\/sp-aware-23-hopvikbart-vandbart-auto-open-close-paraply-svart\/","name":"AWARE\u2122 23\" hopvikbart\/v\u00e4ndbart auto automatisk \u00f6ppni paraply - Swiss Peak","isPartOf":{"@id":"https:\/\/swiss-peak.com\/sv\/#website"},"primaryImageOfPage":{"@id":"https:\/\/swiss-peak.com\/sv\/produkt\/sp-aware-23-hopvikbart-vandbart-auto-open-close-paraply-svart\/#primaryimage"},"image":{"@id":"https:\/\/swiss-peak.com\/sv\/produkt\/sp-aware-23-hopvikbart-vandbart-auto-open-close-paraply-svart\/#primaryimage"},"thumbnailUrl":"https:\/\/swiss-peak.com\/wp-content\/uploads\/sites\/9\/2026\/04\/P850.461__S_0__3099cee46945497b93b7a9d97c2d0885.jpg","datePublished":"2023-06-10T01:10:13+00:00","dateModified":"2026-04-16T01:18:17+00:00","breadcrumb":{"@id":"https:\/\/swiss-peak.com\/sv\/produkt\/sp-aware-23-hopvikbart-vandbart-auto-open-close-paraply-svart\/#breadcrumb"},"inLanguage":"sv-SE","potentialAction":[{"@type":"ReadAction","target":["https:\/\/swiss-peak.com\/sv\/produkt\/sp-aware-23-hopvikbart-vandbart-auto-open-close-paraply-svart\/"]}]},{"@type":"ImageObject","inLanguage":"sv-SE","@id":"https:\/\/swiss-peak.com\/sv\/produkt\/sp-aware-23-hopvikbart-vandbart-auto-open-close-paraply-svart\/#primaryimage","url":"https:\/\/swiss-peak.com\/wp-content\/uploads\/sites\/9\/2026\/04\/P850.461__S_0__3099cee46945497b93b7a9d97c2d0885.jpg","contentUrl":"https:\/\/swiss-peak.com\/wp-content\/uploads\/sites\/9\/2026\/04\/P850.461__S_0__3099cee46945497b93b7a9d97c2d0885.jpg","width":1024,"height":1024},{"@type":"BreadcrumbList","@id":"https:\/\/swiss-peak.com\/sv\/produkt\/sp-aware-23-hopvikbart-vandbart-auto-open-close-paraply-svart\/#breadcrumb","itemListElement":[{"@type":"ListItem","position":1,"name":"Home","item":"https:\/\/swiss-peak.com\/sv\/"},{"@type":"ListItem","position":2,"name":"Kollektion","item":"https:\/\/swiss-peak.com\/sv\/kollektion\/"},{"@type":"ListItem","position":3,"name":"AWARE\u2122 23&#8243; hopvikbart\/v\u00e4ndbart auto automatisk \u00f6ppni paraply"}]},{"@type":"WebSite","@id":"https:\/\/swiss-peak.com\/sv\/#website","url":"https:\/\/swiss-peak.com\/sv\/","name":"Swiss Peak","description":"Where will today take you?","potentialAction":[{"@type":"SearchAction","target":{"@type":"EntryPoint","urlTemplate":"https:\/\/swiss-peak.com\/sv\/?s={search_term_string}"},"query-input":{"@type":"PropertyValueSpecification","valueRequired":true,"valueName":"search_term_string"}}],"inLanguage":"sv-SE"}]}},"_links":{"self":[{"href":"https:\/\/swiss-peak.com\/sv\/wp-json\/wp\/v2\/product\/16277","targetHints":{"allow":["GET"]}}],"collection":[{"href":"https:\/\/swiss-peak.com\/sv\/wp-json\/wp\/v2\/product"}],"about":[{"href":"https:\/\/swiss-peak.com\/sv\/wp-json\/wp\/v2\/types\/product"}],"wp:featuredmedia":[{"embeddable":true,"href":"https:\/\/swiss-peak.com\/sv\/wp-json\/wp\/v2\/media\/46602"}],"wp:attachment":[{"href":"https:\/\/swiss-peak.com\/sv\/wp-json\/wp\/v2\/media?parent=16277"}],"wp:term":[{"taxonomy":"product_cat","embeddable":true,"href":"https:\/\/swiss-peak.com\/sv\/wp-json\/wp\/v2\/product_cat?post=16277"},{"taxonomy":"product_tag","embeddable":true,"href":"https:\/\/swiss-peak.com\/sv\/wp-json\/wp\/v2\/product_tag?post=16277"}],"curies":[{"name":"wp","href":"https:\/\/api.w.org\/{rel}","templated":true}]}}