{"id":16170,"date":"2023-06-03T02:00:18","date_gmt":"2023-06-03T01:12:13","guid":{"rendered":"https:\/\/swiss-peak.com\/p850-48-product-variation\/"},"modified":"2026-03-12T04:19:05","modified_gmt":"2026-03-12T02:19:05","slug":"p850-48-product-variation","status":"publish","type":"product","link":"https:\/\/swiss-peak.com\/sv\/produkt\/p850-48-product-variation\/","title":{"rendered":"AWARE\u2122 Traveller 21\u201d automatiskt paraply, svart"},"content":{"rendered":"<p>Detta paraply fr\u00e5n Swiss Peak har tre sektioner och \u00e4r tillverkat av 190T pongee \u00e5tervunnen polyester med AWARE\u2122 sp\u00e5r\u00e4mne, har ett kromat aluminiumskaft och ett vindt\u00e4tt system som st\u00f6ds av glasfiberribbor. Automatisk \u00f6ppning och manuell st\u00e4ngning. AWARE\u2122-sp\u00e5rning som bekr\u00e4ftar den genuina anv\u00e4ndningen av \u00e5tervunnen polyester. Paraplyet levereras med ett fodral och i en Swiss Peak giftbox.<\/p>\n","protected":false},"excerpt":{"rendered":"<p>Detta paraply fr\u00e5n Swiss Peak har tre sektioner och \u00e4r tillverkat av 190T pongee \u00e5tervunnen polyester med AWARE\u2122 sp\u00e5r\u00e4mne, har ett kromat aluminiumskaft och ett vindt\u00e4tt system som st\u00f6ds av glasfiberribbor. Automatisk \u00f6ppning och manuell st\u00e4ngning. AWARE\u2122-sp\u00e5rning som bekr\u00e4ftar den genuina anv\u00e4ndningen av \u00e5tervunnen polyester. Paraplyet levereras med ett fodral och i en Swiss Peak [&hellip;]<\/p>\n","protected":false},"featured_media":43764,"template":"","meta":{"_acf_changed":false},"product_cat":[306,323],"product_tag":[],"class_list":["post-16170","product","type-product","status-publish","has-post-thumbnail","hentry","product_cat-fritid-sport","product_cat-paraplyer","pa_color-black-sv"],"acf":[],"yoast_head":"<!-- This site is optimized with the Yoast SEO plugin v27.0 - https:\/\/yoast.com\/product\/yoast-seo-wordpress\/ -->\n<title>AWARE\u2122 Traveller 21\u201d automatiskt paraply, svart - Swiss Peak<\/title>\n<meta name=\"robots\" content=\"index, follow, max-snippet:-1, max-image-preview:large, max-video-preview:-1\" \/>\n<link rel=\"canonical\" href=\"https:\/\/swiss-peak.com\/sv\/produkt\/p850-48-product-variation\/\" \/>\n<meta property=\"og:locale\" content=\"sv_SE\" \/>\n<meta property=\"og:type\" content=\"article\" \/>\n<meta property=\"og:title\" content=\"AWARE\u2122 Traveller 21\u201d automatiskt paraply, svart - Swiss Peak\" \/>\n<meta property=\"og:description\" content=\"Detta paraply fr\u00e5n Swiss Peak har tre sektioner och \u00e4r tillverkat av 190T pongee \u00e5tervunnen polyester med AWARE\u2122 sp\u00e5r\u00e4mne, har ett kromat aluminiumskaft och ett vindt\u00e4tt system som st\u00f6ds av glasfiberribbor. Automatisk \u00f6ppning och manuell st\u00e4ngning. AWARE\u2122-sp\u00e5rning som bekr\u00e4ftar den genuina anv\u00e4ndningen av \u00e5tervunnen polyester. Paraplyet levereras med ett fodral och i en Swiss Peak [&hellip;]\" \/>\n<meta property=\"og:url\" content=\"https:\/\/swiss-peak.com\/sv\/produkt\/p850-48-product-variation\/\" \/>\n<meta property=\"og:site_name\" content=\"Swiss Peak\" \/>\n<meta property=\"article:modified_time\" content=\"2026-03-12T02:19:05+00:00\" \/>\n<meta property=\"og:image\" content=\"https:\/\/swiss-peak.com\/wp-content\/uploads\/sites\/9\/2024\/02\/P850.481__S_0__ac9b5ed6134342329079f08b2abb147a.jpg\" \/>\n\t<meta property=\"og:image:width\" content=\"1024\" \/>\n\t<meta property=\"og:image:height\" content=\"1024\" \/>\n\t<meta property=\"og:image:type\" content=\"image\/jpeg\" \/>\n<meta name=\"twitter:card\" content=\"summary_large_image\" \/>\n<script type=\"application\/ld+json\" class=\"yoast-schema-graph\">{\"@context\":\"https:\/\/schema.org\",\"@graph\":[{\"@type\":\"WebPage\",\"@id\":\"https:\/\/swiss-peak.com\/sv\/produkt\/p850-48-product-variation\/\",\"url\":\"https:\/\/swiss-peak.com\/sv\/produkt\/p850-48-product-variation\/\",\"name\":\"AWARE\u2122 Traveller 21\u201d automatiskt paraply, svart - Swiss Peak\",\"isPartOf\":{\"@id\":\"https:\/\/swiss-peak.com\/sv\/#website\"},\"primaryImageOfPage\":{\"@id\":\"https:\/\/swiss-peak.com\/sv\/produkt\/p850-48-product-variation\/#primaryimage\"},\"image\":{\"@id\":\"https:\/\/swiss-peak.com\/sv\/produkt\/p850-48-product-variation\/#primaryimage\"},\"thumbnailUrl\":\"https:\/\/swiss-peak.com\/wp-content\/uploads\/sites\/9\/2024\/02\/P850.481__S_0__ac9b5ed6134342329079f08b2abb147a.jpg\",\"datePublished\":\"2023-06-03T01:12:13+00:00\",\"dateModified\":\"2026-03-12T02:19:05+00:00\",\"breadcrumb\":{\"@id\":\"https:\/\/swiss-peak.com\/sv\/produkt\/p850-48-product-variation\/#breadcrumb\"},\"inLanguage\":\"sv-SE\",\"potentialAction\":[{\"@type\":\"ReadAction\",\"target\":[\"https:\/\/swiss-peak.com\/sv\/produkt\/p850-48-product-variation\/\"]}]},{\"@type\":\"ImageObject\",\"inLanguage\":\"sv-SE\",\"@id\":\"https:\/\/swiss-peak.com\/sv\/produkt\/p850-48-product-variation\/#primaryimage\",\"url\":\"https:\/\/swiss-peak.com\/wp-content\/uploads\/sites\/9\/2024\/02\/P850.481__S_0__ac9b5ed6134342329079f08b2abb147a.jpg\",\"contentUrl\":\"https:\/\/swiss-peak.com\/wp-content\/uploads\/sites\/9\/2024\/02\/P850.481__S_0__ac9b5ed6134342329079f08b2abb147a.jpg\",\"width\":1024,\"height\":1024},{\"@type\":\"BreadcrumbList\",\"@id\":\"https:\/\/swiss-peak.com\/sv\/produkt\/p850-48-product-variation\/#breadcrumb\",\"itemListElement\":[{\"@type\":\"ListItem\",\"position\":1,\"name\":\"Home\",\"item\":\"https:\/\/swiss-peak.com\/sv\/\"},{\"@type\":\"ListItem\",\"position\":2,\"name\":\"Kollektion\",\"item\":\"https:\/\/swiss-peak.com\/sv\/kollektion\/\"},{\"@type\":\"ListItem\",\"position\":3,\"name\":\"AWARE\u2122 Traveller 21\u201d automatiskt paraply, svart\"}]},{\"@type\":\"WebSite\",\"@id\":\"https:\/\/swiss-peak.com\/sv\/#website\",\"url\":\"https:\/\/swiss-peak.com\/sv\/\",\"name\":\"Swiss Peak\",\"description\":\"Where will today take you?\",\"potentialAction\":[{\"@type\":\"SearchAction\",\"target\":{\"@type\":\"EntryPoint\",\"urlTemplate\":\"https:\/\/swiss-peak.com\/sv\/?s={search_term_string}\"},\"query-input\":{\"@type\":\"PropertyValueSpecification\",\"valueRequired\":true,\"valueName\":\"search_term_string\"}}],\"inLanguage\":\"sv-SE\"}]}<\/script>\n<!-- \/ Yoast SEO plugin. -->","yoast_head_json":{"title":"AWARE\u2122 Traveller 21\u201d automatiskt paraply, svart - Swiss Peak","robots":{"index":"index","follow":"follow","max-snippet":"max-snippet:-1","max-image-preview":"max-image-preview:large","max-video-preview":"max-video-preview:-1"},"canonical":"https:\/\/swiss-peak.com\/sv\/produkt\/p850-48-product-variation\/","og_locale":"sv_SE","og_type":"article","og_title":"AWARE\u2122 Traveller 21\u201d automatiskt paraply, svart - Swiss Peak","og_description":"Detta paraply fr\u00e5n Swiss Peak har tre sektioner och \u00e4r tillverkat av 190T pongee \u00e5tervunnen polyester med AWARE\u2122 sp\u00e5r\u00e4mne, har ett kromat aluminiumskaft och ett vindt\u00e4tt system som st\u00f6ds av glasfiberribbor. Automatisk \u00f6ppning och manuell st\u00e4ngning. AWARE\u2122-sp\u00e5rning som bekr\u00e4ftar den genuina anv\u00e4ndningen av \u00e5tervunnen polyester. Paraplyet levereras med ett fodral och i en Swiss Peak [&hellip;]","og_url":"https:\/\/swiss-peak.com\/sv\/produkt\/p850-48-product-variation\/","og_site_name":"Swiss Peak","article_modified_time":"2026-03-12T02:19:05+00:00","og_image":[{"width":1024,"height":1024,"url":"https:\/\/swiss-peak.com\/wp-content\/uploads\/sites\/9\/2024\/02\/P850.481__S_0__ac9b5ed6134342329079f08b2abb147a.jpg","type":"image\/jpeg"}],"twitter_card":"summary_large_image","schema":{"@context":"https:\/\/schema.org","@graph":[{"@type":"WebPage","@id":"https:\/\/swiss-peak.com\/sv\/produkt\/p850-48-product-variation\/","url":"https:\/\/swiss-peak.com\/sv\/produkt\/p850-48-product-variation\/","name":"AWARE\u2122 Traveller 21\u201d automatiskt paraply, svart - Swiss Peak","isPartOf":{"@id":"https:\/\/swiss-peak.com\/sv\/#website"},"primaryImageOfPage":{"@id":"https:\/\/swiss-peak.com\/sv\/produkt\/p850-48-product-variation\/#primaryimage"},"image":{"@id":"https:\/\/swiss-peak.com\/sv\/produkt\/p850-48-product-variation\/#primaryimage"},"thumbnailUrl":"https:\/\/swiss-peak.com\/wp-content\/uploads\/sites\/9\/2024\/02\/P850.481__S_0__ac9b5ed6134342329079f08b2abb147a.jpg","datePublished":"2023-06-03T01:12:13+00:00","dateModified":"2026-03-12T02:19:05+00:00","breadcrumb":{"@id":"https:\/\/swiss-peak.com\/sv\/produkt\/p850-48-product-variation\/#breadcrumb"},"inLanguage":"sv-SE","potentialAction":[{"@type":"ReadAction","target":["https:\/\/swiss-peak.com\/sv\/produkt\/p850-48-product-variation\/"]}]},{"@type":"ImageObject","inLanguage":"sv-SE","@id":"https:\/\/swiss-peak.com\/sv\/produkt\/p850-48-product-variation\/#primaryimage","url":"https:\/\/swiss-peak.com\/wp-content\/uploads\/sites\/9\/2024\/02\/P850.481__S_0__ac9b5ed6134342329079f08b2abb147a.jpg","contentUrl":"https:\/\/swiss-peak.com\/wp-content\/uploads\/sites\/9\/2024\/02\/P850.481__S_0__ac9b5ed6134342329079f08b2abb147a.jpg","width":1024,"height":1024},{"@type":"BreadcrumbList","@id":"https:\/\/swiss-peak.com\/sv\/produkt\/p850-48-product-variation\/#breadcrumb","itemListElement":[{"@type":"ListItem","position":1,"name":"Home","item":"https:\/\/swiss-peak.com\/sv\/"},{"@type":"ListItem","position":2,"name":"Kollektion","item":"https:\/\/swiss-peak.com\/sv\/kollektion\/"},{"@type":"ListItem","position":3,"name":"AWARE\u2122 Traveller 21\u201d automatiskt paraply, svart"}]},{"@type":"WebSite","@id":"https:\/\/swiss-peak.com\/sv\/#website","url":"https:\/\/swiss-peak.com\/sv\/","name":"Swiss Peak","description":"Where will today take you?","potentialAction":[{"@type":"SearchAction","target":{"@type":"EntryPoint","urlTemplate":"https:\/\/swiss-peak.com\/sv\/?s={search_term_string}"},"query-input":{"@type":"PropertyValueSpecification","valueRequired":true,"valueName":"search_term_string"}}],"inLanguage":"sv-SE"}]}},"_links":{"self":[{"href":"https:\/\/swiss-peak.com\/sv\/wp-json\/wp\/v2\/product\/16170","targetHints":{"allow":["GET"]}}],"collection":[{"href":"https:\/\/swiss-peak.com\/sv\/wp-json\/wp\/v2\/product"}],"about":[{"href":"https:\/\/swiss-peak.com\/sv\/wp-json\/wp\/v2\/types\/product"}],"wp:featuredmedia":[{"embeddable":true,"href":"https:\/\/swiss-peak.com\/sv\/wp-json\/wp\/v2\/media\/43764"}],"wp:attachment":[{"href":"https:\/\/swiss-peak.com\/sv\/wp-json\/wp\/v2\/media?parent=16170"}],"wp:term":[{"taxonomy":"product_cat","embeddable":true,"href":"https:\/\/swiss-peak.com\/sv\/wp-json\/wp\/v2\/product_cat?post=16170"},{"taxonomy":"product_tag","embeddable":true,"href":"https:\/\/swiss-peak.com\/sv\/wp-json\/wp\/v2\/product_tag?post=16170"}],"curies":[{"name":"wp","href":"https:\/\/api.w.org\/{rel}","templated":true}]}}