{"id":15940,"date":"2023-05-24T02:00:16","date_gmt":"2023-05-24T01:10:12","guid":{"rendered":"https:\/\/swiss-peak.com\/swiss-peak-fern-aware-rpet-15-ryggsack-svart\/"},"modified":"2026-03-12T04:15:18","modified_gmt":"2026-03-12T02:15:18","slug":"swiss-peak-fern-aware-rpet-15-ryggsack-svart","status":"publish","type":"product","link":"https:\/\/swiss-peak.com\/sv\/produkt\/swiss-peak-fern-aware-rpet-15-ryggsack-svart\/","title":{"rendered":"Fern AWARE\u2122 RPET 15&#8243; ryggs\u00e4ck, svart"},"content":{"rendered":"<p>Den h\u00e4r AWARE\u2122 RPET 15&#8243; ryggs\u00e4ck med allover-blixtl\u00e5s \u00e4r det ultimata valet f\u00f6r dem som prioriterar b\u00e5de stil och h\u00e5llbarhet. Den h\u00e4r ryggs\u00e4cken har en unik allover-blixtl\u00e5sdesign som g\u00f6r den l\u00e4tt att packa och f\u00f6rvara n\u00e4r den inte anv\u00e4nds. Den \u00e4r utrustad med ett rymligt huvudfack som rymmer en 15&#8243; laptop, tillsammans med flera fack f\u00f6r att h\u00e5lla dina viktigaste saker organiserade. Tillverkad av 100 % \u00e5tervunnen polyester. Med AWARE\u2122-sp\u00e5rning som bevisar den genuina anv\u00e4ndningen av \u00e5tervunnet material.  2% av int\u00e4kterna fr\u00e5n varje s\u00e5ld AWARE\u2122-produkt kommer att doneras till Water.org.<\/p>\n","protected":false},"excerpt":{"rendered":"<p>Den h\u00e4r AWARE\u2122 RPET 15&#8243; ryggs\u00e4ck med allover-blixtl\u00e5s \u00e4r det ultimata valet f\u00f6r dem som prioriterar b\u00e5de stil och h\u00e5llbarhet. Den h\u00e4r ryggs\u00e4cken har en unik allover-blixtl\u00e5sdesign som g\u00f6r den l\u00e4tt att packa och f\u00f6rvara n\u00e4r den inte anv\u00e4nds. Den \u00e4r utrustad med ett rymligt huvudfack som rymmer en 15&#8243; laptop, tillsammans med flera fack [&hellip;]<\/p>\n","protected":false},"featured_media":35448,"template":"","meta":{"_acf_changed":false},"product_cat":[289,295,258,253],"product_tag":[],"class_list":["post-15940","product","type-product","status-publish","has-post-thumbnail","hentry","product_cat-business-sv","product_cat-laptopvaskor","product_cat-ryggsackar","product_cat-vaskor-och-resor","pa_color-black-sv"],"acf":[],"yoast_head":"<!-- This site is optimized with the Yoast SEO plugin v27.0 - https:\/\/yoast.com\/product\/yoast-seo-wordpress\/ -->\n<title>Fern AWARE\u2122 RPET 15&quot; ryggs\u00e4ck, svart - Swiss Peak<\/title>\n<meta name=\"robots\" content=\"index, follow, max-snippet:-1, max-image-preview:large, max-video-preview:-1\" \/>\n<link rel=\"canonical\" href=\"https:\/\/swiss-peak.com\/sv\/produkt\/swiss-peak-fern-aware-rpet-15-ryggsack-svart\/\" \/>\n<meta property=\"og:locale\" content=\"sv_SE\" \/>\n<meta property=\"og:type\" content=\"article\" \/>\n<meta property=\"og:title\" content=\"Fern AWARE\u2122 RPET 15&quot; ryggs\u00e4ck, svart - Swiss Peak\" \/>\n<meta property=\"og:description\" content=\"Den h\u00e4r AWARE\u2122 RPET 15&#8243; ryggs\u00e4ck med allover-blixtl\u00e5s \u00e4r det ultimata valet f\u00f6r dem som prioriterar b\u00e5de stil och h\u00e5llbarhet. Den h\u00e4r ryggs\u00e4cken har en unik allover-blixtl\u00e5sdesign som g\u00f6r den l\u00e4tt att packa och f\u00f6rvara n\u00e4r den inte anv\u00e4nds. Den \u00e4r utrustad med ett rymligt huvudfack som rymmer en 15&#8243; laptop, tillsammans med flera fack [&hellip;]\" \/>\n<meta property=\"og:url\" content=\"https:\/\/swiss-peak.com\/sv\/produkt\/swiss-peak-fern-aware-rpet-15-ryggsack-svart\/\" \/>\n<meta property=\"og:site_name\" content=\"Swiss Peak\" \/>\n<meta property=\"article:modified_time\" content=\"2026-03-12T02:15:18+00:00\" \/>\n<meta property=\"og:image\" content=\"https:\/\/swiss-peak.com\/wp-content\/uploads\/sites\/9\/2024\/02\/P763.041__S_0__7969ebd8e7e34190807b24bf1de60b94.jpg\" \/>\n\t<meta property=\"og:image:width\" content=\"1024\" \/>\n\t<meta property=\"og:image:height\" content=\"1024\" \/>\n\t<meta property=\"og:image:type\" content=\"image\/jpeg\" \/>\n<meta name=\"twitter:card\" content=\"summary_large_image\" \/>\n<meta name=\"twitter:label1\" content=\"Ber\u00e4knad l\u00e4stid\" \/>\n\t<meta name=\"twitter:data1\" content=\"1 minut\" \/>\n<script type=\"application\/ld+json\" class=\"yoast-schema-graph\">{\"@context\":\"https:\/\/schema.org\",\"@graph\":[{\"@type\":\"WebPage\",\"@id\":\"https:\/\/swiss-peak.com\/sv\/produkt\/swiss-peak-fern-aware-rpet-15-ryggsack-svart\/\",\"url\":\"https:\/\/swiss-peak.com\/sv\/produkt\/swiss-peak-fern-aware-rpet-15-ryggsack-svart\/\",\"name\":\"Fern AWARE\u2122 RPET 15\\\" ryggs\u00e4ck, svart - Swiss Peak\",\"isPartOf\":{\"@id\":\"https:\/\/swiss-peak.com\/sv\/#website\"},\"primaryImageOfPage\":{\"@id\":\"https:\/\/swiss-peak.com\/sv\/produkt\/swiss-peak-fern-aware-rpet-15-ryggsack-svart\/#primaryimage\"},\"image\":{\"@id\":\"https:\/\/swiss-peak.com\/sv\/produkt\/swiss-peak-fern-aware-rpet-15-ryggsack-svart\/#primaryimage\"},\"thumbnailUrl\":\"https:\/\/swiss-peak.com\/wp-content\/uploads\/sites\/9\/2024\/02\/P763.041__S_0__7969ebd8e7e34190807b24bf1de60b94.jpg\",\"datePublished\":\"2023-05-24T01:10:12+00:00\",\"dateModified\":\"2026-03-12T02:15:18+00:00\",\"breadcrumb\":{\"@id\":\"https:\/\/swiss-peak.com\/sv\/produkt\/swiss-peak-fern-aware-rpet-15-ryggsack-svart\/#breadcrumb\"},\"inLanguage\":\"sv-SE\",\"potentialAction\":[{\"@type\":\"ReadAction\",\"target\":[\"https:\/\/swiss-peak.com\/sv\/produkt\/swiss-peak-fern-aware-rpet-15-ryggsack-svart\/\"]}]},{\"@type\":\"ImageObject\",\"inLanguage\":\"sv-SE\",\"@id\":\"https:\/\/swiss-peak.com\/sv\/produkt\/swiss-peak-fern-aware-rpet-15-ryggsack-svart\/#primaryimage\",\"url\":\"https:\/\/swiss-peak.com\/wp-content\/uploads\/sites\/9\/2024\/02\/P763.041__S_0__7969ebd8e7e34190807b24bf1de60b94.jpg\",\"contentUrl\":\"https:\/\/swiss-peak.com\/wp-content\/uploads\/sites\/9\/2024\/02\/P763.041__S_0__7969ebd8e7e34190807b24bf1de60b94.jpg\",\"width\":1024,\"height\":1024},{\"@type\":\"BreadcrumbList\",\"@id\":\"https:\/\/swiss-peak.com\/sv\/produkt\/swiss-peak-fern-aware-rpet-15-ryggsack-svart\/#breadcrumb\",\"itemListElement\":[{\"@type\":\"ListItem\",\"position\":1,\"name\":\"Home\",\"item\":\"https:\/\/swiss-peak.com\/sv\/\"},{\"@type\":\"ListItem\",\"position\":2,\"name\":\"Kollektion\",\"item\":\"https:\/\/swiss-peak.com\/sv\/kollektion\/\"},{\"@type\":\"ListItem\",\"position\":3,\"name\":\"Fern AWARE\u2122 RPET 15&#8243; ryggs\u00e4ck, svart\"}]},{\"@type\":\"WebSite\",\"@id\":\"https:\/\/swiss-peak.com\/sv\/#website\",\"url\":\"https:\/\/swiss-peak.com\/sv\/\",\"name\":\"Swiss Peak\",\"description\":\"Where will today take you?\",\"potentialAction\":[{\"@type\":\"SearchAction\",\"target\":{\"@type\":\"EntryPoint\",\"urlTemplate\":\"https:\/\/swiss-peak.com\/sv\/?s={search_term_string}\"},\"query-input\":{\"@type\":\"PropertyValueSpecification\",\"valueRequired\":true,\"valueName\":\"search_term_string\"}}],\"inLanguage\":\"sv-SE\"}]}<\/script>\n<!-- \/ Yoast SEO plugin. -->","yoast_head_json":{"title":"Fern AWARE\u2122 RPET 15\" ryggs\u00e4ck, svart - Swiss Peak","robots":{"index":"index","follow":"follow","max-snippet":"max-snippet:-1","max-image-preview":"max-image-preview:large","max-video-preview":"max-video-preview:-1"},"canonical":"https:\/\/swiss-peak.com\/sv\/produkt\/swiss-peak-fern-aware-rpet-15-ryggsack-svart\/","og_locale":"sv_SE","og_type":"article","og_title":"Fern AWARE\u2122 RPET 15\" ryggs\u00e4ck, svart - Swiss Peak","og_description":"Den h\u00e4r AWARE\u2122 RPET 15&#8243; ryggs\u00e4ck med allover-blixtl\u00e5s \u00e4r det ultimata valet f\u00f6r dem som prioriterar b\u00e5de stil och h\u00e5llbarhet. Den h\u00e4r ryggs\u00e4cken har en unik allover-blixtl\u00e5sdesign som g\u00f6r den l\u00e4tt att packa och f\u00f6rvara n\u00e4r den inte anv\u00e4nds. Den \u00e4r utrustad med ett rymligt huvudfack som rymmer en 15&#8243; laptop, tillsammans med flera fack [&hellip;]","og_url":"https:\/\/swiss-peak.com\/sv\/produkt\/swiss-peak-fern-aware-rpet-15-ryggsack-svart\/","og_site_name":"Swiss Peak","article_modified_time":"2026-03-12T02:15:18+00:00","og_image":[{"width":1024,"height":1024,"url":"https:\/\/swiss-peak.com\/wp-content\/uploads\/sites\/9\/2024\/02\/P763.041__S_0__7969ebd8e7e34190807b24bf1de60b94.jpg","type":"image\/jpeg"}],"twitter_card":"summary_large_image","twitter_misc":{"Ber\u00e4knad l\u00e4stid":"1 minut"},"schema":{"@context":"https:\/\/schema.org","@graph":[{"@type":"WebPage","@id":"https:\/\/swiss-peak.com\/sv\/produkt\/swiss-peak-fern-aware-rpet-15-ryggsack-svart\/","url":"https:\/\/swiss-peak.com\/sv\/produkt\/swiss-peak-fern-aware-rpet-15-ryggsack-svart\/","name":"Fern AWARE\u2122 RPET 15\" ryggs\u00e4ck, svart - Swiss Peak","isPartOf":{"@id":"https:\/\/swiss-peak.com\/sv\/#website"},"primaryImageOfPage":{"@id":"https:\/\/swiss-peak.com\/sv\/produkt\/swiss-peak-fern-aware-rpet-15-ryggsack-svart\/#primaryimage"},"image":{"@id":"https:\/\/swiss-peak.com\/sv\/produkt\/swiss-peak-fern-aware-rpet-15-ryggsack-svart\/#primaryimage"},"thumbnailUrl":"https:\/\/swiss-peak.com\/wp-content\/uploads\/sites\/9\/2024\/02\/P763.041__S_0__7969ebd8e7e34190807b24bf1de60b94.jpg","datePublished":"2023-05-24T01:10:12+00:00","dateModified":"2026-03-12T02:15:18+00:00","breadcrumb":{"@id":"https:\/\/swiss-peak.com\/sv\/produkt\/swiss-peak-fern-aware-rpet-15-ryggsack-svart\/#breadcrumb"},"inLanguage":"sv-SE","potentialAction":[{"@type":"ReadAction","target":["https:\/\/swiss-peak.com\/sv\/produkt\/swiss-peak-fern-aware-rpet-15-ryggsack-svart\/"]}]},{"@type":"ImageObject","inLanguage":"sv-SE","@id":"https:\/\/swiss-peak.com\/sv\/produkt\/swiss-peak-fern-aware-rpet-15-ryggsack-svart\/#primaryimage","url":"https:\/\/swiss-peak.com\/wp-content\/uploads\/sites\/9\/2024\/02\/P763.041__S_0__7969ebd8e7e34190807b24bf1de60b94.jpg","contentUrl":"https:\/\/swiss-peak.com\/wp-content\/uploads\/sites\/9\/2024\/02\/P763.041__S_0__7969ebd8e7e34190807b24bf1de60b94.jpg","width":1024,"height":1024},{"@type":"BreadcrumbList","@id":"https:\/\/swiss-peak.com\/sv\/produkt\/swiss-peak-fern-aware-rpet-15-ryggsack-svart\/#breadcrumb","itemListElement":[{"@type":"ListItem","position":1,"name":"Home","item":"https:\/\/swiss-peak.com\/sv\/"},{"@type":"ListItem","position":2,"name":"Kollektion","item":"https:\/\/swiss-peak.com\/sv\/kollektion\/"},{"@type":"ListItem","position":3,"name":"Fern AWARE\u2122 RPET 15&#8243; ryggs\u00e4ck, svart"}]},{"@type":"WebSite","@id":"https:\/\/swiss-peak.com\/sv\/#website","url":"https:\/\/swiss-peak.com\/sv\/","name":"Swiss Peak","description":"Where will today take you?","potentialAction":[{"@type":"SearchAction","target":{"@type":"EntryPoint","urlTemplate":"https:\/\/swiss-peak.com\/sv\/?s={search_term_string}"},"query-input":{"@type":"PropertyValueSpecification","valueRequired":true,"valueName":"search_term_string"}}],"inLanguage":"sv-SE"}]}},"_links":{"self":[{"href":"https:\/\/swiss-peak.com\/sv\/wp-json\/wp\/v2\/product\/15940","targetHints":{"allow":["GET"]}}],"collection":[{"href":"https:\/\/swiss-peak.com\/sv\/wp-json\/wp\/v2\/product"}],"about":[{"href":"https:\/\/swiss-peak.com\/sv\/wp-json\/wp\/v2\/types\/product"}],"wp:featuredmedia":[{"embeddable":true,"href":"https:\/\/swiss-peak.com\/sv\/wp-json\/wp\/v2\/media\/35448"}],"wp:attachment":[{"href":"https:\/\/swiss-peak.com\/sv\/wp-json\/wp\/v2\/media?parent=15940"}],"wp:term":[{"taxonomy":"product_cat","embeddable":true,"href":"https:\/\/swiss-peak.com\/sv\/wp-json\/wp\/v2\/product_cat?post=15940"},{"taxonomy":"product_tag","embeddable":true,"href":"https:\/\/swiss-peak.com\/sv\/wp-json\/wp\/v2\/product_tag?post=15940"}],"curies":[{"name":"wp","href":"https:\/\/api.w.org\/{rel}","templated":true}]}}