{"id":15820,"date":"2023-05-20T02:00:11","date_gmt":"2023-05-20T01:10:12","guid":{"rendered":"https:\/\/swiss-peak.com\/swiss-peak-3w-bashogtalare-rcs-atervunnen-aluminum-gra\/"},"modified":"2026-03-12T04:11:01","modified_gmt":"2026-03-12T02:11:01","slug":"swiss-peak-3w-bashogtalare-rcs-atervunnen-aluminum-gra","status":"publish","type":"product","link":"https:\/\/swiss-peak.com\/sv\/produkt\/swiss-peak-3w-bashogtalare-rcs-atervunnen-aluminum-gra\/","title":{"rendered":"3W bash\u00f6gtalare RCS \u00e5tervunnen aluminum, gr\u00e5"},"content":{"rendered":"<p>Liten men kraftfull tr\u00e5dl\u00f6s h\u00f6gtalare p\u00e5 3W tillverkad av RCS-certifierad (Recycled Claim Standard) \u00e5tervunnen aluminium och \u00e5tervunnen ABS. Totalt \u00e5tervunnet inneh\u00e5ll: 28% baserat p\u00e5 total produktvikt. RCS-certifieringen garanterar en helt certifierad leveranskedja f\u00f6r de \u00e5tervunna materialen. Aluminium f\u00f6rlorar inte sina egenskaper i \u00e5tervinningsprocessen och kan \u00e5tervinnas i all o\u00e4ndlighet. Type C laddningskabel av RCS-certifierad \u00e5tervunnen TPE medf\u00f6ljer. Levereras i FSC\u00ae-mixf\u00f6rpackning. Batteriet p\u00e5 500mah ger en speltid p\u00e5 upp till 4 timmar och kan laddas upp helt p\u00e5 2 timmar. Med BT 5.0 f\u00f6r smidig anslutning med en r\u00e4ckvidd p\u00e5 upp till 10 meter. Produkten och tillbeh\u00f6ren \u00e4r fria fr\u00e5n PVC.<\/p>\n","protected":false},"excerpt":{"rendered":"<p>Liten men kraftfull tr\u00e5dl\u00f6s h\u00f6gtalare p\u00e5 3W tillverkad av RCS-certifierad (Recycled Claim Standard) \u00e5tervunnen aluminium och \u00e5tervunnen ABS. Totalt \u00e5tervunnet inneh\u00e5ll: 28% baserat p\u00e5 total produktvikt. RCS-certifieringen garanterar en helt certifierad leveranskedja f\u00f6r de \u00e5tervunna materialen. Aluminium f\u00f6rlorar inte sina egenskaper i \u00e5tervinningsprocessen och kan \u00e5tervinnas i all o\u00e4ndlighet. Type C laddningskabel av RCS-certifierad \u00e5tervunnen [&hellip;]<\/p>\n","protected":false},"featured_media":24536,"template":"","meta":{"_acf_changed":false},"product_cat":[306,312],"product_tag":[],"class_list":["post-15820","product","type-product","status-publish","has-post-thumbnail","hentry","product_cat-fritid-sport","product_cat-ljud","pa_color-grey-sv"],"acf":[],"yoast_head":"<!-- This site is optimized with the Yoast SEO plugin v27.0 - https:\/\/yoast.com\/product\/yoast-seo-wordpress\/ -->\n<title>3W bash\u00f6gtalare RCS \u00e5tervunnen aluminum, gr\u00e5 - Swiss Peak<\/title>\n<meta name=\"robots\" content=\"index, follow, max-snippet:-1, max-image-preview:large, max-video-preview:-1\" \/>\n<link rel=\"canonical\" href=\"https:\/\/swiss-peak.com\/sv\/produkt\/swiss-peak-3w-bashogtalare-rcs-atervunnen-aluminum-gra\/\" \/>\n<meta property=\"og:locale\" content=\"sv_SE\" \/>\n<meta property=\"og:type\" content=\"article\" \/>\n<meta property=\"og:title\" content=\"3W bash\u00f6gtalare RCS \u00e5tervunnen aluminum, gr\u00e5 - Swiss Peak\" \/>\n<meta property=\"og:description\" content=\"Liten men kraftfull tr\u00e5dl\u00f6s h\u00f6gtalare p\u00e5 3W tillverkad av RCS-certifierad (Recycled Claim Standard) \u00e5tervunnen aluminium och \u00e5tervunnen ABS. Totalt \u00e5tervunnet inneh\u00e5ll: 28% baserat p\u00e5 total produktvikt. RCS-certifieringen garanterar en helt certifierad leveranskedja f\u00f6r de \u00e5tervunna materialen. Aluminium f\u00f6rlorar inte sina egenskaper i \u00e5tervinningsprocessen och kan \u00e5tervinnas i all o\u00e4ndlighet. Type C laddningskabel av RCS-certifierad \u00e5tervunnen [&hellip;]\" \/>\n<meta property=\"og:url\" content=\"https:\/\/swiss-peak.com\/sv\/produkt\/swiss-peak-3w-bashogtalare-rcs-atervunnen-aluminum-gra\/\" \/>\n<meta property=\"og:site_name\" content=\"Swiss Peak\" \/>\n<meta property=\"article:modified_time\" content=\"2026-03-12T02:11:01+00:00\" \/>\n<meta property=\"og:image\" content=\"https:\/\/swiss-peak.com\/wp-content\/uploads\/sites\/9\/2024\/02\/P331.002__S_0__ea0ac5be37f943a192dc0da5b2ca0294.jpg\" \/>\n\t<meta property=\"og:image:width\" content=\"1024\" \/>\n\t<meta property=\"og:image:height\" content=\"1024\" \/>\n\t<meta property=\"og:image:type\" content=\"image\/jpeg\" \/>\n<meta name=\"twitter:card\" content=\"summary_large_image\" \/>\n<meta name=\"twitter:label1\" content=\"Ber\u00e4knad l\u00e4stid\" \/>\n\t<meta name=\"twitter:data1\" content=\"1 minut\" \/>\n<script type=\"application\/ld+json\" class=\"yoast-schema-graph\">{\"@context\":\"https:\/\/schema.org\",\"@graph\":[{\"@type\":\"WebPage\",\"@id\":\"https:\/\/swiss-peak.com\/sv\/produkt\/swiss-peak-3w-bashogtalare-rcs-atervunnen-aluminum-gra\/\",\"url\":\"https:\/\/swiss-peak.com\/sv\/produkt\/swiss-peak-3w-bashogtalare-rcs-atervunnen-aluminum-gra\/\",\"name\":\"3W bash\u00f6gtalare RCS \u00e5tervunnen aluminum, gr\u00e5 - Swiss Peak\",\"isPartOf\":{\"@id\":\"https:\/\/swiss-peak.com\/sv\/#website\"},\"primaryImageOfPage\":{\"@id\":\"https:\/\/swiss-peak.com\/sv\/produkt\/swiss-peak-3w-bashogtalare-rcs-atervunnen-aluminum-gra\/#primaryimage\"},\"image\":{\"@id\":\"https:\/\/swiss-peak.com\/sv\/produkt\/swiss-peak-3w-bashogtalare-rcs-atervunnen-aluminum-gra\/#primaryimage\"},\"thumbnailUrl\":\"https:\/\/swiss-peak.com\/wp-content\/uploads\/sites\/9\/2024\/02\/P331.002__S_0__ea0ac5be37f943a192dc0da5b2ca0294.jpg\",\"datePublished\":\"2023-05-20T01:10:12+00:00\",\"dateModified\":\"2026-03-12T02:11:01+00:00\",\"breadcrumb\":{\"@id\":\"https:\/\/swiss-peak.com\/sv\/produkt\/swiss-peak-3w-bashogtalare-rcs-atervunnen-aluminum-gra\/#breadcrumb\"},\"inLanguage\":\"sv-SE\",\"potentialAction\":[{\"@type\":\"ReadAction\",\"target\":[\"https:\/\/swiss-peak.com\/sv\/produkt\/swiss-peak-3w-bashogtalare-rcs-atervunnen-aluminum-gra\/\"]}]},{\"@type\":\"ImageObject\",\"inLanguage\":\"sv-SE\",\"@id\":\"https:\/\/swiss-peak.com\/sv\/produkt\/swiss-peak-3w-bashogtalare-rcs-atervunnen-aluminum-gra\/#primaryimage\",\"url\":\"https:\/\/swiss-peak.com\/wp-content\/uploads\/sites\/9\/2024\/02\/P331.002__S_0__ea0ac5be37f943a192dc0da5b2ca0294.jpg\",\"contentUrl\":\"https:\/\/swiss-peak.com\/wp-content\/uploads\/sites\/9\/2024\/02\/P331.002__S_0__ea0ac5be37f943a192dc0da5b2ca0294.jpg\",\"width\":1024,\"height\":1024},{\"@type\":\"BreadcrumbList\",\"@id\":\"https:\/\/swiss-peak.com\/sv\/produkt\/swiss-peak-3w-bashogtalare-rcs-atervunnen-aluminum-gra\/#breadcrumb\",\"itemListElement\":[{\"@type\":\"ListItem\",\"position\":1,\"name\":\"Home\",\"item\":\"https:\/\/swiss-peak.com\/sv\/\"},{\"@type\":\"ListItem\",\"position\":2,\"name\":\"Kollektion\",\"item\":\"https:\/\/swiss-peak.com\/sv\/kollektion\/\"},{\"@type\":\"ListItem\",\"position\":3,\"name\":\"3W bash\u00f6gtalare RCS \u00e5tervunnen aluminum, gr\u00e5\"}]},{\"@type\":\"WebSite\",\"@id\":\"https:\/\/swiss-peak.com\/sv\/#website\",\"url\":\"https:\/\/swiss-peak.com\/sv\/\",\"name\":\"Swiss Peak\",\"description\":\"Where will today take you?\",\"potentialAction\":[{\"@type\":\"SearchAction\",\"target\":{\"@type\":\"EntryPoint\",\"urlTemplate\":\"https:\/\/swiss-peak.com\/sv\/?s={search_term_string}\"},\"query-input\":{\"@type\":\"PropertyValueSpecification\",\"valueRequired\":true,\"valueName\":\"search_term_string\"}}],\"inLanguage\":\"sv-SE\"}]}<\/script>\n<!-- \/ Yoast SEO plugin. -->","yoast_head_json":{"title":"3W bash\u00f6gtalare RCS \u00e5tervunnen aluminum, gr\u00e5 - Swiss Peak","robots":{"index":"index","follow":"follow","max-snippet":"max-snippet:-1","max-image-preview":"max-image-preview:large","max-video-preview":"max-video-preview:-1"},"canonical":"https:\/\/swiss-peak.com\/sv\/produkt\/swiss-peak-3w-bashogtalare-rcs-atervunnen-aluminum-gra\/","og_locale":"sv_SE","og_type":"article","og_title":"3W bash\u00f6gtalare RCS \u00e5tervunnen aluminum, gr\u00e5 - Swiss Peak","og_description":"Liten men kraftfull tr\u00e5dl\u00f6s h\u00f6gtalare p\u00e5 3W tillverkad av RCS-certifierad (Recycled Claim Standard) \u00e5tervunnen aluminium och \u00e5tervunnen ABS. Totalt \u00e5tervunnet inneh\u00e5ll: 28% baserat p\u00e5 total produktvikt. RCS-certifieringen garanterar en helt certifierad leveranskedja f\u00f6r de \u00e5tervunna materialen. Aluminium f\u00f6rlorar inte sina egenskaper i \u00e5tervinningsprocessen och kan \u00e5tervinnas i all o\u00e4ndlighet. Type C laddningskabel av RCS-certifierad \u00e5tervunnen [&hellip;]","og_url":"https:\/\/swiss-peak.com\/sv\/produkt\/swiss-peak-3w-bashogtalare-rcs-atervunnen-aluminum-gra\/","og_site_name":"Swiss Peak","article_modified_time":"2026-03-12T02:11:01+00:00","og_image":[{"width":1024,"height":1024,"url":"https:\/\/swiss-peak.com\/wp-content\/uploads\/sites\/9\/2024\/02\/P331.002__S_0__ea0ac5be37f943a192dc0da5b2ca0294.jpg","type":"image\/jpeg"}],"twitter_card":"summary_large_image","twitter_misc":{"Ber\u00e4knad l\u00e4stid":"1 minut"},"schema":{"@context":"https:\/\/schema.org","@graph":[{"@type":"WebPage","@id":"https:\/\/swiss-peak.com\/sv\/produkt\/swiss-peak-3w-bashogtalare-rcs-atervunnen-aluminum-gra\/","url":"https:\/\/swiss-peak.com\/sv\/produkt\/swiss-peak-3w-bashogtalare-rcs-atervunnen-aluminum-gra\/","name":"3W bash\u00f6gtalare RCS \u00e5tervunnen aluminum, gr\u00e5 - Swiss Peak","isPartOf":{"@id":"https:\/\/swiss-peak.com\/sv\/#website"},"primaryImageOfPage":{"@id":"https:\/\/swiss-peak.com\/sv\/produkt\/swiss-peak-3w-bashogtalare-rcs-atervunnen-aluminum-gra\/#primaryimage"},"image":{"@id":"https:\/\/swiss-peak.com\/sv\/produkt\/swiss-peak-3w-bashogtalare-rcs-atervunnen-aluminum-gra\/#primaryimage"},"thumbnailUrl":"https:\/\/swiss-peak.com\/wp-content\/uploads\/sites\/9\/2024\/02\/P331.002__S_0__ea0ac5be37f943a192dc0da5b2ca0294.jpg","datePublished":"2023-05-20T01:10:12+00:00","dateModified":"2026-03-12T02:11:01+00:00","breadcrumb":{"@id":"https:\/\/swiss-peak.com\/sv\/produkt\/swiss-peak-3w-bashogtalare-rcs-atervunnen-aluminum-gra\/#breadcrumb"},"inLanguage":"sv-SE","potentialAction":[{"@type":"ReadAction","target":["https:\/\/swiss-peak.com\/sv\/produkt\/swiss-peak-3w-bashogtalare-rcs-atervunnen-aluminum-gra\/"]}]},{"@type":"ImageObject","inLanguage":"sv-SE","@id":"https:\/\/swiss-peak.com\/sv\/produkt\/swiss-peak-3w-bashogtalare-rcs-atervunnen-aluminum-gra\/#primaryimage","url":"https:\/\/swiss-peak.com\/wp-content\/uploads\/sites\/9\/2024\/02\/P331.002__S_0__ea0ac5be37f943a192dc0da5b2ca0294.jpg","contentUrl":"https:\/\/swiss-peak.com\/wp-content\/uploads\/sites\/9\/2024\/02\/P331.002__S_0__ea0ac5be37f943a192dc0da5b2ca0294.jpg","width":1024,"height":1024},{"@type":"BreadcrumbList","@id":"https:\/\/swiss-peak.com\/sv\/produkt\/swiss-peak-3w-bashogtalare-rcs-atervunnen-aluminum-gra\/#breadcrumb","itemListElement":[{"@type":"ListItem","position":1,"name":"Home","item":"https:\/\/swiss-peak.com\/sv\/"},{"@type":"ListItem","position":2,"name":"Kollektion","item":"https:\/\/swiss-peak.com\/sv\/kollektion\/"},{"@type":"ListItem","position":3,"name":"3W bash\u00f6gtalare RCS \u00e5tervunnen aluminum, gr\u00e5"}]},{"@type":"WebSite","@id":"https:\/\/swiss-peak.com\/sv\/#website","url":"https:\/\/swiss-peak.com\/sv\/","name":"Swiss Peak","description":"Where will today take you?","potentialAction":[{"@type":"SearchAction","target":{"@type":"EntryPoint","urlTemplate":"https:\/\/swiss-peak.com\/sv\/?s={search_term_string}"},"query-input":{"@type":"PropertyValueSpecification","valueRequired":true,"valueName":"search_term_string"}}],"inLanguage":"sv-SE"}]}},"_links":{"self":[{"href":"https:\/\/swiss-peak.com\/sv\/wp-json\/wp\/v2\/product\/15820","targetHints":{"allow":["GET"]}}],"collection":[{"href":"https:\/\/swiss-peak.com\/sv\/wp-json\/wp\/v2\/product"}],"about":[{"href":"https:\/\/swiss-peak.com\/sv\/wp-json\/wp\/v2\/types\/product"}],"wp:featuredmedia":[{"embeddable":true,"href":"https:\/\/swiss-peak.com\/sv\/wp-json\/wp\/v2\/media\/24536"}],"wp:attachment":[{"href":"https:\/\/swiss-peak.com\/sv\/wp-json\/wp\/v2\/media?parent=15820"}],"wp:term":[{"taxonomy":"product_cat","embeddable":true,"href":"https:\/\/swiss-peak.com\/sv\/wp-json\/wp\/v2\/product_cat?post=15820"},{"taxonomy":"product_tag","embeddable":true,"href":"https:\/\/swiss-peak.com\/sv\/wp-json\/wp\/v2\/product_tag?post=15820"}],"curies":[{"name":"wp","href":"https:\/\/api.w.org\/{rel}","templated":true}]}}