{"id":15454,"date":"2023-03-14T12:14:37","date_gmt":"2023-03-14T10:14:37","guid":{"rendered":"https:\/\/xdsomename.tempurl.host\/swisspeak-website\/collection\/okategoriserad\/swiss-peak-gavoset-for-resa-grs-atervunnen-pu-svart\/"},"modified":"2026-04-16T03:17:15","modified_gmt":"2026-04-16T01:17:15","slug":"swiss-peak-gavoset-for-resa-grs-atervunnen-pu-svart","status":"publish","type":"product","link":"https:\/\/swiss-peak.com\/sv\/produkt\/swiss-peak-gavoset-for-resa-grs-atervunnen-pu-svart\/","title":{"rendered":"G\u00e5voset f\u00f6r resa GRS \u00e5tervunnen PU, svart"},"content":{"rendered":"<p>Bevara ditt pass s\u00e4kert men \u00e4nd\u00e5 n\u00e4ra till hands i detta stiliga Swiss Peak passfodral i \u00e5tervunnen PU. F\u00f6r att underl\u00e4tta din resa finns extra fack s\u00e5 att du kan f\u00f6rvara busskort och betalkort p\u00e5 samma st\u00e4lle. Passfodralet matchar bagagebrickan. Tillverkade av GRS (Global Recycle Standard) certifierade \u00e5tervunna material. GRS certifiering s\u00e4kerst\u00e4ller en helt certifierad leveranskedja av de \u00e5tervunna materialen. Totalt \u00e5tervunnet inneh\u00e5ll: 70% baserat p\u00e5 total produktvikt. Levereras i FSC\u00ae certifierad giftbox.<\/p>\n","protected":false},"excerpt":{"rendered":"<p>Bevara ditt pass s\u00e4kert men \u00e4nd\u00e5 n\u00e4ra till hands i detta stiliga Swiss Peak passfodral i \u00e5tervunnen PU. F\u00f6r att underl\u00e4tta din resa finns extra fack s\u00e5 att du kan f\u00f6rvara busskort och betalkort p\u00e5 samma st\u00e4lle. Passfodralet matchar bagagebrickan. Tillverkade av GRS (Global Recycle Standard) certifierade \u00e5tervunna material. GRS certifiering s\u00e4kerst\u00e4ller en helt certifierad [&hellip;]<\/p>\n","protected":false},"featured_media":46553,"template":"","meta":{"_acf_changed":false},"product_cat":[274,253],"product_tag":[],"class_list":["post-15454","product","type-product","status-publish","has-post-thumbnail","hentry","product_cat-reseprodukter","product_cat-vaskor-och-resor","pa_color-black-sv"],"acf":[],"yoast_head":"<!-- This site is optimized with the Yoast SEO plugin v27.0 - https:\/\/yoast.com\/product\/yoast-seo-wordpress\/ -->\n<title>G\u00e5voset f\u00f6r resa GRS \u00e5tervunnen PU, svart - Swiss Peak<\/title>\n<meta name=\"robots\" content=\"index, follow, max-snippet:-1, max-image-preview:large, max-video-preview:-1\" \/>\n<link rel=\"canonical\" href=\"https:\/\/swiss-peak.com\/sv\/produkt\/swiss-peak-gavoset-for-resa-grs-atervunnen-pu-svart\/\" \/>\n<meta property=\"og:locale\" content=\"sv_SE\" \/>\n<meta property=\"og:type\" content=\"article\" \/>\n<meta property=\"og:title\" content=\"G\u00e5voset f\u00f6r resa GRS \u00e5tervunnen PU, svart - Swiss Peak\" \/>\n<meta property=\"og:description\" content=\"Bevara ditt pass s\u00e4kert men \u00e4nd\u00e5 n\u00e4ra till hands i detta stiliga Swiss Peak passfodral i \u00e5tervunnen PU. F\u00f6r att underl\u00e4tta din resa finns extra fack s\u00e5 att du kan f\u00f6rvara busskort och betalkort p\u00e5 samma st\u00e4lle. Passfodralet matchar bagagebrickan. Tillverkade av GRS (Global Recycle Standard) certifierade \u00e5tervunna material. GRS certifiering s\u00e4kerst\u00e4ller en helt certifierad [&hellip;]\" \/>\n<meta property=\"og:url\" content=\"https:\/\/swiss-peak.com\/sv\/produkt\/swiss-peak-gavoset-for-resa-grs-atervunnen-pu-svart\/\" \/>\n<meta property=\"og:site_name\" content=\"Swiss Peak\" \/>\n<meta property=\"article:modified_time\" content=\"2026-04-16T01:17:15+00:00\" \/>\n<meta property=\"og:image\" content=\"https:\/\/swiss-peak.com\/wp-content\/uploads\/sites\/9\/2026\/04\/P820.731__S_0__f559262d9f2440f2b3d1202ca51d4dd6.jpg\" \/>\n\t<meta property=\"og:image:width\" content=\"1024\" \/>\n\t<meta property=\"og:image:height\" content=\"1024\" \/>\n\t<meta property=\"og:image:type\" content=\"image\/jpeg\" \/>\n<meta name=\"twitter:card\" content=\"summary_large_image\" \/>\n<script type=\"application\/ld+json\" class=\"yoast-schema-graph\">{\"@context\":\"https:\/\/schema.org\",\"@graph\":[{\"@type\":\"WebPage\",\"@id\":\"https:\/\/swiss-peak.com\/sv\/produkt\/swiss-peak-gavoset-for-resa-grs-atervunnen-pu-svart\/\",\"url\":\"https:\/\/swiss-peak.com\/sv\/produkt\/swiss-peak-gavoset-for-resa-grs-atervunnen-pu-svart\/\",\"name\":\"G\u00e5voset f\u00f6r resa GRS \u00e5tervunnen PU, svart - Swiss Peak\",\"isPartOf\":{\"@id\":\"https:\/\/swiss-peak.com\/sv\/#website\"},\"primaryImageOfPage\":{\"@id\":\"https:\/\/swiss-peak.com\/sv\/produkt\/swiss-peak-gavoset-for-resa-grs-atervunnen-pu-svart\/#primaryimage\"},\"image\":{\"@id\":\"https:\/\/swiss-peak.com\/sv\/produkt\/swiss-peak-gavoset-for-resa-grs-atervunnen-pu-svart\/#primaryimage\"},\"thumbnailUrl\":\"https:\/\/swiss-peak.com\/wp-content\/uploads\/sites\/9\/2026\/04\/P820.731__S_0__f559262d9f2440f2b3d1202ca51d4dd6.jpg\",\"datePublished\":\"2023-03-14T10:14:37+00:00\",\"dateModified\":\"2026-04-16T01:17:15+00:00\",\"breadcrumb\":{\"@id\":\"https:\/\/swiss-peak.com\/sv\/produkt\/swiss-peak-gavoset-for-resa-grs-atervunnen-pu-svart\/#breadcrumb\"},\"inLanguage\":\"sv-SE\",\"potentialAction\":[{\"@type\":\"ReadAction\",\"target\":[\"https:\/\/swiss-peak.com\/sv\/produkt\/swiss-peak-gavoset-for-resa-grs-atervunnen-pu-svart\/\"]}]},{\"@type\":\"ImageObject\",\"inLanguage\":\"sv-SE\",\"@id\":\"https:\/\/swiss-peak.com\/sv\/produkt\/swiss-peak-gavoset-for-resa-grs-atervunnen-pu-svart\/#primaryimage\",\"url\":\"https:\/\/swiss-peak.com\/wp-content\/uploads\/sites\/9\/2026\/04\/P820.731__S_0__f559262d9f2440f2b3d1202ca51d4dd6.jpg\",\"contentUrl\":\"https:\/\/swiss-peak.com\/wp-content\/uploads\/sites\/9\/2026\/04\/P820.731__S_0__f559262d9f2440f2b3d1202ca51d4dd6.jpg\",\"width\":1024,\"height\":1024},{\"@type\":\"BreadcrumbList\",\"@id\":\"https:\/\/swiss-peak.com\/sv\/produkt\/swiss-peak-gavoset-for-resa-grs-atervunnen-pu-svart\/#breadcrumb\",\"itemListElement\":[{\"@type\":\"ListItem\",\"position\":1,\"name\":\"Home\",\"item\":\"https:\/\/swiss-peak.com\/sv\/\"},{\"@type\":\"ListItem\",\"position\":2,\"name\":\"Kollektion\",\"item\":\"https:\/\/swiss-peak.com\/sv\/kollektion\/\"},{\"@type\":\"ListItem\",\"position\":3,\"name\":\"G\u00e5voset f\u00f6r resa GRS \u00e5tervunnen PU, svart\"}]},{\"@type\":\"WebSite\",\"@id\":\"https:\/\/swiss-peak.com\/sv\/#website\",\"url\":\"https:\/\/swiss-peak.com\/sv\/\",\"name\":\"Swiss Peak\",\"description\":\"Where will today take you?\",\"potentialAction\":[{\"@type\":\"SearchAction\",\"target\":{\"@type\":\"EntryPoint\",\"urlTemplate\":\"https:\/\/swiss-peak.com\/sv\/?s={search_term_string}\"},\"query-input\":{\"@type\":\"PropertyValueSpecification\",\"valueRequired\":true,\"valueName\":\"search_term_string\"}}],\"inLanguage\":\"sv-SE\"}]}<\/script>\n<!-- \/ Yoast SEO plugin. -->","yoast_head_json":{"title":"G\u00e5voset f\u00f6r resa GRS \u00e5tervunnen PU, svart - Swiss Peak","robots":{"index":"index","follow":"follow","max-snippet":"max-snippet:-1","max-image-preview":"max-image-preview:large","max-video-preview":"max-video-preview:-1"},"canonical":"https:\/\/swiss-peak.com\/sv\/produkt\/swiss-peak-gavoset-for-resa-grs-atervunnen-pu-svart\/","og_locale":"sv_SE","og_type":"article","og_title":"G\u00e5voset f\u00f6r resa GRS \u00e5tervunnen PU, svart - Swiss Peak","og_description":"Bevara ditt pass s\u00e4kert men \u00e4nd\u00e5 n\u00e4ra till hands i detta stiliga Swiss Peak passfodral i \u00e5tervunnen PU. F\u00f6r att underl\u00e4tta din resa finns extra fack s\u00e5 att du kan f\u00f6rvara busskort och betalkort p\u00e5 samma st\u00e4lle. Passfodralet matchar bagagebrickan. Tillverkade av GRS (Global Recycle Standard) certifierade \u00e5tervunna material. GRS certifiering s\u00e4kerst\u00e4ller en helt certifierad [&hellip;]","og_url":"https:\/\/swiss-peak.com\/sv\/produkt\/swiss-peak-gavoset-for-resa-grs-atervunnen-pu-svart\/","og_site_name":"Swiss Peak","article_modified_time":"2026-04-16T01:17:15+00:00","og_image":[{"width":1024,"height":1024,"url":"https:\/\/swiss-peak.com\/wp-content\/uploads\/sites\/9\/2026\/04\/P820.731__S_0__f559262d9f2440f2b3d1202ca51d4dd6.jpg","type":"image\/jpeg"}],"twitter_card":"summary_large_image","schema":{"@context":"https:\/\/schema.org","@graph":[{"@type":"WebPage","@id":"https:\/\/swiss-peak.com\/sv\/produkt\/swiss-peak-gavoset-for-resa-grs-atervunnen-pu-svart\/","url":"https:\/\/swiss-peak.com\/sv\/produkt\/swiss-peak-gavoset-for-resa-grs-atervunnen-pu-svart\/","name":"G\u00e5voset f\u00f6r resa GRS \u00e5tervunnen PU, svart - Swiss Peak","isPartOf":{"@id":"https:\/\/swiss-peak.com\/sv\/#website"},"primaryImageOfPage":{"@id":"https:\/\/swiss-peak.com\/sv\/produkt\/swiss-peak-gavoset-for-resa-grs-atervunnen-pu-svart\/#primaryimage"},"image":{"@id":"https:\/\/swiss-peak.com\/sv\/produkt\/swiss-peak-gavoset-for-resa-grs-atervunnen-pu-svart\/#primaryimage"},"thumbnailUrl":"https:\/\/swiss-peak.com\/wp-content\/uploads\/sites\/9\/2026\/04\/P820.731__S_0__f559262d9f2440f2b3d1202ca51d4dd6.jpg","datePublished":"2023-03-14T10:14:37+00:00","dateModified":"2026-04-16T01:17:15+00:00","breadcrumb":{"@id":"https:\/\/swiss-peak.com\/sv\/produkt\/swiss-peak-gavoset-for-resa-grs-atervunnen-pu-svart\/#breadcrumb"},"inLanguage":"sv-SE","potentialAction":[{"@type":"ReadAction","target":["https:\/\/swiss-peak.com\/sv\/produkt\/swiss-peak-gavoset-for-resa-grs-atervunnen-pu-svart\/"]}]},{"@type":"ImageObject","inLanguage":"sv-SE","@id":"https:\/\/swiss-peak.com\/sv\/produkt\/swiss-peak-gavoset-for-resa-grs-atervunnen-pu-svart\/#primaryimage","url":"https:\/\/swiss-peak.com\/wp-content\/uploads\/sites\/9\/2026\/04\/P820.731__S_0__f559262d9f2440f2b3d1202ca51d4dd6.jpg","contentUrl":"https:\/\/swiss-peak.com\/wp-content\/uploads\/sites\/9\/2026\/04\/P820.731__S_0__f559262d9f2440f2b3d1202ca51d4dd6.jpg","width":1024,"height":1024},{"@type":"BreadcrumbList","@id":"https:\/\/swiss-peak.com\/sv\/produkt\/swiss-peak-gavoset-for-resa-grs-atervunnen-pu-svart\/#breadcrumb","itemListElement":[{"@type":"ListItem","position":1,"name":"Home","item":"https:\/\/swiss-peak.com\/sv\/"},{"@type":"ListItem","position":2,"name":"Kollektion","item":"https:\/\/swiss-peak.com\/sv\/kollektion\/"},{"@type":"ListItem","position":3,"name":"G\u00e5voset f\u00f6r resa GRS \u00e5tervunnen PU, svart"}]},{"@type":"WebSite","@id":"https:\/\/swiss-peak.com\/sv\/#website","url":"https:\/\/swiss-peak.com\/sv\/","name":"Swiss Peak","description":"Where will today take you?","potentialAction":[{"@type":"SearchAction","target":{"@type":"EntryPoint","urlTemplate":"https:\/\/swiss-peak.com\/sv\/?s={search_term_string}"},"query-input":{"@type":"PropertyValueSpecification","valueRequired":true,"valueName":"search_term_string"}}],"inLanguage":"sv-SE"}]}},"_links":{"self":[{"href":"https:\/\/swiss-peak.com\/sv\/wp-json\/wp\/v2\/product\/15454","targetHints":{"allow":["GET"]}}],"collection":[{"href":"https:\/\/swiss-peak.com\/sv\/wp-json\/wp\/v2\/product"}],"about":[{"href":"https:\/\/swiss-peak.com\/sv\/wp-json\/wp\/v2\/types\/product"}],"wp:featuredmedia":[{"embeddable":true,"href":"https:\/\/swiss-peak.com\/sv\/wp-json\/wp\/v2\/media\/46553"}],"wp:attachment":[{"href":"https:\/\/swiss-peak.com\/sv\/wp-json\/wp\/v2\/media?parent=15454"}],"wp:term":[{"taxonomy":"product_cat","embeddable":true,"href":"https:\/\/swiss-peak.com\/sv\/wp-json\/wp\/v2\/product_cat?post=15454"},{"taxonomy":"product_tag","embeddable":true,"href":"https:\/\/swiss-peak.com\/sv\/wp-json\/wp\/v2\/product_tag?post=15454"}],"curies":[{"name":"wp","href":"https:\/\/api.w.org\/{rel}","templated":true}]}}