{"id":15450,"date":"2023-03-14T12:14:37","date_gmt":"2023-03-14T10:14:37","guid":{"rendered":"https:\/\/xdsomename.tempurl.host\/swisspeak-website\/collection\/okategoriserad\/rfid-anti-skimming-passfodral-svart\/"},"modified":"2026-03-12T04:18:29","modified_gmt":"2026-03-12T02:18:29","slug":"rfid-anti-skimming-passfodral-svart","status":"publish","type":"product","link":"https:\/\/swiss-peak.com\/sv\/produkt\/rfid-anti-skimming-passfodral-svart\/","title":{"rendered":"RFID anti-skimming passfodral, svart"},"content":{"rendered":"<p>Res runt i v\u00e4rlden med stil. Detta premium PU-l\u00e4der passfodral inrymmer ditt pass, boardingkort, betalkort (4 platser, max 8 kort) och annat inneh\u00e5ll p\u00e5 r\u00e4tt plats. L\u00e4mplig storlek f\u00f6r att passa i fickan eller v\u00e4skan. 100% s\u00e4kerhet med anti-skimming skydd.<\/p>\n","protected":false},"excerpt":{"rendered":"<p>Res runt i v\u00e4rlden med stil. Detta premium PU-l\u00e4der passfodral inrymmer ditt pass, boardingkort, betalkort (4 platser, max 8 kort) och annat inneh\u00e5ll p\u00e5 r\u00e4tt plats. L\u00e4mplig storlek f\u00f6r att passa i fickan eller v\u00e4skan. 100% s\u00e4kerhet med anti-skimming skydd.<\/p>\n","protected":false},"featured_media":41922,"template":"","meta":{"_acf_changed":false},"product_cat":[274,253],"product_tag":[],"class_list":["post-15450","product","type-product","status-publish","has-post-thumbnail","hentry","product_cat-reseprodukter","product_cat-vaskor-och-resor","pa_color-black-sv"],"acf":[],"yoast_head":"<!-- This site is optimized with the Yoast SEO plugin v27.0 - https:\/\/yoast.com\/product\/yoast-seo-wordpress\/ -->\n<title>RFID anti-skimming passfodral, svart - Swiss Peak<\/title>\n<meta name=\"robots\" content=\"index, follow, max-snippet:-1, max-image-preview:large, max-video-preview:-1\" \/>\n<link rel=\"canonical\" href=\"https:\/\/swiss-peak.com\/sv\/produkt\/rfid-anti-skimming-passfodral-svart\/\" \/>\n<meta property=\"og:locale\" content=\"sv_SE\" \/>\n<meta property=\"og:type\" content=\"article\" \/>\n<meta property=\"og:title\" content=\"RFID anti-skimming passfodral, svart - Swiss Peak\" \/>\n<meta property=\"og:description\" content=\"Res runt i v\u00e4rlden med stil. Detta premium PU-l\u00e4der passfodral inrymmer ditt pass, boardingkort, betalkort (4 platser, max 8 kort) och annat inneh\u00e5ll p\u00e5 r\u00e4tt plats. L\u00e4mplig storlek f\u00f6r att passa i fickan eller v\u00e4skan. 100% s\u00e4kerhet med anti-skimming skydd.\" \/>\n<meta property=\"og:url\" content=\"https:\/\/swiss-peak.com\/sv\/produkt\/rfid-anti-skimming-passfodral-svart\/\" \/>\n<meta property=\"og:site_name\" content=\"Swiss Peak\" \/>\n<meta property=\"article:modified_time\" content=\"2026-03-12T02:18:29+00:00\" \/>\n<meta property=\"og:image\" content=\"https:\/\/swiss-peak.com\/wp-content\/uploads\/sites\/9\/2024\/02\/P820.430__S_0__4cc98d70514e44e4a9df4c0c5bde55e1.jpg\" \/>\n\t<meta property=\"og:image:width\" content=\"1024\" \/>\n\t<meta property=\"og:image:height\" content=\"1024\" \/>\n\t<meta property=\"og:image:type\" content=\"image\/jpeg\" \/>\n<meta name=\"twitter:card\" content=\"summary_large_image\" \/>\n<script type=\"application\/ld+json\" class=\"yoast-schema-graph\">{\"@context\":\"https:\/\/schema.org\",\"@graph\":[{\"@type\":\"WebPage\",\"@id\":\"https:\/\/swiss-peak.com\/sv\/produkt\/rfid-anti-skimming-passfodral-svart\/\",\"url\":\"https:\/\/swiss-peak.com\/sv\/produkt\/rfid-anti-skimming-passfodral-svart\/\",\"name\":\"RFID anti-skimming passfodral, svart - Swiss Peak\",\"isPartOf\":{\"@id\":\"https:\/\/swiss-peak.com\/sv\/#website\"},\"primaryImageOfPage\":{\"@id\":\"https:\/\/swiss-peak.com\/sv\/produkt\/rfid-anti-skimming-passfodral-svart\/#primaryimage\"},\"image\":{\"@id\":\"https:\/\/swiss-peak.com\/sv\/produkt\/rfid-anti-skimming-passfodral-svart\/#primaryimage\"},\"thumbnailUrl\":\"https:\/\/swiss-peak.com\/wp-content\/uploads\/sites\/9\/2024\/02\/P820.430__S_0__4cc98d70514e44e4a9df4c0c5bde55e1.jpg\",\"datePublished\":\"2023-03-14T10:14:37+00:00\",\"dateModified\":\"2026-03-12T02:18:29+00:00\",\"breadcrumb\":{\"@id\":\"https:\/\/swiss-peak.com\/sv\/produkt\/rfid-anti-skimming-passfodral-svart\/#breadcrumb\"},\"inLanguage\":\"sv-SE\",\"potentialAction\":[{\"@type\":\"ReadAction\",\"target\":[\"https:\/\/swiss-peak.com\/sv\/produkt\/rfid-anti-skimming-passfodral-svart\/\"]}]},{\"@type\":\"ImageObject\",\"inLanguage\":\"sv-SE\",\"@id\":\"https:\/\/swiss-peak.com\/sv\/produkt\/rfid-anti-skimming-passfodral-svart\/#primaryimage\",\"url\":\"https:\/\/swiss-peak.com\/wp-content\/uploads\/sites\/9\/2024\/02\/P820.430__S_0__4cc98d70514e44e4a9df4c0c5bde55e1.jpg\",\"contentUrl\":\"https:\/\/swiss-peak.com\/wp-content\/uploads\/sites\/9\/2024\/02\/P820.430__S_0__4cc98d70514e44e4a9df4c0c5bde55e1.jpg\",\"width\":1024,\"height\":1024},{\"@type\":\"BreadcrumbList\",\"@id\":\"https:\/\/swiss-peak.com\/sv\/produkt\/rfid-anti-skimming-passfodral-svart\/#breadcrumb\",\"itemListElement\":[{\"@type\":\"ListItem\",\"position\":1,\"name\":\"Home\",\"item\":\"https:\/\/swiss-peak.com\/sv\/\"},{\"@type\":\"ListItem\",\"position\":2,\"name\":\"Kollektion\",\"item\":\"https:\/\/swiss-peak.com\/sv\/kollektion\/\"},{\"@type\":\"ListItem\",\"position\":3,\"name\":\"RFID anti-skimming passfodral, svart\"}]},{\"@type\":\"WebSite\",\"@id\":\"https:\/\/swiss-peak.com\/sv\/#website\",\"url\":\"https:\/\/swiss-peak.com\/sv\/\",\"name\":\"Swiss Peak\",\"description\":\"Where will today take you?\",\"potentialAction\":[{\"@type\":\"SearchAction\",\"target\":{\"@type\":\"EntryPoint\",\"urlTemplate\":\"https:\/\/swiss-peak.com\/sv\/?s={search_term_string}\"},\"query-input\":{\"@type\":\"PropertyValueSpecification\",\"valueRequired\":true,\"valueName\":\"search_term_string\"}}],\"inLanguage\":\"sv-SE\"}]}<\/script>\n<!-- \/ Yoast SEO plugin. -->","yoast_head_json":{"title":"RFID anti-skimming passfodral, svart - Swiss Peak","robots":{"index":"index","follow":"follow","max-snippet":"max-snippet:-1","max-image-preview":"max-image-preview:large","max-video-preview":"max-video-preview:-1"},"canonical":"https:\/\/swiss-peak.com\/sv\/produkt\/rfid-anti-skimming-passfodral-svart\/","og_locale":"sv_SE","og_type":"article","og_title":"RFID anti-skimming passfodral, svart - Swiss Peak","og_description":"Res runt i v\u00e4rlden med stil. Detta premium PU-l\u00e4der passfodral inrymmer ditt pass, boardingkort, betalkort (4 platser, max 8 kort) och annat inneh\u00e5ll p\u00e5 r\u00e4tt plats. L\u00e4mplig storlek f\u00f6r att passa i fickan eller v\u00e4skan. 100% s\u00e4kerhet med anti-skimming skydd.","og_url":"https:\/\/swiss-peak.com\/sv\/produkt\/rfid-anti-skimming-passfodral-svart\/","og_site_name":"Swiss Peak","article_modified_time":"2026-03-12T02:18:29+00:00","og_image":[{"width":1024,"height":1024,"url":"https:\/\/swiss-peak.com\/wp-content\/uploads\/sites\/9\/2024\/02\/P820.430__S_0__4cc98d70514e44e4a9df4c0c5bde55e1.jpg","type":"image\/jpeg"}],"twitter_card":"summary_large_image","schema":{"@context":"https:\/\/schema.org","@graph":[{"@type":"WebPage","@id":"https:\/\/swiss-peak.com\/sv\/produkt\/rfid-anti-skimming-passfodral-svart\/","url":"https:\/\/swiss-peak.com\/sv\/produkt\/rfid-anti-skimming-passfodral-svart\/","name":"RFID anti-skimming passfodral, svart - Swiss Peak","isPartOf":{"@id":"https:\/\/swiss-peak.com\/sv\/#website"},"primaryImageOfPage":{"@id":"https:\/\/swiss-peak.com\/sv\/produkt\/rfid-anti-skimming-passfodral-svart\/#primaryimage"},"image":{"@id":"https:\/\/swiss-peak.com\/sv\/produkt\/rfid-anti-skimming-passfodral-svart\/#primaryimage"},"thumbnailUrl":"https:\/\/swiss-peak.com\/wp-content\/uploads\/sites\/9\/2024\/02\/P820.430__S_0__4cc98d70514e44e4a9df4c0c5bde55e1.jpg","datePublished":"2023-03-14T10:14:37+00:00","dateModified":"2026-03-12T02:18:29+00:00","breadcrumb":{"@id":"https:\/\/swiss-peak.com\/sv\/produkt\/rfid-anti-skimming-passfodral-svart\/#breadcrumb"},"inLanguage":"sv-SE","potentialAction":[{"@type":"ReadAction","target":["https:\/\/swiss-peak.com\/sv\/produkt\/rfid-anti-skimming-passfodral-svart\/"]}]},{"@type":"ImageObject","inLanguage":"sv-SE","@id":"https:\/\/swiss-peak.com\/sv\/produkt\/rfid-anti-skimming-passfodral-svart\/#primaryimage","url":"https:\/\/swiss-peak.com\/wp-content\/uploads\/sites\/9\/2024\/02\/P820.430__S_0__4cc98d70514e44e4a9df4c0c5bde55e1.jpg","contentUrl":"https:\/\/swiss-peak.com\/wp-content\/uploads\/sites\/9\/2024\/02\/P820.430__S_0__4cc98d70514e44e4a9df4c0c5bde55e1.jpg","width":1024,"height":1024},{"@type":"BreadcrumbList","@id":"https:\/\/swiss-peak.com\/sv\/produkt\/rfid-anti-skimming-passfodral-svart\/#breadcrumb","itemListElement":[{"@type":"ListItem","position":1,"name":"Home","item":"https:\/\/swiss-peak.com\/sv\/"},{"@type":"ListItem","position":2,"name":"Kollektion","item":"https:\/\/swiss-peak.com\/sv\/kollektion\/"},{"@type":"ListItem","position":3,"name":"RFID anti-skimming passfodral, svart"}]},{"@type":"WebSite","@id":"https:\/\/swiss-peak.com\/sv\/#website","url":"https:\/\/swiss-peak.com\/sv\/","name":"Swiss Peak","description":"Where will today take you?","potentialAction":[{"@type":"SearchAction","target":{"@type":"EntryPoint","urlTemplate":"https:\/\/swiss-peak.com\/sv\/?s={search_term_string}"},"query-input":{"@type":"PropertyValueSpecification","valueRequired":true,"valueName":"search_term_string"}}],"inLanguage":"sv-SE"}]}},"_links":{"self":[{"href":"https:\/\/swiss-peak.com\/sv\/wp-json\/wp\/v2\/product\/15450","targetHints":{"allow":["GET"]}}],"collection":[{"href":"https:\/\/swiss-peak.com\/sv\/wp-json\/wp\/v2\/product"}],"about":[{"href":"https:\/\/swiss-peak.com\/sv\/wp-json\/wp\/v2\/types\/product"}],"wp:featuredmedia":[{"embeddable":true,"href":"https:\/\/swiss-peak.com\/sv\/wp-json\/wp\/v2\/media\/41922"}],"wp:attachment":[{"href":"https:\/\/swiss-peak.com\/sv\/wp-json\/wp\/v2\/media?parent=15450"}],"wp:term":[{"taxonomy":"product_cat","embeddable":true,"href":"https:\/\/swiss-peak.com\/sv\/wp-json\/wp\/v2\/product_cat?post=15450"},{"taxonomy":"product_tag","embeddable":true,"href":"https:\/\/swiss-peak.com\/sv\/wp-json\/wp\/v2\/product_tag?post=15450"}],"curies":[{"name":"wp","href":"https:\/\/api.w.org\/{rel}","templated":true}]}}