{"id":15447,"date":"2023-03-14T12:14:37","date_gmt":"2023-03-14T10:14:37","guid":{"rendered":"https:\/\/xdsomename.tempurl.host\/swisspeak-website\/collection\/okategoriserad\/swiss-peak-aware-techfodral-pvc-fri-svart\/"},"modified":"2026-03-12T04:18:20","modified_gmt":"2026-03-12T02:18:20","slug":"swiss-peak-aware-techfodral-pvc-fri-svart","status":"publish","type":"product","link":"https:\/\/swiss-peak.com\/sv\/produkt\/swiss-peak-aware-techfodral-pvc-fri-svart\/","title":{"rendered":"AWARE\u2122 techfodral PVC-fri, svart"},"content":{"rendered":"<p>Oavsett om det \u00e4r f\u00f6rvaring av kablar, resetillbeh\u00f6r eller andra prylar erbjuder detta techfodral organisation och l\u00e4tt \u00e5tkomst. Origami-liknande fack utnyttjar utrymmet till max och du kan packa mycket i ett litet utrymme och \u00e4nd\u00e5 h\u00e5lla ordning och snabbt hitta vad du beh\u00f6ver. Elastiska \u00f6glor h\u00e5ller sm\u00e5saker p\u00e5 plats. Handtaget och den stora \u00f6ppningen g\u00f6r att detta fodral \u00e4r b\u00e5de bekv\u00e4mt att b\u00e4ra och \u00f6ppna. Det blixtl\u00e5sf\u00f6rsedda facket p\u00e5 utsidan har en kabelgenomg\u00e5ng f\u00f6r att enkelt kunna ladda sina enheter. 2% av int\u00e4kterna f\u00f6r varje s\u00e5ld Aware\u2122-produkt kommer att doneras till Water.org. PVC-fri.<\/p>\n","protected":false},"excerpt":{"rendered":"<p>Oavsett om det \u00e4r f\u00f6rvaring av kablar, resetillbeh\u00f6r eller andra prylar erbjuder detta techfodral organisation och l\u00e4tt \u00e5tkomst. Origami-liknande fack utnyttjar utrymmet till max och du kan packa mycket i ett litet utrymme och \u00e4nd\u00e5 h\u00e5lla ordning och snabbt hitta vad du beh\u00f6ver. Elastiska \u00f6glor h\u00e5ller sm\u00e5saker p\u00e5 plats. Handtaget och den stora \u00f6ppningen g\u00f6r [&hellip;]<\/p>\n","protected":false},"featured_media":41124,"template":"","meta":{"_acf_changed":false},"product_cat":[289,274,303,253],"product_tag":[],"class_list":["post-15447","product","type-product","status-publish","has-post-thumbnail","hentry","product_cat-business-sv","product_cat-reseprodukter","product_cat-tech-sv","product_cat-vaskor-och-resor","pa_color-black-sv"],"acf":[],"yoast_head":"<!-- This site is optimized with the Yoast SEO plugin v27.0 - https:\/\/yoast.com\/product\/yoast-seo-wordpress\/ -->\n<title>AWARE\u2122 techfodral PVC-fri, svart - Swiss Peak<\/title>\n<meta name=\"robots\" content=\"index, follow, max-snippet:-1, max-image-preview:large, max-video-preview:-1\" \/>\n<link rel=\"canonical\" href=\"https:\/\/swiss-peak.com\/sv\/produkt\/swiss-peak-aware-techfodral-pvc-fri-svart\/\" \/>\n<meta property=\"og:locale\" content=\"sv_SE\" \/>\n<meta property=\"og:type\" content=\"article\" \/>\n<meta property=\"og:title\" content=\"AWARE\u2122 techfodral PVC-fri, svart - Swiss Peak\" \/>\n<meta property=\"og:description\" content=\"Oavsett om det \u00e4r f\u00f6rvaring av kablar, resetillbeh\u00f6r eller andra prylar erbjuder detta techfodral organisation och l\u00e4tt \u00e5tkomst. Origami-liknande fack utnyttjar utrymmet till max och du kan packa mycket i ett litet utrymme och \u00e4nd\u00e5 h\u00e5lla ordning och snabbt hitta vad du beh\u00f6ver. Elastiska \u00f6glor h\u00e5ller sm\u00e5saker p\u00e5 plats. Handtaget och den stora \u00f6ppningen g\u00f6r [&hellip;]\" \/>\n<meta property=\"og:url\" content=\"https:\/\/swiss-peak.com\/sv\/produkt\/swiss-peak-aware-techfodral-pvc-fri-svart\/\" \/>\n<meta property=\"og:site_name\" content=\"Swiss Peak\" \/>\n<meta property=\"article:modified_time\" content=\"2026-03-12T02:18:20+00:00\" \/>\n<meta property=\"og:image\" content=\"https:\/\/swiss-peak.com\/wp-content\/uploads\/sites\/9\/2024\/02\/P820.391__S_0__f279205340314f54b42058a75ad464f5.jpg\" \/>\n\t<meta property=\"og:image:width\" content=\"1024\" \/>\n\t<meta property=\"og:image:height\" content=\"1024\" \/>\n\t<meta property=\"og:image:type\" content=\"image\/jpeg\" \/>\n<meta name=\"twitter:card\" content=\"summary_large_image\" \/>\n<meta name=\"twitter:label1\" content=\"Ber\u00e4knad l\u00e4stid\" \/>\n\t<meta name=\"twitter:data1\" content=\"1 minut\" \/>\n<script type=\"application\/ld+json\" class=\"yoast-schema-graph\">{\"@context\":\"https:\/\/schema.org\",\"@graph\":[{\"@type\":\"WebPage\",\"@id\":\"https:\/\/swiss-peak.com\/sv\/produkt\/swiss-peak-aware-techfodral-pvc-fri-svart\/\",\"url\":\"https:\/\/swiss-peak.com\/sv\/produkt\/swiss-peak-aware-techfodral-pvc-fri-svart\/\",\"name\":\"AWARE\u2122 techfodral PVC-fri, svart - Swiss Peak\",\"isPartOf\":{\"@id\":\"https:\/\/swiss-peak.com\/sv\/#website\"},\"primaryImageOfPage\":{\"@id\":\"https:\/\/swiss-peak.com\/sv\/produkt\/swiss-peak-aware-techfodral-pvc-fri-svart\/#primaryimage\"},\"image\":{\"@id\":\"https:\/\/swiss-peak.com\/sv\/produkt\/swiss-peak-aware-techfodral-pvc-fri-svart\/#primaryimage\"},\"thumbnailUrl\":\"https:\/\/swiss-peak.com\/wp-content\/uploads\/sites\/9\/2024\/02\/P820.391__S_0__f279205340314f54b42058a75ad464f5.jpg\",\"datePublished\":\"2023-03-14T10:14:37+00:00\",\"dateModified\":\"2026-03-12T02:18:20+00:00\",\"breadcrumb\":{\"@id\":\"https:\/\/swiss-peak.com\/sv\/produkt\/swiss-peak-aware-techfodral-pvc-fri-svart\/#breadcrumb\"},\"inLanguage\":\"sv-SE\",\"potentialAction\":[{\"@type\":\"ReadAction\",\"target\":[\"https:\/\/swiss-peak.com\/sv\/produkt\/swiss-peak-aware-techfodral-pvc-fri-svart\/\"]}]},{\"@type\":\"ImageObject\",\"inLanguage\":\"sv-SE\",\"@id\":\"https:\/\/swiss-peak.com\/sv\/produkt\/swiss-peak-aware-techfodral-pvc-fri-svart\/#primaryimage\",\"url\":\"https:\/\/swiss-peak.com\/wp-content\/uploads\/sites\/9\/2024\/02\/P820.391__S_0__f279205340314f54b42058a75ad464f5.jpg\",\"contentUrl\":\"https:\/\/swiss-peak.com\/wp-content\/uploads\/sites\/9\/2024\/02\/P820.391__S_0__f279205340314f54b42058a75ad464f5.jpg\",\"width\":1024,\"height\":1024},{\"@type\":\"BreadcrumbList\",\"@id\":\"https:\/\/swiss-peak.com\/sv\/produkt\/swiss-peak-aware-techfodral-pvc-fri-svart\/#breadcrumb\",\"itemListElement\":[{\"@type\":\"ListItem\",\"position\":1,\"name\":\"Home\",\"item\":\"https:\/\/swiss-peak.com\/sv\/\"},{\"@type\":\"ListItem\",\"position\":2,\"name\":\"Kollektion\",\"item\":\"https:\/\/swiss-peak.com\/sv\/kollektion\/\"},{\"@type\":\"ListItem\",\"position\":3,\"name\":\"AWARE\u2122 techfodral PVC-fri, svart\"}]},{\"@type\":\"WebSite\",\"@id\":\"https:\/\/swiss-peak.com\/sv\/#website\",\"url\":\"https:\/\/swiss-peak.com\/sv\/\",\"name\":\"Swiss Peak\",\"description\":\"Where will today take you?\",\"potentialAction\":[{\"@type\":\"SearchAction\",\"target\":{\"@type\":\"EntryPoint\",\"urlTemplate\":\"https:\/\/swiss-peak.com\/sv\/?s={search_term_string}\"},\"query-input\":{\"@type\":\"PropertyValueSpecification\",\"valueRequired\":true,\"valueName\":\"search_term_string\"}}],\"inLanguage\":\"sv-SE\"}]}<\/script>\n<!-- \/ Yoast SEO plugin. -->","yoast_head_json":{"title":"AWARE\u2122 techfodral PVC-fri, svart - Swiss Peak","robots":{"index":"index","follow":"follow","max-snippet":"max-snippet:-1","max-image-preview":"max-image-preview:large","max-video-preview":"max-video-preview:-1"},"canonical":"https:\/\/swiss-peak.com\/sv\/produkt\/swiss-peak-aware-techfodral-pvc-fri-svart\/","og_locale":"sv_SE","og_type":"article","og_title":"AWARE\u2122 techfodral PVC-fri, svart - Swiss Peak","og_description":"Oavsett om det \u00e4r f\u00f6rvaring av kablar, resetillbeh\u00f6r eller andra prylar erbjuder detta techfodral organisation och l\u00e4tt \u00e5tkomst. Origami-liknande fack utnyttjar utrymmet till max och du kan packa mycket i ett litet utrymme och \u00e4nd\u00e5 h\u00e5lla ordning och snabbt hitta vad du beh\u00f6ver. Elastiska \u00f6glor h\u00e5ller sm\u00e5saker p\u00e5 plats. Handtaget och den stora \u00f6ppningen g\u00f6r [&hellip;]","og_url":"https:\/\/swiss-peak.com\/sv\/produkt\/swiss-peak-aware-techfodral-pvc-fri-svart\/","og_site_name":"Swiss Peak","article_modified_time":"2026-03-12T02:18:20+00:00","og_image":[{"width":1024,"height":1024,"url":"https:\/\/swiss-peak.com\/wp-content\/uploads\/sites\/9\/2024\/02\/P820.391__S_0__f279205340314f54b42058a75ad464f5.jpg","type":"image\/jpeg"}],"twitter_card":"summary_large_image","twitter_misc":{"Ber\u00e4knad l\u00e4stid":"1 minut"},"schema":{"@context":"https:\/\/schema.org","@graph":[{"@type":"WebPage","@id":"https:\/\/swiss-peak.com\/sv\/produkt\/swiss-peak-aware-techfodral-pvc-fri-svart\/","url":"https:\/\/swiss-peak.com\/sv\/produkt\/swiss-peak-aware-techfodral-pvc-fri-svart\/","name":"AWARE\u2122 techfodral PVC-fri, svart - Swiss Peak","isPartOf":{"@id":"https:\/\/swiss-peak.com\/sv\/#website"},"primaryImageOfPage":{"@id":"https:\/\/swiss-peak.com\/sv\/produkt\/swiss-peak-aware-techfodral-pvc-fri-svart\/#primaryimage"},"image":{"@id":"https:\/\/swiss-peak.com\/sv\/produkt\/swiss-peak-aware-techfodral-pvc-fri-svart\/#primaryimage"},"thumbnailUrl":"https:\/\/swiss-peak.com\/wp-content\/uploads\/sites\/9\/2024\/02\/P820.391__S_0__f279205340314f54b42058a75ad464f5.jpg","datePublished":"2023-03-14T10:14:37+00:00","dateModified":"2026-03-12T02:18:20+00:00","breadcrumb":{"@id":"https:\/\/swiss-peak.com\/sv\/produkt\/swiss-peak-aware-techfodral-pvc-fri-svart\/#breadcrumb"},"inLanguage":"sv-SE","potentialAction":[{"@type":"ReadAction","target":["https:\/\/swiss-peak.com\/sv\/produkt\/swiss-peak-aware-techfodral-pvc-fri-svart\/"]}]},{"@type":"ImageObject","inLanguage":"sv-SE","@id":"https:\/\/swiss-peak.com\/sv\/produkt\/swiss-peak-aware-techfodral-pvc-fri-svart\/#primaryimage","url":"https:\/\/swiss-peak.com\/wp-content\/uploads\/sites\/9\/2024\/02\/P820.391__S_0__f279205340314f54b42058a75ad464f5.jpg","contentUrl":"https:\/\/swiss-peak.com\/wp-content\/uploads\/sites\/9\/2024\/02\/P820.391__S_0__f279205340314f54b42058a75ad464f5.jpg","width":1024,"height":1024},{"@type":"BreadcrumbList","@id":"https:\/\/swiss-peak.com\/sv\/produkt\/swiss-peak-aware-techfodral-pvc-fri-svart\/#breadcrumb","itemListElement":[{"@type":"ListItem","position":1,"name":"Home","item":"https:\/\/swiss-peak.com\/sv\/"},{"@type":"ListItem","position":2,"name":"Kollektion","item":"https:\/\/swiss-peak.com\/sv\/kollektion\/"},{"@type":"ListItem","position":3,"name":"AWARE\u2122 techfodral PVC-fri, svart"}]},{"@type":"WebSite","@id":"https:\/\/swiss-peak.com\/sv\/#website","url":"https:\/\/swiss-peak.com\/sv\/","name":"Swiss Peak","description":"Where will today take you?","potentialAction":[{"@type":"SearchAction","target":{"@type":"EntryPoint","urlTemplate":"https:\/\/swiss-peak.com\/sv\/?s={search_term_string}"},"query-input":{"@type":"PropertyValueSpecification","valueRequired":true,"valueName":"search_term_string"}}],"inLanguage":"sv-SE"}]}},"_links":{"self":[{"href":"https:\/\/swiss-peak.com\/sv\/wp-json\/wp\/v2\/product\/15447","targetHints":{"allow":["GET"]}}],"collection":[{"href":"https:\/\/swiss-peak.com\/sv\/wp-json\/wp\/v2\/product"}],"about":[{"href":"https:\/\/swiss-peak.com\/sv\/wp-json\/wp\/v2\/types\/product"}],"wp:featuredmedia":[{"embeddable":true,"href":"https:\/\/swiss-peak.com\/sv\/wp-json\/wp\/v2\/media\/41124"}],"wp:attachment":[{"href":"https:\/\/swiss-peak.com\/sv\/wp-json\/wp\/v2\/media?parent=15447"}],"wp:term":[{"taxonomy":"product_cat","embeddable":true,"href":"https:\/\/swiss-peak.com\/sv\/wp-json\/wp\/v2\/product_cat?post=15447"},{"taxonomy":"product_tag","embeddable":true,"href":"https:\/\/swiss-peak.com\/sv\/wp-json\/wp\/v2\/product_tag?post=15447"}],"curies":[{"name":"wp","href":"https:\/\/api.w.org\/{rel}","templated":true}]}}