{"id":15436,"date":"2023-03-14T12:13:51","date_gmt":"2023-03-14T10:13:51","guid":{"rendered":"https:\/\/xdsomename.tempurl.host\/swisspeak-website\/collection\/okategoriserad\/heritage-a5-stenpapper-portfolio-i-rcs-pu-svart\/"},"modified":"2026-03-12T04:17:05","modified_gmt":"2026-03-12T02:17:05","slug":"heritage-a5-stenpapper-portfolio-i-rcs-pu-svart","status":"publish","type":"product","link":"https:\/\/swiss-peak.com\/sv\/produkt\/heritage-a5-stenpapper-portfolio-i-rcs-pu-svart\/","title":{"rendered":"Heritage A5 stenpapper portfolio i RCS PU, svart"},"content":{"rendered":"<p>Swiss Peak Heritage kollektionen utstr\u00e5lar modern elegans. Portfolion har en dragkedja, p\u00e5 insidan finns 2 visitkortsfack, dokumentfack och penn-loop. A5 stenpapper anteckningsbok medf\u00f6ljer, 64 blad\/128 sidor vitt linjerat papper. Tillverkad av RCS (Recycled Claim Standard) certifierade \u00e5tervunna material. RCS certifiering s\u00e4kerst\u00e4ller en helt certifierad leveranskedja av de \u00e5tervunna materialen. Tillverkad av RCS certifierad \u00e5tervunnen PU. Totalt \u00e5tervunnet inneh\u00e5ll: 14% baserat p\u00e5 total produktvikt. PVC-fri.<\/p>\n","protected":false},"excerpt":{"rendered":"<p>Swiss Peak Heritage kollektionen utstr\u00e5lar modern elegans. Portfolion har en dragkedja, p\u00e5 insidan finns 2 visitkortsfack, dokumentfack och penn-loop. A5 stenpapper anteckningsbok medf\u00f6ljer, 64 blad\/128 sidor vitt linjerat papper. Tillverkad av RCS (Recycled Claim Standard) certifierade \u00e5tervunna material. RCS certifiering s\u00e4kerst\u00e4ller en helt certifierad leveranskedja av de \u00e5tervunna materialen. Tillverkad av RCS certifierad \u00e5tervunnen PU. [&hellip;]<\/p>\n","protected":false},"featured_media":38988,"template":"","meta":{"_acf_changed":false},"product_cat":[289,299],"product_tag":[],"class_list":["post-15436","product","type-product","status-publish","has-post-thumbnail","hentry","product_cat-business-sv","product_cat-kontor-pennor","pa_color-black-sv"],"acf":[],"yoast_head":"<!-- This site is optimized with the Yoast SEO plugin v27.0 - https:\/\/yoast.com\/product\/yoast-seo-wordpress\/ -->\n<title>Heritage A5 stenpapper portfolio i RCS PU, svart - Swiss Peak<\/title>\n<meta name=\"robots\" content=\"index, follow, max-snippet:-1, max-image-preview:large, max-video-preview:-1\" \/>\n<link rel=\"canonical\" href=\"https:\/\/swiss-peak.com\/sv\/produkt\/heritage-a5-stenpapper-portfolio-i-rcs-pu-svart\/\" \/>\n<meta property=\"og:locale\" content=\"sv_SE\" \/>\n<meta property=\"og:type\" content=\"article\" \/>\n<meta property=\"og:title\" content=\"Heritage A5 stenpapper portfolio i RCS PU, svart - Swiss Peak\" \/>\n<meta property=\"og:description\" content=\"Swiss Peak Heritage kollektionen utstr\u00e5lar modern elegans. Portfolion har en dragkedja, p\u00e5 insidan finns 2 visitkortsfack, dokumentfack och penn-loop. A5 stenpapper anteckningsbok medf\u00f6ljer, 64 blad\/128 sidor vitt linjerat papper. Tillverkad av RCS (Recycled Claim Standard) certifierade \u00e5tervunna material. RCS certifiering s\u00e4kerst\u00e4ller en helt certifierad leveranskedja av de \u00e5tervunna materialen. Tillverkad av RCS certifierad \u00e5tervunnen PU. [&hellip;]\" \/>\n<meta property=\"og:url\" content=\"https:\/\/swiss-peak.com\/sv\/produkt\/heritage-a5-stenpapper-portfolio-i-rcs-pu-svart\/\" \/>\n<meta property=\"og:site_name\" content=\"Swiss Peak\" \/>\n<meta property=\"article:modified_time\" content=\"2026-03-12T02:17:05+00:00\" \/>\n<meta property=\"og:image\" content=\"https:\/\/swiss-peak.com\/wp-content\/uploads\/sites\/9\/2024\/02\/P774.421__S_0__2e5c1a77f25e49ae84b5c95c0c77a02a.jpg\" \/>\n\t<meta property=\"og:image:width\" content=\"1024\" \/>\n\t<meta property=\"og:image:height\" content=\"1024\" \/>\n\t<meta property=\"og:image:type\" content=\"image\/jpeg\" \/>\n<meta name=\"twitter:card\" content=\"summary_large_image\" \/>\n<script type=\"application\/ld+json\" class=\"yoast-schema-graph\">{\"@context\":\"https:\/\/schema.org\",\"@graph\":[{\"@type\":\"WebPage\",\"@id\":\"https:\/\/swiss-peak.com\/sv\/produkt\/heritage-a5-stenpapper-portfolio-i-rcs-pu-svart\/\",\"url\":\"https:\/\/swiss-peak.com\/sv\/produkt\/heritage-a5-stenpapper-portfolio-i-rcs-pu-svart\/\",\"name\":\"Heritage A5 stenpapper portfolio i RCS PU, svart - Swiss Peak\",\"isPartOf\":{\"@id\":\"https:\/\/swiss-peak.com\/sv\/#website\"},\"primaryImageOfPage\":{\"@id\":\"https:\/\/swiss-peak.com\/sv\/produkt\/heritage-a5-stenpapper-portfolio-i-rcs-pu-svart\/#primaryimage\"},\"image\":{\"@id\":\"https:\/\/swiss-peak.com\/sv\/produkt\/heritage-a5-stenpapper-portfolio-i-rcs-pu-svart\/#primaryimage\"},\"thumbnailUrl\":\"https:\/\/swiss-peak.com\/wp-content\/uploads\/sites\/9\/2024\/02\/P774.421__S_0__2e5c1a77f25e49ae84b5c95c0c77a02a.jpg\",\"datePublished\":\"2023-03-14T10:13:51+00:00\",\"dateModified\":\"2026-03-12T02:17:05+00:00\",\"breadcrumb\":{\"@id\":\"https:\/\/swiss-peak.com\/sv\/produkt\/heritage-a5-stenpapper-portfolio-i-rcs-pu-svart\/#breadcrumb\"},\"inLanguage\":\"sv-SE\",\"potentialAction\":[{\"@type\":\"ReadAction\",\"target\":[\"https:\/\/swiss-peak.com\/sv\/produkt\/heritage-a5-stenpapper-portfolio-i-rcs-pu-svart\/\"]}]},{\"@type\":\"ImageObject\",\"inLanguage\":\"sv-SE\",\"@id\":\"https:\/\/swiss-peak.com\/sv\/produkt\/heritage-a5-stenpapper-portfolio-i-rcs-pu-svart\/#primaryimage\",\"url\":\"https:\/\/swiss-peak.com\/wp-content\/uploads\/sites\/9\/2024\/02\/P774.421__S_0__2e5c1a77f25e49ae84b5c95c0c77a02a.jpg\",\"contentUrl\":\"https:\/\/swiss-peak.com\/wp-content\/uploads\/sites\/9\/2024\/02\/P774.421__S_0__2e5c1a77f25e49ae84b5c95c0c77a02a.jpg\",\"width\":1024,\"height\":1024},{\"@type\":\"BreadcrumbList\",\"@id\":\"https:\/\/swiss-peak.com\/sv\/produkt\/heritage-a5-stenpapper-portfolio-i-rcs-pu-svart\/#breadcrumb\",\"itemListElement\":[{\"@type\":\"ListItem\",\"position\":1,\"name\":\"Home\",\"item\":\"https:\/\/swiss-peak.com\/sv\/\"},{\"@type\":\"ListItem\",\"position\":2,\"name\":\"Kollektion\",\"item\":\"https:\/\/swiss-peak.com\/sv\/kollektion\/\"},{\"@type\":\"ListItem\",\"position\":3,\"name\":\"Heritage A5 stenpapper portfolio i RCS PU, svart\"}]},{\"@type\":\"WebSite\",\"@id\":\"https:\/\/swiss-peak.com\/sv\/#website\",\"url\":\"https:\/\/swiss-peak.com\/sv\/\",\"name\":\"Swiss Peak\",\"description\":\"Where will today take you?\",\"potentialAction\":[{\"@type\":\"SearchAction\",\"target\":{\"@type\":\"EntryPoint\",\"urlTemplate\":\"https:\/\/swiss-peak.com\/sv\/?s={search_term_string}\"},\"query-input\":{\"@type\":\"PropertyValueSpecification\",\"valueRequired\":true,\"valueName\":\"search_term_string\"}}],\"inLanguage\":\"sv-SE\"}]}<\/script>\n<!-- \/ Yoast SEO plugin. -->","yoast_head_json":{"title":"Heritage A5 stenpapper portfolio i RCS PU, svart - Swiss Peak","robots":{"index":"index","follow":"follow","max-snippet":"max-snippet:-1","max-image-preview":"max-image-preview:large","max-video-preview":"max-video-preview:-1"},"canonical":"https:\/\/swiss-peak.com\/sv\/produkt\/heritage-a5-stenpapper-portfolio-i-rcs-pu-svart\/","og_locale":"sv_SE","og_type":"article","og_title":"Heritage A5 stenpapper portfolio i RCS PU, svart - Swiss Peak","og_description":"Swiss Peak Heritage kollektionen utstr\u00e5lar modern elegans. Portfolion har en dragkedja, p\u00e5 insidan finns 2 visitkortsfack, dokumentfack och penn-loop. A5 stenpapper anteckningsbok medf\u00f6ljer, 64 blad\/128 sidor vitt linjerat papper. Tillverkad av RCS (Recycled Claim Standard) certifierade \u00e5tervunna material. RCS certifiering s\u00e4kerst\u00e4ller en helt certifierad leveranskedja av de \u00e5tervunna materialen. Tillverkad av RCS certifierad \u00e5tervunnen PU. [&hellip;]","og_url":"https:\/\/swiss-peak.com\/sv\/produkt\/heritage-a5-stenpapper-portfolio-i-rcs-pu-svart\/","og_site_name":"Swiss Peak","article_modified_time":"2026-03-12T02:17:05+00:00","og_image":[{"width":1024,"height":1024,"url":"https:\/\/swiss-peak.com\/wp-content\/uploads\/sites\/9\/2024\/02\/P774.421__S_0__2e5c1a77f25e49ae84b5c95c0c77a02a.jpg","type":"image\/jpeg"}],"twitter_card":"summary_large_image","schema":{"@context":"https:\/\/schema.org","@graph":[{"@type":"WebPage","@id":"https:\/\/swiss-peak.com\/sv\/produkt\/heritage-a5-stenpapper-portfolio-i-rcs-pu-svart\/","url":"https:\/\/swiss-peak.com\/sv\/produkt\/heritage-a5-stenpapper-portfolio-i-rcs-pu-svart\/","name":"Heritage A5 stenpapper portfolio i RCS PU, svart - Swiss Peak","isPartOf":{"@id":"https:\/\/swiss-peak.com\/sv\/#website"},"primaryImageOfPage":{"@id":"https:\/\/swiss-peak.com\/sv\/produkt\/heritage-a5-stenpapper-portfolio-i-rcs-pu-svart\/#primaryimage"},"image":{"@id":"https:\/\/swiss-peak.com\/sv\/produkt\/heritage-a5-stenpapper-portfolio-i-rcs-pu-svart\/#primaryimage"},"thumbnailUrl":"https:\/\/swiss-peak.com\/wp-content\/uploads\/sites\/9\/2024\/02\/P774.421__S_0__2e5c1a77f25e49ae84b5c95c0c77a02a.jpg","datePublished":"2023-03-14T10:13:51+00:00","dateModified":"2026-03-12T02:17:05+00:00","breadcrumb":{"@id":"https:\/\/swiss-peak.com\/sv\/produkt\/heritage-a5-stenpapper-portfolio-i-rcs-pu-svart\/#breadcrumb"},"inLanguage":"sv-SE","potentialAction":[{"@type":"ReadAction","target":["https:\/\/swiss-peak.com\/sv\/produkt\/heritage-a5-stenpapper-portfolio-i-rcs-pu-svart\/"]}]},{"@type":"ImageObject","inLanguage":"sv-SE","@id":"https:\/\/swiss-peak.com\/sv\/produkt\/heritage-a5-stenpapper-portfolio-i-rcs-pu-svart\/#primaryimage","url":"https:\/\/swiss-peak.com\/wp-content\/uploads\/sites\/9\/2024\/02\/P774.421__S_0__2e5c1a77f25e49ae84b5c95c0c77a02a.jpg","contentUrl":"https:\/\/swiss-peak.com\/wp-content\/uploads\/sites\/9\/2024\/02\/P774.421__S_0__2e5c1a77f25e49ae84b5c95c0c77a02a.jpg","width":1024,"height":1024},{"@type":"BreadcrumbList","@id":"https:\/\/swiss-peak.com\/sv\/produkt\/heritage-a5-stenpapper-portfolio-i-rcs-pu-svart\/#breadcrumb","itemListElement":[{"@type":"ListItem","position":1,"name":"Home","item":"https:\/\/swiss-peak.com\/sv\/"},{"@type":"ListItem","position":2,"name":"Kollektion","item":"https:\/\/swiss-peak.com\/sv\/kollektion\/"},{"@type":"ListItem","position":3,"name":"Heritage A5 stenpapper portfolio i RCS PU, svart"}]},{"@type":"WebSite","@id":"https:\/\/swiss-peak.com\/sv\/#website","url":"https:\/\/swiss-peak.com\/sv\/","name":"Swiss Peak","description":"Where will today take you?","potentialAction":[{"@type":"SearchAction","target":{"@type":"EntryPoint","urlTemplate":"https:\/\/swiss-peak.com\/sv\/?s={search_term_string}"},"query-input":{"@type":"PropertyValueSpecification","valueRequired":true,"valueName":"search_term_string"}}],"inLanguage":"sv-SE"}]}},"_links":{"self":[{"href":"https:\/\/swiss-peak.com\/sv\/wp-json\/wp\/v2\/product\/15436","targetHints":{"allow":["GET"]}}],"collection":[{"href":"https:\/\/swiss-peak.com\/sv\/wp-json\/wp\/v2\/product"}],"about":[{"href":"https:\/\/swiss-peak.com\/sv\/wp-json\/wp\/v2\/types\/product"}],"wp:featuredmedia":[{"embeddable":true,"href":"https:\/\/swiss-peak.com\/sv\/wp-json\/wp\/v2\/media\/38988"}],"wp:attachment":[{"href":"https:\/\/swiss-peak.com\/sv\/wp-json\/wp\/v2\/media?parent=15436"}],"wp:term":[{"taxonomy":"product_cat","embeddable":true,"href":"https:\/\/swiss-peak.com\/sv\/wp-json\/wp\/v2\/product_cat?post=15436"},{"taxonomy":"product_tag","embeddable":true,"href":"https:\/\/swiss-peak.com\/sv\/wp-json\/wp\/v2\/product_tag?post=15436"}],"curies":[{"name":"wp","href":"https:\/\/api.w.org\/{rel}","templated":true}]}}