{"id":15429,"date":"2023-03-14T12:13:51","date_gmt":"2023-03-14T10:13:51","guid":{"rendered":"https:\/\/xdsomename.tempurl.host\/swisspeak-website\/collection\/okategoriserad\/swiss-peak-aware-xxl-weekend-reseryggsack-svart\/"},"modified":"2026-03-20T04:10:24","modified_gmt":"2026-03-20T02:10:24","slug":"swiss-peak-aware-xxl-weekend-reseryggsack-svart","status":"publish","type":"product","link":"https:\/\/swiss-peak.com\/sv\/produkt\/swiss-peak-aware-xxl-weekend-reseryggsack-svart\/","title":{"rendered":"AWARE\u2122 XXL weekend reseryggs\u00e4ck, svart"},"content":{"rendered":"<p>Reseryggs\u00e4ck som passar b\u00e5de som handbagage p\u00e5 flyget och f\u00f6r en weekend-resa. Vadderat laptopfack med plats f\u00f6r 17&#8243; laptop. Med kapacitet som en trolley utan den extra vikten fr\u00e5n handtag och hjul. Dessutom reser man smidigt med en ryggs\u00e4ck. Med bagagerem, sidofack f\u00f6r vattenflaska och USB output. Toppfack med enkel \u00e5tkomst, blixtl\u00e5sf\u00f6rsett frontfack och RFID-skyddade fack. Med AWARE\u2122 sp\u00e5r\u00e4mne som validerar anv\u00e4ndandet av genuint \u00e5tervunna material. 2% av int\u00e4kterna f\u00f6r varje s\u00e5ld Impact-produkt kommer att doneras till Water.org. PVC-fri.<\/p>\n","protected":false},"excerpt":{"rendered":"<p>Reseryggs\u00e4ck som passar b\u00e5de som handbagage p\u00e5 flyget och f\u00f6r en weekend-resa. Vadderat laptopfack med plats f\u00f6r 17&#8243; laptop. Med kapacitet som en trolley utan den extra vikten fr\u00e5n handtag och hjul. Dessutom reser man smidigt med en ryggs\u00e4ck. Med bagagerem, sidofack f\u00f6r vattenflaska och USB output. Toppfack med enkel \u00e5tkomst, blixtl\u00e5sf\u00f6rsett frontfack och RFID-skyddade [&hellip;]<\/p>\n","protected":false},"featured_media":37352,"template":"","meta":{"_acf_changed":false},"product_cat":[258,253,285],"product_tag":[],"class_list":["post-15429","product","type-product","status-publish","has-post-thumbnail","hentry","product_cat-ryggsackar","product_cat-vaskor-och-resor","product_cat-weekendvaskor","pa_color-black-sv"],"acf":[],"yoast_head":"<!-- This site is optimized with the Yoast SEO plugin v27.0 - https:\/\/yoast.com\/product\/yoast-seo-wordpress\/ -->\n<title>AWARE\u2122 XXL weekend reseryggs\u00e4ck, svart - Swiss Peak<\/title>\n<meta name=\"robots\" content=\"index, follow, max-snippet:-1, max-image-preview:large, max-video-preview:-1\" \/>\n<link rel=\"canonical\" href=\"https:\/\/swiss-peak.com\/sv\/produkt\/swiss-peak-aware-xxl-weekend-reseryggsack-svart\/\" \/>\n<meta property=\"og:locale\" content=\"sv_SE\" \/>\n<meta property=\"og:type\" content=\"article\" \/>\n<meta property=\"og:title\" content=\"AWARE\u2122 XXL weekend reseryggs\u00e4ck, svart - Swiss Peak\" \/>\n<meta property=\"og:description\" content=\"Reseryggs\u00e4ck som passar b\u00e5de som handbagage p\u00e5 flyget och f\u00f6r en weekend-resa. Vadderat laptopfack med plats f\u00f6r 17&#8243; laptop. Med kapacitet som en trolley utan den extra vikten fr\u00e5n handtag och hjul. Dessutom reser man smidigt med en ryggs\u00e4ck. Med bagagerem, sidofack f\u00f6r vattenflaska och USB output. Toppfack med enkel \u00e5tkomst, blixtl\u00e5sf\u00f6rsett frontfack och RFID-skyddade [&hellip;]\" \/>\n<meta property=\"og:url\" content=\"https:\/\/swiss-peak.com\/sv\/produkt\/swiss-peak-aware-xxl-weekend-reseryggsack-svart\/\" \/>\n<meta property=\"og:site_name\" content=\"Swiss Peak\" \/>\n<meta property=\"article:modified_time\" content=\"2026-03-20T02:10:24+00:00\" \/>\n<meta property=\"og:image\" content=\"https:\/\/swiss-peak.com\/wp-content\/uploads\/sites\/9\/2024\/02\/P763.141__S_0__51b20055e12d44c985254150f321161a.jpg\" \/>\n\t<meta property=\"og:image:width\" content=\"1024\" \/>\n\t<meta property=\"og:image:height\" content=\"1024\" \/>\n\t<meta property=\"og:image:type\" content=\"image\/jpeg\" \/>\n<meta name=\"twitter:card\" content=\"summary_large_image\" \/>\n<script type=\"application\/ld+json\" class=\"yoast-schema-graph\">{\"@context\":\"https:\/\/schema.org\",\"@graph\":[{\"@type\":\"WebPage\",\"@id\":\"https:\/\/swiss-peak.com\/sv\/produkt\/swiss-peak-aware-xxl-weekend-reseryggsack-svart\/\",\"url\":\"https:\/\/swiss-peak.com\/sv\/produkt\/swiss-peak-aware-xxl-weekend-reseryggsack-svart\/\",\"name\":\"AWARE\u2122 XXL weekend reseryggs\u00e4ck, svart - Swiss Peak\",\"isPartOf\":{\"@id\":\"https:\/\/swiss-peak.com\/sv\/#website\"},\"primaryImageOfPage\":{\"@id\":\"https:\/\/swiss-peak.com\/sv\/produkt\/swiss-peak-aware-xxl-weekend-reseryggsack-svart\/#primaryimage\"},\"image\":{\"@id\":\"https:\/\/swiss-peak.com\/sv\/produkt\/swiss-peak-aware-xxl-weekend-reseryggsack-svart\/#primaryimage\"},\"thumbnailUrl\":\"https:\/\/swiss-peak.com\/wp-content\/uploads\/sites\/9\/2024\/02\/P763.141__S_0__51b20055e12d44c985254150f321161a.jpg\",\"datePublished\":\"2023-03-14T10:13:51+00:00\",\"dateModified\":\"2026-03-20T02:10:24+00:00\",\"breadcrumb\":{\"@id\":\"https:\/\/swiss-peak.com\/sv\/produkt\/swiss-peak-aware-xxl-weekend-reseryggsack-svart\/#breadcrumb\"},\"inLanguage\":\"sv-SE\",\"potentialAction\":[{\"@type\":\"ReadAction\",\"target\":[\"https:\/\/swiss-peak.com\/sv\/produkt\/swiss-peak-aware-xxl-weekend-reseryggsack-svart\/\"]}]},{\"@type\":\"ImageObject\",\"inLanguage\":\"sv-SE\",\"@id\":\"https:\/\/swiss-peak.com\/sv\/produkt\/swiss-peak-aware-xxl-weekend-reseryggsack-svart\/#primaryimage\",\"url\":\"https:\/\/swiss-peak.com\/wp-content\/uploads\/sites\/9\/2024\/02\/P763.141__S_0__51b20055e12d44c985254150f321161a.jpg\",\"contentUrl\":\"https:\/\/swiss-peak.com\/wp-content\/uploads\/sites\/9\/2024\/02\/P763.141__S_0__51b20055e12d44c985254150f321161a.jpg\",\"width\":1024,\"height\":1024},{\"@type\":\"BreadcrumbList\",\"@id\":\"https:\/\/swiss-peak.com\/sv\/produkt\/swiss-peak-aware-xxl-weekend-reseryggsack-svart\/#breadcrumb\",\"itemListElement\":[{\"@type\":\"ListItem\",\"position\":1,\"name\":\"Home\",\"item\":\"https:\/\/swiss-peak.com\/sv\/\"},{\"@type\":\"ListItem\",\"position\":2,\"name\":\"Kollektion\",\"item\":\"https:\/\/swiss-peak.com\/sv\/kollektion\/\"},{\"@type\":\"ListItem\",\"position\":3,\"name\":\"AWARE\u2122 XXL weekend reseryggs\u00e4ck, svart\"}]},{\"@type\":\"WebSite\",\"@id\":\"https:\/\/swiss-peak.com\/sv\/#website\",\"url\":\"https:\/\/swiss-peak.com\/sv\/\",\"name\":\"Swiss Peak\",\"description\":\"Where will today take you?\",\"potentialAction\":[{\"@type\":\"SearchAction\",\"target\":{\"@type\":\"EntryPoint\",\"urlTemplate\":\"https:\/\/swiss-peak.com\/sv\/?s={search_term_string}\"},\"query-input\":{\"@type\":\"PropertyValueSpecification\",\"valueRequired\":true,\"valueName\":\"search_term_string\"}}],\"inLanguage\":\"sv-SE\"}]}<\/script>\n<!-- \/ Yoast SEO plugin. -->","yoast_head_json":{"title":"AWARE\u2122 XXL weekend reseryggs\u00e4ck, svart - Swiss Peak","robots":{"index":"index","follow":"follow","max-snippet":"max-snippet:-1","max-image-preview":"max-image-preview:large","max-video-preview":"max-video-preview:-1"},"canonical":"https:\/\/swiss-peak.com\/sv\/produkt\/swiss-peak-aware-xxl-weekend-reseryggsack-svart\/","og_locale":"sv_SE","og_type":"article","og_title":"AWARE\u2122 XXL weekend reseryggs\u00e4ck, svart - Swiss Peak","og_description":"Reseryggs\u00e4ck som passar b\u00e5de som handbagage p\u00e5 flyget och f\u00f6r en weekend-resa. Vadderat laptopfack med plats f\u00f6r 17&#8243; laptop. Med kapacitet som en trolley utan den extra vikten fr\u00e5n handtag och hjul. Dessutom reser man smidigt med en ryggs\u00e4ck. Med bagagerem, sidofack f\u00f6r vattenflaska och USB output. Toppfack med enkel \u00e5tkomst, blixtl\u00e5sf\u00f6rsett frontfack och RFID-skyddade [&hellip;]","og_url":"https:\/\/swiss-peak.com\/sv\/produkt\/swiss-peak-aware-xxl-weekend-reseryggsack-svart\/","og_site_name":"Swiss Peak","article_modified_time":"2026-03-20T02:10:24+00:00","og_image":[{"width":1024,"height":1024,"url":"https:\/\/swiss-peak.com\/wp-content\/uploads\/sites\/9\/2024\/02\/P763.141__S_0__51b20055e12d44c985254150f321161a.jpg","type":"image\/jpeg"}],"twitter_card":"summary_large_image","schema":{"@context":"https:\/\/schema.org","@graph":[{"@type":"WebPage","@id":"https:\/\/swiss-peak.com\/sv\/produkt\/swiss-peak-aware-xxl-weekend-reseryggsack-svart\/","url":"https:\/\/swiss-peak.com\/sv\/produkt\/swiss-peak-aware-xxl-weekend-reseryggsack-svart\/","name":"AWARE\u2122 XXL weekend reseryggs\u00e4ck, svart - Swiss Peak","isPartOf":{"@id":"https:\/\/swiss-peak.com\/sv\/#website"},"primaryImageOfPage":{"@id":"https:\/\/swiss-peak.com\/sv\/produkt\/swiss-peak-aware-xxl-weekend-reseryggsack-svart\/#primaryimage"},"image":{"@id":"https:\/\/swiss-peak.com\/sv\/produkt\/swiss-peak-aware-xxl-weekend-reseryggsack-svart\/#primaryimage"},"thumbnailUrl":"https:\/\/swiss-peak.com\/wp-content\/uploads\/sites\/9\/2024\/02\/P763.141__S_0__51b20055e12d44c985254150f321161a.jpg","datePublished":"2023-03-14T10:13:51+00:00","dateModified":"2026-03-20T02:10:24+00:00","breadcrumb":{"@id":"https:\/\/swiss-peak.com\/sv\/produkt\/swiss-peak-aware-xxl-weekend-reseryggsack-svart\/#breadcrumb"},"inLanguage":"sv-SE","potentialAction":[{"@type":"ReadAction","target":["https:\/\/swiss-peak.com\/sv\/produkt\/swiss-peak-aware-xxl-weekend-reseryggsack-svart\/"]}]},{"@type":"ImageObject","inLanguage":"sv-SE","@id":"https:\/\/swiss-peak.com\/sv\/produkt\/swiss-peak-aware-xxl-weekend-reseryggsack-svart\/#primaryimage","url":"https:\/\/swiss-peak.com\/wp-content\/uploads\/sites\/9\/2024\/02\/P763.141__S_0__51b20055e12d44c985254150f321161a.jpg","contentUrl":"https:\/\/swiss-peak.com\/wp-content\/uploads\/sites\/9\/2024\/02\/P763.141__S_0__51b20055e12d44c985254150f321161a.jpg","width":1024,"height":1024},{"@type":"BreadcrumbList","@id":"https:\/\/swiss-peak.com\/sv\/produkt\/swiss-peak-aware-xxl-weekend-reseryggsack-svart\/#breadcrumb","itemListElement":[{"@type":"ListItem","position":1,"name":"Home","item":"https:\/\/swiss-peak.com\/sv\/"},{"@type":"ListItem","position":2,"name":"Kollektion","item":"https:\/\/swiss-peak.com\/sv\/kollektion\/"},{"@type":"ListItem","position":3,"name":"AWARE\u2122 XXL weekend reseryggs\u00e4ck, svart"}]},{"@type":"WebSite","@id":"https:\/\/swiss-peak.com\/sv\/#website","url":"https:\/\/swiss-peak.com\/sv\/","name":"Swiss Peak","description":"Where will today take you?","potentialAction":[{"@type":"SearchAction","target":{"@type":"EntryPoint","urlTemplate":"https:\/\/swiss-peak.com\/sv\/?s={search_term_string}"},"query-input":{"@type":"PropertyValueSpecification","valueRequired":true,"valueName":"search_term_string"}}],"inLanguage":"sv-SE"}]}},"_links":{"self":[{"href":"https:\/\/swiss-peak.com\/sv\/wp-json\/wp\/v2\/product\/15429","targetHints":{"allow":["GET"]}}],"collection":[{"href":"https:\/\/swiss-peak.com\/sv\/wp-json\/wp\/v2\/product"}],"about":[{"href":"https:\/\/swiss-peak.com\/sv\/wp-json\/wp\/v2\/types\/product"}],"wp:featuredmedia":[{"embeddable":true,"href":"https:\/\/swiss-peak.com\/sv\/wp-json\/wp\/v2\/media\/37352"}],"wp:attachment":[{"href":"https:\/\/swiss-peak.com\/sv\/wp-json\/wp\/v2\/media?parent=15429"}],"wp:term":[{"taxonomy":"product_cat","embeddable":true,"href":"https:\/\/swiss-peak.com\/sv\/wp-json\/wp\/v2\/product_cat?post=15429"},{"taxonomy":"product_tag","embeddable":true,"href":"https:\/\/swiss-peak.com\/sv\/wp-json\/wp\/v2\/product_tag?post=15429"}],"curies":[{"name":"wp","href":"https:\/\/api.w.org\/{rel}","templated":true}]}}