{"id":15426,"date":"2023-03-14T12:13:25","date_gmt":"2023-03-14T10:13:25","guid":{"rendered":"https:\/\/xdsomename.tempurl.host\/swisspeak-website\/collection\/okategoriserad\/swiss-peak-aware-rfid-15-6-laptopvaska-gra\/"},"modified":"2026-04-16T03:16:16","modified_gmt":"2026-04-16T01:16:16","slug":"swiss-peak-aware-rfid-15-6-laptopvaska-gra","status":"publish","type":"product","link":"https:\/\/swiss-peak.com\/sv\/produkt\/swiss-peak-aware-rfid-15-6-laptopvaska-gra\/","title":{"rendered":"AWARE\u2122 RFID 15.6&#8243; laptopv\u00e4ska, gr\u00e5"},"content":{"rendered":"<p>Denna Swiss Peak AWARE\u2122 15.6\u201d laptopv\u00e4ska erbjuder stilig f\u00f6rvaring f\u00f6r din laptop och surfplatta. Med fack f\u00f6r att organisera dina tech-prylar och tillh\u00f6righeter. RFID-skyddade fack f\u00f6r pl\u00e5nbok och pass ( NFC (13.56 MHz) Blocking) .Blixtl\u00e5sf\u00f6rsett fack samt trolley-rem p\u00e5 baksidan. 2% av int\u00e4kterna f\u00f6r varje s\u00e5ld Aware\u2122-produkt kommer att doneras till Water.org.<\/p>\n","protected":false},"excerpt":{"rendered":"<p>Denna Swiss Peak AWARE\u2122 15.6\u201d laptopv\u00e4ska erbjuder stilig f\u00f6rvaring f\u00f6r din laptop och surfplatta. Med fack f\u00f6r att organisera dina tech-prylar och tillh\u00f6righeter. RFID-skyddade fack f\u00f6r pl\u00e5nbok och pass ( NFC (13.56 MHz) Blocking) .Blixtl\u00e5sf\u00f6rsett fack samt trolley-rem p\u00e5 baksidan. 2% av int\u00e4kterna f\u00f6r varje s\u00e5ld Aware\u2122-produkt kommer att doneras till Water.org.<\/p>\n","protected":false},"featured_media":46441,"template":"","meta":{"_acf_changed":false},"product_cat":[289,295],"product_tag":[],"class_list":["post-15426","product","type-product","status-publish","has-post-thumbnail","hentry","product_cat-business-sv","product_cat-laptopvaskor","pa_color-grey-sv"],"acf":[],"yoast_head":"<!-- This site is optimized with the Yoast SEO plugin v27.0 - https:\/\/yoast.com\/product\/yoast-seo-wordpress\/ -->\n<title>AWARE\u2122 RFID 15.6&quot; laptopv\u00e4ska, gr\u00e5 - Swiss Peak<\/title>\n<meta name=\"robots\" content=\"index, follow, max-snippet:-1, max-image-preview:large, max-video-preview:-1\" \/>\n<link rel=\"canonical\" href=\"https:\/\/swiss-peak.com\/sv\/produkt\/swiss-peak-aware-rfid-15-6-laptopvaska-gra\/\" \/>\n<meta property=\"og:locale\" content=\"sv_SE\" \/>\n<meta property=\"og:type\" content=\"article\" \/>\n<meta property=\"og:title\" content=\"AWARE\u2122 RFID 15.6&quot; laptopv\u00e4ska, gr\u00e5 - Swiss Peak\" \/>\n<meta property=\"og:description\" content=\"Denna Swiss Peak AWARE\u2122 15.6\u201d laptopv\u00e4ska erbjuder stilig f\u00f6rvaring f\u00f6r din laptop och surfplatta. Med fack f\u00f6r att organisera dina tech-prylar och tillh\u00f6righeter. RFID-skyddade fack f\u00f6r pl\u00e5nbok och pass ( NFC (13.56 MHz) Blocking) .Blixtl\u00e5sf\u00f6rsett fack samt trolley-rem p\u00e5 baksidan. 2% av int\u00e4kterna f\u00f6r varje s\u00e5ld Aware\u2122-produkt kommer att doneras till Water.org.\" \/>\n<meta property=\"og:url\" content=\"https:\/\/swiss-peak.com\/sv\/produkt\/swiss-peak-aware-rfid-15-6-laptopvaska-gra\/\" \/>\n<meta property=\"og:site_name\" content=\"Swiss Peak\" \/>\n<meta property=\"article:modified_time\" content=\"2026-04-16T01:16:16+00:00\" \/>\n<meta property=\"og:image\" content=\"https:\/\/swiss-peak.com\/wp-content\/uploads\/sites\/9\/2026\/04\/P763.122__S_0__4c3fd024efcb4826ac0f59c5b341ce0c.jpg\" \/>\n\t<meta property=\"og:image:width\" content=\"1024\" \/>\n\t<meta property=\"og:image:height\" content=\"1024\" \/>\n\t<meta property=\"og:image:type\" content=\"image\/jpeg\" \/>\n<meta name=\"twitter:card\" content=\"summary_large_image\" \/>\n<script type=\"application\/ld+json\" class=\"yoast-schema-graph\">{\"@context\":\"https:\/\/schema.org\",\"@graph\":[{\"@type\":\"WebPage\",\"@id\":\"https:\/\/swiss-peak.com\/sv\/produkt\/swiss-peak-aware-rfid-15-6-laptopvaska-gra\/\",\"url\":\"https:\/\/swiss-peak.com\/sv\/produkt\/swiss-peak-aware-rfid-15-6-laptopvaska-gra\/\",\"name\":\"AWARE\u2122 RFID 15.6\\\" laptopv\u00e4ska, gr\u00e5 - Swiss Peak\",\"isPartOf\":{\"@id\":\"https:\/\/swiss-peak.com\/sv\/#website\"},\"primaryImageOfPage\":{\"@id\":\"https:\/\/swiss-peak.com\/sv\/produkt\/swiss-peak-aware-rfid-15-6-laptopvaska-gra\/#primaryimage\"},\"image\":{\"@id\":\"https:\/\/swiss-peak.com\/sv\/produkt\/swiss-peak-aware-rfid-15-6-laptopvaska-gra\/#primaryimage\"},\"thumbnailUrl\":\"https:\/\/swiss-peak.com\/wp-content\/uploads\/sites\/9\/2026\/04\/P763.122__S_0__4c3fd024efcb4826ac0f59c5b341ce0c.jpg\",\"datePublished\":\"2023-03-14T10:13:25+00:00\",\"dateModified\":\"2026-04-16T01:16:16+00:00\",\"breadcrumb\":{\"@id\":\"https:\/\/swiss-peak.com\/sv\/produkt\/swiss-peak-aware-rfid-15-6-laptopvaska-gra\/#breadcrumb\"},\"inLanguage\":\"sv-SE\",\"potentialAction\":[{\"@type\":\"ReadAction\",\"target\":[\"https:\/\/swiss-peak.com\/sv\/produkt\/swiss-peak-aware-rfid-15-6-laptopvaska-gra\/\"]}]},{\"@type\":\"ImageObject\",\"inLanguage\":\"sv-SE\",\"@id\":\"https:\/\/swiss-peak.com\/sv\/produkt\/swiss-peak-aware-rfid-15-6-laptopvaska-gra\/#primaryimage\",\"url\":\"https:\/\/swiss-peak.com\/wp-content\/uploads\/sites\/9\/2026\/04\/P763.122__S_0__4c3fd024efcb4826ac0f59c5b341ce0c.jpg\",\"contentUrl\":\"https:\/\/swiss-peak.com\/wp-content\/uploads\/sites\/9\/2026\/04\/P763.122__S_0__4c3fd024efcb4826ac0f59c5b341ce0c.jpg\",\"width\":1024,\"height\":1024},{\"@type\":\"BreadcrumbList\",\"@id\":\"https:\/\/swiss-peak.com\/sv\/produkt\/swiss-peak-aware-rfid-15-6-laptopvaska-gra\/#breadcrumb\",\"itemListElement\":[{\"@type\":\"ListItem\",\"position\":1,\"name\":\"Home\",\"item\":\"https:\/\/swiss-peak.com\/sv\/\"},{\"@type\":\"ListItem\",\"position\":2,\"name\":\"Kollektion\",\"item\":\"https:\/\/swiss-peak.com\/sv\/kollektion\/\"},{\"@type\":\"ListItem\",\"position\":3,\"name\":\"AWARE\u2122 RFID 15.6&#8243; laptopv\u00e4ska, gr\u00e5\"}]},{\"@type\":\"WebSite\",\"@id\":\"https:\/\/swiss-peak.com\/sv\/#website\",\"url\":\"https:\/\/swiss-peak.com\/sv\/\",\"name\":\"Swiss Peak\",\"description\":\"Where will today take you?\",\"potentialAction\":[{\"@type\":\"SearchAction\",\"target\":{\"@type\":\"EntryPoint\",\"urlTemplate\":\"https:\/\/swiss-peak.com\/sv\/?s={search_term_string}\"},\"query-input\":{\"@type\":\"PropertyValueSpecification\",\"valueRequired\":true,\"valueName\":\"search_term_string\"}}],\"inLanguage\":\"sv-SE\"}]}<\/script>\n<!-- \/ Yoast SEO plugin. -->","yoast_head_json":{"title":"AWARE\u2122 RFID 15.6\" laptopv\u00e4ska, gr\u00e5 - Swiss Peak","robots":{"index":"index","follow":"follow","max-snippet":"max-snippet:-1","max-image-preview":"max-image-preview:large","max-video-preview":"max-video-preview:-1"},"canonical":"https:\/\/swiss-peak.com\/sv\/produkt\/swiss-peak-aware-rfid-15-6-laptopvaska-gra\/","og_locale":"sv_SE","og_type":"article","og_title":"AWARE\u2122 RFID 15.6\" laptopv\u00e4ska, gr\u00e5 - Swiss Peak","og_description":"Denna Swiss Peak AWARE\u2122 15.6\u201d laptopv\u00e4ska erbjuder stilig f\u00f6rvaring f\u00f6r din laptop och surfplatta. Med fack f\u00f6r att organisera dina tech-prylar och tillh\u00f6righeter. RFID-skyddade fack f\u00f6r pl\u00e5nbok och pass ( NFC (13.56 MHz) Blocking) .Blixtl\u00e5sf\u00f6rsett fack samt trolley-rem p\u00e5 baksidan. 2% av int\u00e4kterna f\u00f6r varje s\u00e5ld Aware\u2122-produkt kommer att doneras till Water.org.","og_url":"https:\/\/swiss-peak.com\/sv\/produkt\/swiss-peak-aware-rfid-15-6-laptopvaska-gra\/","og_site_name":"Swiss Peak","article_modified_time":"2026-04-16T01:16:16+00:00","og_image":[{"width":1024,"height":1024,"url":"https:\/\/swiss-peak.com\/wp-content\/uploads\/sites\/9\/2026\/04\/P763.122__S_0__4c3fd024efcb4826ac0f59c5b341ce0c.jpg","type":"image\/jpeg"}],"twitter_card":"summary_large_image","schema":{"@context":"https:\/\/schema.org","@graph":[{"@type":"WebPage","@id":"https:\/\/swiss-peak.com\/sv\/produkt\/swiss-peak-aware-rfid-15-6-laptopvaska-gra\/","url":"https:\/\/swiss-peak.com\/sv\/produkt\/swiss-peak-aware-rfid-15-6-laptopvaska-gra\/","name":"AWARE\u2122 RFID 15.6\" laptopv\u00e4ska, gr\u00e5 - Swiss Peak","isPartOf":{"@id":"https:\/\/swiss-peak.com\/sv\/#website"},"primaryImageOfPage":{"@id":"https:\/\/swiss-peak.com\/sv\/produkt\/swiss-peak-aware-rfid-15-6-laptopvaska-gra\/#primaryimage"},"image":{"@id":"https:\/\/swiss-peak.com\/sv\/produkt\/swiss-peak-aware-rfid-15-6-laptopvaska-gra\/#primaryimage"},"thumbnailUrl":"https:\/\/swiss-peak.com\/wp-content\/uploads\/sites\/9\/2026\/04\/P763.122__S_0__4c3fd024efcb4826ac0f59c5b341ce0c.jpg","datePublished":"2023-03-14T10:13:25+00:00","dateModified":"2026-04-16T01:16:16+00:00","breadcrumb":{"@id":"https:\/\/swiss-peak.com\/sv\/produkt\/swiss-peak-aware-rfid-15-6-laptopvaska-gra\/#breadcrumb"},"inLanguage":"sv-SE","potentialAction":[{"@type":"ReadAction","target":["https:\/\/swiss-peak.com\/sv\/produkt\/swiss-peak-aware-rfid-15-6-laptopvaska-gra\/"]}]},{"@type":"ImageObject","inLanguage":"sv-SE","@id":"https:\/\/swiss-peak.com\/sv\/produkt\/swiss-peak-aware-rfid-15-6-laptopvaska-gra\/#primaryimage","url":"https:\/\/swiss-peak.com\/wp-content\/uploads\/sites\/9\/2026\/04\/P763.122__S_0__4c3fd024efcb4826ac0f59c5b341ce0c.jpg","contentUrl":"https:\/\/swiss-peak.com\/wp-content\/uploads\/sites\/9\/2026\/04\/P763.122__S_0__4c3fd024efcb4826ac0f59c5b341ce0c.jpg","width":1024,"height":1024},{"@type":"BreadcrumbList","@id":"https:\/\/swiss-peak.com\/sv\/produkt\/swiss-peak-aware-rfid-15-6-laptopvaska-gra\/#breadcrumb","itemListElement":[{"@type":"ListItem","position":1,"name":"Home","item":"https:\/\/swiss-peak.com\/sv\/"},{"@type":"ListItem","position":2,"name":"Kollektion","item":"https:\/\/swiss-peak.com\/sv\/kollektion\/"},{"@type":"ListItem","position":3,"name":"AWARE\u2122 RFID 15.6&#8243; laptopv\u00e4ska, gr\u00e5"}]},{"@type":"WebSite","@id":"https:\/\/swiss-peak.com\/sv\/#website","url":"https:\/\/swiss-peak.com\/sv\/","name":"Swiss Peak","description":"Where will today take you?","potentialAction":[{"@type":"SearchAction","target":{"@type":"EntryPoint","urlTemplate":"https:\/\/swiss-peak.com\/sv\/?s={search_term_string}"},"query-input":{"@type":"PropertyValueSpecification","valueRequired":true,"valueName":"search_term_string"}}],"inLanguage":"sv-SE"}]}},"_links":{"self":[{"href":"https:\/\/swiss-peak.com\/sv\/wp-json\/wp\/v2\/product\/15426","targetHints":{"allow":["GET"]}}],"collection":[{"href":"https:\/\/swiss-peak.com\/sv\/wp-json\/wp\/v2\/product"}],"about":[{"href":"https:\/\/swiss-peak.com\/sv\/wp-json\/wp\/v2\/types\/product"}],"wp:featuredmedia":[{"embeddable":true,"href":"https:\/\/swiss-peak.com\/sv\/wp-json\/wp\/v2\/media\/46441"}],"wp:attachment":[{"href":"https:\/\/swiss-peak.com\/sv\/wp-json\/wp\/v2\/media?parent=15426"}],"wp:term":[{"taxonomy":"product_cat","embeddable":true,"href":"https:\/\/swiss-peak.com\/sv\/wp-json\/wp\/v2\/product_cat?post=15426"},{"taxonomy":"product_tag","embeddable":true,"href":"https:\/\/swiss-peak.com\/sv\/wp-json\/wp\/v2\/product_tag?post=15426"}],"curies":[{"name":"wp","href":"https:\/\/api.w.org\/{rel}","templated":true}]}}