{"id":15421,"date":"2023-03-14T12:13:25","date_gmt":"2023-03-14T10:13:25","guid":{"rendered":"https:\/\/xdsomename.tempurl.host\/swisspeak-website\/collection\/okategoriserad\/aware-rpet-15-6-business-ryggsack-svart\/"},"modified":"2026-04-16T03:15:21","modified_gmt":"2026-04-16T01:15:21","slug":"aware-rpet-15-6-business-ryggsack-svart","status":"publish","type":"product","link":"https:\/\/swiss-peak.com\/sv\/produkt\/aware-rpet-15-6-business-ryggsack-svart\/","title":{"rendered":"AWARE\u2122 RPET 15.6&#8243; businessryggs\u00e4ck, svart"},"content":{"rendered":"<p>Swiss Peak AWARE\u2122 RPET 15.6&#8243; business ryggs\u00e4ck \u00e4r en v\u00e4dert\u00e5lig ryggs\u00e4ck f\u00f6r jobb och fritid. Ryggs\u00e4cken har ett rymligt huvudfack, laptopen kan enkelt kommas \u00e5t via blixtl\u00e5set p\u00e5 sidan. H\u00f6g b\u00e4rkomfort tack vare de formade axelremmarna som andas, vadderad ryggpanel och fullt justerbart br\u00f6stband. Blixtl\u00e5sf\u00f6rsett fack upptill. Utsida i PU och 1200D \u00e5tervunnen polyester. Foder av 100% 150D \u00e5tervunnen polyester. Med AWARE\u2122 sp\u00e5r\u00e4mne som bevisar anv\u00e4ndandet av \u00e5tervunna material. 2% av int\u00e4kterna f\u00f6r varje s\u00e5ld Impact-produkt kommer att doneras till Water.org.<\/p>\n","protected":false},"excerpt":{"rendered":"<p>Swiss Peak AWARE\u2122 RPET 15.6&#8243; business ryggs\u00e4ck \u00e4r en v\u00e4dert\u00e5lig ryggs\u00e4ck f\u00f6r jobb och fritid. Ryggs\u00e4cken har ett rymligt huvudfack, laptopen kan enkelt kommas \u00e5t via blixtl\u00e5set p\u00e5 sidan. H\u00f6g b\u00e4rkomfort tack vare de formade axelremmarna som andas, vadderad ryggpanel och fullt justerbart br\u00f6stband. Blixtl\u00e5sf\u00f6rsett fack upptill. Utsida i PU och 1200D \u00e5tervunnen polyester. Foder [&hellip;]<\/p>\n","protected":false},"featured_media":46399,"template":"","meta":{"_acf_changed":false},"product_cat":[258,253],"product_tag":[],"class_list":["post-15421","product","type-product","status-publish","has-post-thumbnail","hentry","product_cat-ryggsackar","product_cat-vaskor-och-resor","pa_color-black-sv"],"acf":[],"yoast_head":"<!-- This site is optimized with the Yoast SEO plugin v27.0 - https:\/\/yoast.com\/product\/yoast-seo-wordpress\/ -->\n<title>AWARE\u2122 RPET 15.6&quot; businessryggs\u00e4ck, svart - Swiss Peak<\/title>\n<meta name=\"robots\" content=\"index, follow, max-snippet:-1, max-image-preview:large, max-video-preview:-1\" \/>\n<link rel=\"canonical\" href=\"https:\/\/swiss-peak.com\/sv\/produkt\/aware-rpet-15-6-business-ryggsack-svart\/\" \/>\n<meta property=\"og:locale\" content=\"sv_SE\" \/>\n<meta property=\"og:type\" content=\"article\" \/>\n<meta property=\"og:title\" content=\"AWARE\u2122 RPET 15.6&quot; businessryggs\u00e4ck, svart - Swiss Peak\" \/>\n<meta property=\"og:description\" content=\"Swiss Peak AWARE\u2122 RPET 15.6&#8243; business ryggs\u00e4ck \u00e4r en v\u00e4dert\u00e5lig ryggs\u00e4ck f\u00f6r jobb och fritid. Ryggs\u00e4cken har ett rymligt huvudfack, laptopen kan enkelt kommas \u00e5t via blixtl\u00e5set p\u00e5 sidan. H\u00f6g b\u00e4rkomfort tack vare de formade axelremmarna som andas, vadderad ryggpanel och fullt justerbart br\u00f6stband. Blixtl\u00e5sf\u00f6rsett fack upptill. Utsida i PU och 1200D \u00e5tervunnen polyester. Foder [&hellip;]\" \/>\n<meta property=\"og:url\" content=\"https:\/\/swiss-peak.com\/sv\/produkt\/aware-rpet-15-6-business-ryggsack-svart\/\" \/>\n<meta property=\"og:site_name\" content=\"Swiss Peak\" \/>\n<meta property=\"article:modified_time\" content=\"2026-04-16T01:15:21+00:00\" \/>\n<meta property=\"og:image\" content=\"https:\/\/swiss-peak.com\/wp-content\/uploads\/sites\/9\/2026\/04\/P762.891__S_0__814f9a9973ae4c40ab9515c3e4179e33.jpg\" \/>\n\t<meta property=\"og:image:width\" content=\"1024\" \/>\n\t<meta property=\"og:image:height\" content=\"1024\" \/>\n\t<meta property=\"og:image:type\" content=\"image\/jpeg\" \/>\n<meta name=\"twitter:card\" content=\"summary_large_image\" \/>\n<script type=\"application\/ld+json\" class=\"yoast-schema-graph\">{\"@context\":\"https:\/\/schema.org\",\"@graph\":[{\"@type\":\"WebPage\",\"@id\":\"https:\/\/swiss-peak.com\/sv\/produkt\/aware-rpet-15-6-business-ryggsack-svart\/\",\"url\":\"https:\/\/swiss-peak.com\/sv\/produkt\/aware-rpet-15-6-business-ryggsack-svart\/\",\"name\":\"AWARE\u2122 RPET 15.6\\\" businessryggs\u00e4ck, svart - Swiss Peak\",\"isPartOf\":{\"@id\":\"https:\/\/swiss-peak.com\/sv\/#website\"},\"primaryImageOfPage\":{\"@id\":\"https:\/\/swiss-peak.com\/sv\/produkt\/aware-rpet-15-6-business-ryggsack-svart\/#primaryimage\"},\"image\":{\"@id\":\"https:\/\/swiss-peak.com\/sv\/produkt\/aware-rpet-15-6-business-ryggsack-svart\/#primaryimage\"},\"thumbnailUrl\":\"https:\/\/swiss-peak.com\/wp-content\/uploads\/sites\/9\/2026\/04\/P762.891__S_0__814f9a9973ae4c40ab9515c3e4179e33.jpg\",\"datePublished\":\"2023-03-14T10:13:25+00:00\",\"dateModified\":\"2026-04-16T01:15:21+00:00\",\"breadcrumb\":{\"@id\":\"https:\/\/swiss-peak.com\/sv\/produkt\/aware-rpet-15-6-business-ryggsack-svart\/#breadcrumb\"},\"inLanguage\":\"sv-SE\",\"potentialAction\":[{\"@type\":\"ReadAction\",\"target\":[\"https:\/\/swiss-peak.com\/sv\/produkt\/aware-rpet-15-6-business-ryggsack-svart\/\"]}]},{\"@type\":\"ImageObject\",\"inLanguage\":\"sv-SE\",\"@id\":\"https:\/\/swiss-peak.com\/sv\/produkt\/aware-rpet-15-6-business-ryggsack-svart\/#primaryimage\",\"url\":\"https:\/\/swiss-peak.com\/wp-content\/uploads\/sites\/9\/2026\/04\/P762.891__S_0__814f9a9973ae4c40ab9515c3e4179e33.jpg\",\"contentUrl\":\"https:\/\/swiss-peak.com\/wp-content\/uploads\/sites\/9\/2026\/04\/P762.891__S_0__814f9a9973ae4c40ab9515c3e4179e33.jpg\",\"width\":1024,\"height\":1024},{\"@type\":\"BreadcrumbList\",\"@id\":\"https:\/\/swiss-peak.com\/sv\/produkt\/aware-rpet-15-6-business-ryggsack-svart\/#breadcrumb\",\"itemListElement\":[{\"@type\":\"ListItem\",\"position\":1,\"name\":\"Home\",\"item\":\"https:\/\/swiss-peak.com\/sv\/\"},{\"@type\":\"ListItem\",\"position\":2,\"name\":\"Kollektion\",\"item\":\"https:\/\/swiss-peak.com\/sv\/kollektion\/\"},{\"@type\":\"ListItem\",\"position\":3,\"name\":\"AWARE\u2122 RPET 15.6&#8243; businessryggs\u00e4ck, svart\"}]},{\"@type\":\"WebSite\",\"@id\":\"https:\/\/swiss-peak.com\/sv\/#website\",\"url\":\"https:\/\/swiss-peak.com\/sv\/\",\"name\":\"Swiss Peak\",\"description\":\"Where will today take you?\",\"potentialAction\":[{\"@type\":\"SearchAction\",\"target\":{\"@type\":\"EntryPoint\",\"urlTemplate\":\"https:\/\/swiss-peak.com\/sv\/?s={search_term_string}\"},\"query-input\":{\"@type\":\"PropertyValueSpecification\",\"valueRequired\":true,\"valueName\":\"search_term_string\"}}],\"inLanguage\":\"sv-SE\"}]}<\/script>\n<!-- \/ Yoast SEO plugin. -->","yoast_head_json":{"title":"AWARE\u2122 RPET 15.6\" businessryggs\u00e4ck, svart - Swiss Peak","robots":{"index":"index","follow":"follow","max-snippet":"max-snippet:-1","max-image-preview":"max-image-preview:large","max-video-preview":"max-video-preview:-1"},"canonical":"https:\/\/swiss-peak.com\/sv\/produkt\/aware-rpet-15-6-business-ryggsack-svart\/","og_locale":"sv_SE","og_type":"article","og_title":"AWARE\u2122 RPET 15.6\" businessryggs\u00e4ck, svart - Swiss Peak","og_description":"Swiss Peak AWARE\u2122 RPET 15.6&#8243; business ryggs\u00e4ck \u00e4r en v\u00e4dert\u00e5lig ryggs\u00e4ck f\u00f6r jobb och fritid. Ryggs\u00e4cken har ett rymligt huvudfack, laptopen kan enkelt kommas \u00e5t via blixtl\u00e5set p\u00e5 sidan. H\u00f6g b\u00e4rkomfort tack vare de formade axelremmarna som andas, vadderad ryggpanel och fullt justerbart br\u00f6stband. Blixtl\u00e5sf\u00f6rsett fack upptill. Utsida i PU och 1200D \u00e5tervunnen polyester. Foder [&hellip;]","og_url":"https:\/\/swiss-peak.com\/sv\/produkt\/aware-rpet-15-6-business-ryggsack-svart\/","og_site_name":"Swiss Peak","article_modified_time":"2026-04-16T01:15:21+00:00","og_image":[{"width":1024,"height":1024,"url":"https:\/\/swiss-peak.com\/wp-content\/uploads\/sites\/9\/2026\/04\/P762.891__S_0__814f9a9973ae4c40ab9515c3e4179e33.jpg","type":"image\/jpeg"}],"twitter_card":"summary_large_image","schema":{"@context":"https:\/\/schema.org","@graph":[{"@type":"WebPage","@id":"https:\/\/swiss-peak.com\/sv\/produkt\/aware-rpet-15-6-business-ryggsack-svart\/","url":"https:\/\/swiss-peak.com\/sv\/produkt\/aware-rpet-15-6-business-ryggsack-svart\/","name":"AWARE\u2122 RPET 15.6\" businessryggs\u00e4ck, svart - Swiss Peak","isPartOf":{"@id":"https:\/\/swiss-peak.com\/sv\/#website"},"primaryImageOfPage":{"@id":"https:\/\/swiss-peak.com\/sv\/produkt\/aware-rpet-15-6-business-ryggsack-svart\/#primaryimage"},"image":{"@id":"https:\/\/swiss-peak.com\/sv\/produkt\/aware-rpet-15-6-business-ryggsack-svart\/#primaryimage"},"thumbnailUrl":"https:\/\/swiss-peak.com\/wp-content\/uploads\/sites\/9\/2026\/04\/P762.891__S_0__814f9a9973ae4c40ab9515c3e4179e33.jpg","datePublished":"2023-03-14T10:13:25+00:00","dateModified":"2026-04-16T01:15:21+00:00","breadcrumb":{"@id":"https:\/\/swiss-peak.com\/sv\/produkt\/aware-rpet-15-6-business-ryggsack-svart\/#breadcrumb"},"inLanguage":"sv-SE","potentialAction":[{"@type":"ReadAction","target":["https:\/\/swiss-peak.com\/sv\/produkt\/aware-rpet-15-6-business-ryggsack-svart\/"]}]},{"@type":"ImageObject","inLanguage":"sv-SE","@id":"https:\/\/swiss-peak.com\/sv\/produkt\/aware-rpet-15-6-business-ryggsack-svart\/#primaryimage","url":"https:\/\/swiss-peak.com\/wp-content\/uploads\/sites\/9\/2026\/04\/P762.891__S_0__814f9a9973ae4c40ab9515c3e4179e33.jpg","contentUrl":"https:\/\/swiss-peak.com\/wp-content\/uploads\/sites\/9\/2026\/04\/P762.891__S_0__814f9a9973ae4c40ab9515c3e4179e33.jpg","width":1024,"height":1024},{"@type":"BreadcrumbList","@id":"https:\/\/swiss-peak.com\/sv\/produkt\/aware-rpet-15-6-business-ryggsack-svart\/#breadcrumb","itemListElement":[{"@type":"ListItem","position":1,"name":"Home","item":"https:\/\/swiss-peak.com\/sv\/"},{"@type":"ListItem","position":2,"name":"Kollektion","item":"https:\/\/swiss-peak.com\/sv\/kollektion\/"},{"@type":"ListItem","position":3,"name":"AWARE\u2122 RPET 15.6&#8243; businessryggs\u00e4ck, svart"}]},{"@type":"WebSite","@id":"https:\/\/swiss-peak.com\/sv\/#website","url":"https:\/\/swiss-peak.com\/sv\/","name":"Swiss Peak","description":"Where will today take you?","potentialAction":[{"@type":"SearchAction","target":{"@type":"EntryPoint","urlTemplate":"https:\/\/swiss-peak.com\/sv\/?s={search_term_string}"},"query-input":{"@type":"PropertyValueSpecification","valueRequired":true,"valueName":"search_term_string"}}],"inLanguage":"sv-SE"}]}},"_links":{"self":[{"href":"https:\/\/swiss-peak.com\/sv\/wp-json\/wp\/v2\/product\/15421","targetHints":{"allow":["GET"]}}],"collection":[{"href":"https:\/\/swiss-peak.com\/sv\/wp-json\/wp\/v2\/product"}],"about":[{"href":"https:\/\/swiss-peak.com\/sv\/wp-json\/wp\/v2\/types\/product"}],"wp:featuredmedia":[{"embeddable":true,"href":"https:\/\/swiss-peak.com\/sv\/wp-json\/wp\/v2\/media\/46399"}],"wp:attachment":[{"href":"https:\/\/swiss-peak.com\/sv\/wp-json\/wp\/v2\/media?parent=15421"}],"wp:term":[{"taxonomy":"product_cat","embeddable":true,"href":"https:\/\/swiss-peak.com\/sv\/wp-json\/wp\/v2\/product_cat?post=15421"},{"taxonomy":"product_tag","embeddable":true,"href":"https:\/\/swiss-peak.com\/sv\/wp-json\/wp\/v2\/product_tag?post=15421"}],"curies":[{"name":"wp","href":"https:\/\/api.w.org\/{rel}","templated":true}]}}