{"id":15419,"date":"2023-03-14T12:13:25","date_gmt":"2023-03-14T10:13:25","guid":{"rendered":"https:\/\/xdsomename.tempurl.host\/swisspeak-website\/collection\/okategoriserad\/aware-rpet-15-6-expanderbar-weekend-ryggsack-svart\/"},"modified":"2026-03-12T04:15:02","modified_gmt":"2026-03-12T02:15:02","slug":"aware-rpet-15-6-expanderbar-weekend-ryggsack-svart","status":"publish","type":"product","link":"https:\/\/swiss-peak.com\/sv\/produkt\/aware-rpet-15-6-expanderbar-weekend-ryggsack-svart\/","title":{"rendered":"AWARE\u2122 RPET 15.6&#8243; expanderbar weekendryggs\u00e4ck, svart"},"content":{"rendered":"<p>Swiss Peak AWARE\u2122 RPET 15.6&#8243; expanderbar weekend-ryggs\u00e4ck \u00e4r designad f\u00f6r snabb och smidig hantering i s\u00e4kerhetskontrollen. Det expanderbara huvudfacket kan \u00f6ka kapaciteten med 35% f\u00f6r l\u00e4ngre resor. Kompressionsremmar p\u00e5 sidorna s\u00e4krar och stabiliserar inneh\u00e5llet f\u00f6r enkelt b\u00e4rande. Sm\u00e5 fack f\u00f6r laddningskablar och andra sm\u00e5saker. Med baggagerem. Med AWARE\u2122 sp\u00e5r\u00e4mne som bevisar anv\u00e4ndandet av \u00e5tervunna material. 2% av int\u00e4kterna f\u00f6r varje s\u00e5ld Impact-produkt kommer att doneras till Water.org. PVC-fri.<\/p>\n","protected":false},"excerpt":{"rendered":"<p>Swiss Peak AWARE\u2122 RPET 15.6&#8243; expanderbar weekend-ryggs\u00e4ck \u00e4r designad f\u00f6r snabb och smidig hantering i s\u00e4kerhetskontrollen. Det expanderbara huvudfacket kan \u00f6ka kapaciteten med 35% f\u00f6r l\u00e4ngre resor. Kompressionsremmar p\u00e5 sidorna s\u00e4krar och stabiliserar inneh\u00e5llet f\u00f6r enkelt b\u00e4rande. Sm\u00e5 fack f\u00f6r laddningskablar och andra sm\u00e5saker. Med baggagerem. Med AWARE\u2122 sp\u00e5r\u00e4mne som bevisar anv\u00e4ndandet av \u00e5tervunna material. [&hellip;]<\/p>\n","protected":false},"featured_media":34385,"template":"","meta":{"_acf_changed":false},"product_cat":[258,253,285],"product_tag":[],"class_list":["post-15419","product","type-product","status-publish","has-post-thumbnail","hentry","product_cat-ryggsackar","product_cat-vaskor-och-resor","product_cat-weekendvaskor","pa_color-black-sv"],"acf":[],"yoast_head":"<!-- This site is optimized with the Yoast SEO plugin v27.0 - https:\/\/yoast.com\/product\/yoast-seo-wordpress\/ -->\n<title>AWARE\u2122 RPET 15.6&quot; expanderbar weekendryggs\u00e4ck, svart - Swiss Peak<\/title>\n<meta name=\"robots\" content=\"index, follow, max-snippet:-1, max-image-preview:large, max-video-preview:-1\" \/>\n<link rel=\"canonical\" href=\"https:\/\/swiss-peak.com\/sv\/produkt\/aware-rpet-15-6-expanderbar-weekend-ryggsack-svart\/\" \/>\n<meta property=\"og:locale\" content=\"sv_SE\" \/>\n<meta property=\"og:type\" content=\"article\" \/>\n<meta property=\"og:title\" content=\"AWARE\u2122 RPET 15.6&quot; expanderbar weekendryggs\u00e4ck, svart - Swiss Peak\" \/>\n<meta property=\"og:description\" content=\"Swiss Peak AWARE\u2122 RPET 15.6&#8243; expanderbar weekend-ryggs\u00e4ck \u00e4r designad f\u00f6r snabb och smidig hantering i s\u00e4kerhetskontrollen. Det expanderbara huvudfacket kan \u00f6ka kapaciteten med 35% f\u00f6r l\u00e4ngre resor. Kompressionsremmar p\u00e5 sidorna s\u00e4krar och stabiliserar inneh\u00e5llet f\u00f6r enkelt b\u00e4rande. Sm\u00e5 fack f\u00f6r laddningskablar och andra sm\u00e5saker. Med baggagerem. Med AWARE\u2122 sp\u00e5r\u00e4mne som bevisar anv\u00e4ndandet av \u00e5tervunna material. [&hellip;]\" \/>\n<meta property=\"og:url\" content=\"https:\/\/swiss-peak.com\/sv\/produkt\/aware-rpet-15-6-expanderbar-weekend-ryggsack-svart\/\" \/>\n<meta property=\"og:site_name\" content=\"Swiss Peak\" \/>\n<meta property=\"article:modified_time\" content=\"2026-03-12T02:15:02+00:00\" \/>\n<meta property=\"og:image\" content=\"https:\/\/swiss-peak.com\/wp-content\/uploads\/sites\/9\/2024\/02\/P762.791__S_0__276d6e346a6f4b39aa34a72791b81827.jpg\" \/>\n\t<meta property=\"og:image:width\" content=\"1024\" \/>\n\t<meta property=\"og:image:height\" content=\"1024\" \/>\n\t<meta property=\"og:image:type\" content=\"image\/jpeg\" \/>\n<meta name=\"twitter:card\" content=\"summary_large_image\" \/>\n<script type=\"application\/ld+json\" class=\"yoast-schema-graph\">{\"@context\":\"https:\/\/schema.org\",\"@graph\":[{\"@type\":\"WebPage\",\"@id\":\"https:\/\/swiss-peak.com\/sv\/produkt\/aware-rpet-15-6-expanderbar-weekend-ryggsack-svart\/\",\"url\":\"https:\/\/swiss-peak.com\/sv\/produkt\/aware-rpet-15-6-expanderbar-weekend-ryggsack-svart\/\",\"name\":\"AWARE\u2122 RPET 15.6\\\" expanderbar weekendryggs\u00e4ck, svart - Swiss Peak\",\"isPartOf\":{\"@id\":\"https:\/\/swiss-peak.com\/sv\/#website\"},\"primaryImageOfPage\":{\"@id\":\"https:\/\/swiss-peak.com\/sv\/produkt\/aware-rpet-15-6-expanderbar-weekend-ryggsack-svart\/#primaryimage\"},\"image\":{\"@id\":\"https:\/\/swiss-peak.com\/sv\/produkt\/aware-rpet-15-6-expanderbar-weekend-ryggsack-svart\/#primaryimage\"},\"thumbnailUrl\":\"https:\/\/swiss-peak.com\/wp-content\/uploads\/sites\/9\/2024\/02\/P762.791__S_0__276d6e346a6f4b39aa34a72791b81827.jpg\",\"datePublished\":\"2023-03-14T10:13:25+00:00\",\"dateModified\":\"2026-03-12T02:15:02+00:00\",\"breadcrumb\":{\"@id\":\"https:\/\/swiss-peak.com\/sv\/produkt\/aware-rpet-15-6-expanderbar-weekend-ryggsack-svart\/#breadcrumb\"},\"inLanguage\":\"sv-SE\",\"potentialAction\":[{\"@type\":\"ReadAction\",\"target\":[\"https:\/\/swiss-peak.com\/sv\/produkt\/aware-rpet-15-6-expanderbar-weekend-ryggsack-svart\/\"]}]},{\"@type\":\"ImageObject\",\"inLanguage\":\"sv-SE\",\"@id\":\"https:\/\/swiss-peak.com\/sv\/produkt\/aware-rpet-15-6-expanderbar-weekend-ryggsack-svart\/#primaryimage\",\"url\":\"https:\/\/swiss-peak.com\/wp-content\/uploads\/sites\/9\/2024\/02\/P762.791__S_0__276d6e346a6f4b39aa34a72791b81827.jpg\",\"contentUrl\":\"https:\/\/swiss-peak.com\/wp-content\/uploads\/sites\/9\/2024\/02\/P762.791__S_0__276d6e346a6f4b39aa34a72791b81827.jpg\",\"width\":1024,\"height\":1024},{\"@type\":\"BreadcrumbList\",\"@id\":\"https:\/\/swiss-peak.com\/sv\/produkt\/aware-rpet-15-6-expanderbar-weekend-ryggsack-svart\/#breadcrumb\",\"itemListElement\":[{\"@type\":\"ListItem\",\"position\":1,\"name\":\"Home\",\"item\":\"https:\/\/swiss-peak.com\/sv\/\"},{\"@type\":\"ListItem\",\"position\":2,\"name\":\"Kollektion\",\"item\":\"https:\/\/swiss-peak.com\/sv\/kollektion\/\"},{\"@type\":\"ListItem\",\"position\":3,\"name\":\"AWARE\u2122 RPET 15.6&#8243; expanderbar weekendryggs\u00e4ck, svart\"}]},{\"@type\":\"WebSite\",\"@id\":\"https:\/\/swiss-peak.com\/sv\/#website\",\"url\":\"https:\/\/swiss-peak.com\/sv\/\",\"name\":\"Swiss Peak\",\"description\":\"Where will today take you?\",\"potentialAction\":[{\"@type\":\"SearchAction\",\"target\":{\"@type\":\"EntryPoint\",\"urlTemplate\":\"https:\/\/swiss-peak.com\/sv\/?s={search_term_string}\"},\"query-input\":{\"@type\":\"PropertyValueSpecification\",\"valueRequired\":true,\"valueName\":\"search_term_string\"}}],\"inLanguage\":\"sv-SE\"}]}<\/script>\n<!-- \/ Yoast SEO plugin. -->","yoast_head_json":{"title":"AWARE\u2122 RPET 15.6\" expanderbar weekendryggs\u00e4ck, svart - Swiss Peak","robots":{"index":"index","follow":"follow","max-snippet":"max-snippet:-1","max-image-preview":"max-image-preview:large","max-video-preview":"max-video-preview:-1"},"canonical":"https:\/\/swiss-peak.com\/sv\/produkt\/aware-rpet-15-6-expanderbar-weekend-ryggsack-svart\/","og_locale":"sv_SE","og_type":"article","og_title":"AWARE\u2122 RPET 15.6\" expanderbar weekendryggs\u00e4ck, svart - Swiss Peak","og_description":"Swiss Peak AWARE\u2122 RPET 15.6&#8243; expanderbar weekend-ryggs\u00e4ck \u00e4r designad f\u00f6r snabb och smidig hantering i s\u00e4kerhetskontrollen. Det expanderbara huvudfacket kan \u00f6ka kapaciteten med 35% f\u00f6r l\u00e4ngre resor. Kompressionsremmar p\u00e5 sidorna s\u00e4krar och stabiliserar inneh\u00e5llet f\u00f6r enkelt b\u00e4rande. Sm\u00e5 fack f\u00f6r laddningskablar och andra sm\u00e5saker. Med baggagerem. Med AWARE\u2122 sp\u00e5r\u00e4mne som bevisar anv\u00e4ndandet av \u00e5tervunna material. [&hellip;]","og_url":"https:\/\/swiss-peak.com\/sv\/produkt\/aware-rpet-15-6-expanderbar-weekend-ryggsack-svart\/","og_site_name":"Swiss Peak","article_modified_time":"2026-03-12T02:15:02+00:00","og_image":[{"width":1024,"height":1024,"url":"https:\/\/swiss-peak.com\/wp-content\/uploads\/sites\/9\/2024\/02\/P762.791__S_0__276d6e346a6f4b39aa34a72791b81827.jpg","type":"image\/jpeg"}],"twitter_card":"summary_large_image","schema":{"@context":"https:\/\/schema.org","@graph":[{"@type":"WebPage","@id":"https:\/\/swiss-peak.com\/sv\/produkt\/aware-rpet-15-6-expanderbar-weekend-ryggsack-svart\/","url":"https:\/\/swiss-peak.com\/sv\/produkt\/aware-rpet-15-6-expanderbar-weekend-ryggsack-svart\/","name":"AWARE\u2122 RPET 15.6\" expanderbar weekendryggs\u00e4ck, svart - Swiss Peak","isPartOf":{"@id":"https:\/\/swiss-peak.com\/sv\/#website"},"primaryImageOfPage":{"@id":"https:\/\/swiss-peak.com\/sv\/produkt\/aware-rpet-15-6-expanderbar-weekend-ryggsack-svart\/#primaryimage"},"image":{"@id":"https:\/\/swiss-peak.com\/sv\/produkt\/aware-rpet-15-6-expanderbar-weekend-ryggsack-svart\/#primaryimage"},"thumbnailUrl":"https:\/\/swiss-peak.com\/wp-content\/uploads\/sites\/9\/2024\/02\/P762.791__S_0__276d6e346a6f4b39aa34a72791b81827.jpg","datePublished":"2023-03-14T10:13:25+00:00","dateModified":"2026-03-12T02:15:02+00:00","breadcrumb":{"@id":"https:\/\/swiss-peak.com\/sv\/produkt\/aware-rpet-15-6-expanderbar-weekend-ryggsack-svart\/#breadcrumb"},"inLanguage":"sv-SE","potentialAction":[{"@type":"ReadAction","target":["https:\/\/swiss-peak.com\/sv\/produkt\/aware-rpet-15-6-expanderbar-weekend-ryggsack-svart\/"]}]},{"@type":"ImageObject","inLanguage":"sv-SE","@id":"https:\/\/swiss-peak.com\/sv\/produkt\/aware-rpet-15-6-expanderbar-weekend-ryggsack-svart\/#primaryimage","url":"https:\/\/swiss-peak.com\/wp-content\/uploads\/sites\/9\/2024\/02\/P762.791__S_0__276d6e346a6f4b39aa34a72791b81827.jpg","contentUrl":"https:\/\/swiss-peak.com\/wp-content\/uploads\/sites\/9\/2024\/02\/P762.791__S_0__276d6e346a6f4b39aa34a72791b81827.jpg","width":1024,"height":1024},{"@type":"BreadcrumbList","@id":"https:\/\/swiss-peak.com\/sv\/produkt\/aware-rpet-15-6-expanderbar-weekend-ryggsack-svart\/#breadcrumb","itemListElement":[{"@type":"ListItem","position":1,"name":"Home","item":"https:\/\/swiss-peak.com\/sv\/"},{"@type":"ListItem","position":2,"name":"Kollektion","item":"https:\/\/swiss-peak.com\/sv\/kollektion\/"},{"@type":"ListItem","position":3,"name":"AWARE\u2122 RPET 15.6&#8243; expanderbar weekendryggs\u00e4ck, svart"}]},{"@type":"WebSite","@id":"https:\/\/swiss-peak.com\/sv\/#website","url":"https:\/\/swiss-peak.com\/sv\/","name":"Swiss Peak","description":"Where will today take you?","potentialAction":[{"@type":"SearchAction","target":{"@type":"EntryPoint","urlTemplate":"https:\/\/swiss-peak.com\/sv\/?s={search_term_string}"},"query-input":{"@type":"PropertyValueSpecification","valueRequired":true,"valueName":"search_term_string"}}],"inLanguage":"sv-SE"}]}},"_links":{"self":[{"href":"https:\/\/swiss-peak.com\/sv\/wp-json\/wp\/v2\/product\/15419","targetHints":{"allow":["GET"]}}],"collection":[{"href":"https:\/\/swiss-peak.com\/sv\/wp-json\/wp\/v2\/product"}],"about":[{"href":"https:\/\/swiss-peak.com\/sv\/wp-json\/wp\/v2\/types\/product"}],"wp:featuredmedia":[{"embeddable":true,"href":"https:\/\/swiss-peak.com\/sv\/wp-json\/wp\/v2\/media\/34385"}],"wp:attachment":[{"href":"https:\/\/swiss-peak.com\/sv\/wp-json\/wp\/v2\/media?parent=15419"}],"wp:term":[{"taxonomy":"product_cat","embeddable":true,"href":"https:\/\/swiss-peak.com\/sv\/wp-json\/wp\/v2\/product_cat?post=15419"},{"taxonomy":"product_tag","embeddable":true,"href":"https:\/\/swiss-peak.com\/sv\/wp-json\/wp\/v2\/product_tag?post=15419"}],"curies":[{"name":"wp","href":"https:\/\/api.w.org\/{rel}","templated":true}]}}