{"id":15414,"date":"2023-03-14T12:13:01","date_gmt":"2023-03-14T10:13:01","guid":{"rendered":"https:\/\/xdsomename.tempurl.host\/swisspeak-website\/collection\/okategoriserad\/reseryggsack-pvc-fri-svart\/"},"modified":"2026-03-12T04:14:42","modified_gmt":"2026-03-12T02:14:42","slug":"reseryggsack-pvc-fri-svart","status":"publish","type":"product","link":"https:\/\/swiss-peak.com\/sv\/produkt\/reseryggsack-pvc-fri-svart\/","title":{"rendered":"Reseryggs\u00e4ck, PVC-fri, svart"},"content":{"rendered":"<p>Bryt barri\u00e4rer och anv\u00e4nd denna omvandlingsbara ryggs\u00e4ck. Funktionell organisation och smarta funktioner g\u00f6r denna ryggs\u00e4ck till ett sj\u00e4lvklart val varje dag. 4-1 omvandlingsbar: 1. Ryggs\u00e4ck: Anslut de vadderade b\u00e4rremmarna till de s\u00e4kra ringarna och justera passformen f\u00f6r att b\u00e4ra den som en ryggs\u00e4ck. 2. Axel: H\u00e4kta av och stoppa undan b\u00e4rremmarna, anslut och justera axelremmen f\u00f6r att bekv\u00e4mt b\u00e4ra v\u00e4skan p\u00e5 axeln. 3. Crossbody: N\u00e4r v\u00e4skan \u00e4r full, justera axelremmen diagonalt \u00f6ver kroppen f\u00f6r en bekv\u00e4mare, s\u00e4krare hands-free b\u00e4rkomfort. 4. Handh\u00e5llen: Stoppa undan b\u00e4rremmarna och ta av axelremmen, g\u00e5r att b\u00e4ra b\u00e5de med handtag p\u00e5 toppen eller sidan. Laptopfack p\u00e5 baksidan med plats f\u00f6r 15.6&#8243; laptop. Stort huvudfack samt ett blixtl\u00e5sf\u00f6rsett fack p\u00e5 fronten f\u00f6r mindre tillbeh\u00f6r. Med RFID-skyddade fack och trolley-rem. PVC-fri.<\/p>\n","protected":false},"excerpt":{"rendered":"<p>Bryt barri\u00e4rer och anv\u00e4nd denna omvandlingsbara ryggs\u00e4ck. Funktionell organisation och smarta funktioner g\u00f6r denna ryggs\u00e4ck till ett sj\u00e4lvklart val varje dag. 4-1 omvandlingsbar: 1. Ryggs\u00e4ck: Anslut de vadderade b\u00e4rremmarna till de s\u00e4kra ringarna och justera passformen f\u00f6r att b\u00e4ra den som en ryggs\u00e4ck. 2. Axel: H\u00e4kta av och stoppa undan b\u00e4rremmarna, anslut och justera axelremmen [&hellip;]<\/p>\n","protected":false},"featured_media":33135,"template":"","meta":{"_acf_changed":false},"product_cat":[258,253],"product_tag":[],"class_list":["post-15414","product","type-product","status-publish","has-post-thumbnail","hentry","product_cat-ryggsackar","product_cat-vaskor-och-resor","pa_color-black-sv"],"acf":[],"yoast_head":"<!-- This site is optimized with the Yoast SEO plugin v27.0 - https:\/\/yoast.com\/product\/yoast-seo-wordpress\/ -->\n<title>Reseryggs\u00e4ck, PVC-fri, svart - Swiss Peak<\/title>\n<meta name=\"robots\" content=\"index, follow, max-snippet:-1, max-image-preview:large, max-video-preview:-1\" \/>\n<link rel=\"canonical\" href=\"https:\/\/swiss-peak.com\/sv\/produkt\/reseryggsack-pvc-fri-svart\/\" \/>\n<meta property=\"og:locale\" content=\"sv_SE\" \/>\n<meta property=\"og:type\" content=\"article\" \/>\n<meta property=\"og:title\" content=\"Reseryggs\u00e4ck, PVC-fri, svart - Swiss Peak\" \/>\n<meta property=\"og:description\" content=\"Bryt barri\u00e4rer och anv\u00e4nd denna omvandlingsbara ryggs\u00e4ck. Funktionell organisation och smarta funktioner g\u00f6r denna ryggs\u00e4ck till ett sj\u00e4lvklart val varje dag. 4-1 omvandlingsbar: 1. Ryggs\u00e4ck: Anslut de vadderade b\u00e4rremmarna till de s\u00e4kra ringarna och justera passformen f\u00f6r att b\u00e4ra den som en ryggs\u00e4ck. 2. Axel: H\u00e4kta av och stoppa undan b\u00e4rremmarna, anslut och justera axelremmen [&hellip;]\" \/>\n<meta property=\"og:url\" content=\"https:\/\/swiss-peak.com\/sv\/produkt\/reseryggsack-pvc-fri-svart\/\" \/>\n<meta property=\"og:site_name\" content=\"Swiss Peak\" \/>\n<meta property=\"article:modified_time\" content=\"2026-03-12T02:14:42+00:00\" \/>\n<meta property=\"og:image\" content=\"https:\/\/swiss-peak.com\/wp-content\/uploads\/sites\/9\/2024\/02\/P762.581__S_0__5a905101fee94edaacf10da7b3d8c397.jpg\" \/>\n\t<meta property=\"og:image:width\" content=\"1024\" \/>\n\t<meta property=\"og:image:height\" content=\"1024\" \/>\n\t<meta property=\"og:image:type\" content=\"image\/jpeg\" \/>\n<meta name=\"twitter:card\" content=\"summary_large_image\" \/>\n<meta name=\"twitter:label1\" content=\"Ber\u00e4knad l\u00e4stid\" \/>\n\t<meta name=\"twitter:data1\" content=\"1 minut\" \/>\n<script type=\"application\/ld+json\" class=\"yoast-schema-graph\">{\"@context\":\"https:\/\/schema.org\",\"@graph\":[{\"@type\":\"WebPage\",\"@id\":\"https:\/\/swiss-peak.com\/sv\/produkt\/reseryggsack-pvc-fri-svart\/\",\"url\":\"https:\/\/swiss-peak.com\/sv\/produkt\/reseryggsack-pvc-fri-svart\/\",\"name\":\"Reseryggs\u00e4ck, PVC-fri, svart - Swiss Peak\",\"isPartOf\":{\"@id\":\"https:\/\/swiss-peak.com\/sv\/#website\"},\"primaryImageOfPage\":{\"@id\":\"https:\/\/swiss-peak.com\/sv\/produkt\/reseryggsack-pvc-fri-svart\/#primaryimage\"},\"image\":{\"@id\":\"https:\/\/swiss-peak.com\/sv\/produkt\/reseryggsack-pvc-fri-svart\/#primaryimage\"},\"thumbnailUrl\":\"https:\/\/swiss-peak.com\/wp-content\/uploads\/sites\/9\/2024\/02\/P762.581__S_0__5a905101fee94edaacf10da7b3d8c397.jpg\",\"datePublished\":\"2023-03-14T10:13:01+00:00\",\"dateModified\":\"2026-03-12T02:14:42+00:00\",\"breadcrumb\":{\"@id\":\"https:\/\/swiss-peak.com\/sv\/produkt\/reseryggsack-pvc-fri-svart\/#breadcrumb\"},\"inLanguage\":\"sv-SE\",\"potentialAction\":[{\"@type\":\"ReadAction\",\"target\":[\"https:\/\/swiss-peak.com\/sv\/produkt\/reseryggsack-pvc-fri-svart\/\"]}]},{\"@type\":\"ImageObject\",\"inLanguage\":\"sv-SE\",\"@id\":\"https:\/\/swiss-peak.com\/sv\/produkt\/reseryggsack-pvc-fri-svart\/#primaryimage\",\"url\":\"https:\/\/swiss-peak.com\/wp-content\/uploads\/sites\/9\/2024\/02\/P762.581__S_0__5a905101fee94edaacf10da7b3d8c397.jpg\",\"contentUrl\":\"https:\/\/swiss-peak.com\/wp-content\/uploads\/sites\/9\/2024\/02\/P762.581__S_0__5a905101fee94edaacf10da7b3d8c397.jpg\",\"width\":1024,\"height\":1024},{\"@type\":\"BreadcrumbList\",\"@id\":\"https:\/\/swiss-peak.com\/sv\/produkt\/reseryggsack-pvc-fri-svart\/#breadcrumb\",\"itemListElement\":[{\"@type\":\"ListItem\",\"position\":1,\"name\":\"Home\",\"item\":\"https:\/\/swiss-peak.com\/sv\/\"},{\"@type\":\"ListItem\",\"position\":2,\"name\":\"Kollektion\",\"item\":\"https:\/\/swiss-peak.com\/sv\/kollektion\/\"},{\"@type\":\"ListItem\",\"position\":3,\"name\":\"Reseryggs\u00e4ck, PVC-fri, svart\"}]},{\"@type\":\"WebSite\",\"@id\":\"https:\/\/swiss-peak.com\/sv\/#website\",\"url\":\"https:\/\/swiss-peak.com\/sv\/\",\"name\":\"Swiss Peak\",\"description\":\"Where will today take you?\",\"potentialAction\":[{\"@type\":\"SearchAction\",\"target\":{\"@type\":\"EntryPoint\",\"urlTemplate\":\"https:\/\/swiss-peak.com\/sv\/?s={search_term_string}\"},\"query-input\":{\"@type\":\"PropertyValueSpecification\",\"valueRequired\":true,\"valueName\":\"search_term_string\"}}],\"inLanguage\":\"sv-SE\"}]}<\/script>\n<!-- \/ Yoast SEO plugin. -->","yoast_head_json":{"title":"Reseryggs\u00e4ck, PVC-fri, svart - Swiss Peak","robots":{"index":"index","follow":"follow","max-snippet":"max-snippet:-1","max-image-preview":"max-image-preview:large","max-video-preview":"max-video-preview:-1"},"canonical":"https:\/\/swiss-peak.com\/sv\/produkt\/reseryggsack-pvc-fri-svart\/","og_locale":"sv_SE","og_type":"article","og_title":"Reseryggs\u00e4ck, PVC-fri, svart - Swiss Peak","og_description":"Bryt barri\u00e4rer och anv\u00e4nd denna omvandlingsbara ryggs\u00e4ck. Funktionell organisation och smarta funktioner g\u00f6r denna ryggs\u00e4ck till ett sj\u00e4lvklart val varje dag. 4-1 omvandlingsbar: 1. Ryggs\u00e4ck: Anslut de vadderade b\u00e4rremmarna till de s\u00e4kra ringarna och justera passformen f\u00f6r att b\u00e4ra den som en ryggs\u00e4ck. 2. Axel: H\u00e4kta av och stoppa undan b\u00e4rremmarna, anslut och justera axelremmen [&hellip;]","og_url":"https:\/\/swiss-peak.com\/sv\/produkt\/reseryggsack-pvc-fri-svart\/","og_site_name":"Swiss Peak","article_modified_time":"2026-03-12T02:14:42+00:00","og_image":[{"width":1024,"height":1024,"url":"https:\/\/swiss-peak.com\/wp-content\/uploads\/sites\/9\/2024\/02\/P762.581__S_0__5a905101fee94edaacf10da7b3d8c397.jpg","type":"image\/jpeg"}],"twitter_card":"summary_large_image","twitter_misc":{"Ber\u00e4knad l\u00e4stid":"1 minut"},"schema":{"@context":"https:\/\/schema.org","@graph":[{"@type":"WebPage","@id":"https:\/\/swiss-peak.com\/sv\/produkt\/reseryggsack-pvc-fri-svart\/","url":"https:\/\/swiss-peak.com\/sv\/produkt\/reseryggsack-pvc-fri-svart\/","name":"Reseryggs\u00e4ck, PVC-fri, svart - Swiss Peak","isPartOf":{"@id":"https:\/\/swiss-peak.com\/sv\/#website"},"primaryImageOfPage":{"@id":"https:\/\/swiss-peak.com\/sv\/produkt\/reseryggsack-pvc-fri-svart\/#primaryimage"},"image":{"@id":"https:\/\/swiss-peak.com\/sv\/produkt\/reseryggsack-pvc-fri-svart\/#primaryimage"},"thumbnailUrl":"https:\/\/swiss-peak.com\/wp-content\/uploads\/sites\/9\/2024\/02\/P762.581__S_0__5a905101fee94edaacf10da7b3d8c397.jpg","datePublished":"2023-03-14T10:13:01+00:00","dateModified":"2026-03-12T02:14:42+00:00","breadcrumb":{"@id":"https:\/\/swiss-peak.com\/sv\/produkt\/reseryggsack-pvc-fri-svart\/#breadcrumb"},"inLanguage":"sv-SE","potentialAction":[{"@type":"ReadAction","target":["https:\/\/swiss-peak.com\/sv\/produkt\/reseryggsack-pvc-fri-svart\/"]}]},{"@type":"ImageObject","inLanguage":"sv-SE","@id":"https:\/\/swiss-peak.com\/sv\/produkt\/reseryggsack-pvc-fri-svart\/#primaryimage","url":"https:\/\/swiss-peak.com\/wp-content\/uploads\/sites\/9\/2024\/02\/P762.581__S_0__5a905101fee94edaacf10da7b3d8c397.jpg","contentUrl":"https:\/\/swiss-peak.com\/wp-content\/uploads\/sites\/9\/2024\/02\/P762.581__S_0__5a905101fee94edaacf10da7b3d8c397.jpg","width":1024,"height":1024},{"@type":"BreadcrumbList","@id":"https:\/\/swiss-peak.com\/sv\/produkt\/reseryggsack-pvc-fri-svart\/#breadcrumb","itemListElement":[{"@type":"ListItem","position":1,"name":"Home","item":"https:\/\/swiss-peak.com\/sv\/"},{"@type":"ListItem","position":2,"name":"Kollektion","item":"https:\/\/swiss-peak.com\/sv\/kollektion\/"},{"@type":"ListItem","position":3,"name":"Reseryggs\u00e4ck, PVC-fri, svart"}]},{"@type":"WebSite","@id":"https:\/\/swiss-peak.com\/sv\/#website","url":"https:\/\/swiss-peak.com\/sv\/","name":"Swiss Peak","description":"Where will today take you?","potentialAction":[{"@type":"SearchAction","target":{"@type":"EntryPoint","urlTemplate":"https:\/\/swiss-peak.com\/sv\/?s={search_term_string}"},"query-input":{"@type":"PropertyValueSpecification","valueRequired":true,"valueName":"search_term_string"}}],"inLanguage":"sv-SE"}]}},"_links":{"self":[{"href":"https:\/\/swiss-peak.com\/sv\/wp-json\/wp\/v2\/product\/15414","targetHints":{"allow":["GET"]}}],"collection":[{"href":"https:\/\/swiss-peak.com\/sv\/wp-json\/wp\/v2\/product"}],"about":[{"href":"https:\/\/swiss-peak.com\/sv\/wp-json\/wp\/v2\/types\/product"}],"wp:featuredmedia":[{"embeddable":true,"href":"https:\/\/swiss-peak.com\/sv\/wp-json\/wp\/v2\/media\/33135"}],"wp:attachment":[{"href":"https:\/\/swiss-peak.com\/sv\/wp-json\/wp\/v2\/media?parent=15414"}],"wp:term":[{"taxonomy":"product_cat","embeddable":true,"href":"https:\/\/swiss-peak.com\/sv\/wp-json\/wp\/v2\/product_cat?post=15414"},{"taxonomy":"product_tag","embeddable":true,"href":"https:\/\/swiss-peak.com\/sv\/wp-json\/wp\/v2\/product_tag?post=15414"}],"curies":[{"name":"wp","href":"https:\/\/api.w.org\/{rel}","templated":true}]}}