{"id":15412,"date":"2023-03-14T12:13:01","date_gmt":"2023-03-14T10:13:01","guid":{"rendered":"https:\/\/xdsomename.tempurl.host\/swisspeak-website\/collection\/okategoriserad\/ryggsack-fack-med-uv-sterilisering-svart\/"},"modified":"2026-04-16T03:14:52","modified_gmt":"2026-04-16T01:14:52","slug":"ryggsack-fack-med-uv-sterilisering-svart","status":"publish","type":"product","link":"https:\/\/swiss-peak.com\/sv\/produkt\/ryggsack-fack-med-uv-sterilisering-svart\/","title":{"rendered":"Ryggs\u00e4ck, fack med UV-sterilisering, svart"},"content":{"rendered":"<p>Denna unika Swiss Peak laptopryggs\u00e4ck har ett fack p\u00e5 framsidan med integrerad UV-C sterilisering som d\u00f6dar upp till 99,9% av bakterierna p\u00e5 det som placeras i fodralet. Perfekt f\u00f6r att desinficera nycklar och telefon p\u00e5 3 minuter medan du \u00e4r p\u00e5 spr\u00e5ng. De 3 UV-C LED lamporna p\u00e5 insidan \u00e4r giftfria och tillverkade utan kvicksilver. Designen s\u00e4kerst\u00e4ller att UV-C led lampan automatiskt sl\u00e5s av n\u00e4r blixtl\u00e5set p\u00e5 facket \u00f6ppnas s\u00e5 att anv\u00e4ndaren inte uts\u00e4tts f\u00f6r UV-C ljuset. I huvudfacket finns ett laptopfack f\u00f6r 15.6&#8243; laptop, 2 \u00f6ppna fack och 2 penn\u00f6glor. Mesh-vadderad rygg och axelremmar. Inkl. en micro USB kabel som kan anv\u00e4ndas f\u00f6r att ansluta en powerbank f\u00f6r att ladda UV-C fodralet. Utsida 600D och 900D polyester med PU coating. Insida 210D polyester. Enligt EN62471. PVC-fri.<\/p>\n","protected":false},"excerpt":{"rendered":"<p>Denna unika Swiss Peak laptopryggs\u00e4ck har ett fack p\u00e5 framsidan med integrerad UV-C sterilisering som d\u00f6dar upp till 99,9% av bakterierna p\u00e5 det som placeras i fodralet. Perfekt f\u00f6r att desinficera nycklar och telefon p\u00e5 3 minuter medan du \u00e4r p\u00e5 spr\u00e5ng. De 3 UV-C LED lamporna p\u00e5 insidan \u00e4r giftfria och tillverkade utan kvicksilver. [&hellip;]<\/p>\n","protected":false},"featured_media":46350,"template":"","meta":{"_acf_changed":false},"product_cat":[258,253],"product_tag":[],"class_list":["post-15412","product","type-product","status-publish","has-post-thumbnail","hentry","product_cat-ryggsackar","product_cat-vaskor-och-resor","pa_color-black-sv"],"acf":[],"yoast_head":"<!-- This site is optimized with the Yoast SEO plugin v27.0 - https:\/\/yoast.com\/product\/yoast-seo-wordpress\/ -->\n<title>Ryggs\u00e4ck, fack med UV-sterilisering, svart - Swiss Peak<\/title>\n<meta name=\"robots\" content=\"index, follow, max-snippet:-1, max-image-preview:large, max-video-preview:-1\" \/>\n<link rel=\"canonical\" href=\"https:\/\/swiss-peak.com\/sv\/produkt\/ryggsack-fack-med-uv-sterilisering-svart\/\" \/>\n<meta property=\"og:locale\" content=\"sv_SE\" \/>\n<meta property=\"og:type\" content=\"article\" \/>\n<meta property=\"og:title\" content=\"Ryggs\u00e4ck, fack med UV-sterilisering, svart - Swiss Peak\" \/>\n<meta property=\"og:description\" content=\"Denna unika Swiss Peak laptopryggs\u00e4ck har ett fack p\u00e5 framsidan med integrerad UV-C sterilisering som d\u00f6dar upp till 99,9% av bakterierna p\u00e5 det som placeras i fodralet. Perfekt f\u00f6r att desinficera nycklar och telefon p\u00e5 3 minuter medan du \u00e4r p\u00e5 spr\u00e5ng. De 3 UV-C LED lamporna p\u00e5 insidan \u00e4r giftfria och tillverkade utan kvicksilver. [&hellip;]\" \/>\n<meta property=\"og:url\" content=\"https:\/\/swiss-peak.com\/sv\/produkt\/ryggsack-fack-med-uv-sterilisering-svart\/\" \/>\n<meta property=\"og:site_name\" content=\"Swiss Peak\" \/>\n<meta property=\"article:modified_time\" content=\"2026-04-16T01:14:52+00:00\" \/>\n<meta property=\"og:image\" content=\"https:\/\/swiss-peak.com\/wp-content\/uploads\/sites\/9\/2026\/04\/P762.551__S_0__f35c19322eac49deb69d0c62baf89ede.jpg\" \/>\n\t<meta property=\"og:image:width\" content=\"1024\" \/>\n\t<meta property=\"og:image:height\" content=\"1024\" \/>\n\t<meta property=\"og:image:type\" content=\"image\/jpeg\" \/>\n<meta name=\"twitter:card\" content=\"summary_large_image\" \/>\n<meta name=\"twitter:label1\" content=\"Ber\u00e4knad l\u00e4stid\" \/>\n\t<meta name=\"twitter:data1\" content=\"1 minut\" \/>\n<script type=\"application\/ld+json\" class=\"yoast-schema-graph\">{\"@context\":\"https:\/\/schema.org\",\"@graph\":[{\"@type\":\"WebPage\",\"@id\":\"https:\/\/swiss-peak.com\/sv\/produkt\/ryggsack-fack-med-uv-sterilisering-svart\/\",\"url\":\"https:\/\/swiss-peak.com\/sv\/produkt\/ryggsack-fack-med-uv-sterilisering-svart\/\",\"name\":\"Ryggs\u00e4ck, fack med UV-sterilisering, svart - Swiss Peak\",\"isPartOf\":{\"@id\":\"https:\/\/swiss-peak.com\/sv\/#website\"},\"primaryImageOfPage\":{\"@id\":\"https:\/\/swiss-peak.com\/sv\/produkt\/ryggsack-fack-med-uv-sterilisering-svart\/#primaryimage\"},\"image\":{\"@id\":\"https:\/\/swiss-peak.com\/sv\/produkt\/ryggsack-fack-med-uv-sterilisering-svart\/#primaryimage\"},\"thumbnailUrl\":\"https:\/\/swiss-peak.com\/wp-content\/uploads\/sites\/9\/2026\/04\/P762.551__S_0__f35c19322eac49deb69d0c62baf89ede.jpg\",\"datePublished\":\"2023-03-14T10:13:01+00:00\",\"dateModified\":\"2026-04-16T01:14:52+00:00\",\"breadcrumb\":{\"@id\":\"https:\/\/swiss-peak.com\/sv\/produkt\/ryggsack-fack-med-uv-sterilisering-svart\/#breadcrumb\"},\"inLanguage\":\"sv-SE\",\"potentialAction\":[{\"@type\":\"ReadAction\",\"target\":[\"https:\/\/swiss-peak.com\/sv\/produkt\/ryggsack-fack-med-uv-sterilisering-svart\/\"]}]},{\"@type\":\"ImageObject\",\"inLanguage\":\"sv-SE\",\"@id\":\"https:\/\/swiss-peak.com\/sv\/produkt\/ryggsack-fack-med-uv-sterilisering-svart\/#primaryimage\",\"url\":\"https:\/\/swiss-peak.com\/wp-content\/uploads\/sites\/9\/2026\/04\/P762.551__S_0__f35c19322eac49deb69d0c62baf89ede.jpg\",\"contentUrl\":\"https:\/\/swiss-peak.com\/wp-content\/uploads\/sites\/9\/2026\/04\/P762.551__S_0__f35c19322eac49deb69d0c62baf89ede.jpg\",\"width\":1024,\"height\":1024},{\"@type\":\"BreadcrumbList\",\"@id\":\"https:\/\/swiss-peak.com\/sv\/produkt\/ryggsack-fack-med-uv-sterilisering-svart\/#breadcrumb\",\"itemListElement\":[{\"@type\":\"ListItem\",\"position\":1,\"name\":\"Home\",\"item\":\"https:\/\/swiss-peak.com\/sv\/\"},{\"@type\":\"ListItem\",\"position\":2,\"name\":\"Kollektion\",\"item\":\"https:\/\/swiss-peak.com\/sv\/kollektion\/\"},{\"@type\":\"ListItem\",\"position\":3,\"name\":\"Ryggs\u00e4ck, fack med UV-sterilisering, svart\"}]},{\"@type\":\"WebSite\",\"@id\":\"https:\/\/swiss-peak.com\/sv\/#website\",\"url\":\"https:\/\/swiss-peak.com\/sv\/\",\"name\":\"Swiss Peak\",\"description\":\"Where will today take you?\",\"potentialAction\":[{\"@type\":\"SearchAction\",\"target\":{\"@type\":\"EntryPoint\",\"urlTemplate\":\"https:\/\/swiss-peak.com\/sv\/?s={search_term_string}\"},\"query-input\":{\"@type\":\"PropertyValueSpecification\",\"valueRequired\":true,\"valueName\":\"search_term_string\"}}],\"inLanguage\":\"sv-SE\"}]}<\/script>\n<!-- \/ Yoast SEO plugin. -->","yoast_head_json":{"title":"Ryggs\u00e4ck, fack med UV-sterilisering, svart - Swiss Peak","robots":{"index":"index","follow":"follow","max-snippet":"max-snippet:-1","max-image-preview":"max-image-preview:large","max-video-preview":"max-video-preview:-1"},"canonical":"https:\/\/swiss-peak.com\/sv\/produkt\/ryggsack-fack-med-uv-sterilisering-svart\/","og_locale":"sv_SE","og_type":"article","og_title":"Ryggs\u00e4ck, fack med UV-sterilisering, svart - Swiss Peak","og_description":"Denna unika Swiss Peak laptopryggs\u00e4ck har ett fack p\u00e5 framsidan med integrerad UV-C sterilisering som d\u00f6dar upp till 99,9% av bakterierna p\u00e5 det som placeras i fodralet. Perfekt f\u00f6r att desinficera nycklar och telefon p\u00e5 3 minuter medan du \u00e4r p\u00e5 spr\u00e5ng. De 3 UV-C LED lamporna p\u00e5 insidan \u00e4r giftfria och tillverkade utan kvicksilver. [&hellip;]","og_url":"https:\/\/swiss-peak.com\/sv\/produkt\/ryggsack-fack-med-uv-sterilisering-svart\/","og_site_name":"Swiss Peak","article_modified_time":"2026-04-16T01:14:52+00:00","og_image":[{"width":1024,"height":1024,"url":"https:\/\/swiss-peak.com\/wp-content\/uploads\/sites\/9\/2026\/04\/P762.551__S_0__f35c19322eac49deb69d0c62baf89ede.jpg","type":"image\/jpeg"}],"twitter_card":"summary_large_image","twitter_misc":{"Ber\u00e4knad l\u00e4stid":"1 minut"},"schema":{"@context":"https:\/\/schema.org","@graph":[{"@type":"WebPage","@id":"https:\/\/swiss-peak.com\/sv\/produkt\/ryggsack-fack-med-uv-sterilisering-svart\/","url":"https:\/\/swiss-peak.com\/sv\/produkt\/ryggsack-fack-med-uv-sterilisering-svart\/","name":"Ryggs\u00e4ck, fack med UV-sterilisering, svart - Swiss Peak","isPartOf":{"@id":"https:\/\/swiss-peak.com\/sv\/#website"},"primaryImageOfPage":{"@id":"https:\/\/swiss-peak.com\/sv\/produkt\/ryggsack-fack-med-uv-sterilisering-svart\/#primaryimage"},"image":{"@id":"https:\/\/swiss-peak.com\/sv\/produkt\/ryggsack-fack-med-uv-sterilisering-svart\/#primaryimage"},"thumbnailUrl":"https:\/\/swiss-peak.com\/wp-content\/uploads\/sites\/9\/2026\/04\/P762.551__S_0__f35c19322eac49deb69d0c62baf89ede.jpg","datePublished":"2023-03-14T10:13:01+00:00","dateModified":"2026-04-16T01:14:52+00:00","breadcrumb":{"@id":"https:\/\/swiss-peak.com\/sv\/produkt\/ryggsack-fack-med-uv-sterilisering-svart\/#breadcrumb"},"inLanguage":"sv-SE","potentialAction":[{"@type":"ReadAction","target":["https:\/\/swiss-peak.com\/sv\/produkt\/ryggsack-fack-med-uv-sterilisering-svart\/"]}]},{"@type":"ImageObject","inLanguage":"sv-SE","@id":"https:\/\/swiss-peak.com\/sv\/produkt\/ryggsack-fack-med-uv-sterilisering-svart\/#primaryimage","url":"https:\/\/swiss-peak.com\/wp-content\/uploads\/sites\/9\/2026\/04\/P762.551__S_0__f35c19322eac49deb69d0c62baf89ede.jpg","contentUrl":"https:\/\/swiss-peak.com\/wp-content\/uploads\/sites\/9\/2026\/04\/P762.551__S_0__f35c19322eac49deb69d0c62baf89ede.jpg","width":1024,"height":1024},{"@type":"BreadcrumbList","@id":"https:\/\/swiss-peak.com\/sv\/produkt\/ryggsack-fack-med-uv-sterilisering-svart\/#breadcrumb","itemListElement":[{"@type":"ListItem","position":1,"name":"Home","item":"https:\/\/swiss-peak.com\/sv\/"},{"@type":"ListItem","position":2,"name":"Kollektion","item":"https:\/\/swiss-peak.com\/sv\/kollektion\/"},{"@type":"ListItem","position":3,"name":"Ryggs\u00e4ck, fack med UV-sterilisering, svart"}]},{"@type":"WebSite","@id":"https:\/\/swiss-peak.com\/sv\/#website","url":"https:\/\/swiss-peak.com\/sv\/","name":"Swiss Peak","description":"Where will today take you?","potentialAction":[{"@type":"SearchAction","target":{"@type":"EntryPoint","urlTemplate":"https:\/\/swiss-peak.com\/sv\/?s={search_term_string}"},"query-input":{"@type":"PropertyValueSpecification","valueRequired":true,"valueName":"search_term_string"}}],"inLanguage":"sv-SE"}]}},"_links":{"self":[{"href":"https:\/\/swiss-peak.com\/sv\/wp-json\/wp\/v2\/product\/15412","targetHints":{"allow":["GET"]}}],"collection":[{"href":"https:\/\/swiss-peak.com\/sv\/wp-json\/wp\/v2\/product"}],"about":[{"href":"https:\/\/swiss-peak.com\/sv\/wp-json\/wp\/v2\/types\/product"}],"wp:featuredmedia":[{"embeddable":true,"href":"https:\/\/swiss-peak.com\/sv\/wp-json\/wp\/v2\/media\/46350"}],"wp:attachment":[{"href":"https:\/\/swiss-peak.com\/sv\/wp-json\/wp\/v2\/media?parent=15412"}],"wp:term":[{"taxonomy":"product_cat","embeddable":true,"href":"https:\/\/swiss-peak.com\/sv\/wp-json\/wp\/v2\/product_cat?post=15412"},{"taxonomy":"product_tag","embeddable":true,"href":"https:\/\/swiss-peak.com\/sv\/wp-json\/wp\/v2\/product_tag?post=15412"}],"curies":[{"name":"wp","href":"https:\/\/api.w.org\/{rel}","templated":true}]}}