{"id":15407,"date":"2023-03-14T12:13:01","date_gmt":"2023-03-14T10:13:01","guid":{"rendered":"https:\/\/xdsomename.tempurl.host\/swisspeak-website\/collection\/okategoriserad\/rfid-sport-duffle-ryggsack-svart\/"},"modified":"2026-04-16T03:14:43","modified_gmt":"2026-04-16T01:14:43","slug":"rfid-sport-duffle-ryggsack-svart","status":"publish","type":"product","link":"https:\/\/swiss-peak.com\/sv\/produkt\/rfid-sport-duffle-ryggsack-svart\/","title":{"rendered":"RFID sportduffel &amp; ryggs\u00e4ck, svart"},"content":{"rendered":"<p>L\u00e4ttvikt 1680D och 600D polyester 2-i-1 v\u00e4ska. Kan anv\u00e4ndas b\u00e5de som ryggs\u00e4ck och duffelv\u00e4ska. Ett rymligt huvudfack med en U-formad dragkedja p\u00e5 toppen, ett fack tillg\u00e4ngligt fr\u00e5n sidan f\u00f6r skor eller smutstv\u00e4tt och ett sidofack med dragkedja. P\u00e5 baksidan finns ett fack f\u00f6r din flaska och fack med enkel \u00e5tkomst. Frontfack f\u00f6rsett med dragkedja, med 2 RFID-skyddade sleeves. Justerbara axelremmar f\u00f6r b\u00e4rkomfort. PVC-fri.<\/p>\n","protected":false},"excerpt":{"rendered":"<p>L\u00e4ttvikt 1680D och 600D polyester 2-i-1 v\u00e4ska. Kan anv\u00e4ndas b\u00e5de som ryggs\u00e4ck och duffelv\u00e4ska. Ett rymligt huvudfack med en U-formad dragkedja p\u00e5 toppen, ett fack tillg\u00e4ngligt fr\u00e5n sidan f\u00f6r skor eller smutstv\u00e4tt och ett sidofack med dragkedja. P\u00e5 baksidan finns ett fack f\u00f6r din flaska och fack med enkel \u00e5tkomst. Frontfack f\u00f6rsett med dragkedja, med [&hellip;]<\/p>\n","protected":false},"featured_media":46329,"template":"","meta":{"_acf_changed":false},"product_cat":[258,268,253],"product_tag":[],"class_list":["post-15407","product","type-product","status-publish","has-post-thumbnail","hentry","product_cat-ryggsackar","product_cat-sportvaskor","product_cat-vaskor-och-resor","pa_color-black-sv"],"acf":[],"yoast_head":"<!-- This site is optimized with the Yoast SEO plugin v27.0 - https:\/\/yoast.com\/product\/yoast-seo-wordpress\/ -->\n<title>RFID sportduffel &amp; ryggs\u00e4ck, svart - Swiss Peak<\/title>\n<meta name=\"robots\" content=\"index, follow, max-snippet:-1, max-image-preview:large, max-video-preview:-1\" \/>\n<link rel=\"canonical\" href=\"https:\/\/swiss-peak.com\/sv\/produkt\/rfid-sport-duffle-ryggsack-svart\/\" \/>\n<meta property=\"og:locale\" content=\"sv_SE\" \/>\n<meta property=\"og:type\" content=\"article\" \/>\n<meta property=\"og:title\" content=\"RFID sportduffel &amp; ryggs\u00e4ck, svart - Swiss Peak\" \/>\n<meta property=\"og:description\" content=\"L\u00e4ttvikt 1680D och 600D polyester 2-i-1 v\u00e4ska. Kan anv\u00e4ndas b\u00e5de som ryggs\u00e4ck och duffelv\u00e4ska. Ett rymligt huvudfack med en U-formad dragkedja p\u00e5 toppen, ett fack tillg\u00e4ngligt fr\u00e5n sidan f\u00f6r skor eller smutstv\u00e4tt och ett sidofack med dragkedja. P\u00e5 baksidan finns ett fack f\u00f6r din flaska och fack med enkel \u00e5tkomst. Frontfack f\u00f6rsett med dragkedja, med [&hellip;]\" \/>\n<meta property=\"og:url\" content=\"https:\/\/swiss-peak.com\/sv\/produkt\/rfid-sport-duffle-ryggsack-svart\/\" \/>\n<meta property=\"og:site_name\" content=\"Swiss Peak\" \/>\n<meta property=\"article:modified_time\" content=\"2026-04-16T01:14:43+00:00\" \/>\n<meta property=\"og:image\" content=\"https:\/\/swiss-peak.com\/wp-content\/uploads\/sites\/9\/2026\/04\/P762.261__S_0__d02d9fe6590b4c05aead3ff2e4fc228b.jpg\" \/>\n\t<meta property=\"og:image:width\" content=\"1024\" \/>\n\t<meta property=\"og:image:height\" content=\"1024\" \/>\n\t<meta property=\"og:image:type\" content=\"image\/jpeg\" \/>\n<meta name=\"twitter:card\" content=\"summary_large_image\" \/>\n<script type=\"application\/ld+json\" class=\"yoast-schema-graph\">{\"@context\":\"https:\/\/schema.org\",\"@graph\":[{\"@type\":\"WebPage\",\"@id\":\"https:\/\/swiss-peak.com\/sv\/produkt\/rfid-sport-duffle-ryggsack-svart\/\",\"url\":\"https:\/\/swiss-peak.com\/sv\/produkt\/rfid-sport-duffle-ryggsack-svart\/\",\"name\":\"RFID sportduffel &amp; ryggs\u00e4ck, svart - Swiss Peak\",\"isPartOf\":{\"@id\":\"https:\/\/swiss-peak.com\/sv\/#website\"},\"primaryImageOfPage\":{\"@id\":\"https:\/\/swiss-peak.com\/sv\/produkt\/rfid-sport-duffle-ryggsack-svart\/#primaryimage\"},\"image\":{\"@id\":\"https:\/\/swiss-peak.com\/sv\/produkt\/rfid-sport-duffle-ryggsack-svart\/#primaryimage\"},\"thumbnailUrl\":\"https:\/\/swiss-peak.com\/wp-content\/uploads\/sites\/9\/2026\/04\/P762.261__S_0__d02d9fe6590b4c05aead3ff2e4fc228b.jpg\",\"datePublished\":\"2023-03-14T10:13:01+00:00\",\"dateModified\":\"2026-04-16T01:14:43+00:00\",\"breadcrumb\":{\"@id\":\"https:\/\/swiss-peak.com\/sv\/produkt\/rfid-sport-duffle-ryggsack-svart\/#breadcrumb\"},\"inLanguage\":\"sv-SE\",\"potentialAction\":[{\"@type\":\"ReadAction\",\"target\":[\"https:\/\/swiss-peak.com\/sv\/produkt\/rfid-sport-duffle-ryggsack-svart\/\"]}]},{\"@type\":\"ImageObject\",\"inLanguage\":\"sv-SE\",\"@id\":\"https:\/\/swiss-peak.com\/sv\/produkt\/rfid-sport-duffle-ryggsack-svart\/#primaryimage\",\"url\":\"https:\/\/swiss-peak.com\/wp-content\/uploads\/sites\/9\/2026\/04\/P762.261__S_0__d02d9fe6590b4c05aead3ff2e4fc228b.jpg\",\"contentUrl\":\"https:\/\/swiss-peak.com\/wp-content\/uploads\/sites\/9\/2026\/04\/P762.261__S_0__d02d9fe6590b4c05aead3ff2e4fc228b.jpg\",\"width\":1024,\"height\":1024},{\"@type\":\"BreadcrumbList\",\"@id\":\"https:\/\/swiss-peak.com\/sv\/produkt\/rfid-sport-duffle-ryggsack-svart\/#breadcrumb\",\"itemListElement\":[{\"@type\":\"ListItem\",\"position\":1,\"name\":\"Home\",\"item\":\"https:\/\/swiss-peak.com\/sv\/\"},{\"@type\":\"ListItem\",\"position\":2,\"name\":\"Kollektion\",\"item\":\"https:\/\/swiss-peak.com\/sv\/kollektion\/\"},{\"@type\":\"ListItem\",\"position\":3,\"name\":\"RFID sportduffel &amp; ryggs\u00e4ck, svart\"}]},{\"@type\":\"WebSite\",\"@id\":\"https:\/\/swiss-peak.com\/sv\/#website\",\"url\":\"https:\/\/swiss-peak.com\/sv\/\",\"name\":\"Swiss Peak\",\"description\":\"Where will today take you?\",\"potentialAction\":[{\"@type\":\"SearchAction\",\"target\":{\"@type\":\"EntryPoint\",\"urlTemplate\":\"https:\/\/swiss-peak.com\/sv\/?s={search_term_string}\"},\"query-input\":{\"@type\":\"PropertyValueSpecification\",\"valueRequired\":true,\"valueName\":\"search_term_string\"}}],\"inLanguage\":\"sv-SE\"}]}<\/script>\n<!-- \/ Yoast SEO plugin. -->","yoast_head_json":{"title":"RFID sportduffel &amp; ryggs\u00e4ck, svart - Swiss Peak","robots":{"index":"index","follow":"follow","max-snippet":"max-snippet:-1","max-image-preview":"max-image-preview:large","max-video-preview":"max-video-preview:-1"},"canonical":"https:\/\/swiss-peak.com\/sv\/produkt\/rfid-sport-duffle-ryggsack-svart\/","og_locale":"sv_SE","og_type":"article","og_title":"RFID sportduffel &amp; ryggs\u00e4ck, svart - Swiss Peak","og_description":"L\u00e4ttvikt 1680D och 600D polyester 2-i-1 v\u00e4ska. Kan anv\u00e4ndas b\u00e5de som ryggs\u00e4ck och duffelv\u00e4ska. Ett rymligt huvudfack med en U-formad dragkedja p\u00e5 toppen, ett fack tillg\u00e4ngligt fr\u00e5n sidan f\u00f6r skor eller smutstv\u00e4tt och ett sidofack med dragkedja. P\u00e5 baksidan finns ett fack f\u00f6r din flaska och fack med enkel \u00e5tkomst. Frontfack f\u00f6rsett med dragkedja, med [&hellip;]","og_url":"https:\/\/swiss-peak.com\/sv\/produkt\/rfid-sport-duffle-ryggsack-svart\/","og_site_name":"Swiss Peak","article_modified_time":"2026-04-16T01:14:43+00:00","og_image":[{"width":1024,"height":1024,"url":"https:\/\/swiss-peak.com\/wp-content\/uploads\/sites\/9\/2026\/04\/P762.261__S_0__d02d9fe6590b4c05aead3ff2e4fc228b.jpg","type":"image\/jpeg"}],"twitter_card":"summary_large_image","schema":{"@context":"https:\/\/schema.org","@graph":[{"@type":"WebPage","@id":"https:\/\/swiss-peak.com\/sv\/produkt\/rfid-sport-duffle-ryggsack-svart\/","url":"https:\/\/swiss-peak.com\/sv\/produkt\/rfid-sport-duffle-ryggsack-svart\/","name":"RFID sportduffel &amp; ryggs\u00e4ck, svart - Swiss Peak","isPartOf":{"@id":"https:\/\/swiss-peak.com\/sv\/#website"},"primaryImageOfPage":{"@id":"https:\/\/swiss-peak.com\/sv\/produkt\/rfid-sport-duffle-ryggsack-svart\/#primaryimage"},"image":{"@id":"https:\/\/swiss-peak.com\/sv\/produkt\/rfid-sport-duffle-ryggsack-svart\/#primaryimage"},"thumbnailUrl":"https:\/\/swiss-peak.com\/wp-content\/uploads\/sites\/9\/2026\/04\/P762.261__S_0__d02d9fe6590b4c05aead3ff2e4fc228b.jpg","datePublished":"2023-03-14T10:13:01+00:00","dateModified":"2026-04-16T01:14:43+00:00","breadcrumb":{"@id":"https:\/\/swiss-peak.com\/sv\/produkt\/rfid-sport-duffle-ryggsack-svart\/#breadcrumb"},"inLanguage":"sv-SE","potentialAction":[{"@type":"ReadAction","target":["https:\/\/swiss-peak.com\/sv\/produkt\/rfid-sport-duffle-ryggsack-svart\/"]}]},{"@type":"ImageObject","inLanguage":"sv-SE","@id":"https:\/\/swiss-peak.com\/sv\/produkt\/rfid-sport-duffle-ryggsack-svart\/#primaryimage","url":"https:\/\/swiss-peak.com\/wp-content\/uploads\/sites\/9\/2026\/04\/P762.261__S_0__d02d9fe6590b4c05aead3ff2e4fc228b.jpg","contentUrl":"https:\/\/swiss-peak.com\/wp-content\/uploads\/sites\/9\/2026\/04\/P762.261__S_0__d02d9fe6590b4c05aead3ff2e4fc228b.jpg","width":1024,"height":1024},{"@type":"BreadcrumbList","@id":"https:\/\/swiss-peak.com\/sv\/produkt\/rfid-sport-duffle-ryggsack-svart\/#breadcrumb","itemListElement":[{"@type":"ListItem","position":1,"name":"Home","item":"https:\/\/swiss-peak.com\/sv\/"},{"@type":"ListItem","position":2,"name":"Kollektion","item":"https:\/\/swiss-peak.com\/sv\/kollektion\/"},{"@type":"ListItem","position":3,"name":"RFID sportduffel &amp; ryggs\u00e4ck, svart"}]},{"@type":"WebSite","@id":"https:\/\/swiss-peak.com\/sv\/#website","url":"https:\/\/swiss-peak.com\/sv\/","name":"Swiss Peak","description":"Where will today take you?","potentialAction":[{"@type":"SearchAction","target":{"@type":"EntryPoint","urlTemplate":"https:\/\/swiss-peak.com\/sv\/?s={search_term_string}"},"query-input":{"@type":"PropertyValueSpecification","valueRequired":true,"valueName":"search_term_string"}}],"inLanguage":"sv-SE"}]}},"_links":{"self":[{"href":"https:\/\/swiss-peak.com\/sv\/wp-json\/wp\/v2\/product\/15407","targetHints":{"allow":["GET"]}}],"collection":[{"href":"https:\/\/swiss-peak.com\/sv\/wp-json\/wp\/v2\/product"}],"about":[{"href":"https:\/\/swiss-peak.com\/sv\/wp-json\/wp\/v2\/types\/product"}],"wp:featuredmedia":[{"embeddable":true,"href":"https:\/\/swiss-peak.com\/sv\/wp-json\/wp\/v2\/media\/46329"}],"wp:attachment":[{"href":"https:\/\/swiss-peak.com\/sv\/wp-json\/wp\/v2\/media?parent=15407"}],"wp:term":[{"taxonomy":"product_cat","embeddable":true,"href":"https:\/\/swiss-peak.com\/sv\/wp-json\/wp\/v2\/product_cat?post=15407"},{"taxonomy":"product_tag","embeddable":true,"href":"https:\/\/swiss-peak.com\/sv\/wp-json\/wp\/v2\/product_tag?post=15407"}],"curies":[{"name":"wp","href":"https:\/\/api.w.org\/{rel}","templated":true}]}}