{"id":15401,"date":"2023-03-14T12:12:35","date_gmt":"2023-03-14T10:12:35","guid":{"rendered":"https:\/\/xdsomename.tempurl.host\/swisspeak-website\/collection\/okategoriserad\/17-laptopryggsack-svart\/"},"modified":"2026-04-16T03:14:37","modified_gmt":"2026-04-16T01:14:37","slug":"17-laptopryggsack-svart","status":"publish","type":"product","link":"https:\/\/swiss-peak.com\/sv\/produkt\/17-laptopryggsack-svart\/","title":{"rendered":"17\u201d laptopryggs\u00e4ck, svart"},"content":{"rendered":"<p>Snygg och bekv\u00e4m laptopryggs\u00e4ck 17 \u201c.  L\u00e4tt och t\u00e5lig ryggs\u00e4ck med vertikal design och flapover konstruktion. Levereras med en vadderad laptop sleeve, en vadderad sleeve f\u00f6r surfplatta. Vertikal framsidesficka med dragkedja  ger extra lagringsutrymme. Vadderade, justerbara axelband och vadderad baksida f\u00f6r extra b\u00e4rkomfort. PVC-fri.<\/p>\n","protected":false},"excerpt":{"rendered":"<p>Snygg och bekv\u00e4m laptopryggs\u00e4ck 17 \u201c. L\u00e4tt och t\u00e5lig ryggs\u00e4ck med vertikal design och flapover konstruktion. Levereras med en vadderad laptop sleeve, en vadderad sleeve f\u00f6r surfplatta. Vertikal framsidesficka med dragkedja ger extra lagringsutrymme. Vadderade, justerbara axelband och vadderad baksida f\u00f6r extra b\u00e4rkomfort. PVC-fri.<\/p>\n","protected":false},"featured_media":46315,"template":"","meta":{"_acf_changed":false},"product_cat":[289,295,258,253],"product_tag":[],"class_list":["post-15401","product","type-product","status-publish","has-post-thumbnail","hentry","product_cat-business-sv","product_cat-laptopvaskor","product_cat-ryggsackar","product_cat-vaskor-och-resor","pa_color-black-sv"],"acf":[],"yoast_head":"<!-- This site is optimized with the Yoast SEO plugin v27.0 - https:\/\/yoast.com\/product\/yoast-seo-wordpress\/ -->\n<title>17\u201d laptopryggs\u00e4ck, svart - Swiss Peak<\/title>\n<meta name=\"robots\" content=\"index, follow, max-snippet:-1, max-image-preview:large, max-video-preview:-1\" \/>\n<link rel=\"canonical\" href=\"https:\/\/swiss-peak.com\/sv\/produkt\/17-laptopryggsack-svart\/\" \/>\n<meta property=\"og:locale\" content=\"sv_SE\" \/>\n<meta property=\"og:type\" content=\"article\" \/>\n<meta property=\"og:title\" content=\"17\u201d laptopryggs\u00e4ck, svart - Swiss Peak\" \/>\n<meta property=\"og:description\" content=\"Snygg och bekv\u00e4m laptopryggs\u00e4ck 17 \u201c. L\u00e4tt och t\u00e5lig ryggs\u00e4ck med vertikal design och flapover konstruktion. Levereras med en vadderad laptop sleeve, en vadderad sleeve f\u00f6r surfplatta. Vertikal framsidesficka med dragkedja ger extra lagringsutrymme. Vadderade, justerbara axelband och vadderad baksida f\u00f6r extra b\u00e4rkomfort. PVC-fri.\" \/>\n<meta property=\"og:url\" content=\"https:\/\/swiss-peak.com\/sv\/produkt\/17-laptopryggsack-svart\/\" \/>\n<meta property=\"og:site_name\" content=\"Swiss Peak\" \/>\n<meta property=\"article:modified_time\" content=\"2026-04-16T01:14:37+00:00\" \/>\n<meta property=\"og:image\" content=\"https:\/\/swiss-peak.com\/wp-content\/uploads\/sites\/9\/2026\/04\/P762.100__S_0__b11838d2acb34e509b4d4967e584c468.jpg\" \/>\n\t<meta property=\"og:image:width\" content=\"1024\" \/>\n\t<meta property=\"og:image:height\" content=\"1024\" \/>\n\t<meta property=\"og:image:type\" content=\"image\/jpeg\" \/>\n<meta name=\"twitter:card\" content=\"summary_large_image\" \/>\n<script type=\"application\/ld+json\" class=\"yoast-schema-graph\">{\"@context\":\"https:\/\/schema.org\",\"@graph\":[{\"@type\":\"WebPage\",\"@id\":\"https:\/\/swiss-peak.com\/sv\/produkt\/17-laptopryggsack-svart\/\",\"url\":\"https:\/\/swiss-peak.com\/sv\/produkt\/17-laptopryggsack-svart\/\",\"name\":\"17\u201d laptopryggs\u00e4ck, svart - Swiss Peak\",\"isPartOf\":{\"@id\":\"https:\/\/swiss-peak.com\/sv\/#website\"},\"primaryImageOfPage\":{\"@id\":\"https:\/\/swiss-peak.com\/sv\/produkt\/17-laptopryggsack-svart\/#primaryimage\"},\"image\":{\"@id\":\"https:\/\/swiss-peak.com\/sv\/produkt\/17-laptopryggsack-svart\/#primaryimage\"},\"thumbnailUrl\":\"https:\/\/swiss-peak.com\/wp-content\/uploads\/sites\/9\/2026\/04\/P762.100__S_0__b11838d2acb34e509b4d4967e584c468.jpg\",\"datePublished\":\"2023-03-14T10:12:35+00:00\",\"dateModified\":\"2026-04-16T01:14:37+00:00\",\"breadcrumb\":{\"@id\":\"https:\/\/swiss-peak.com\/sv\/produkt\/17-laptopryggsack-svart\/#breadcrumb\"},\"inLanguage\":\"sv-SE\",\"potentialAction\":[{\"@type\":\"ReadAction\",\"target\":[\"https:\/\/swiss-peak.com\/sv\/produkt\/17-laptopryggsack-svart\/\"]}]},{\"@type\":\"ImageObject\",\"inLanguage\":\"sv-SE\",\"@id\":\"https:\/\/swiss-peak.com\/sv\/produkt\/17-laptopryggsack-svart\/#primaryimage\",\"url\":\"https:\/\/swiss-peak.com\/wp-content\/uploads\/sites\/9\/2026\/04\/P762.100__S_0__b11838d2acb34e509b4d4967e584c468.jpg\",\"contentUrl\":\"https:\/\/swiss-peak.com\/wp-content\/uploads\/sites\/9\/2026\/04\/P762.100__S_0__b11838d2acb34e509b4d4967e584c468.jpg\",\"width\":1024,\"height\":1024},{\"@type\":\"BreadcrumbList\",\"@id\":\"https:\/\/swiss-peak.com\/sv\/produkt\/17-laptopryggsack-svart\/#breadcrumb\",\"itemListElement\":[{\"@type\":\"ListItem\",\"position\":1,\"name\":\"Home\",\"item\":\"https:\/\/swiss-peak.com\/sv\/\"},{\"@type\":\"ListItem\",\"position\":2,\"name\":\"Kollektion\",\"item\":\"https:\/\/swiss-peak.com\/sv\/kollektion\/\"},{\"@type\":\"ListItem\",\"position\":3,\"name\":\"17\u201d laptopryggs\u00e4ck, svart\"}]},{\"@type\":\"WebSite\",\"@id\":\"https:\/\/swiss-peak.com\/sv\/#website\",\"url\":\"https:\/\/swiss-peak.com\/sv\/\",\"name\":\"Swiss Peak\",\"description\":\"Where will today take you?\",\"potentialAction\":[{\"@type\":\"SearchAction\",\"target\":{\"@type\":\"EntryPoint\",\"urlTemplate\":\"https:\/\/swiss-peak.com\/sv\/?s={search_term_string}\"},\"query-input\":{\"@type\":\"PropertyValueSpecification\",\"valueRequired\":true,\"valueName\":\"search_term_string\"}}],\"inLanguage\":\"sv-SE\"}]}<\/script>\n<!-- \/ Yoast SEO plugin. -->","yoast_head_json":{"title":"17\u201d laptopryggs\u00e4ck, svart - Swiss Peak","robots":{"index":"index","follow":"follow","max-snippet":"max-snippet:-1","max-image-preview":"max-image-preview:large","max-video-preview":"max-video-preview:-1"},"canonical":"https:\/\/swiss-peak.com\/sv\/produkt\/17-laptopryggsack-svart\/","og_locale":"sv_SE","og_type":"article","og_title":"17\u201d laptopryggs\u00e4ck, svart - Swiss Peak","og_description":"Snygg och bekv\u00e4m laptopryggs\u00e4ck 17 \u201c. L\u00e4tt och t\u00e5lig ryggs\u00e4ck med vertikal design och flapover konstruktion. Levereras med en vadderad laptop sleeve, en vadderad sleeve f\u00f6r surfplatta. Vertikal framsidesficka med dragkedja ger extra lagringsutrymme. Vadderade, justerbara axelband och vadderad baksida f\u00f6r extra b\u00e4rkomfort. PVC-fri.","og_url":"https:\/\/swiss-peak.com\/sv\/produkt\/17-laptopryggsack-svart\/","og_site_name":"Swiss Peak","article_modified_time":"2026-04-16T01:14:37+00:00","og_image":[{"width":1024,"height":1024,"url":"https:\/\/swiss-peak.com\/wp-content\/uploads\/sites\/9\/2026\/04\/P762.100__S_0__b11838d2acb34e509b4d4967e584c468.jpg","type":"image\/jpeg"}],"twitter_card":"summary_large_image","schema":{"@context":"https:\/\/schema.org","@graph":[{"@type":"WebPage","@id":"https:\/\/swiss-peak.com\/sv\/produkt\/17-laptopryggsack-svart\/","url":"https:\/\/swiss-peak.com\/sv\/produkt\/17-laptopryggsack-svart\/","name":"17\u201d laptopryggs\u00e4ck, svart - Swiss Peak","isPartOf":{"@id":"https:\/\/swiss-peak.com\/sv\/#website"},"primaryImageOfPage":{"@id":"https:\/\/swiss-peak.com\/sv\/produkt\/17-laptopryggsack-svart\/#primaryimage"},"image":{"@id":"https:\/\/swiss-peak.com\/sv\/produkt\/17-laptopryggsack-svart\/#primaryimage"},"thumbnailUrl":"https:\/\/swiss-peak.com\/wp-content\/uploads\/sites\/9\/2026\/04\/P762.100__S_0__b11838d2acb34e509b4d4967e584c468.jpg","datePublished":"2023-03-14T10:12:35+00:00","dateModified":"2026-04-16T01:14:37+00:00","breadcrumb":{"@id":"https:\/\/swiss-peak.com\/sv\/produkt\/17-laptopryggsack-svart\/#breadcrumb"},"inLanguage":"sv-SE","potentialAction":[{"@type":"ReadAction","target":["https:\/\/swiss-peak.com\/sv\/produkt\/17-laptopryggsack-svart\/"]}]},{"@type":"ImageObject","inLanguage":"sv-SE","@id":"https:\/\/swiss-peak.com\/sv\/produkt\/17-laptopryggsack-svart\/#primaryimage","url":"https:\/\/swiss-peak.com\/wp-content\/uploads\/sites\/9\/2026\/04\/P762.100__S_0__b11838d2acb34e509b4d4967e584c468.jpg","contentUrl":"https:\/\/swiss-peak.com\/wp-content\/uploads\/sites\/9\/2026\/04\/P762.100__S_0__b11838d2acb34e509b4d4967e584c468.jpg","width":1024,"height":1024},{"@type":"BreadcrumbList","@id":"https:\/\/swiss-peak.com\/sv\/produkt\/17-laptopryggsack-svart\/#breadcrumb","itemListElement":[{"@type":"ListItem","position":1,"name":"Home","item":"https:\/\/swiss-peak.com\/sv\/"},{"@type":"ListItem","position":2,"name":"Kollektion","item":"https:\/\/swiss-peak.com\/sv\/kollektion\/"},{"@type":"ListItem","position":3,"name":"17\u201d laptopryggs\u00e4ck, svart"}]},{"@type":"WebSite","@id":"https:\/\/swiss-peak.com\/sv\/#website","url":"https:\/\/swiss-peak.com\/sv\/","name":"Swiss Peak","description":"Where will today take you?","potentialAction":[{"@type":"SearchAction","target":{"@type":"EntryPoint","urlTemplate":"https:\/\/swiss-peak.com\/sv\/?s={search_term_string}"},"query-input":{"@type":"PropertyValueSpecification","valueRequired":true,"valueName":"search_term_string"}}],"inLanguage":"sv-SE"}]}},"_links":{"self":[{"href":"https:\/\/swiss-peak.com\/sv\/wp-json\/wp\/v2\/product\/15401","targetHints":{"allow":["GET"]}}],"collection":[{"href":"https:\/\/swiss-peak.com\/sv\/wp-json\/wp\/v2\/product"}],"about":[{"href":"https:\/\/swiss-peak.com\/sv\/wp-json\/wp\/v2\/types\/product"}],"wp:featuredmedia":[{"embeddable":true,"href":"https:\/\/swiss-peak.com\/sv\/wp-json\/wp\/v2\/media\/46315"}],"wp:attachment":[{"href":"https:\/\/swiss-peak.com\/sv\/wp-json\/wp\/v2\/media?parent=15401"}],"wp:term":[{"taxonomy":"product_cat","embeddable":true,"href":"https:\/\/swiss-peak.com\/sv\/wp-json\/wp\/v2\/product_cat?post=15401"},{"taxonomy":"product_tag","embeddable":true,"href":"https:\/\/swiss-peak.com\/sv\/wp-json\/wp\/v2\/product_tag?post=15401"}],"curies":[{"name":"wp","href":"https:\/\/api.w.org\/{rel}","templated":true}]}}