{"id":15396,"date":"2023-03-14T12:12:11","date_gmt":"2023-03-14T10:12:11","guid":{"rendered":"https:\/\/xdsomename.tempurl.host\/swisspeak-website\/collection\/okategoriserad\/laptopvaska-15-4-svart\/"},"modified":"2026-04-15T03:12:11","modified_gmt":"2026-04-15T01:12:11","slug":"laptopvaska-15-4-svart","status":"publish","type":"product","link":"https:\/\/swiss-peak.com\/sv\/produkt\/laptopvaska-15-4-svart\/","title":{"rendered":"Laptopv\u00e4ska 15.4\u201d, svart"},"content":{"rendered":"<p>B\u00e4r din 15.4\u201d stora laptop till och fr\u00e5n arbetet i den h\u00e4r tunna laptopv\u00e4skan av 600D- och 1680D polyester fr\u00e5n Swiss Peak. Inneh\u00e5ller ett vadderat laptopfack, en separat ficka f\u00f6r din iPad eller surfplatta och ett fr\u00e4mre blixtl\u00e5sf\u00f6rsett utrymme med fack f\u00f6r pennor och fickor f\u00f6r alla dina mindre tillbeh\u00f6r. Har \u00e4ven en bakre \u00f6ppning som kan skjutas \u00f6ver handtaget p\u00e5 en trolley om du rullar v\u00e4skan st\u00e5ende. Flera olika b\u00e4ralternativ med justerbart och avtagbart axelband. PVC-fri.<\/p>\n","protected":false},"excerpt":{"rendered":"<p>B\u00e4r din 15.4\u201d stora laptop till och fr\u00e5n arbetet i den h\u00e4r tunna laptopv\u00e4skan av 600D- och 1680D polyester fr\u00e5n Swiss Peak. Inneh\u00e5ller ett vadderat laptopfack, en separat ficka f\u00f6r din iPad eller surfplatta och ett fr\u00e4mre blixtl\u00e5sf\u00f6rsett utrymme med fack f\u00f6r pennor och fickor f\u00f6r alla dina mindre tillbeh\u00f6r. Har \u00e4ven en bakre \u00f6ppning [&hellip;]<\/p>\n","protected":false},"featured_media":30785,"template":"","meta":{"_acf_changed":false},"product_cat":[289,295],"product_tag":[],"class_list":["post-15396","product","type-product","status-publish","has-post-thumbnail","hentry","product_cat-business-sv","product_cat-laptopvaskor","pa_color-black-sv"],"acf":[],"yoast_head":"<!-- This site is optimized with the Yoast SEO plugin v27.0 - https:\/\/yoast.com\/product\/yoast-seo-wordpress\/ -->\n<title>Laptopv\u00e4ska 15.4\u201d, svart - Swiss Peak<\/title>\n<meta name=\"robots\" content=\"index, follow, max-snippet:-1, max-image-preview:large, max-video-preview:-1\" \/>\n<link rel=\"canonical\" href=\"https:\/\/swiss-peak.com\/sv\/produkt\/laptopvaska-15-4-svart\/\" \/>\n<meta property=\"og:locale\" content=\"sv_SE\" \/>\n<meta property=\"og:type\" content=\"article\" \/>\n<meta property=\"og:title\" content=\"Laptopv\u00e4ska 15.4\u201d, svart - Swiss Peak\" \/>\n<meta property=\"og:description\" content=\"B\u00e4r din 15.4\u201d stora laptop till och fr\u00e5n arbetet i den h\u00e4r tunna laptopv\u00e4skan av 600D- och 1680D polyester fr\u00e5n Swiss Peak. Inneh\u00e5ller ett vadderat laptopfack, en separat ficka f\u00f6r din iPad eller surfplatta och ett fr\u00e4mre blixtl\u00e5sf\u00f6rsett utrymme med fack f\u00f6r pennor och fickor f\u00f6r alla dina mindre tillbeh\u00f6r. Har \u00e4ven en bakre \u00f6ppning [&hellip;]\" \/>\n<meta property=\"og:url\" content=\"https:\/\/swiss-peak.com\/sv\/produkt\/laptopvaska-15-4-svart\/\" \/>\n<meta property=\"og:site_name\" content=\"Swiss Peak\" \/>\n<meta property=\"article:modified_time\" content=\"2026-04-15T01:12:11+00:00\" \/>\n<meta property=\"og:image\" content=\"https:\/\/swiss-peak.com\/wp-content\/uploads\/sites\/9\/2024\/02\/P732.210__B_1__3d36c025e316406f99a3d01e7d144455.jpg\" \/>\n\t<meta property=\"og:image:width\" content=\"1024\" \/>\n\t<meta property=\"og:image:height\" content=\"1024\" \/>\n\t<meta property=\"og:image:type\" content=\"image\/jpeg\" \/>\n<meta name=\"twitter:card\" content=\"summary_large_image\" \/>\n<script type=\"application\/ld+json\" class=\"yoast-schema-graph\">{\"@context\":\"https:\/\/schema.org\",\"@graph\":[{\"@type\":\"WebPage\",\"@id\":\"https:\/\/swiss-peak.com\/sv\/produkt\/laptopvaska-15-4-svart\/\",\"url\":\"https:\/\/swiss-peak.com\/sv\/produkt\/laptopvaska-15-4-svart\/\",\"name\":\"Laptopv\u00e4ska 15.4\u201d, svart - Swiss Peak\",\"isPartOf\":{\"@id\":\"https:\/\/swiss-peak.com\/sv\/#website\"},\"primaryImageOfPage\":{\"@id\":\"https:\/\/swiss-peak.com\/sv\/produkt\/laptopvaska-15-4-svart\/#primaryimage\"},\"image\":{\"@id\":\"https:\/\/swiss-peak.com\/sv\/produkt\/laptopvaska-15-4-svart\/#primaryimage\"},\"thumbnailUrl\":\"https:\/\/swiss-peak.com\/wp-content\/uploads\/sites\/9\/2024\/02\/P732.210__B_1__3d36c025e316406f99a3d01e7d144455.jpg\",\"datePublished\":\"2023-03-14T10:12:11+00:00\",\"dateModified\":\"2026-04-15T01:12:11+00:00\",\"breadcrumb\":{\"@id\":\"https:\/\/swiss-peak.com\/sv\/produkt\/laptopvaska-15-4-svart\/#breadcrumb\"},\"inLanguage\":\"sv-SE\",\"potentialAction\":[{\"@type\":\"ReadAction\",\"target\":[\"https:\/\/swiss-peak.com\/sv\/produkt\/laptopvaska-15-4-svart\/\"]}]},{\"@type\":\"ImageObject\",\"inLanguage\":\"sv-SE\",\"@id\":\"https:\/\/swiss-peak.com\/sv\/produkt\/laptopvaska-15-4-svart\/#primaryimage\",\"url\":\"https:\/\/swiss-peak.com\/wp-content\/uploads\/sites\/9\/2024\/02\/P732.210__B_1__3d36c025e316406f99a3d01e7d144455.jpg\",\"contentUrl\":\"https:\/\/swiss-peak.com\/wp-content\/uploads\/sites\/9\/2024\/02\/P732.210__B_1__3d36c025e316406f99a3d01e7d144455.jpg\",\"width\":1024,\"height\":1024},{\"@type\":\"BreadcrumbList\",\"@id\":\"https:\/\/swiss-peak.com\/sv\/produkt\/laptopvaska-15-4-svart\/#breadcrumb\",\"itemListElement\":[{\"@type\":\"ListItem\",\"position\":1,\"name\":\"Home\",\"item\":\"https:\/\/swiss-peak.com\/sv\/\"},{\"@type\":\"ListItem\",\"position\":2,\"name\":\"Kollektion\",\"item\":\"https:\/\/swiss-peak.com\/sv\/kollektion\/\"},{\"@type\":\"ListItem\",\"position\":3,\"name\":\"Laptopv\u00e4ska 15.4\u201d, svart\"}]},{\"@type\":\"WebSite\",\"@id\":\"https:\/\/swiss-peak.com\/sv\/#website\",\"url\":\"https:\/\/swiss-peak.com\/sv\/\",\"name\":\"Swiss Peak\",\"description\":\"Where will today take you?\",\"potentialAction\":[{\"@type\":\"SearchAction\",\"target\":{\"@type\":\"EntryPoint\",\"urlTemplate\":\"https:\/\/swiss-peak.com\/sv\/?s={search_term_string}\"},\"query-input\":{\"@type\":\"PropertyValueSpecification\",\"valueRequired\":true,\"valueName\":\"search_term_string\"}}],\"inLanguage\":\"sv-SE\"}]}<\/script>\n<!-- \/ Yoast SEO plugin. -->","yoast_head_json":{"title":"Laptopv\u00e4ska 15.4\u201d, svart - Swiss Peak","robots":{"index":"index","follow":"follow","max-snippet":"max-snippet:-1","max-image-preview":"max-image-preview:large","max-video-preview":"max-video-preview:-1"},"canonical":"https:\/\/swiss-peak.com\/sv\/produkt\/laptopvaska-15-4-svart\/","og_locale":"sv_SE","og_type":"article","og_title":"Laptopv\u00e4ska 15.4\u201d, svart - Swiss Peak","og_description":"B\u00e4r din 15.4\u201d stora laptop till och fr\u00e5n arbetet i den h\u00e4r tunna laptopv\u00e4skan av 600D- och 1680D polyester fr\u00e5n Swiss Peak. Inneh\u00e5ller ett vadderat laptopfack, en separat ficka f\u00f6r din iPad eller surfplatta och ett fr\u00e4mre blixtl\u00e5sf\u00f6rsett utrymme med fack f\u00f6r pennor och fickor f\u00f6r alla dina mindre tillbeh\u00f6r. Har \u00e4ven en bakre \u00f6ppning [&hellip;]","og_url":"https:\/\/swiss-peak.com\/sv\/produkt\/laptopvaska-15-4-svart\/","og_site_name":"Swiss Peak","article_modified_time":"2026-04-15T01:12:11+00:00","og_image":[{"width":1024,"height":1024,"url":"https:\/\/swiss-peak.com\/wp-content\/uploads\/sites\/9\/2024\/02\/P732.210__B_1__3d36c025e316406f99a3d01e7d144455.jpg","type":"image\/jpeg"}],"twitter_card":"summary_large_image","schema":{"@context":"https:\/\/schema.org","@graph":[{"@type":"WebPage","@id":"https:\/\/swiss-peak.com\/sv\/produkt\/laptopvaska-15-4-svart\/","url":"https:\/\/swiss-peak.com\/sv\/produkt\/laptopvaska-15-4-svart\/","name":"Laptopv\u00e4ska 15.4\u201d, svart - Swiss Peak","isPartOf":{"@id":"https:\/\/swiss-peak.com\/sv\/#website"},"primaryImageOfPage":{"@id":"https:\/\/swiss-peak.com\/sv\/produkt\/laptopvaska-15-4-svart\/#primaryimage"},"image":{"@id":"https:\/\/swiss-peak.com\/sv\/produkt\/laptopvaska-15-4-svart\/#primaryimage"},"thumbnailUrl":"https:\/\/swiss-peak.com\/wp-content\/uploads\/sites\/9\/2024\/02\/P732.210__B_1__3d36c025e316406f99a3d01e7d144455.jpg","datePublished":"2023-03-14T10:12:11+00:00","dateModified":"2026-04-15T01:12:11+00:00","breadcrumb":{"@id":"https:\/\/swiss-peak.com\/sv\/produkt\/laptopvaska-15-4-svart\/#breadcrumb"},"inLanguage":"sv-SE","potentialAction":[{"@type":"ReadAction","target":["https:\/\/swiss-peak.com\/sv\/produkt\/laptopvaska-15-4-svart\/"]}]},{"@type":"ImageObject","inLanguage":"sv-SE","@id":"https:\/\/swiss-peak.com\/sv\/produkt\/laptopvaska-15-4-svart\/#primaryimage","url":"https:\/\/swiss-peak.com\/wp-content\/uploads\/sites\/9\/2024\/02\/P732.210__B_1__3d36c025e316406f99a3d01e7d144455.jpg","contentUrl":"https:\/\/swiss-peak.com\/wp-content\/uploads\/sites\/9\/2024\/02\/P732.210__B_1__3d36c025e316406f99a3d01e7d144455.jpg","width":1024,"height":1024},{"@type":"BreadcrumbList","@id":"https:\/\/swiss-peak.com\/sv\/produkt\/laptopvaska-15-4-svart\/#breadcrumb","itemListElement":[{"@type":"ListItem","position":1,"name":"Home","item":"https:\/\/swiss-peak.com\/sv\/"},{"@type":"ListItem","position":2,"name":"Kollektion","item":"https:\/\/swiss-peak.com\/sv\/kollektion\/"},{"@type":"ListItem","position":3,"name":"Laptopv\u00e4ska 15.4\u201d, svart"}]},{"@type":"WebSite","@id":"https:\/\/swiss-peak.com\/sv\/#website","url":"https:\/\/swiss-peak.com\/sv\/","name":"Swiss Peak","description":"Where will today take you?","potentialAction":[{"@type":"SearchAction","target":{"@type":"EntryPoint","urlTemplate":"https:\/\/swiss-peak.com\/sv\/?s={search_term_string}"},"query-input":{"@type":"PropertyValueSpecification","valueRequired":true,"valueName":"search_term_string"}}],"inLanguage":"sv-SE"}]}},"_links":{"self":[{"href":"https:\/\/swiss-peak.com\/sv\/wp-json\/wp\/v2\/product\/15396","targetHints":{"allow":["GET"]}}],"collection":[{"href":"https:\/\/swiss-peak.com\/sv\/wp-json\/wp\/v2\/product"}],"about":[{"href":"https:\/\/swiss-peak.com\/sv\/wp-json\/wp\/v2\/types\/product"}],"wp:featuredmedia":[{"embeddable":true,"href":"https:\/\/swiss-peak.com\/sv\/wp-json\/wp\/v2\/media\/30785"}],"wp:attachment":[{"href":"https:\/\/swiss-peak.com\/sv\/wp-json\/wp\/v2\/media?parent=15396"}],"wp:term":[{"taxonomy":"product_cat","embeddable":true,"href":"https:\/\/swiss-peak.com\/sv\/wp-json\/wp\/v2\/product_cat?post=15396"},{"taxonomy":"product_tag","embeddable":true,"href":"https:\/\/swiss-peak.com\/sv\/wp-json\/wp\/v2\/product_tag?post=15396"}],"curies":[{"name":"wp","href":"https:\/\/api.w.org\/{rel}","templated":true}]}}