{"id":15380,"date":"2023-03-14T12:11:43","date_gmt":"2023-03-14T10:11:43","guid":{"rendered":"https:\/\/xdsomename.tempurl.host\/swisspeak-website\/collection\/okategoriserad\/polariserade-solglasogon-rcs-atervunnen-plast-svart\/"},"modified":"2026-04-16T03:13:03","modified_gmt":"2026-04-16T01:13:03","slug":"polariserade-solglasogon-rcs-atervunnen-plast-svart","status":"publish","type":"product","link":"https:\/\/swiss-peak.com\/sv\/produkt\/polariserade-solglasogon-rcs-atervunnen-plast-svart\/","title":{"rendered":"Polariserade solglas\u00f6gon RCS \u00e5tervunnen plast, svart"},"content":{"rendered":"<p>Lyxiga polariserade solglas\u00f6gon d\u00e4r ramen \u00e4r tillverkad av RCS certifierad \u00e5tervunnen PC-plast, skalmar i aluminium. Totalt \u00e5tervunnet inneh\u00e5ll: 37% baserat p\u00e5 total produktvikt. RCS certifieringen s\u00e4kerst\u00e4ller en komplett certifierad leveranskedja f\u00f6r det \u00e5tervunna materialet. Fodral i GRS certifierad \u00e5tervunnen PET medf\u00f6ljer. Glasen \u00e4r polariserade vilket eliminerar reflekterande solljus, perfekt f\u00f6r bilk\u00f6rning eller andra solika utomhusaktiviteter b\u00e5de sommar och vinter. Enligt EN ISO 12312-1, UV 400 och CAT 3.<\/p>\n","protected":false},"excerpt":{"rendered":"<p>Lyxiga polariserade solglas\u00f6gon d\u00e4r ramen \u00e4r tillverkad av RCS certifierad \u00e5tervunnen PC-plast, skalmar i aluminium. Totalt \u00e5tervunnet inneh\u00e5ll: 37% baserat p\u00e5 total produktvikt. RCS certifieringen s\u00e4kerst\u00e4ller en komplett certifierad leveranskedja f\u00f6r det \u00e5tervunna materialet. Fodral i GRS certifierad \u00e5tervunnen PET medf\u00f6ljer. Glasen \u00e4r polariserade vilket eliminerar reflekterande solljus, perfekt f\u00f6r bilk\u00f6rning eller andra solika utomhusaktiviteter [&hellip;]<\/p>\n","protected":false},"featured_media":46203,"template":"","meta":{"_acf_changed":false},"product_cat":[274,253],"product_tag":[],"class_list":["post-15380","product","type-product","status-publish","has-post-thumbnail","hentry","product_cat-reseprodukter","product_cat-vaskor-och-resor","pa_color-black-sv"],"acf":[],"yoast_head":"<!-- This site is optimized with the Yoast SEO plugin v27.0 - https:\/\/yoast.com\/product\/yoast-seo-wordpress\/ -->\n<title>Polariserade solglas\u00f6gon RCS \u00e5tervunnen plast, svart - Swiss Peak<\/title>\n<meta name=\"robots\" content=\"index, follow, max-snippet:-1, max-image-preview:large, max-video-preview:-1\" \/>\n<link rel=\"canonical\" href=\"https:\/\/swiss-peak.com\/sv\/produkt\/polariserade-solglasogon-rcs-atervunnen-plast-svart\/\" \/>\n<meta property=\"og:locale\" content=\"sv_SE\" \/>\n<meta property=\"og:type\" content=\"article\" \/>\n<meta property=\"og:title\" content=\"Polariserade solglas\u00f6gon RCS \u00e5tervunnen plast, svart - Swiss Peak\" \/>\n<meta property=\"og:description\" content=\"Lyxiga polariserade solglas\u00f6gon d\u00e4r ramen \u00e4r tillverkad av RCS certifierad \u00e5tervunnen PC-plast, skalmar i aluminium. Totalt \u00e5tervunnet inneh\u00e5ll: 37% baserat p\u00e5 total produktvikt. RCS certifieringen s\u00e4kerst\u00e4ller en komplett certifierad leveranskedja f\u00f6r det \u00e5tervunna materialet. Fodral i GRS certifierad \u00e5tervunnen PET medf\u00f6ljer. Glasen \u00e4r polariserade vilket eliminerar reflekterande solljus, perfekt f\u00f6r bilk\u00f6rning eller andra solika utomhusaktiviteter [&hellip;]\" \/>\n<meta property=\"og:url\" content=\"https:\/\/swiss-peak.com\/sv\/produkt\/polariserade-solglasogon-rcs-atervunnen-plast-svart\/\" \/>\n<meta property=\"og:site_name\" content=\"Swiss Peak\" \/>\n<meta property=\"article:modified_time\" content=\"2026-04-16T01:13:03+00:00\" \/>\n<meta property=\"og:image\" content=\"https:\/\/swiss-peak.com\/wp-content\/uploads\/sites\/9\/2026\/04\/P453.981__S_0__7c57f23d28ae47a0a1b7f2e1ff17f687.jpg\" \/>\n\t<meta property=\"og:image:width\" content=\"1024\" \/>\n\t<meta property=\"og:image:height\" content=\"1024\" \/>\n\t<meta property=\"og:image:type\" content=\"image\/jpeg\" \/>\n<meta name=\"twitter:card\" content=\"summary_large_image\" \/>\n<script type=\"application\/ld+json\" class=\"yoast-schema-graph\">{\"@context\":\"https:\/\/schema.org\",\"@graph\":[{\"@type\":\"WebPage\",\"@id\":\"https:\/\/swiss-peak.com\/sv\/produkt\/polariserade-solglasogon-rcs-atervunnen-plast-svart\/\",\"url\":\"https:\/\/swiss-peak.com\/sv\/produkt\/polariserade-solglasogon-rcs-atervunnen-plast-svart\/\",\"name\":\"Polariserade solglas\u00f6gon RCS \u00e5tervunnen plast, svart - Swiss Peak\",\"isPartOf\":{\"@id\":\"https:\/\/swiss-peak.com\/sv\/#website\"},\"primaryImageOfPage\":{\"@id\":\"https:\/\/swiss-peak.com\/sv\/produkt\/polariserade-solglasogon-rcs-atervunnen-plast-svart\/#primaryimage\"},\"image\":{\"@id\":\"https:\/\/swiss-peak.com\/sv\/produkt\/polariserade-solglasogon-rcs-atervunnen-plast-svart\/#primaryimage\"},\"thumbnailUrl\":\"https:\/\/swiss-peak.com\/wp-content\/uploads\/sites\/9\/2026\/04\/P453.981__S_0__7c57f23d28ae47a0a1b7f2e1ff17f687.jpg\",\"datePublished\":\"2023-03-14T10:11:43+00:00\",\"dateModified\":\"2026-04-16T01:13:03+00:00\",\"breadcrumb\":{\"@id\":\"https:\/\/swiss-peak.com\/sv\/produkt\/polariserade-solglasogon-rcs-atervunnen-plast-svart\/#breadcrumb\"},\"inLanguage\":\"sv-SE\",\"potentialAction\":[{\"@type\":\"ReadAction\",\"target\":[\"https:\/\/swiss-peak.com\/sv\/produkt\/polariserade-solglasogon-rcs-atervunnen-plast-svart\/\"]}]},{\"@type\":\"ImageObject\",\"inLanguage\":\"sv-SE\",\"@id\":\"https:\/\/swiss-peak.com\/sv\/produkt\/polariserade-solglasogon-rcs-atervunnen-plast-svart\/#primaryimage\",\"url\":\"https:\/\/swiss-peak.com\/wp-content\/uploads\/sites\/9\/2026\/04\/P453.981__S_0__7c57f23d28ae47a0a1b7f2e1ff17f687.jpg\",\"contentUrl\":\"https:\/\/swiss-peak.com\/wp-content\/uploads\/sites\/9\/2026\/04\/P453.981__S_0__7c57f23d28ae47a0a1b7f2e1ff17f687.jpg\",\"width\":1024,\"height\":1024},{\"@type\":\"BreadcrumbList\",\"@id\":\"https:\/\/swiss-peak.com\/sv\/produkt\/polariserade-solglasogon-rcs-atervunnen-plast-svart\/#breadcrumb\",\"itemListElement\":[{\"@type\":\"ListItem\",\"position\":1,\"name\":\"Home\",\"item\":\"https:\/\/swiss-peak.com\/sv\/\"},{\"@type\":\"ListItem\",\"position\":2,\"name\":\"Kollektion\",\"item\":\"https:\/\/swiss-peak.com\/sv\/kollektion\/\"},{\"@type\":\"ListItem\",\"position\":3,\"name\":\"Polariserade solglas\u00f6gon RCS \u00e5tervunnen plast, svart\"}]},{\"@type\":\"WebSite\",\"@id\":\"https:\/\/swiss-peak.com\/sv\/#website\",\"url\":\"https:\/\/swiss-peak.com\/sv\/\",\"name\":\"Swiss Peak\",\"description\":\"Where will today take you?\",\"potentialAction\":[{\"@type\":\"SearchAction\",\"target\":{\"@type\":\"EntryPoint\",\"urlTemplate\":\"https:\/\/swiss-peak.com\/sv\/?s={search_term_string}\"},\"query-input\":{\"@type\":\"PropertyValueSpecification\",\"valueRequired\":true,\"valueName\":\"search_term_string\"}}],\"inLanguage\":\"sv-SE\"}]}<\/script>\n<!-- \/ Yoast SEO plugin. -->","yoast_head_json":{"title":"Polariserade solglas\u00f6gon RCS \u00e5tervunnen plast, svart - Swiss Peak","robots":{"index":"index","follow":"follow","max-snippet":"max-snippet:-1","max-image-preview":"max-image-preview:large","max-video-preview":"max-video-preview:-1"},"canonical":"https:\/\/swiss-peak.com\/sv\/produkt\/polariserade-solglasogon-rcs-atervunnen-plast-svart\/","og_locale":"sv_SE","og_type":"article","og_title":"Polariserade solglas\u00f6gon RCS \u00e5tervunnen plast, svart - Swiss Peak","og_description":"Lyxiga polariserade solglas\u00f6gon d\u00e4r ramen \u00e4r tillverkad av RCS certifierad \u00e5tervunnen PC-plast, skalmar i aluminium. Totalt \u00e5tervunnet inneh\u00e5ll: 37% baserat p\u00e5 total produktvikt. RCS certifieringen s\u00e4kerst\u00e4ller en komplett certifierad leveranskedja f\u00f6r det \u00e5tervunna materialet. Fodral i GRS certifierad \u00e5tervunnen PET medf\u00f6ljer. Glasen \u00e4r polariserade vilket eliminerar reflekterande solljus, perfekt f\u00f6r bilk\u00f6rning eller andra solika utomhusaktiviteter [&hellip;]","og_url":"https:\/\/swiss-peak.com\/sv\/produkt\/polariserade-solglasogon-rcs-atervunnen-plast-svart\/","og_site_name":"Swiss Peak","article_modified_time":"2026-04-16T01:13:03+00:00","og_image":[{"width":1024,"height":1024,"url":"https:\/\/swiss-peak.com\/wp-content\/uploads\/sites\/9\/2026\/04\/P453.981__S_0__7c57f23d28ae47a0a1b7f2e1ff17f687.jpg","type":"image\/jpeg"}],"twitter_card":"summary_large_image","schema":{"@context":"https:\/\/schema.org","@graph":[{"@type":"WebPage","@id":"https:\/\/swiss-peak.com\/sv\/produkt\/polariserade-solglasogon-rcs-atervunnen-plast-svart\/","url":"https:\/\/swiss-peak.com\/sv\/produkt\/polariserade-solglasogon-rcs-atervunnen-plast-svart\/","name":"Polariserade solglas\u00f6gon RCS \u00e5tervunnen plast, svart - Swiss Peak","isPartOf":{"@id":"https:\/\/swiss-peak.com\/sv\/#website"},"primaryImageOfPage":{"@id":"https:\/\/swiss-peak.com\/sv\/produkt\/polariserade-solglasogon-rcs-atervunnen-plast-svart\/#primaryimage"},"image":{"@id":"https:\/\/swiss-peak.com\/sv\/produkt\/polariserade-solglasogon-rcs-atervunnen-plast-svart\/#primaryimage"},"thumbnailUrl":"https:\/\/swiss-peak.com\/wp-content\/uploads\/sites\/9\/2026\/04\/P453.981__S_0__7c57f23d28ae47a0a1b7f2e1ff17f687.jpg","datePublished":"2023-03-14T10:11:43+00:00","dateModified":"2026-04-16T01:13:03+00:00","breadcrumb":{"@id":"https:\/\/swiss-peak.com\/sv\/produkt\/polariserade-solglasogon-rcs-atervunnen-plast-svart\/#breadcrumb"},"inLanguage":"sv-SE","potentialAction":[{"@type":"ReadAction","target":["https:\/\/swiss-peak.com\/sv\/produkt\/polariserade-solglasogon-rcs-atervunnen-plast-svart\/"]}]},{"@type":"ImageObject","inLanguage":"sv-SE","@id":"https:\/\/swiss-peak.com\/sv\/produkt\/polariserade-solglasogon-rcs-atervunnen-plast-svart\/#primaryimage","url":"https:\/\/swiss-peak.com\/wp-content\/uploads\/sites\/9\/2026\/04\/P453.981__S_0__7c57f23d28ae47a0a1b7f2e1ff17f687.jpg","contentUrl":"https:\/\/swiss-peak.com\/wp-content\/uploads\/sites\/9\/2026\/04\/P453.981__S_0__7c57f23d28ae47a0a1b7f2e1ff17f687.jpg","width":1024,"height":1024},{"@type":"BreadcrumbList","@id":"https:\/\/swiss-peak.com\/sv\/produkt\/polariserade-solglasogon-rcs-atervunnen-plast-svart\/#breadcrumb","itemListElement":[{"@type":"ListItem","position":1,"name":"Home","item":"https:\/\/swiss-peak.com\/sv\/"},{"@type":"ListItem","position":2,"name":"Kollektion","item":"https:\/\/swiss-peak.com\/sv\/kollektion\/"},{"@type":"ListItem","position":3,"name":"Polariserade solglas\u00f6gon RCS \u00e5tervunnen plast, svart"}]},{"@type":"WebSite","@id":"https:\/\/swiss-peak.com\/sv\/#website","url":"https:\/\/swiss-peak.com\/sv\/","name":"Swiss Peak","description":"Where will today take you?","potentialAction":[{"@type":"SearchAction","target":{"@type":"EntryPoint","urlTemplate":"https:\/\/swiss-peak.com\/sv\/?s={search_term_string}"},"query-input":{"@type":"PropertyValueSpecification","valueRequired":true,"valueName":"search_term_string"}}],"inLanguage":"sv-SE"}]}},"_links":{"self":[{"href":"https:\/\/swiss-peak.com\/sv\/wp-json\/wp\/v2\/product\/15380","targetHints":{"allow":["GET"]}}],"collection":[{"href":"https:\/\/swiss-peak.com\/sv\/wp-json\/wp\/v2\/product"}],"about":[{"href":"https:\/\/swiss-peak.com\/sv\/wp-json\/wp\/v2\/types\/product"}],"wp:featuredmedia":[{"embeddable":true,"href":"https:\/\/swiss-peak.com\/sv\/wp-json\/wp\/v2\/media\/46203"}],"wp:attachment":[{"href":"https:\/\/swiss-peak.com\/sv\/wp-json\/wp\/v2\/media?parent=15380"}],"wp:term":[{"taxonomy":"product_cat","embeddable":true,"href":"https:\/\/swiss-peak.com\/sv\/wp-json\/wp\/v2\/product_cat?post=15380"},{"taxonomy":"product_tag","embeddable":true,"href":"https:\/\/swiss-peak.com\/sv\/wp-json\/wp\/v2\/product_tag?post=15380"}],"curies":[{"name":"wp","href":"https:\/\/api.w.org\/{rel}","templated":true}]}}