{"id":15376,"date":"2023-03-14T12:11:16","date_gmt":"2023-03-14T10:11:16","guid":{"rendered":"https:\/\/xdsomename.tempurl.host\/swisspeak-website\/collection\/okategoriserad\/elite-mugg-med-kopparisolering-svart\/"},"modified":"2026-03-12T04:12:15","modified_gmt":"2026-03-12T02:12:15","slug":"elite-mugg-med-kopparisolering-svart","status":"publish","type":"product","link":"https:\/\/swiss-peak.com\/sv\/produkt\/elite-mugg-med-kopparisolering-svart\/","title":{"rendered":"Elite mugg med kopparisolering, svart"},"content":{"rendered":"<p>Swiss Peak Elite serien \u00e4r vakuumisolerad med dubbelv\u00e4ggig 18\/8 stainless steel. Den pulverlackerade svarta f\u00e4rgen riskerar inte att falna eller krackelera. Innerv\u00e4ggen \u00e4r pl\u00e4terad med koppar f\u00f6r ultimat ledningsf\u00f6rm\u00e5ga f\u00f6r att h\u00e5lla varm dryck varm i upp till 8 timmar och kall dryck kall i upp till 24 timmar. Endast handdisk. L\u00e4ckages\u00e4kert lock. Volym 300 ml.<\/p>\n","protected":false},"excerpt":{"rendered":"<p>Swiss Peak Elite serien \u00e4r vakuumisolerad med dubbelv\u00e4ggig 18\/8 stainless steel. Den pulverlackerade svarta f\u00e4rgen riskerar inte att falna eller krackelera. Innerv\u00e4ggen \u00e4r pl\u00e4terad med koppar f\u00f6r ultimat ledningsf\u00f6rm\u00e5ga f\u00f6r att h\u00e5lla varm dryck varm i upp till 8 timmar och kall dryck kall i upp till 24 timmar. Endast handdisk. L\u00e4ckages\u00e4kert lock. Volym 300 [&hellip;]<\/p>\n","protected":false},"featured_media":26175,"template":"","meta":{"_acf_changed":false},"product_cat":[320,306],"product_tag":[],"class_list":["post-15376","product","type-product","status-publish","has-post-thumbnail","hentry","product_cat-flaskor-muggar","product_cat-fritid-sport","pa_color-black-sv"],"acf":[],"yoast_head":"<!-- This site is optimized with the Yoast SEO plugin v27.0 - https:\/\/yoast.com\/product\/yoast-seo-wordpress\/ -->\n<title>Elite mugg med kopparisolering, svart - Swiss Peak<\/title>\n<meta name=\"robots\" content=\"index, follow, max-snippet:-1, max-image-preview:large, max-video-preview:-1\" \/>\n<link rel=\"canonical\" href=\"https:\/\/swiss-peak.com\/sv\/produkt\/elite-mugg-med-kopparisolering-svart\/\" \/>\n<meta property=\"og:locale\" content=\"sv_SE\" \/>\n<meta property=\"og:type\" content=\"article\" \/>\n<meta property=\"og:title\" content=\"Elite mugg med kopparisolering, svart - Swiss Peak\" \/>\n<meta property=\"og:description\" content=\"Swiss Peak Elite serien \u00e4r vakuumisolerad med dubbelv\u00e4ggig 18\/8 stainless steel. Den pulverlackerade svarta f\u00e4rgen riskerar inte att falna eller krackelera. Innerv\u00e4ggen \u00e4r pl\u00e4terad med koppar f\u00f6r ultimat ledningsf\u00f6rm\u00e5ga f\u00f6r att h\u00e5lla varm dryck varm i upp till 8 timmar och kall dryck kall i upp till 24 timmar. Endast handdisk. L\u00e4ckages\u00e4kert lock. Volym 300 [&hellip;]\" \/>\n<meta property=\"og:url\" content=\"https:\/\/swiss-peak.com\/sv\/produkt\/elite-mugg-med-kopparisolering-svart\/\" \/>\n<meta property=\"og:site_name\" content=\"Swiss Peak\" \/>\n<meta property=\"article:modified_time\" content=\"2026-03-12T02:12:15+00:00\" \/>\n<meta property=\"og:image\" content=\"https:\/\/swiss-peak.com\/wp-content\/uploads\/sites\/9\/2024\/02\/P433.371__S_0__98c3995f187242efbe552b2cab88eb7f.jpg\" \/>\n\t<meta property=\"og:image:width\" content=\"1024\" \/>\n\t<meta property=\"og:image:height\" content=\"1024\" \/>\n\t<meta property=\"og:image:type\" content=\"image\/jpeg\" \/>\n<meta name=\"twitter:card\" content=\"summary_large_image\" \/>\n<script type=\"application\/ld+json\" class=\"yoast-schema-graph\">{\"@context\":\"https:\/\/schema.org\",\"@graph\":[{\"@type\":\"WebPage\",\"@id\":\"https:\/\/swiss-peak.com\/sv\/produkt\/elite-mugg-med-kopparisolering-svart\/\",\"url\":\"https:\/\/swiss-peak.com\/sv\/produkt\/elite-mugg-med-kopparisolering-svart\/\",\"name\":\"Elite mugg med kopparisolering, svart - Swiss Peak\",\"isPartOf\":{\"@id\":\"https:\/\/swiss-peak.com\/sv\/#website\"},\"primaryImageOfPage\":{\"@id\":\"https:\/\/swiss-peak.com\/sv\/produkt\/elite-mugg-med-kopparisolering-svart\/#primaryimage\"},\"image\":{\"@id\":\"https:\/\/swiss-peak.com\/sv\/produkt\/elite-mugg-med-kopparisolering-svart\/#primaryimage\"},\"thumbnailUrl\":\"https:\/\/swiss-peak.com\/wp-content\/uploads\/sites\/9\/2024\/02\/P433.371__S_0__98c3995f187242efbe552b2cab88eb7f.jpg\",\"datePublished\":\"2023-03-14T10:11:16+00:00\",\"dateModified\":\"2026-03-12T02:12:15+00:00\",\"breadcrumb\":{\"@id\":\"https:\/\/swiss-peak.com\/sv\/produkt\/elite-mugg-med-kopparisolering-svart\/#breadcrumb\"},\"inLanguage\":\"sv-SE\",\"potentialAction\":[{\"@type\":\"ReadAction\",\"target\":[\"https:\/\/swiss-peak.com\/sv\/produkt\/elite-mugg-med-kopparisolering-svart\/\"]}]},{\"@type\":\"ImageObject\",\"inLanguage\":\"sv-SE\",\"@id\":\"https:\/\/swiss-peak.com\/sv\/produkt\/elite-mugg-med-kopparisolering-svart\/#primaryimage\",\"url\":\"https:\/\/swiss-peak.com\/wp-content\/uploads\/sites\/9\/2024\/02\/P433.371__S_0__98c3995f187242efbe552b2cab88eb7f.jpg\",\"contentUrl\":\"https:\/\/swiss-peak.com\/wp-content\/uploads\/sites\/9\/2024\/02\/P433.371__S_0__98c3995f187242efbe552b2cab88eb7f.jpg\",\"width\":1024,\"height\":1024},{\"@type\":\"BreadcrumbList\",\"@id\":\"https:\/\/swiss-peak.com\/sv\/produkt\/elite-mugg-med-kopparisolering-svart\/#breadcrumb\",\"itemListElement\":[{\"@type\":\"ListItem\",\"position\":1,\"name\":\"Home\",\"item\":\"https:\/\/swiss-peak.com\/sv\/\"},{\"@type\":\"ListItem\",\"position\":2,\"name\":\"Kollektion\",\"item\":\"https:\/\/swiss-peak.com\/sv\/kollektion\/\"},{\"@type\":\"ListItem\",\"position\":3,\"name\":\"Elite mugg med kopparisolering, svart\"}]},{\"@type\":\"WebSite\",\"@id\":\"https:\/\/swiss-peak.com\/sv\/#website\",\"url\":\"https:\/\/swiss-peak.com\/sv\/\",\"name\":\"Swiss Peak\",\"description\":\"Where will today take you?\",\"potentialAction\":[{\"@type\":\"SearchAction\",\"target\":{\"@type\":\"EntryPoint\",\"urlTemplate\":\"https:\/\/swiss-peak.com\/sv\/?s={search_term_string}\"},\"query-input\":{\"@type\":\"PropertyValueSpecification\",\"valueRequired\":true,\"valueName\":\"search_term_string\"}}],\"inLanguage\":\"sv-SE\"}]}<\/script>\n<!-- \/ Yoast SEO plugin. -->","yoast_head_json":{"title":"Elite mugg med kopparisolering, svart - Swiss Peak","robots":{"index":"index","follow":"follow","max-snippet":"max-snippet:-1","max-image-preview":"max-image-preview:large","max-video-preview":"max-video-preview:-1"},"canonical":"https:\/\/swiss-peak.com\/sv\/produkt\/elite-mugg-med-kopparisolering-svart\/","og_locale":"sv_SE","og_type":"article","og_title":"Elite mugg med kopparisolering, svart - Swiss Peak","og_description":"Swiss Peak Elite serien \u00e4r vakuumisolerad med dubbelv\u00e4ggig 18\/8 stainless steel. Den pulverlackerade svarta f\u00e4rgen riskerar inte att falna eller krackelera. Innerv\u00e4ggen \u00e4r pl\u00e4terad med koppar f\u00f6r ultimat ledningsf\u00f6rm\u00e5ga f\u00f6r att h\u00e5lla varm dryck varm i upp till 8 timmar och kall dryck kall i upp till 24 timmar. Endast handdisk. L\u00e4ckages\u00e4kert lock. Volym 300 [&hellip;]","og_url":"https:\/\/swiss-peak.com\/sv\/produkt\/elite-mugg-med-kopparisolering-svart\/","og_site_name":"Swiss Peak","article_modified_time":"2026-03-12T02:12:15+00:00","og_image":[{"width":1024,"height":1024,"url":"https:\/\/swiss-peak.com\/wp-content\/uploads\/sites\/9\/2024\/02\/P433.371__S_0__98c3995f187242efbe552b2cab88eb7f.jpg","type":"image\/jpeg"}],"twitter_card":"summary_large_image","schema":{"@context":"https:\/\/schema.org","@graph":[{"@type":"WebPage","@id":"https:\/\/swiss-peak.com\/sv\/produkt\/elite-mugg-med-kopparisolering-svart\/","url":"https:\/\/swiss-peak.com\/sv\/produkt\/elite-mugg-med-kopparisolering-svart\/","name":"Elite mugg med kopparisolering, svart - Swiss Peak","isPartOf":{"@id":"https:\/\/swiss-peak.com\/sv\/#website"},"primaryImageOfPage":{"@id":"https:\/\/swiss-peak.com\/sv\/produkt\/elite-mugg-med-kopparisolering-svart\/#primaryimage"},"image":{"@id":"https:\/\/swiss-peak.com\/sv\/produkt\/elite-mugg-med-kopparisolering-svart\/#primaryimage"},"thumbnailUrl":"https:\/\/swiss-peak.com\/wp-content\/uploads\/sites\/9\/2024\/02\/P433.371__S_0__98c3995f187242efbe552b2cab88eb7f.jpg","datePublished":"2023-03-14T10:11:16+00:00","dateModified":"2026-03-12T02:12:15+00:00","breadcrumb":{"@id":"https:\/\/swiss-peak.com\/sv\/produkt\/elite-mugg-med-kopparisolering-svart\/#breadcrumb"},"inLanguage":"sv-SE","potentialAction":[{"@type":"ReadAction","target":["https:\/\/swiss-peak.com\/sv\/produkt\/elite-mugg-med-kopparisolering-svart\/"]}]},{"@type":"ImageObject","inLanguage":"sv-SE","@id":"https:\/\/swiss-peak.com\/sv\/produkt\/elite-mugg-med-kopparisolering-svart\/#primaryimage","url":"https:\/\/swiss-peak.com\/wp-content\/uploads\/sites\/9\/2024\/02\/P433.371__S_0__98c3995f187242efbe552b2cab88eb7f.jpg","contentUrl":"https:\/\/swiss-peak.com\/wp-content\/uploads\/sites\/9\/2024\/02\/P433.371__S_0__98c3995f187242efbe552b2cab88eb7f.jpg","width":1024,"height":1024},{"@type":"BreadcrumbList","@id":"https:\/\/swiss-peak.com\/sv\/produkt\/elite-mugg-med-kopparisolering-svart\/#breadcrumb","itemListElement":[{"@type":"ListItem","position":1,"name":"Home","item":"https:\/\/swiss-peak.com\/sv\/"},{"@type":"ListItem","position":2,"name":"Kollektion","item":"https:\/\/swiss-peak.com\/sv\/kollektion\/"},{"@type":"ListItem","position":3,"name":"Elite mugg med kopparisolering, svart"}]},{"@type":"WebSite","@id":"https:\/\/swiss-peak.com\/sv\/#website","url":"https:\/\/swiss-peak.com\/sv\/","name":"Swiss Peak","description":"Where will today take you?","potentialAction":[{"@type":"SearchAction","target":{"@type":"EntryPoint","urlTemplate":"https:\/\/swiss-peak.com\/sv\/?s={search_term_string}"},"query-input":{"@type":"PropertyValueSpecification","valueRequired":true,"valueName":"search_term_string"}}],"inLanguage":"sv-SE"}]}},"_links":{"self":[{"href":"https:\/\/swiss-peak.com\/sv\/wp-json\/wp\/v2\/product\/15376","targetHints":{"allow":["GET"]}}],"collection":[{"href":"https:\/\/swiss-peak.com\/sv\/wp-json\/wp\/v2\/product"}],"about":[{"href":"https:\/\/swiss-peak.com\/sv\/wp-json\/wp\/v2\/types\/product"}],"wp:featuredmedia":[{"embeddable":true,"href":"https:\/\/swiss-peak.com\/sv\/wp-json\/wp\/v2\/media\/26175"}],"wp:attachment":[{"href":"https:\/\/swiss-peak.com\/sv\/wp-json\/wp\/v2\/media?parent=15376"}],"wp:term":[{"taxonomy":"product_cat","embeddable":true,"href":"https:\/\/swiss-peak.com\/sv\/wp-json\/wp\/v2\/product_cat?post=15376"},{"taxonomy":"product_tag","embeddable":true,"href":"https:\/\/swiss-peak.com\/sv\/wp-json\/wp\/v2\/product_tag?post=15376"}],"curies":[{"name":"wp","href":"https:\/\/api.w.org\/{rel}","templated":true}]}}