{"id":15366,"date":"2023-03-14T12:10:48","date_gmt":"2023-03-14T10:10:48","guid":{"rendered":"https:\/\/xdsomename.tempurl.host\/swisspeak-website\/collection\/okategoriserad\/xxl-tote-duffel-kylvaska-svart\/"},"modified":"2026-04-15T03:10:16","modified_gmt":"2026-04-15T01:10:16","slug":"xxl-tote-duffel-kylvaska-svart","status":"publish","type":"product","link":"https:\/\/swiss-peak.com\/sv\/produkt\/xxl-tote-duffel-kylvaska-svart\/","title":{"rendered":"XXL Tote\/duffel-kylv\u00e4ska, svart"},"content":{"rendered":"<p>Deluxe tote\/duffel-kylv\u00e4ska i 1680D och 600D polyester med extra stor dragkedja till huvudfack samt frontficka med dragkedja. V\u00e4skan kan l\u00e4tt omvandlas till en duffel genom att st\u00e4nga sidobanden. Stort 40 L fack, med plats f\u00f6r 10 st 1,5 L flaskor eller 52 st 33 cl burkar. Dubbelf\u00f6rst\u00e4rkta b\u00e4rhandtag. Avtagbar justerbar axelrem. Inklusive \u00f6l-\u00f6ppnare. PEVA isolering.<\/p>\n","protected":false},"excerpt":{"rendered":"<p>Deluxe tote\/duffel-kylv\u00e4ska i 1680D och 600D polyester med extra stor dragkedja till huvudfack samt frontficka med dragkedja. V\u00e4skan kan l\u00e4tt omvandlas till en duffel genom att st\u00e4nga sidobanden. Stort 40 L fack, med plats f\u00f6r 10 st 1,5 L flaskor eller 52 st 33 cl burkar. Dubbelf\u00f6rst\u00e4rkta b\u00e4rhandtag. Avtagbar justerbar axelrem. Inklusive \u00f6l-\u00f6ppnare. PEVA isolering.<\/p>\n","protected":false},"featured_media":24711,"template":"","meta":{"_acf_changed":false},"product_cat":[263,268,253],"product_tag":[],"class_list":["post-15366","product","type-product","status-publish","has-post-thumbnail","hentry","product_cat-kylvaskor","product_cat-sportvaskor","product_cat-vaskor-och-resor","pa_color-black-sv"],"acf":[],"yoast_head":"<!-- This site is optimized with the Yoast SEO plugin v27.0 - https:\/\/yoast.com\/product\/yoast-seo-wordpress\/ -->\n<title>XXL Tote\/duffel-kylv\u00e4ska, svart - Swiss Peak<\/title>\n<meta name=\"robots\" content=\"index, follow, max-snippet:-1, max-image-preview:large, max-video-preview:-1\" \/>\n<link rel=\"canonical\" href=\"https:\/\/swiss-peak.com\/sv\/produkt\/xxl-tote-duffel-kylvaska-svart\/\" \/>\n<meta property=\"og:locale\" content=\"sv_SE\" \/>\n<meta property=\"og:type\" content=\"article\" \/>\n<meta property=\"og:title\" content=\"XXL Tote\/duffel-kylv\u00e4ska, svart - Swiss Peak\" \/>\n<meta property=\"og:description\" content=\"Deluxe tote\/duffel-kylv\u00e4ska i 1680D och 600D polyester med extra stor dragkedja till huvudfack samt frontficka med dragkedja. V\u00e4skan kan l\u00e4tt omvandlas till en duffel genom att st\u00e4nga sidobanden. Stort 40 L fack, med plats f\u00f6r 10 st 1,5 L flaskor eller 52 st 33 cl burkar. Dubbelf\u00f6rst\u00e4rkta b\u00e4rhandtag. Avtagbar justerbar axelrem. Inklusive \u00f6l-\u00f6ppnare. PEVA isolering.\" \/>\n<meta property=\"og:url\" content=\"https:\/\/swiss-peak.com\/sv\/produkt\/xxl-tote-duffel-kylvaska-svart\/\" \/>\n<meta property=\"og:site_name\" content=\"Swiss Peak\" \/>\n<meta property=\"article:modified_time\" content=\"2026-04-15T01:10:16+00:00\" \/>\n<meta property=\"og:image\" content=\"https:\/\/swiss-peak.com\/wp-content\/uploads\/sites\/9\/2024\/02\/P422.030__B_1__0540f944213446e8b5b186f86a8b6b23.jpg\" \/>\n\t<meta property=\"og:image:width\" content=\"1024\" \/>\n\t<meta property=\"og:image:height\" content=\"1024\" \/>\n\t<meta property=\"og:image:type\" content=\"image\/jpeg\" \/>\n<meta name=\"twitter:card\" content=\"summary_large_image\" \/>\n<script type=\"application\/ld+json\" class=\"yoast-schema-graph\">{\"@context\":\"https:\/\/schema.org\",\"@graph\":[{\"@type\":\"WebPage\",\"@id\":\"https:\/\/swiss-peak.com\/sv\/produkt\/xxl-tote-duffel-kylvaska-svart\/\",\"url\":\"https:\/\/swiss-peak.com\/sv\/produkt\/xxl-tote-duffel-kylvaska-svart\/\",\"name\":\"XXL Tote\/duffel-kylv\u00e4ska, svart - Swiss Peak\",\"isPartOf\":{\"@id\":\"https:\/\/swiss-peak.com\/sv\/#website\"},\"primaryImageOfPage\":{\"@id\":\"https:\/\/swiss-peak.com\/sv\/produkt\/xxl-tote-duffel-kylvaska-svart\/#primaryimage\"},\"image\":{\"@id\":\"https:\/\/swiss-peak.com\/sv\/produkt\/xxl-tote-duffel-kylvaska-svart\/#primaryimage\"},\"thumbnailUrl\":\"https:\/\/swiss-peak.com\/wp-content\/uploads\/sites\/9\/2024\/02\/P422.030__B_1__0540f944213446e8b5b186f86a8b6b23.jpg\",\"datePublished\":\"2023-03-14T10:10:48+00:00\",\"dateModified\":\"2026-04-15T01:10:16+00:00\",\"breadcrumb\":{\"@id\":\"https:\/\/swiss-peak.com\/sv\/produkt\/xxl-tote-duffel-kylvaska-svart\/#breadcrumb\"},\"inLanguage\":\"sv-SE\",\"potentialAction\":[{\"@type\":\"ReadAction\",\"target\":[\"https:\/\/swiss-peak.com\/sv\/produkt\/xxl-tote-duffel-kylvaska-svart\/\"]}]},{\"@type\":\"ImageObject\",\"inLanguage\":\"sv-SE\",\"@id\":\"https:\/\/swiss-peak.com\/sv\/produkt\/xxl-tote-duffel-kylvaska-svart\/#primaryimage\",\"url\":\"https:\/\/swiss-peak.com\/wp-content\/uploads\/sites\/9\/2024\/02\/P422.030__B_1__0540f944213446e8b5b186f86a8b6b23.jpg\",\"contentUrl\":\"https:\/\/swiss-peak.com\/wp-content\/uploads\/sites\/9\/2024\/02\/P422.030__B_1__0540f944213446e8b5b186f86a8b6b23.jpg\",\"width\":1024,\"height\":1024},{\"@type\":\"BreadcrumbList\",\"@id\":\"https:\/\/swiss-peak.com\/sv\/produkt\/xxl-tote-duffel-kylvaska-svart\/#breadcrumb\",\"itemListElement\":[{\"@type\":\"ListItem\",\"position\":1,\"name\":\"Home\",\"item\":\"https:\/\/swiss-peak.com\/sv\/\"},{\"@type\":\"ListItem\",\"position\":2,\"name\":\"Kollektion\",\"item\":\"https:\/\/swiss-peak.com\/sv\/kollektion\/\"},{\"@type\":\"ListItem\",\"position\":3,\"name\":\"XXL Tote\/duffel-kylv\u00e4ska, svart\"}]},{\"@type\":\"WebSite\",\"@id\":\"https:\/\/swiss-peak.com\/sv\/#website\",\"url\":\"https:\/\/swiss-peak.com\/sv\/\",\"name\":\"Swiss Peak\",\"description\":\"Where will today take you?\",\"potentialAction\":[{\"@type\":\"SearchAction\",\"target\":{\"@type\":\"EntryPoint\",\"urlTemplate\":\"https:\/\/swiss-peak.com\/sv\/?s={search_term_string}\"},\"query-input\":{\"@type\":\"PropertyValueSpecification\",\"valueRequired\":true,\"valueName\":\"search_term_string\"}}],\"inLanguage\":\"sv-SE\"}]}<\/script>\n<!-- \/ Yoast SEO plugin. -->","yoast_head_json":{"title":"XXL Tote\/duffel-kylv\u00e4ska, svart - Swiss Peak","robots":{"index":"index","follow":"follow","max-snippet":"max-snippet:-1","max-image-preview":"max-image-preview:large","max-video-preview":"max-video-preview:-1"},"canonical":"https:\/\/swiss-peak.com\/sv\/produkt\/xxl-tote-duffel-kylvaska-svart\/","og_locale":"sv_SE","og_type":"article","og_title":"XXL Tote\/duffel-kylv\u00e4ska, svart - Swiss Peak","og_description":"Deluxe tote\/duffel-kylv\u00e4ska i 1680D och 600D polyester med extra stor dragkedja till huvudfack samt frontficka med dragkedja. V\u00e4skan kan l\u00e4tt omvandlas till en duffel genom att st\u00e4nga sidobanden. Stort 40 L fack, med plats f\u00f6r 10 st 1,5 L flaskor eller 52 st 33 cl burkar. Dubbelf\u00f6rst\u00e4rkta b\u00e4rhandtag. Avtagbar justerbar axelrem. Inklusive \u00f6l-\u00f6ppnare. PEVA isolering.","og_url":"https:\/\/swiss-peak.com\/sv\/produkt\/xxl-tote-duffel-kylvaska-svart\/","og_site_name":"Swiss Peak","article_modified_time":"2026-04-15T01:10:16+00:00","og_image":[{"width":1024,"height":1024,"url":"https:\/\/swiss-peak.com\/wp-content\/uploads\/sites\/9\/2024\/02\/P422.030__B_1__0540f944213446e8b5b186f86a8b6b23.jpg","type":"image\/jpeg"}],"twitter_card":"summary_large_image","schema":{"@context":"https:\/\/schema.org","@graph":[{"@type":"WebPage","@id":"https:\/\/swiss-peak.com\/sv\/produkt\/xxl-tote-duffel-kylvaska-svart\/","url":"https:\/\/swiss-peak.com\/sv\/produkt\/xxl-tote-duffel-kylvaska-svart\/","name":"XXL Tote\/duffel-kylv\u00e4ska, svart - Swiss Peak","isPartOf":{"@id":"https:\/\/swiss-peak.com\/sv\/#website"},"primaryImageOfPage":{"@id":"https:\/\/swiss-peak.com\/sv\/produkt\/xxl-tote-duffel-kylvaska-svart\/#primaryimage"},"image":{"@id":"https:\/\/swiss-peak.com\/sv\/produkt\/xxl-tote-duffel-kylvaska-svart\/#primaryimage"},"thumbnailUrl":"https:\/\/swiss-peak.com\/wp-content\/uploads\/sites\/9\/2024\/02\/P422.030__B_1__0540f944213446e8b5b186f86a8b6b23.jpg","datePublished":"2023-03-14T10:10:48+00:00","dateModified":"2026-04-15T01:10:16+00:00","breadcrumb":{"@id":"https:\/\/swiss-peak.com\/sv\/produkt\/xxl-tote-duffel-kylvaska-svart\/#breadcrumb"},"inLanguage":"sv-SE","potentialAction":[{"@type":"ReadAction","target":["https:\/\/swiss-peak.com\/sv\/produkt\/xxl-tote-duffel-kylvaska-svart\/"]}]},{"@type":"ImageObject","inLanguage":"sv-SE","@id":"https:\/\/swiss-peak.com\/sv\/produkt\/xxl-tote-duffel-kylvaska-svart\/#primaryimage","url":"https:\/\/swiss-peak.com\/wp-content\/uploads\/sites\/9\/2024\/02\/P422.030__B_1__0540f944213446e8b5b186f86a8b6b23.jpg","contentUrl":"https:\/\/swiss-peak.com\/wp-content\/uploads\/sites\/9\/2024\/02\/P422.030__B_1__0540f944213446e8b5b186f86a8b6b23.jpg","width":1024,"height":1024},{"@type":"BreadcrumbList","@id":"https:\/\/swiss-peak.com\/sv\/produkt\/xxl-tote-duffel-kylvaska-svart\/#breadcrumb","itemListElement":[{"@type":"ListItem","position":1,"name":"Home","item":"https:\/\/swiss-peak.com\/sv\/"},{"@type":"ListItem","position":2,"name":"Kollektion","item":"https:\/\/swiss-peak.com\/sv\/kollektion\/"},{"@type":"ListItem","position":3,"name":"XXL Tote\/duffel-kylv\u00e4ska, svart"}]},{"@type":"WebSite","@id":"https:\/\/swiss-peak.com\/sv\/#website","url":"https:\/\/swiss-peak.com\/sv\/","name":"Swiss Peak","description":"Where will today take you?","potentialAction":[{"@type":"SearchAction","target":{"@type":"EntryPoint","urlTemplate":"https:\/\/swiss-peak.com\/sv\/?s={search_term_string}"},"query-input":{"@type":"PropertyValueSpecification","valueRequired":true,"valueName":"search_term_string"}}],"inLanguage":"sv-SE"}]}},"_links":{"self":[{"href":"https:\/\/swiss-peak.com\/sv\/wp-json\/wp\/v2\/product\/15366","targetHints":{"allow":["GET"]}}],"collection":[{"href":"https:\/\/swiss-peak.com\/sv\/wp-json\/wp\/v2\/product"}],"about":[{"href":"https:\/\/swiss-peak.com\/sv\/wp-json\/wp\/v2\/types\/product"}],"wp:featuredmedia":[{"embeddable":true,"href":"https:\/\/swiss-peak.com\/sv\/wp-json\/wp\/v2\/media\/24711"}],"wp:attachment":[{"href":"https:\/\/swiss-peak.com\/sv\/wp-json\/wp\/v2\/media?parent=15366"}],"wp:term":[{"taxonomy":"product_cat","embeddable":true,"href":"https:\/\/swiss-peak.com\/sv\/wp-json\/wp\/v2\/product_cat?post=15366"},{"taxonomy":"product_tag","embeddable":true,"href":"https:\/\/swiss-peak.com\/sv\/wp-json\/wp\/v2\/product_tag?post=15366"}],"curies":[{"name":"wp","href":"https:\/\/api.w.org\/{rel}","templated":true}]}}