{"id":15363,"date":"2023-03-14T12:10:48","date_gmt":"2023-03-14T10:10:48","guid":{"rendered":"https:\/\/xdsomename.tempurl.host\/swisspeak-website\/collection\/okategoriserad\/swiss-peak-tws-horlurar-2-0-rcs-atervunnen-plast-svart\/"},"modified":"2026-03-12T04:10:53","modified_gmt":"2026-03-12T02:10:53","slug":"swiss-peak-tws-horlurar-2-0-rcs-atervunnen-plast-svart","status":"publish","type":"product","link":"https:\/\/swiss-peak.com\/sv\/produkt\/swiss-peak-tws-horlurar-2-0-rcs-atervunnen-plast-svart\/","title":{"rendered":"Swiss Peak TWS h\u00f6rlurar 2.0 RCS \u00e5tervunnen plast, svart"},"content":{"rendered":"<p>Ny generation \u00e4kta tr\u00e5dl\u00f6sa h\u00f6rlurar. \u00d6ronsn\u00e4ckorna och laddningsfodralet \u00e4r tillverkade av RCS (Recycled Claim Standard) certifierad \u00e5tervunnen ABS. Totalt \u00e5tervunnet inneh\u00e5ll: 59% baserat p\u00e5 total produktvikt. RCS certifiering s\u00e4kerst\u00e4ller en helt certifierad leveranskedja av de \u00e5tervunna materialen. \u00d6ronsn\u00e4ckorna levereras i ett kompakt 400 mAh laddningsfodral s\u00e5 att du enkelt kan ladda, f\u00f6rvara och ta med dig dina h\u00f6rlurar. H\u00f6rlurarna har BT 5.3 f\u00f6r automatisk parkoppling och en stabil anslutning. Batteriet p\u00e5 40 mAh ger en speltid p\u00e5 upp till 4 timmar och kan laddas upp p\u00e5 runt 1,5 timme i laddningsfodralet, r\u00e4ckvidd \u00e4r upp till 10 meter. Type C laddningskabel i GRS certifierad TPE medf\u00f6ljer. Levereras i FSC \u00ae mix giftbox. Produkt och accessoarer \u00e4r 100% PVC-fria.<\/p>\n","protected":false},"excerpt":{"rendered":"<p>Ny generation \u00e4kta tr\u00e5dl\u00f6sa h\u00f6rlurar. \u00d6ronsn\u00e4ckorna och laddningsfodralet \u00e4r tillverkade av RCS (Recycled Claim Standard) certifierad \u00e5tervunnen ABS. Totalt \u00e5tervunnet inneh\u00e5ll: 59% baserat p\u00e5 total produktvikt. RCS certifiering s\u00e4kerst\u00e4ller en helt certifierad leveranskedja av de \u00e5tervunna materialen. \u00d6ronsn\u00e4ckorna levereras i ett kompakt 400 mAh laddningsfodral s\u00e5 att du enkelt kan ladda, f\u00f6rvara och ta med [&hellip;]<\/p>\n","protected":false},"featured_media":23892,"template":"","meta":{"_acf_changed":false},"product_cat":[306,312],"product_tag":[],"class_list":["post-15363","product","type-product","status-publish","has-post-thumbnail","hentry","product_cat-fritid-sport","product_cat-ljud","pa_color-black-sv"],"acf":[],"yoast_head":"<!-- This site is optimized with the Yoast SEO plugin v27.0 - https:\/\/yoast.com\/product\/yoast-seo-wordpress\/ -->\n<title>Swiss Peak TWS h\u00f6rlurar 2.0 RCS \u00e5tervunnen plast, svart - Swiss Peak<\/title>\n<meta name=\"robots\" content=\"index, follow, max-snippet:-1, max-image-preview:large, max-video-preview:-1\" \/>\n<link rel=\"canonical\" href=\"https:\/\/swiss-peak.com\/sv\/produkt\/swiss-peak-tws-horlurar-2-0-rcs-atervunnen-plast-svart\/\" \/>\n<meta property=\"og:locale\" content=\"sv_SE\" \/>\n<meta property=\"og:type\" content=\"article\" \/>\n<meta property=\"og:title\" content=\"Swiss Peak TWS h\u00f6rlurar 2.0 RCS \u00e5tervunnen plast, svart - Swiss Peak\" \/>\n<meta property=\"og:description\" content=\"Ny generation \u00e4kta tr\u00e5dl\u00f6sa h\u00f6rlurar. \u00d6ronsn\u00e4ckorna och laddningsfodralet \u00e4r tillverkade av RCS (Recycled Claim Standard) certifierad \u00e5tervunnen ABS. Totalt \u00e5tervunnet inneh\u00e5ll: 59% baserat p\u00e5 total produktvikt. RCS certifiering s\u00e4kerst\u00e4ller en helt certifierad leveranskedja av de \u00e5tervunna materialen. \u00d6ronsn\u00e4ckorna levereras i ett kompakt 400 mAh laddningsfodral s\u00e5 att du enkelt kan ladda, f\u00f6rvara och ta med [&hellip;]\" \/>\n<meta property=\"og:url\" content=\"https:\/\/swiss-peak.com\/sv\/produkt\/swiss-peak-tws-horlurar-2-0-rcs-atervunnen-plast-svart\/\" \/>\n<meta property=\"og:site_name\" content=\"Swiss Peak\" \/>\n<meta property=\"article:modified_time\" content=\"2026-03-12T02:10:53+00:00\" \/>\n<meta property=\"og:image\" content=\"https:\/\/swiss-peak.com\/wp-content\/uploads\/sites\/9\/2024\/02\/P329.841__S_0__e6af640f358343f2b9d4c3612e579e8c.jpg\" \/>\n\t<meta property=\"og:image:width\" content=\"1024\" \/>\n\t<meta property=\"og:image:height\" content=\"1024\" \/>\n\t<meta property=\"og:image:type\" content=\"image\/jpeg\" \/>\n<meta name=\"twitter:card\" content=\"summary_large_image\" \/>\n<meta name=\"twitter:label1\" content=\"Ber\u00e4knad l\u00e4stid\" \/>\n\t<meta name=\"twitter:data1\" content=\"1 minut\" \/>\n<script type=\"application\/ld+json\" class=\"yoast-schema-graph\">{\"@context\":\"https:\/\/schema.org\",\"@graph\":[{\"@type\":\"WebPage\",\"@id\":\"https:\/\/swiss-peak.com\/sv\/produkt\/swiss-peak-tws-horlurar-2-0-rcs-atervunnen-plast-svart\/\",\"url\":\"https:\/\/swiss-peak.com\/sv\/produkt\/swiss-peak-tws-horlurar-2-0-rcs-atervunnen-plast-svart\/\",\"name\":\"Swiss Peak TWS h\u00f6rlurar 2.0 RCS \u00e5tervunnen plast, svart - Swiss Peak\",\"isPartOf\":{\"@id\":\"https:\/\/swiss-peak.com\/sv\/#website\"},\"primaryImageOfPage\":{\"@id\":\"https:\/\/swiss-peak.com\/sv\/produkt\/swiss-peak-tws-horlurar-2-0-rcs-atervunnen-plast-svart\/#primaryimage\"},\"image\":{\"@id\":\"https:\/\/swiss-peak.com\/sv\/produkt\/swiss-peak-tws-horlurar-2-0-rcs-atervunnen-plast-svart\/#primaryimage\"},\"thumbnailUrl\":\"https:\/\/swiss-peak.com\/wp-content\/uploads\/sites\/9\/2024\/02\/P329.841__S_0__e6af640f358343f2b9d4c3612e579e8c.jpg\",\"datePublished\":\"2023-03-14T10:10:48+00:00\",\"dateModified\":\"2026-03-12T02:10:53+00:00\",\"breadcrumb\":{\"@id\":\"https:\/\/swiss-peak.com\/sv\/produkt\/swiss-peak-tws-horlurar-2-0-rcs-atervunnen-plast-svart\/#breadcrumb\"},\"inLanguage\":\"sv-SE\",\"potentialAction\":[{\"@type\":\"ReadAction\",\"target\":[\"https:\/\/swiss-peak.com\/sv\/produkt\/swiss-peak-tws-horlurar-2-0-rcs-atervunnen-plast-svart\/\"]}]},{\"@type\":\"ImageObject\",\"inLanguage\":\"sv-SE\",\"@id\":\"https:\/\/swiss-peak.com\/sv\/produkt\/swiss-peak-tws-horlurar-2-0-rcs-atervunnen-plast-svart\/#primaryimage\",\"url\":\"https:\/\/swiss-peak.com\/wp-content\/uploads\/sites\/9\/2024\/02\/P329.841__S_0__e6af640f358343f2b9d4c3612e579e8c.jpg\",\"contentUrl\":\"https:\/\/swiss-peak.com\/wp-content\/uploads\/sites\/9\/2024\/02\/P329.841__S_0__e6af640f358343f2b9d4c3612e579e8c.jpg\",\"width\":1024,\"height\":1024},{\"@type\":\"BreadcrumbList\",\"@id\":\"https:\/\/swiss-peak.com\/sv\/produkt\/swiss-peak-tws-horlurar-2-0-rcs-atervunnen-plast-svart\/#breadcrumb\",\"itemListElement\":[{\"@type\":\"ListItem\",\"position\":1,\"name\":\"Home\",\"item\":\"https:\/\/swiss-peak.com\/sv\/\"},{\"@type\":\"ListItem\",\"position\":2,\"name\":\"Kollektion\",\"item\":\"https:\/\/swiss-peak.com\/sv\/kollektion\/\"},{\"@type\":\"ListItem\",\"position\":3,\"name\":\"Swiss Peak TWS h\u00f6rlurar 2.0 RCS \u00e5tervunnen plast, svart\"}]},{\"@type\":\"WebSite\",\"@id\":\"https:\/\/swiss-peak.com\/sv\/#website\",\"url\":\"https:\/\/swiss-peak.com\/sv\/\",\"name\":\"Swiss Peak\",\"description\":\"Where will today take you?\",\"potentialAction\":[{\"@type\":\"SearchAction\",\"target\":{\"@type\":\"EntryPoint\",\"urlTemplate\":\"https:\/\/swiss-peak.com\/sv\/?s={search_term_string}\"},\"query-input\":{\"@type\":\"PropertyValueSpecification\",\"valueRequired\":true,\"valueName\":\"search_term_string\"}}],\"inLanguage\":\"sv-SE\"}]}<\/script>\n<!-- \/ Yoast SEO plugin. -->","yoast_head_json":{"title":"Swiss Peak TWS h\u00f6rlurar 2.0 RCS \u00e5tervunnen plast, svart - Swiss Peak","robots":{"index":"index","follow":"follow","max-snippet":"max-snippet:-1","max-image-preview":"max-image-preview:large","max-video-preview":"max-video-preview:-1"},"canonical":"https:\/\/swiss-peak.com\/sv\/produkt\/swiss-peak-tws-horlurar-2-0-rcs-atervunnen-plast-svart\/","og_locale":"sv_SE","og_type":"article","og_title":"Swiss Peak TWS h\u00f6rlurar 2.0 RCS \u00e5tervunnen plast, svart - Swiss Peak","og_description":"Ny generation \u00e4kta tr\u00e5dl\u00f6sa h\u00f6rlurar. \u00d6ronsn\u00e4ckorna och laddningsfodralet \u00e4r tillverkade av RCS (Recycled Claim Standard) certifierad \u00e5tervunnen ABS. Totalt \u00e5tervunnet inneh\u00e5ll: 59% baserat p\u00e5 total produktvikt. RCS certifiering s\u00e4kerst\u00e4ller en helt certifierad leveranskedja av de \u00e5tervunna materialen. \u00d6ronsn\u00e4ckorna levereras i ett kompakt 400 mAh laddningsfodral s\u00e5 att du enkelt kan ladda, f\u00f6rvara och ta med [&hellip;]","og_url":"https:\/\/swiss-peak.com\/sv\/produkt\/swiss-peak-tws-horlurar-2-0-rcs-atervunnen-plast-svart\/","og_site_name":"Swiss Peak","article_modified_time":"2026-03-12T02:10:53+00:00","og_image":[{"width":1024,"height":1024,"url":"https:\/\/swiss-peak.com\/wp-content\/uploads\/sites\/9\/2024\/02\/P329.841__S_0__e6af640f358343f2b9d4c3612e579e8c.jpg","type":"image\/jpeg"}],"twitter_card":"summary_large_image","twitter_misc":{"Ber\u00e4knad l\u00e4stid":"1 minut"},"schema":{"@context":"https:\/\/schema.org","@graph":[{"@type":"WebPage","@id":"https:\/\/swiss-peak.com\/sv\/produkt\/swiss-peak-tws-horlurar-2-0-rcs-atervunnen-plast-svart\/","url":"https:\/\/swiss-peak.com\/sv\/produkt\/swiss-peak-tws-horlurar-2-0-rcs-atervunnen-plast-svart\/","name":"Swiss Peak TWS h\u00f6rlurar 2.0 RCS \u00e5tervunnen plast, svart - Swiss Peak","isPartOf":{"@id":"https:\/\/swiss-peak.com\/sv\/#website"},"primaryImageOfPage":{"@id":"https:\/\/swiss-peak.com\/sv\/produkt\/swiss-peak-tws-horlurar-2-0-rcs-atervunnen-plast-svart\/#primaryimage"},"image":{"@id":"https:\/\/swiss-peak.com\/sv\/produkt\/swiss-peak-tws-horlurar-2-0-rcs-atervunnen-plast-svart\/#primaryimage"},"thumbnailUrl":"https:\/\/swiss-peak.com\/wp-content\/uploads\/sites\/9\/2024\/02\/P329.841__S_0__e6af640f358343f2b9d4c3612e579e8c.jpg","datePublished":"2023-03-14T10:10:48+00:00","dateModified":"2026-03-12T02:10:53+00:00","breadcrumb":{"@id":"https:\/\/swiss-peak.com\/sv\/produkt\/swiss-peak-tws-horlurar-2-0-rcs-atervunnen-plast-svart\/#breadcrumb"},"inLanguage":"sv-SE","potentialAction":[{"@type":"ReadAction","target":["https:\/\/swiss-peak.com\/sv\/produkt\/swiss-peak-tws-horlurar-2-0-rcs-atervunnen-plast-svart\/"]}]},{"@type":"ImageObject","inLanguage":"sv-SE","@id":"https:\/\/swiss-peak.com\/sv\/produkt\/swiss-peak-tws-horlurar-2-0-rcs-atervunnen-plast-svart\/#primaryimage","url":"https:\/\/swiss-peak.com\/wp-content\/uploads\/sites\/9\/2024\/02\/P329.841__S_0__e6af640f358343f2b9d4c3612e579e8c.jpg","contentUrl":"https:\/\/swiss-peak.com\/wp-content\/uploads\/sites\/9\/2024\/02\/P329.841__S_0__e6af640f358343f2b9d4c3612e579e8c.jpg","width":1024,"height":1024},{"@type":"BreadcrumbList","@id":"https:\/\/swiss-peak.com\/sv\/produkt\/swiss-peak-tws-horlurar-2-0-rcs-atervunnen-plast-svart\/#breadcrumb","itemListElement":[{"@type":"ListItem","position":1,"name":"Home","item":"https:\/\/swiss-peak.com\/sv\/"},{"@type":"ListItem","position":2,"name":"Kollektion","item":"https:\/\/swiss-peak.com\/sv\/kollektion\/"},{"@type":"ListItem","position":3,"name":"Swiss Peak TWS h\u00f6rlurar 2.0 RCS \u00e5tervunnen plast, svart"}]},{"@type":"WebSite","@id":"https:\/\/swiss-peak.com\/sv\/#website","url":"https:\/\/swiss-peak.com\/sv\/","name":"Swiss Peak","description":"Where will today take you?","potentialAction":[{"@type":"SearchAction","target":{"@type":"EntryPoint","urlTemplate":"https:\/\/swiss-peak.com\/sv\/?s={search_term_string}"},"query-input":{"@type":"PropertyValueSpecification","valueRequired":true,"valueName":"search_term_string"}}],"inLanguage":"sv-SE"}]}},"_links":{"self":[{"href":"https:\/\/swiss-peak.com\/sv\/wp-json\/wp\/v2\/product\/15363","targetHints":{"allow":["GET"]}}],"collection":[{"href":"https:\/\/swiss-peak.com\/sv\/wp-json\/wp\/v2\/product"}],"about":[{"href":"https:\/\/swiss-peak.com\/sv\/wp-json\/wp\/v2\/types\/product"}],"wp:featuredmedia":[{"embeddable":true,"href":"https:\/\/swiss-peak.com\/sv\/wp-json\/wp\/v2\/media\/23892"}],"wp:attachment":[{"href":"https:\/\/swiss-peak.com\/sv\/wp-json\/wp\/v2\/media?parent=15363"}],"wp:term":[{"taxonomy":"product_cat","embeddable":true,"href":"https:\/\/swiss-peak.com\/sv\/wp-json\/wp\/v2\/product_cat?post=15363"},{"taxonomy":"product_tag","embeddable":true,"href":"https:\/\/swiss-peak.com\/sv\/wp-json\/wp\/v2\/product_tag?post=15363"}],"curies":[{"name":"wp","href":"https:\/\/api.w.org\/{rel}","templated":true}]}}