{"id":15361,"date":"2023-03-14T12:10:48","date_gmt":"2023-03-14T10:10:48","guid":{"rendered":"https:\/\/xdsomename.tempurl.host\/swisspeak-website\/collection\/okategoriserad\/tradlosa-horlurar-v3-gra\/"},"modified":"2026-03-12T04:10:49","modified_gmt":"2026-03-12T02:10:49","slug":"tradlosa-horlurar-v3-gra","status":"publish","type":"product","link":"https:\/\/swiss-peak.com\/sv\/produkt\/tradlosa-horlurar-v3-gra\/","title":{"rendered":"Tr\u00e5dl\u00f6sa h\u00f6rlurar V3, gr\u00e5"},"content":{"rendered":"<p>Tr\u00e5dl\u00f6sa stereoh\u00f6rlurar med h\u00f6g ljudkvalitet f\u00f6r en perfekt ljudupplevelse. 300 mAh batteri g\u00f6r att du kan lyssna p\u00e5 musik upp till 11 timmar p\u00e5 en laddning och uppladdning sker p\u00e5 bara 1,5 timme. R\u00e4ckvidd upp till 10 meter. H\u00f6rlurarna kan vikas ihop f\u00f6r att passa i det medf\u00f6ljande Swiss Peak EVA resefodralet. Aluminiumh\u00f6lje och PU luftkuddar g\u00f6r h\u00f6rlurarna bekv\u00e4ma att b\u00e4ra i timmar. Med mikrofon f\u00f6r att besvara inkommande samtal.<\/p>\n","protected":false},"excerpt":{"rendered":"<p>Tr\u00e5dl\u00f6sa stereoh\u00f6rlurar med h\u00f6g ljudkvalitet f\u00f6r en perfekt ljudupplevelse. 300 mAh batteri g\u00f6r att du kan lyssna p\u00e5 musik upp till 11 timmar p\u00e5 en laddning och uppladdning sker p\u00e5 bara 1,5 timme. R\u00e4ckvidd upp till 10 meter. H\u00f6rlurarna kan vikas ihop f\u00f6r att passa i det medf\u00f6ljande Swiss Peak EVA resefodralet. Aluminiumh\u00f6lje och PU [&hellip;]<\/p>\n","protected":false},"featured_media":23752,"template":"","meta":{"_acf_changed":false},"product_cat":[306,312],"product_tag":[],"class_list":["post-15361","product","type-product","status-publish","has-post-thumbnail","hentry","product_cat-fritid-sport","product_cat-ljud","pa_color-black-sv","pa_color-grey-sv"],"acf":[],"yoast_head":"<!-- This site is optimized with the Yoast SEO plugin v27.0 - https:\/\/yoast.com\/product\/yoast-seo-wordpress\/ -->\n<title>Tr\u00e5dl\u00f6sa h\u00f6rlurar V3, gr\u00e5 - Swiss Peak<\/title>\n<meta name=\"robots\" content=\"index, follow, max-snippet:-1, max-image-preview:large, max-video-preview:-1\" \/>\n<link rel=\"canonical\" href=\"https:\/\/swiss-peak.com\/sv\/produkt\/tradlosa-horlurar-v3-gra\/\" \/>\n<meta property=\"og:locale\" content=\"sv_SE\" \/>\n<meta property=\"og:type\" content=\"article\" \/>\n<meta property=\"og:title\" content=\"Tr\u00e5dl\u00f6sa h\u00f6rlurar V3, gr\u00e5 - Swiss Peak\" \/>\n<meta property=\"og:description\" content=\"Tr\u00e5dl\u00f6sa stereoh\u00f6rlurar med h\u00f6g ljudkvalitet f\u00f6r en perfekt ljudupplevelse. 300 mAh batteri g\u00f6r att du kan lyssna p\u00e5 musik upp till 11 timmar p\u00e5 en laddning och uppladdning sker p\u00e5 bara 1,5 timme. R\u00e4ckvidd upp till 10 meter. H\u00f6rlurarna kan vikas ihop f\u00f6r att passa i det medf\u00f6ljande Swiss Peak EVA resefodralet. Aluminiumh\u00f6lje och PU [&hellip;]\" \/>\n<meta property=\"og:url\" content=\"https:\/\/swiss-peak.com\/sv\/produkt\/tradlosa-horlurar-v3-gra\/\" \/>\n<meta property=\"og:site_name\" content=\"Swiss Peak\" \/>\n<meta property=\"article:modified_time\" content=\"2026-03-12T02:10:49+00:00\" \/>\n<meta property=\"og:image\" content=\"https:\/\/swiss-peak.com\/wp-content\/uploads\/sites\/9\/2024\/02\/P329.451__S_0__b2cc2942085d41a2b366cf1bf95760ae.jpg\" \/>\n\t<meta property=\"og:image:width\" content=\"1024\" \/>\n\t<meta property=\"og:image:height\" content=\"1024\" \/>\n\t<meta property=\"og:image:type\" content=\"image\/jpeg\" \/>\n<meta name=\"twitter:card\" content=\"summary_large_image\" \/>\n<script type=\"application\/ld+json\" class=\"yoast-schema-graph\">{\"@context\":\"https:\/\/schema.org\",\"@graph\":[{\"@type\":\"WebPage\",\"@id\":\"https:\/\/swiss-peak.com\/sv\/produkt\/tradlosa-horlurar-v3-gra\/\",\"url\":\"https:\/\/swiss-peak.com\/sv\/produkt\/tradlosa-horlurar-v3-gra\/\",\"name\":\"Tr\u00e5dl\u00f6sa h\u00f6rlurar V3, gr\u00e5 - Swiss Peak\",\"isPartOf\":{\"@id\":\"https:\/\/swiss-peak.com\/sv\/#website\"},\"primaryImageOfPage\":{\"@id\":\"https:\/\/swiss-peak.com\/sv\/produkt\/tradlosa-horlurar-v3-gra\/#primaryimage\"},\"image\":{\"@id\":\"https:\/\/swiss-peak.com\/sv\/produkt\/tradlosa-horlurar-v3-gra\/#primaryimage\"},\"thumbnailUrl\":\"https:\/\/swiss-peak.com\/wp-content\/uploads\/sites\/9\/2024\/02\/P329.451__S_0__b2cc2942085d41a2b366cf1bf95760ae.jpg\",\"datePublished\":\"2023-03-14T10:10:48+00:00\",\"dateModified\":\"2026-03-12T02:10:49+00:00\",\"breadcrumb\":{\"@id\":\"https:\/\/swiss-peak.com\/sv\/produkt\/tradlosa-horlurar-v3-gra\/#breadcrumb\"},\"inLanguage\":\"sv-SE\",\"potentialAction\":[{\"@type\":\"ReadAction\",\"target\":[\"https:\/\/swiss-peak.com\/sv\/produkt\/tradlosa-horlurar-v3-gra\/\"]}]},{\"@type\":\"ImageObject\",\"inLanguage\":\"sv-SE\",\"@id\":\"https:\/\/swiss-peak.com\/sv\/produkt\/tradlosa-horlurar-v3-gra\/#primaryimage\",\"url\":\"https:\/\/swiss-peak.com\/wp-content\/uploads\/sites\/9\/2024\/02\/P329.451__S_0__b2cc2942085d41a2b366cf1bf95760ae.jpg\",\"contentUrl\":\"https:\/\/swiss-peak.com\/wp-content\/uploads\/sites\/9\/2024\/02\/P329.451__S_0__b2cc2942085d41a2b366cf1bf95760ae.jpg\",\"width\":1024,\"height\":1024},{\"@type\":\"BreadcrumbList\",\"@id\":\"https:\/\/swiss-peak.com\/sv\/produkt\/tradlosa-horlurar-v3-gra\/#breadcrumb\",\"itemListElement\":[{\"@type\":\"ListItem\",\"position\":1,\"name\":\"Home\",\"item\":\"https:\/\/swiss-peak.com\/sv\/\"},{\"@type\":\"ListItem\",\"position\":2,\"name\":\"Kollektion\",\"item\":\"https:\/\/swiss-peak.com\/sv\/kollektion\/\"},{\"@type\":\"ListItem\",\"position\":3,\"name\":\"Tr\u00e5dl\u00f6sa h\u00f6rlurar V3, gr\u00e5\"}]},{\"@type\":\"WebSite\",\"@id\":\"https:\/\/swiss-peak.com\/sv\/#website\",\"url\":\"https:\/\/swiss-peak.com\/sv\/\",\"name\":\"Swiss Peak\",\"description\":\"Where will today take you?\",\"potentialAction\":[{\"@type\":\"SearchAction\",\"target\":{\"@type\":\"EntryPoint\",\"urlTemplate\":\"https:\/\/swiss-peak.com\/sv\/?s={search_term_string}\"},\"query-input\":{\"@type\":\"PropertyValueSpecification\",\"valueRequired\":true,\"valueName\":\"search_term_string\"}}],\"inLanguage\":\"sv-SE\"}]}<\/script>\n<!-- \/ Yoast SEO plugin. -->","yoast_head_json":{"title":"Tr\u00e5dl\u00f6sa h\u00f6rlurar V3, gr\u00e5 - Swiss Peak","robots":{"index":"index","follow":"follow","max-snippet":"max-snippet:-1","max-image-preview":"max-image-preview:large","max-video-preview":"max-video-preview:-1"},"canonical":"https:\/\/swiss-peak.com\/sv\/produkt\/tradlosa-horlurar-v3-gra\/","og_locale":"sv_SE","og_type":"article","og_title":"Tr\u00e5dl\u00f6sa h\u00f6rlurar V3, gr\u00e5 - Swiss Peak","og_description":"Tr\u00e5dl\u00f6sa stereoh\u00f6rlurar med h\u00f6g ljudkvalitet f\u00f6r en perfekt ljudupplevelse. 300 mAh batteri g\u00f6r att du kan lyssna p\u00e5 musik upp till 11 timmar p\u00e5 en laddning och uppladdning sker p\u00e5 bara 1,5 timme. R\u00e4ckvidd upp till 10 meter. H\u00f6rlurarna kan vikas ihop f\u00f6r att passa i det medf\u00f6ljande Swiss Peak EVA resefodralet. Aluminiumh\u00f6lje och PU [&hellip;]","og_url":"https:\/\/swiss-peak.com\/sv\/produkt\/tradlosa-horlurar-v3-gra\/","og_site_name":"Swiss Peak","article_modified_time":"2026-03-12T02:10:49+00:00","og_image":[{"width":1024,"height":1024,"url":"https:\/\/swiss-peak.com\/wp-content\/uploads\/sites\/9\/2024\/02\/P329.451__S_0__b2cc2942085d41a2b366cf1bf95760ae.jpg","type":"image\/jpeg"}],"twitter_card":"summary_large_image","schema":{"@context":"https:\/\/schema.org","@graph":[{"@type":"WebPage","@id":"https:\/\/swiss-peak.com\/sv\/produkt\/tradlosa-horlurar-v3-gra\/","url":"https:\/\/swiss-peak.com\/sv\/produkt\/tradlosa-horlurar-v3-gra\/","name":"Tr\u00e5dl\u00f6sa h\u00f6rlurar V3, gr\u00e5 - Swiss Peak","isPartOf":{"@id":"https:\/\/swiss-peak.com\/sv\/#website"},"primaryImageOfPage":{"@id":"https:\/\/swiss-peak.com\/sv\/produkt\/tradlosa-horlurar-v3-gra\/#primaryimage"},"image":{"@id":"https:\/\/swiss-peak.com\/sv\/produkt\/tradlosa-horlurar-v3-gra\/#primaryimage"},"thumbnailUrl":"https:\/\/swiss-peak.com\/wp-content\/uploads\/sites\/9\/2024\/02\/P329.451__S_0__b2cc2942085d41a2b366cf1bf95760ae.jpg","datePublished":"2023-03-14T10:10:48+00:00","dateModified":"2026-03-12T02:10:49+00:00","breadcrumb":{"@id":"https:\/\/swiss-peak.com\/sv\/produkt\/tradlosa-horlurar-v3-gra\/#breadcrumb"},"inLanguage":"sv-SE","potentialAction":[{"@type":"ReadAction","target":["https:\/\/swiss-peak.com\/sv\/produkt\/tradlosa-horlurar-v3-gra\/"]}]},{"@type":"ImageObject","inLanguage":"sv-SE","@id":"https:\/\/swiss-peak.com\/sv\/produkt\/tradlosa-horlurar-v3-gra\/#primaryimage","url":"https:\/\/swiss-peak.com\/wp-content\/uploads\/sites\/9\/2024\/02\/P329.451__S_0__b2cc2942085d41a2b366cf1bf95760ae.jpg","contentUrl":"https:\/\/swiss-peak.com\/wp-content\/uploads\/sites\/9\/2024\/02\/P329.451__S_0__b2cc2942085d41a2b366cf1bf95760ae.jpg","width":1024,"height":1024},{"@type":"BreadcrumbList","@id":"https:\/\/swiss-peak.com\/sv\/produkt\/tradlosa-horlurar-v3-gra\/#breadcrumb","itemListElement":[{"@type":"ListItem","position":1,"name":"Home","item":"https:\/\/swiss-peak.com\/sv\/"},{"@type":"ListItem","position":2,"name":"Kollektion","item":"https:\/\/swiss-peak.com\/sv\/kollektion\/"},{"@type":"ListItem","position":3,"name":"Tr\u00e5dl\u00f6sa h\u00f6rlurar V3, gr\u00e5"}]},{"@type":"WebSite","@id":"https:\/\/swiss-peak.com\/sv\/#website","url":"https:\/\/swiss-peak.com\/sv\/","name":"Swiss Peak","description":"Where will today take you?","potentialAction":[{"@type":"SearchAction","target":{"@type":"EntryPoint","urlTemplate":"https:\/\/swiss-peak.com\/sv\/?s={search_term_string}"},"query-input":{"@type":"PropertyValueSpecification","valueRequired":true,"valueName":"search_term_string"}}],"inLanguage":"sv-SE"}]}},"_links":{"self":[{"href":"https:\/\/swiss-peak.com\/sv\/wp-json\/wp\/v2\/product\/15361","targetHints":{"allow":["GET"]}}],"collection":[{"href":"https:\/\/swiss-peak.com\/sv\/wp-json\/wp\/v2\/product"}],"about":[{"href":"https:\/\/swiss-peak.com\/sv\/wp-json\/wp\/v2\/types\/product"}],"wp:featuredmedia":[{"embeddable":true,"href":"https:\/\/swiss-peak.com\/sv\/wp-json\/wp\/v2\/media\/23752"}],"wp:attachment":[{"href":"https:\/\/swiss-peak.com\/sv\/wp-json\/wp\/v2\/media?parent=15361"}],"wp:term":[{"taxonomy":"product_cat","embeddable":true,"href":"https:\/\/swiss-peak.com\/sv\/wp-json\/wp\/v2\/product_cat?post=15361"},{"taxonomy":"product_tag","embeddable":true,"href":"https:\/\/swiss-peak.com\/sv\/wp-json\/wp\/v2\/product_tag?post=15361"}],"curies":[{"name":"wp","href":"https:\/\/api.w.org\/{rel}","templated":true}]}}