{"id":15357,"date":"2023-03-14T12:10:48","date_gmt":"2023-03-14T10:10:48","guid":{"rendered":"https:\/\/xdsomename.tempurl.host\/swisspeak-website\/collection\/okategoriserad\/5w-tradlos-bashogtalare-gra\/"},"modified":"2026-04-16T03:12:20","modified_gmt":"2026-04-16T01:12:20","slug":"5w-tradlos-bashogtalare-gra","status":"publish","type":"product","link":"https:\/\/swiss-peak.com\/sv\/produkt\/5w-tradlos-bashogtalare-gra\/","title":{"rendered":"5W tr\u00e5dl\u00f6s bash\u00f6gtalare, gr\u00e5"},"content":{"rendered":"<p>Kraftfull 5W h\u00f6gtalare med f\u00f6rv\u00e5nansv\u00e4rt tydligt och helt\u00e4ckande ljud. I h\u00f6gtalarens nedersta del sitter det en extra drivanordning som f\u00f6rst\u00e4rker baseffekten. Elegant framtoning och l\u00e4cker k\u00e4nsla tack vare utf\u00f6randet i h\u00f6gv\u00e4rdigt rostfritt st\u00e5l. Batteriet p\u00e5 650 mAh ger en speltid p\u00e5 upp till 5 timmar. BT 5.0 f\u00f6r smidig anslutning och en r\u00e4ckvidd p\u00e5 upp till 10 meter. PVC-fri TPE micro USB kabel f\u00f6r laddning av h\u00f6gtalaren medf\u00f6ljer<\/p>\n","protected":false},"excerpt":{"rendered":"<p>Kraftfull 5W h\u00f6gtalare med f\u00f6rv\u00e5nansv\u00e4rt tydligt och helt\u00e4ckande ljud. I h\u00f6gtalarens nedersta del sitter det en extra drivanordning som f\u00f6rst\u00e4rker baseffekten. Elegant framtoning och l\u00e4cker k\u00e4nsla tack vare utf\u00f6randet i h\u00f6gv\u00e4rdigt rostfritt st\u00e5l. Batteriet p\u00e5 650 mAh ger en speltid p\u00e5 upp till 5 timmar. BT 5.0 f\u00f6r smidig anslutning och en r\u00e4ckvidd p\u00e5 upp [&hellip;]<\/p>\n","protected":false},"featured_media":46112,"template":"","meta":{"_acf_changed":false},"product_cat":[306,312],"product_tag":[],"class_list":["post-15357","product","type-product","status-publish","has-post-thumbnail","hentry","product_cat-fritid-sport","product_cat-ljud","pa_color-grey-sv"],"acf":[],"yoast_head":"<!-- This site is optimized with the Yoast SEO plugin v27.0 - https:\/\/yoast.com\/product\/yoast-seo-wordpress\/ -->\n<title>5W tr\u00e5dl\u00f6s bash\u00f6gtalare, gr\u00e5 - Swiss Peak<\/title>\n<meta name=\"robots\" content=\"index, follow, max-snippet:-1, max-image-preview:large, max-video-preview:-1\" \/>\n<link rel=\"canonical\" href=\"https:\/\/swiss-peak.com\/sv\/produkt\/5w-tradlos-bashogtalare-gra\/\" \/>\n<meta property=\"og:locale\" content=\"sv_SE\" \/>\n<meta property=\"og:type\" content=\"article\" \/>\n<meta property=\"og:title\" content=\"5W tr\u00e5dl\u00f6s bash\u00f6gtalare, gr\u00e5 - Swiss Peak\" \/>\n<meta property=\"og:description\" content=\"Kraftfull 5W h\u00f6gtalare med f\u00f6rv\u00e5nansv\u00e4rt tydligt och helt\u00e4ckande ljud. I h\u00f6gtalarens nedersta del sitter det en extra drivanordning som f\u00f6rst\u00e4rker baseffekten. Elegant framtoning och l\u00e4cker k\u00e4nsla tack vare utf\u00f6randet i h\u00f6gv\u00e4rdigt rostfritt st\u00e5l. Batteriet p\u00e5 650 mAh ger en speltid p\u00e5 upp till 5 timmar. BT 5.0 f\u00f6r smidig anslutning och en r\u00e4ckvidd p\u00e5 upp [&hellip;]\" \/>\n<meta property=\"og:url\" content=\"https:\/\/swiss-peak.com\/sv\/produkt\/5w-tradlos-bashogtalare-gra\/\" \/>\n<meta property=\"og:site_name\" content=\"Swiss Peak\" \/>\n<meta property=\"article:modified_time\" content=\"2026-04-16T01:12:20+00:00\" \/>\n<meta property=\"og:image\" content=\"https:\/\/swiss-peak.com\/wp-content\/uploads\/sites\/9\/2026\/04\/P329.262__S_0__c44019604d234fa98fe882569392369f.jpg\" \/>\n\t<meta property=\"og:image:width\" content=\"1024\" \/>\n\t<meta property=\"og:image:height\" content=\"1024\" \/>\n\t<meta property=\"og:image:type\" content=\"image\/jpeg\" \/>\n<meta name=\"twitter:card\" content=\"summary_large_image\" \/>\n<script type=\"application\/ld+json\" class=\"yoast-schema-graph\">{\"@context\":\"https:\/\/schema.org\",\"@graph\":[{\"@type\":\"WebPage\",\"@id\":\"https:\/\/swiss-peak.com\/sv\/produkt\/5w-tradlos-bashogtalare-gra\/\",\"url\":\"https:\/\/swiss-peak.com\/sv\/produkt\/5w-tradlos-bashogtalare-gra\/\",\"name\":\"5W tr\u00e5dl\u00f6s bash\u00f6gtalare, gr\u00e5 - Swiss Peak\",\"isPartOf\":{\"@id\":\"https:\/\/swiss-peak.com\/sv\/#website\"},\"primaryImageOfPage\":{\"@id\":\"https:\/\/swiss-peak.com\/sv\/produkt\/5w-tradlos-bashogtalare-gra\/#primaryimage\"},\"image\":{\"@id\":\"https:\/\/swiss-peak.com\/sv\/produkt\/5w-tradlos-bashogtalare-gra\/#primaryimage\"},\"thumbnailUrl\":\"https:\/\/swiss-peak.com\/wp-content\/uploads\/sites\/9\/2026\/04\/P329.262__S_0__c44019604d234fa98fe882569392369f.jpg\",\"datePublished\":\"2023-03-14T10:10:48+00:00\",\"dateModified\":\"2026-04-16T01:12:20+00:00\",\"breadcrumb\":{\"@id\":\"https:\/\/swiss-peak.com\/sv\/produkt\/5w-tradlos-bashogtalare-gra\/#breadcrumb\"},\"inLanguage\":\"sv-SE\",\"potentialAction\":[{\"@type\":\"ReadAction\",\"target\":[\"https:\/\/swiss-peak.com\/sv\/produkt\/5w-tradlos-bashogtalare-gra\/\"]}]},{\"@type\":\"ImageObject\",\"inLanguage\":\"sv-SE\",\"@id\":\"https:\/\/swiss-peak.com\/sv\/produkt\/5w-tradlos-bashogtalare-gra\/#primaryimage\",\"url\":\"https:\/\/swiss-peak.com\/wp-content\/uploads\/sites\/9\/2026\/04\/P329.262__S_0__c44019604d234fa98fe882569392369f.jpg\",\"contentUrl\":\"https:\/\/swiss-peak.com\/wp-content\/uploads\/sites\/9\/2026\/04\/P329.262__S_0__c44019604d234fa98fe882569392369f.jpg\",\"width\":1024,\"height\":1024},{\"@type\":\"BreadcrumbList\",\"@id\":\"https:\/\/swiss-peak.com\/sv\/produkt\/5w-tradlos-bashogtalare-gra\/#breadcrumb\",\"itemListElement\":[{\"@type\":\"ListItem\",\"position\":1,\"name\":\"Home\",\"item\":\"https:\/\/swiss-peak.com\/sv\/\"},{\"@type\":\"ListItem\",\"position\":2,\"name\":\"Kollektion\",\"item\":\"https:\/\/swiss-peak.com\/sv\/kollektion\/\"},{\"@type\":\"ListItem\",\"position\":3,\"name\":\"5W tr\u00e5dl\u00f6s bash\u00f6gtalare, gr\u00e5\"}]},{\"@type\":\"WebSite\",\"@id\":\"https:\/\/swiss-peak.com\/sv\/#website\",\"url\":\"https:\/\/swiss-peak.com\/sv\/\",\"name\":\"Swiss Peak\",\"description\":\"Where will today take you?\",\"potentialAction\":[{\"@type\":\"SearchAction\",\"target\":{\"@type\":\"EntryPoint\",\"urlTemplate\":\"https:\/\/swiss-peak.com\/sv\/?s={search_term_string}\"},\"query-input\":{\"@type\":\"PropertyValueSpecification\",\"valueRequired\":true,\"valueName\":\"search_term_string\"}}],\"inLanguage\":\"sv-SE\"}]}<\/script>\n<!-- \/ Yoast SEO plugin. -->","yoast_head_json":{"title":"5W tr\u00e5dl\u00f6s bash\u00f6gtalare, gr\u00e5 - Swiss Peak","robots":{"index":"index","follow":"follow","max-snippet":"max-snippet:-1","max-image-preview":"max-image-preview:large","max-video-preview":"max-video-preview:-1"},"canonical":"https:\/\/swiss-peak.com\/sv\/produkt\/5w-tradlos-bashogtalare-gra\/","og_locale":"sv_SE","og_type":"article","og_title":"5W tr\u00e5dl\u00f6s bash\u00f6gtalare, gr\u00e5 - Swiss Peak","og_description":"Kraftfull 5W h\u00f6gtalare med f\u00f6rv\u00e5nansv\u00e4rt tydligt och helt\u00e4ckande ljud. I h\u00f6gtalarens nedersta del sitter det en extra drivanordning som f\u00f6rst\u00e4rker baseffekten. Elegant framtoning och l\u00e4cker k\u00e4nsla tack vare utf\u00f6randet i h\u00f6gv\u00e4rdigt rostfritt st\u00e5l. Batteriet p\u00e5 650 mAh ger en speltid p\u00e5 upp till 5 timmar. BT 5.0 f\u00f6r smidig anslutning och en r\u00e4ckvidd p\u00e5 upp [&hellip;]","og_url":"https:\/\/swiss-peak.com\/sv\/produkt\/5w-tradlos-bashogtalare-gra\/","og_site_name":"Swiss Peak","article_modified_time":"2026-04-16T01:12:20+00:00","og_image":[{"width":1024,"height":1024,"url":"https:\/\/swiss-peak.com\/wp-content\/uploads\/sites\/9\/2026\/04\/P329.262__S_0__c44019604d234fa98fe882569392369f.jpg","type":"image\/jpeg"}],"twitter_card":"summary_large_image","schema":{"@context":"https:\/\/schema.org","@graph":[{"@type":"WebPage","@id":"https:\/\/swiss-peak.com\/sv\/produkt\/5w-tradlos-bashogtalare-gra\/","url":"https:\/\/swiss-peak.com\/sv\/produkt\/5w-tradlos-bashogtalare-gra\/","name":"5W tr\u00e5dl\u00f6s bash\u00f6gtalare, gr\u00e5 - Swiss Peak","isPartOf":{"@id":"https:\/\/swiss-peak.com\/sv\/#website"},"primaryImageOfPage":{"@id":"https:\/\/swiss-peak.com\/sv\/produkt\/5w-tradlos-bashogtalare-gra\/#primaryimage"},"image":{"@id":"https:\/\/swiss-peak.com\/sv\/produkt\/5w-tradlos-bashogtalare-gra\/#primaryimage"},"thumbnailUrl":"https:\/\/swiss-peak.com\/wp-content\/uploads\/sites\/9\/2026\/04\/P329.262__S_0__c44019604d234fa98fe882569392369f.jpg","datePublished":"2023-03-14T10:10:48+00:00","dateModified":"2026-04-16T01:12:20+00:00","breadcrumb":{"@id":"https:\/\/swiss-peak.com\/sv\/produkt\/5w-tradlos-bashogtalare-gra\/#breadcrumb"},"inLanguage":"sv-SE","potentialAction":[{"@type":"ReadAction","target":["https:\/\/swiss-peak.com\/sv\/produkt\/5w-tradlos-bashogtalare-gra\/"]}]},{"@type":"ImageObject","inLanguage":"sv-SE","@id":"https:\/\/swiss-peak.com\/sv\/produkt\/5w-tradlos-bashogtalare-gra\/#primaryimage","url":"https:\/\/swiss-peak.com\/wp-content\/uploads\/sites\/9\/2026\/04\/P329.262__S_0__c44019604d234fa98fe882569392369f.jpg","contentUrl":"https:\/\/swiss-peak.com\/wp-content\/uploads\/sites\/9\/2026\/04\/P329.262__S_0__c44019604d234fa98fe882569392369f.jpg","width":1024,"height":1024},{"@type":"BreadcrumbList","@id":"https:\/\/swiss-peak.com\/sv\/produkt\/5w-tradlos-bashogtalare-gra\/#breadcrumb","itemListElement":[{"@type":"ListItem","position":1,"name":"Home","item":"https:\/\/swiss-peak.com\/sv\/"},{"@type":"ListItem","position":2,"name":"Kollektion","item":"https:\/\/swiss-peak.com\/sv\/kollektion\/"},{"@type":"ListItem","position":3,"name":"5W tr\u00e5dl\u00f6s bash\u00f6gtalare, gr\u00e5"}]},{"@type":"WebSite","@id":"https:\/\/swiss-peak.com\/sv\/#website","url":"https:\/\/swiss-peak.com\/sv\/","name":"Swiss Peak","description":"Where will today take you?","potentialAction":[{"@type":"SearchAction","target":{"@type":"EntryPoint","urlTemplate":"https:\/\/swiss-peak.com\/sv\/?s={search_term_string}"},"query-input":{"@type":"PropertyValueSpecification","valueRequired":true,"valueName":"search_term_string"}}],"inLanguage":"sv-SE"}]}},"_links":{"self":[{"href":"https:\/\/swiss-peak.com\/sv\/wp-json\/wp\/v2\/product\/15357","targetHints":{"allow":["GET"]}}],"collection":[{"href":"https:\/\/swiss-peak.com\/sv\/wp-json\/wp\/v2\/product"}],"about":[{"href":"https:\/\/swiss-peak.com\/sv\/wp-json\/wp\/v2\/types\/product"}],"wp:featuredmedia":[{"embeddable":true,"href":"https:\/\/swiss-peak.com\/sv\/wp-json\/wp\/v2\/media\/46112"}],"wp:attachment":[{"href":"https:\/\/swiss-peak.com\/sv\/wp-json\/wp\/v2\/media?parent=15357"}],"wp:term":[{"taxonomy":"product_cat","embeddable":true,"href":"https:\/\/swiss-peak.com\/sv\/wp-json\/wp\/v2\/product_cat?post=15357"},{"taxonomy":"product_tag","embeddable":true,"href":"https:\/\/swiss-peak.com\/sv\/wp-json\/wp\/v2\/product_tag?post=15357"}],"curies":[{"name":"wp","href":"https:\/\/api.w.org\/{rel}","templated":true}]}}