{"id":15350,"date":"2023-03-14T12:10:20","date_gmt":"2023-03-14T10:10:20","guid":{"rendered":"https:\/\/xdsomename.tempurl.host\/swisspeak-website\/collection\/okategoriserad\/swiss-peak-musmatta10w-tradlos-laddning-i-rcs-atervunnen-pu-svart\/"},"modified":"2026-04-16T03:12:10","modified_gmt":"2026-04-16T01:12:10","slug":"swiss-peak-musmatta10w-tradlos-laddning-i-rcs-atervunnen-pu-svart","status":"publish","type":"product","link":"https:\/\/swiss-peak.com\/sv\/produkt\/swiss-peak-musmatta10w-tradlos-laddning-i-rcs-atervunnen-pu-svart\/","title":{"rendered":"Musmatta,10W tr\u00e5dl\u00f6s laddning i RCS \u00e5tervunnen PU, svart"},"content":{"rendered":"<p>Lyxig musmatta med integrerad 10W tr\u00e5dl\u00f6s laddare. Laddningsytan kan \u00e4ven anv\u00e4ndas som mobilst\u00e4ll i st\u00e5ende position. Tillverkad av RCS (Recycled Claim Standard) certifierade \u00e5tervunna material. RCS certifiering s\u00e4kerst\u00e4ller en helt certifierad leveranskedja av de \u00e5tervunna materialen. Den smidiga och lyxiga musmattan uppgraderar ett skrivbord till en bra arbetsplats. M\u00e5tt: 29 x 19 x 2 cm. Extra tjock f\u00f6r en bra upplevelse. Yttermaterial tillverkat av GRS certifierad \u00e5tervunnen PU. Totalt \u00e5tervunnet inneh\u00e5ll: 27% baserat p\u00e5 total produktvikt. 150cm l\u00e5ng PVC-fri TPE-kabel medf\u00f6ljer. Produkt och accessoarer \u00e4r PVC-fria. Tr\u00e5dl\u00f6s laddning \u00e4r kompatibel med enheter som senaste generationen Android, iPhone 8 och upp. Input: 9V\/2A Tr\u00e5dl\u00f6s Output: 9V\/1.1A.<\/p>\n","protected":false},"excerpt":{"rendered":"<p>Lyxig musmatta med integrerad 10W tr\u00e5dl\u00f6s laddare. Laddningsytan kan \u00e4ven anv\u00e4ndas som mobilst\u00e4ll i st\u00e5ende position. Tillverkad av RCS (Recycled Claim Standard) certifierade \u00e5tervunna material. RCS certifiering s\u00e4kerst\u00e4ller en helt certifierad leveranskedja av de \u00e5tervunna materialen. Den smidiga och lyxiga musmattan uppgraderar ett skrivbord till en bra arbetsplats. M\u00e5tt: 29 x 19 x 2 cm. [&hellip;]<\/p>\n","protected":false},"featured_media":46091,"template":"","meta":{"_acf_changed":false},"product_cat":[289,303],"product_tag":[],"class_list":["post-15350","product","type-product","status-publish","has-post-thumbnail","hentry","product_cat-business-sv","product_cat-tech-sv","pa_color-black-sv"],"acf":[],"yoast_head":"<!-- This site is optimized with the Yoast SEO plugin v27.0 - https:\/\/yoast.com\/product\/yoast-seo-wordpress\/ -->\n<title>Musmatta,10W tr\u00e5dl\u00f6s laddning i RCS \u00e5tervunnen PU, svart - Swiss Peak<\/title>\n<meta name=\"robots\" content=\"index, follow, max-snippet:-1, max-image-preview:large, max-video-preview:-1\" \/>\n<link rel=\"canonical\" href=\"https:\/\/swiss-peak.com\/sv\/produkt\/swiss-peak-musmatta10w-tradlos-laddning-i-rcs-atervunnen-pu-svart\/\" \/>\n<meta property=\"og:locale\" content=\"sv_SE\" \/>\n<meta property=\"og:type\" content=\"article\" \/>\n<meta property=\"og:title\" content=\"Musmatta,10W tr\u00e5dl\u00f6s laddning i RCS \u00e5tervunnen PU, svart - Swiss Peak\" \/>\n<meta property=\"og:description\" content=\"Lyxig musmatta med integrerad 10W tr\u00e5dl\u00f6s laddare. Laddningsytan kan \u00e4ven anv\u00e4ndas som mobilst\u00e4ll i st\u00e5ende position. Tillverkad av RCS (Recycled Claim Standard) certifierade \u00e5tervunna material. RCS certifiering s\u00e4kerst\u00e4ller en helt certifierad leveranskedja av de \u00e5tervunna materialen. Den smidiga och lyxiga musmattan uppgraderar ett skrivbord till en bra arbetsplats. M\u00e5tt: 29 x 19 x 2 cm. [&hellip;]\" \/>\n<meta property=\"og:url\" content=\"https:\/\/swiss-peak.com\/sv\/produkt\/swiss-peak-musmatta10w-tradlos-laddning-i-rcs-atervunnen-pu-svart\/\" \/>\n<meta property=\"og:site_name\" content=\"Swiss Peak\" \/>\n<meta property=\"article:modified_time\" content=\"2026-04-16T01:12:10+00:00\" \/>\n<meta property=\"og:image\" content=\"https:\/\/swiss-peak.com\/wp-content\/uploads\/sites\/9\/2026\/04\/P300.241__S_0__8cb8d3e348e34a17993cc0b2929d8512.jpg\" \/>\n\t<meta property=\"og:image:width\" content=\"1024\" \/>\n\t<meta property=\"og:image:height\" content=\"1024\" \/>\n\t<meta property=\"og:image:type\" content=\"image\/jpeg\" \/>\n<meta name=\"twitter:card\" content=\"summary_large_image\" \/>\n<meta name=\"twitter:label1\" content=\"Ber\u00e4knad l\u00e4stid\" \/>\n\t<meta name=\"twitter:data1\" content=\"1 minut\" \/>\n<script type=\"application\/ld+json\" class=\"yoast-schema-graph\">{\"@context\":\"https:\/\/schema.org\",\"@graph\":[{\"@type\":\"WebPage\",\"@id\":\"https:\/\/swiss-peak.com\/sv\/produkt\/swiss-peak-musmatta10w-tradlos-laddning-i-rcs-atervunnen-pu-svart\/\",\"url\":\"https:\/\/swiss-peak.com\/sv\/produkt\/swiss-peak-musmatta10w-tradlos-laddning-i-rcs-atervunnen-pu-svart\/\",\"name\":\"Musmatta,10W tr\u00e5dl\u00f6s laddning i RCS \u00e5tervunnen PU, svart - Swiss Peak\",\"isPartOf\":{\"@id\":\"https:\/\/swiss-peak.com\/sv\/#website\"},\"primaryImageOfPage\":{\"@id\":\"https:\/\/swiss-peak.com\/sv\/produkt\/swiss-peak-musmatta10w-tradlos-laddning-i-rcs-atervunnen-pu-svart\/#primaryimage\"},\"image\":{\"@id\":\"https:\/\/swiss-peak.com\/sv\/produkt\/swiss-peak-musmatta10w-tradlos-laddning-i-rcs-atervunnen-pu-svart\/#primaryimage\"},\"thumbnailUrl\":\"https:\/\/swiss-peak.com\/wp-content\/uploads\/sites\/9\/2026\/04\/P300.241__S_0__8cb8d3e348e34a17993cc0b2929d8512.jpg\",\"datePublished\":\"2023-03-14T10:10:20+00:00\",\"dateModified\":\"2026-04-16T01:12:10+00:00\",\"breadcrumb\":{\"@id\":\"https:\/\/swiss-peak.com\/sv\/produkt\/swiss-peak-musmatta10w-tradlos-laddning-i-rcs-atervunnen-pu-svart\/#breadcrumb\"},\"inLanguage\":\"sv-SE\",\"potentialAction\":[{\"@type\":\"ReadAction\",\"target\":[\"https:\/\/swiss-peak.com\/sv\/produkt\/swiss-peak-musmatta10w-tradlos-laddning-i-rcs-atervunnen-pu-svart\/\"]}]},{\"@type\":\"ImageObject\",\"inLanguage\":\"sv-SE\",\"@id\":\"https:\/\/swiss-peak.com\/sv\/produkt\/swiss-peak-musmatta10w-tradlos-laddning-i-rcs-atervunnen-pu-svart\/#primaryimage\",\"url\":\"https:\/\/swiss-peak.com\/wp-content\/uploads\/sites\/9\/2026\/04\/P300.241__S_0__8cb8d3e348e34a17993cc0b2929d8512.jpg\",\"contentUrl\":\"https:\/\/swiss-peak.com\/wp-content\/uploads\/sites\/9\/2026\/04\/P300.241__S_0__8cb8d3e348e34a17993cc0b2929d8512.jpg\",\"width\":1024,\"height\":1024},{\"@type\":\"BreadcrumbList\",\"@id\":\"https:\/\/swiss-peak.com\/sv\/produkt\/swiss-peak-musmatta10w-tradlos-laddning-i-rcs-atervunnen-pu-svart\/#breadcrumb\",\"itemListElement\":[{\"@type\":\"ListItem\",\"position\":1,\"name\":\"Home\",\"item\":\"https:\/\/swiss-peak.com\/sv\/\"},{\"@type\":\"ListItem\",\"position\":2,\"name\":\"Kollektion\",\"item\":\"https:\/\/swiss-peak.com\/sv\/kollektion\/\"},{\"@type\":\"ListItem\",\"position\":3,\"name\":\"Musmatta,10W tr\u00e5dl\u00f6s laddning i RCS \u00e5tervunnen PU, svart\"}]},{\"@type\":\"WebSite\",\"@id\":\"https:\/\/swiss-peak.com\/sv\/#website\",\"url\":\"https:\/\/swiss-peak.com\/sv\/\",\"name\":\"Swiss Peak\",\"description\":\"Where will today take you?\",\"potentialAction\":[{\"@type\":\"SearchAction\",\"target\":{\"@type\":\"EntryPoint\",\"urlTemplate\":\"https:\/\/swiss-peak.com\/sv\/?s={search_term_string}\"},\"query-input\":{\"@type\":\"PropertyValueSpecification\",\"valueRequired\":true,\"valueName\":\"search_term_string\"}}],\"inLanguage\":\"sv-SE\"}]}<\/script>\n<!-- \/ Yoast SEO plugin. -->","yoast_head_json":{"title":"Musmatta,10W tr\u00e5dl\u00f6s laddning i RCS \u00e5tervunnen PU, svart - Swiss Peak","robots":{"index":"index","follow":"follow","max-snippet":"max-snippet:-1","max-image-preview":"max-image-preview:large","max-video-preview":"max-video-preview:-1"},"canonical":"https:\/\/swiss-peak.com\/sv\/produkt\/swiss-peak-musmatta10w-tradlos-laddning-i-rcs-atervunnen-pu-svart\/","og_locale":"sv_SE","og_type":"article","og_title":"Musmatta,10W tr\u00e5dl\u00f6s laddning i RCS \u00e5tervunnen PU, svart - Swiss Peak","og_description":"Lyxig musmatta med integrerad 10W tr\u00e5dl\u00f6s laddare. Laddningsytan kan \u00e4ven anv\u00e4ndas som mobilst\u00e4ll i st\u00e5ende position. Tillverkad av RCS (Recycled Claim Standard) certifierade \u00e5tervunna material. RCS certifiering s\u00e4kerst\u00e4ller en helt certifierad leveranskedja av de \u00e5tervunna materialen. Den smidiga och lyxiga musmattan uppgraderar ett skrivbord till en bra arbetsplats. M\u00e5tt: 29 x 19 x 2 cm. [&hellip;]","og_url":"https:\/\/swiss-peak.com\/sv\/produkt\/swiss-peak-musmatta10w-tradlos-laddning-i-rcs-atervunnen-pu-svart\/","og_site_name":"Swiss Peak","article_modified_time":"2026-04-16T01:12:10+00:00","og_image":[{"width":1024,"height":1024,"url":"https:\/\/swiss-peak.com\/wp-content\/uploads\/sites\/9\/2026\/04\/P300.241__S_0__8cb8d3e348e34a17993cc0b2929d8512.jpg","type":"image\/jpeg"}],"twitter_card":"summary_large_image","twitter_misc":{"Ber\u00e4knad l\u00e4stid":"1 minut"},"schema":{"@context":"https:\/\/schema.org","@graph":[{"@type":"WebPage","@id":"https:\/\/swiss-peak.com\/sv\/produkt\/swiss-peak-musmatta10w-tradlos-laddning-i-rcs-atervunnen-pu-svart\/","url":"https:\/\/swiss-peak.com\/sv\/produkt\/swiss-peak-musmatta10w-tradlos-laddning-i-rcs-atervunnen-pu-svart\/","name":"Musmatta,10W tr\u00e5dl\u00f6s laddning i RCS \u00e5tervunnen PU, svart - Swiss Peak","isPartOf":{"@id":"https:\/\/swiss-peak.com\/sv\/#website"},"primaryImageOfPage":{"@id":"https:\/\/swiss-peak.com\/sv\/produkt\/swiss-peak-musmatta10w-tradlos-laddning-i-rcs-atervunnen-pu-svart\/#primaryimage"},"image":{"@id":"https:\/\/swiss-peak.com\/sv\/produkt\/swiss-peak-musmatta10w-tradlos-laddning-i-rcs-atervunnen-pu-svart\/#primaryimage"},"thumbnailUrl":"https:\/\/swiss-peak.com\/wp-content\/uploads\/sites\/9\/2026\/04\/P300.241__S_0__8cb8d3e348e34a17993cc0b2929d8512.jpg","datePublished":"2023-03-14T10:10:20+00:00","dateModified":"2026-04-16T01:12:10+00:00","breadcrumb":{"@id":"https:\/\/swiss-peak.com\/sv\/produkt\/swiss-peak-musmatta10w-tradlos-laddning-i-rcs-atervunnen-pu-svart\/#breadcrumb"},"inLanguage":"sv-SE","potentialAction":[{"@type":"ReadAction","target":["https:\/\/swiss-peak.com\/sv\/produkt\/swiss-peak-musmatta10w-tradlos-laddning-i-rcs-atervunnen-pu-svart\/"]}]},{"@type":"ImageObject","inLanguage":"sv-SE","@id":"https:\/\/swiss-peak.com\/sv\/produkt\/swiss-peak-musmatta10w-tradlos-laddning-i-rcs-atervunnen-pu-svart\/#primaryimage","url":"https:\/\/swiss-peak.com\/wp-content\/uploads\/sites\/9\/2026\/04\/P300.241__S_0__8cb8d3e348e34a17993cc0b2929d8512.jpg","contentUrl":"https:\/\/swiss-peak.com\/wp-content\/uploads\/sites\/9\/2026\/04\/P300.241__S_0__8cb8d3e348e34a17993cc0b2929d8512.jpg","width":1024,"height":1024},{"@type":"BreadcrumbList","@id":"https:\/\/swiss-peak.com\/sv\/produkt\/swiss-peak-musmatta10w-tradlos-laddning-i-rcs-atervunnen-pu-svart\/#breadcrumb","itemListElement":[{"@type":"ListItem","position":1,"name":"Home","item":"https:\/\/swiss-peak.com\/sv\/"},{"@type":"ListItem","position":2,"name":"Kollektion","item":"https:\/\/swiss-peak.com\/sv\/kollektion\/"},{"@type":"ListItem","position":3,"name":"Musmatta,10W tr\u00e5dl\u00f6s laddning i RCS \u00e5tervunnen PU, svart"}]},{"@type":"WebSite","@id":"https:\/\/swiss-peak.com\/sv\/#website","url":"https:\/\/swiss-peak.com\/sv\/","name":"Swiss Peak","description":"Where will today take you?","potentialAction":[{"@type":"SearchAction","target":{"@type":"EntryPoint","urlTemplate":"https:\/\/swiss-peak.com\/sv\/?s={search_term_string}"},"query-input":{"@type":"PropertyValueSpecification","valueRequired":true,"valueName":"search_term_string"}}],"inLanguage":"sv-SE"}]}},"_links":{"self":[{"href":"https:\/\/swiss-peak.com\/sv\/wp-json\/wp\/v2\/product\/15350","targetHints":{"allow":["GET"]}}],"collection":[{"href":"https:\/\/swiss-peak.com\/sv\/wp-json\/wp\/v2\/product"}],"about":[{"href":"https:\/\/swiss-peak.com\/sv\/wp-json\/wp\/v2\/types\/product"}],"wp:featuredmedia":[{"embeddable":true,"href":"https:\/\/swiss-peak.com\/sv\/wp-json\/wp\/v2\/media\/46091"}],"wp:attachment":[{"href":"https:\/\/swiss-peak.com\/sv\/wp-json\/wp\/v2\/media?parent=15350"}],"wp:term":[{"taxonomy":"product_cat","embeddable":true,"href":"https:\/\/swiss-peak.com\/sv\/wp-json\/wp\/v2\/product_cat?post=15350"},{"taxonomy":"product_tag","embeddable":true,"href":"https:\/\/swiss-peak.com\/sv\/wp-json\/wp\/v2\/product_tag?post=15350"}],"curies":[{"name":"wp","href":"https:\/\/api.w.org\/{rel}","templated":true}]}}