{"id":46044,"date":"2026-01-01T03:04:08","date_gmt":"2026-01-01T01:10:12","guid":{"rendered":"https:\/\/swiss-peak.com\/swiss-peak-rcs-deluxe-business-gift-set-m-koffie-mok-zwart\/"},"modified":"2026-03-12T03:17:15","modified_gmt":"2026-03-12T01:17:15","slug":"swiss-peak-rcs-deluxe-business-gift-set-m-koffie-mok-zwart","status":"publish","type":"product","link":"https:\/\/swiss-peak.com\/nl\/swiss-peak-rcs-deluxe-business-gift-set-m-koffie-mok-zwart\/","title":{"rendered":"Swiss Peak RCS deluxe business gift set m\/ koffie mok, zwart"},"content":{"rendered":"<p>Deze luxe geschenkset bevat alle essenti\u00eble items om je werkdag in stijl door te komen.<br \/>\nDe dubbelwandige koffie mok van 350 ml is vacu\u00fcm ge\u00efsoleerd, waardoor je drank langdurig warm of koud blijft. Dankzij het lekvrije deksel blijven je kledingstukken droog, zelfs als de beker per ongeluk kantelt of niet rechtop wordt gehouden.<br \/>\nOm je belangrijkste sleutels altijd binnen handbereik te houden, bevat de set een premium Swiss Peak sleutelhanger met een glanzende metalen afwerking en een verfijnde PU-leren band.<br \/>\nEven snel een idee of gedachte noteren? Deze set bevat ook een stijlvolle business balpen met een schrijfcapaciteit van 1000 meter, samen met een soft-touch notitieboek van gerecycled polyester PU. Het notitieboek bevat 160 cr\u00e8mekleurige pagina\u2019s, gemaakt van gerecycled papier.<br \/>\nAlle items in deze set zijn RCS-gecertificeerd, wat een volledig geverifieerde toeleveringsketen voor de gebruikte gerecyclede materialen garandeert.<\/p>\n","protected":false},"excerpt":{"rendered":"<p>Deze luxe geschenkset bevat alle essenti\u00eble items om je werkdag in stijl door te komen. De dubbelwandige koffie mok van 350 ml is vacu\u00fcm ge\u00efsoleerd, waardoor je drank langdurig warm of koud blijft. Dankzij het lekvrije deksel blijven je kledingstukken droog, zelfs als de beker per ongeluk kantelt of niet rechtop wordt gehouden. Om je [&hellip;]<\/p>\n","protected":false},"featured_media":45861,"template":"","meta":{"_acf_changed":false},"product_cat":[298],"product_tag":[],"class_list":["post-46044","product","type-product","status-publish","has-post-thumbnail","hentry","product_cat-kantoor-schrijfwaren","pa_color-black-nl"],"acf":[],"yoast_head":"<!-- This site is optimized with the Yoast SEO plugin v27.0 - https:\/\/yoast.com\/product\/yoast-seo-wordpress\/ -->\n<title>Swiss Peak RCS deluxe business gift set m\/ koffie mok, zwart - Swiss Peak<\/title>\n<meta name=\"robots\" content=\"index, follow, max-snippet:-1, max-image-preview:large, max-video-preview:-1\" \/>\n<link rel=\"canonical\" href=\"https:\/\/swiss-peak.com\/nl\/swiss-peak-rcs-deluxe-business-gift-set-m-koffie-mok-zwart\/\" \/>\n<meta property=\"og:locale\" content=\"nl_NL\" \/>\n<meta property=\"og:type\" content=\"article\" \/>\n<meta property=\"og:title\" content=\"Swiss Peak RCS deluxe business gift set m\/ koffie mok, zwart - Swiss Peak\" \/>\n<meta property=\"og:description\" content=\"Deze luxe geschenkset bevat alle essenti\u00eble items om je werkdag in stijl door te komen. De dubbelwandige koffie mok van 350 ml is vacu\u00fcm ge\u00efsoleerd, waardoor je drank langdurig warm of koud blijft. Dankzij het lekvrije deksel blijven je kledingstukken droog, zelfs als de beker per ongeluk kantelt of niet rechtop wordt gehouden. Om je [&hellip;]\" \/>\n<meta property=\"og:url\" content=\"https:\/\/swiss-peak.com\/nl\/swiss-peak-rcs-deluxe-business-gift-set-m-koffie-mok-zwart\/\" \/>\n<meta property=\"og:site_name\" content=\"Swiss Peak\" \/>\n<meta property=\"article:modified_time\" content=\"2026-03-12T01:17:15+00:00\" \/>\n<meta property=\"og:image\" content=\"https:\/\/swiss-peak.com\/wp-content\/uploads\/sites\/9\/2026\/01\/P774.6701__S_0__9b2e930ea2634ef583287bd256b73377.jpg\" \/>\n\t<meta property=\"og:image:width\" content=\"1024\" \/>\n\t<meta property=\"og:image:height\" content=\"1024\" \/>\n\t<meta property=\"og:image:type\" content=\"image\/jpeg\" \/>\n<meta name=\"twitter:card\" content=\"summary_large_image\" \/>\n<meta name=\"twitter:label1\" content=\"Geschatte leestijd\" \/>\n\t<meta name=\"twitter:data1\" content=\"1 minuut\" \/>\n<script type=\"application\/ld+json\" class=\"yoast-schema-graph\">{\"@context\":\"https:\/\/schema.org\",\"@graph\":[{\"@type\":\"WebPage\",\"@id\":\"https:\/\/swiss-peak.com\/nl\/swiss-peak-rcs-deluxe-business-gift-set-m-koffie-mok-zwart\/\",\"url\":\"https:\/\/swiss-peak.com\/nl\/swiss-peak-rcs-deluxe-business-gift-set-m-koffie-mok-zwart\/\",\"name\":\"Swiss Peak RCS deluxe business gift set m\/ koffie mok, zwart - Swiss Peak\",\"isPartOf\":{\"@id\":\"https:\/\/swiss-peak.com\/nl\/#website\"},\"primaryImageOfPage\":{\"@id\":\"https:\/\/swiss-peak.com\/nl\/swiss-peak-rcs-deluxe-business-gift-set-m-koffie-mok-zwart\/#primaryimage\"},\"image\":{\"@id\":\"https:\/\/swiss-peak.com\/nl\/swiss-peak-rcs-deluxe-business-gift-set-m-koffie-mok-zwart\/#primaryimage\"},\"thumbnailUrl\":\"https:\/\/swiss-peak.com\/wp-content\/uploads\/sites\/9\/2026\/01\/P774.6701__S_0__9b2e930ea2634ef583287bd256b73377.jpg\",\"datePublished\":\"2026-01-01T01:10:12+00:00\",\"dateModified\":\"2026-03-12T01:17:15+00:00\",\"breadcrumb\":{\"@id\":\"https:\/\/swiss-peak.com\/nl\/swiss-peak-rcs-deluxe-business-gift-set-m-koffie-mok-zwart\/#breadcrumb\"},\"inLanguage\":\"nl-NL\",\"potentialAction\":[{\"@type\":\"ReadAction\",\"target\":[\"https:\/\/swiss-peak.com\/nl\/swiss-peak-rcs-deluxe-business-gift-set-m-koffie-mok-zwart\/\"]}]},{\"@type\":\"ImageObject\",\"inLanguage\":\"nl-NL\",\"@id\":\"https:\/\/swiss-peak.com\/nl\/swiss-peak-rcs-deluxe-business-gift-set-m-koffie-mok-zwart\/#primaryimage\",\"url\":\"https:\/\/swiss-peak.com\/wp-content\/uploads\/sites\/9\/2026\/01\/P774.6701__S_0__9b2e930ea2634ef583287bd256b73377.jpg\",\"contentUrl\":\"https:\/\/swiss-peak.com\/wp-content\/uploads\/sites\/9\/2026\/01\/P774.6701__S_0__9b2e930ea2634ef583287bd256b73377.jpg\",\"width\":1024,\"height\":1024},{\"@type\":\"BreadcrumbList\",\"@id\":\"https:\/\/swiss-peak.com\/nl\/swiss-peak-rcs-deluxe-business-gift-set-m-koffie-mok-zwart\/#breadcrumb\",\"itemListElement\":[{\"@type\":\"ListItem\",\"position\":1,\"name\":\"Home\",\"item\":\"https:\/\/swiss-peak.com\/nl\/\"},{\"@type\":\"ListItem\",\"position\":2,\"name\":\"Collectie\",\"item\":\"https:\/\/swiss-peak.com\/nl\/collectie\/\"},{\"@type\":\"ListItem\",\"position\":3,\"name\":\"Swiss Peak RCS deluxe business gift set m\/ koffie mok, zwart\"}]},{\"@type\":\"WebSite\",\"@id\":\"https:\/\/swiss-peak.com\/nl\/#website\",\"url\":\"https:\/\/swiss-peak.com\/nl\/\",\"name\":\"Swiss Peak\",\"description\":\"Where will today take you?\",\"potentialAction\":[{\"@type\":\"SearchAction\",\"target\":{\"@type\":\"EntryPoint\",\"urlTemplate\":\"https:\/\/swiss-peak.com\/nl\/?s={search_term_string}\"},\"query-input\":{\"@type\":\"PropertyValueSpecification\",\"valueRequired\":true,\"valueName\":\"search_term_string\"}}],\"inLanguage\":\"nl-NL\"}]}<\/script>\n<!-- \/ Yoast SEO plugin. -->","yoast_head_json":{"title":"Swiss Peak RCS deluxe business gift set m\/ koffie mok, zwart - Swiss Peak","robots":{"index":"index","follow":"follow","max-snippet":"max-snippet:-1","max-image-preview":"max-image-preview:large","max-video-preview":"max-video-preview:-1"},"canonical":"https:\/\/swiss-peak.com\/nl\/swiss-peak-rcs-deluxe-business-gift-set-m-koffie-mok-zwart\/","og_locale":"nl_NL","og_type":"article","og_title":"Swiss Peak RCS deluxe business gift set m\/ koffie mok, zwart - Swiss Peak","og_description":"Deze luxe geschenkset bevat alle essenti\u00eble items om je werkdag in stijl door te komen. De dubbelwandige koffie mok van 350 ml is vacu\u00fcm ge\u00efsoleerd, waardoor je drank langdurig warm of koud blijft. Dankzij het lekvrije deksel blijven je kledingstukken droog, zelfs als de beker per ongeluk kantelt of niet rechtop wordt gehouden. Om je [&hellip;]","og_url":"https:\/\/swiss-peak.com\/nl\/swiss-peak-rcs-deluxe-business-gift-set-m-koffie-mok-zwart\/","og_site_name":"Swiss Peak","article_modified_time":"2026-03-12T01:17:15+00:00","og_image":[{"width":1024,"height":1024,"url":"https:\/\/swiss-peak.com\/wp-content\/uploads\/sites\/9\/2026\/01\/P774.6701__S_0__9b2e930ea2634ef583287bd256b73377.jpg","type":"image\/jpeg"}],"twitter_card":"summary_large_image","twitter_misc":{"Geschatte leestijd":"1 minuut"},"schema":{"@context":"https:\/\/schema.org","@graph":[{"@type":"WebPage","@id":"https:\/\/swiss-peak.com\/nl\/swiss-peak-rcs-deluxe-business-gift-set-m-koffie-mok-zwart\/","url":"https:\/\/swiss-peak.com\/nl\/swiss-peak-rcs-deluxe-business-gift-set-m-koffie-mok-zwart\/","name":"Swiss Peak RCS deluxe business gift set m\/ koffie mok, zwart - Swiss Peak","isPartOf":{"@id":"https:\/\/swiss-peak.com\/nl\/#website"},"primaryImageOfPage":{"@id":"https:\/\/swiss-peak.com\/nl\/swiss-peak-rcs-deluxe-business-gift-set-m-koffie-mok-zwart\/#primaryimage"},"image":{"@id":"https:\/\/swiss-peak.com\/nl\/swiss-peak-rcs-deluxe-business-gift-set-m-koffie-mok-zwart\/#primaryimage"},"thumbnailUrl":"https:\/\/swiss-peak.com\/wp-content\/uploads\/sites\/9\/2026\/01\/P774.6701__S_0__9b2e930ea2634ef583287bd256b73377.jpg","datePublished":"2026-01-01T01:10:12+00:00","dateModified":"2026-03-12T01:17:15+00:00","breadcrumb":{"@id":"https:\/\/swiss-peak.com\/nl\/swiss-peak-rcs-deluxe-business-gift-set-m-koffie-mok-zwart\/#breadcrumb"},"inLanguage":"nl-NL","potentialAction":[{"@type":"ReadAction","target":["https:\/\/swiss-peak.com\/nl\/swiss-peak-rcs-deluxe-business-gift-set-m-koffie-mok-zwart\/"]}]},{"@type":"ImageObject","inLanguage":"nl-NL","@id":"https:\/\/swiss-peak.com\/nl\/swiss-peak-rcs-deluxe-business-gift-set-m-koffie-mok-zwart\/#primaryimage","url":"https:\/\/swiss-peak.com\/wp-content\/uploads\/sites\/9\/2026\/01\/P774.6701__S_0__9b2e930ea2634ef583287bd256b73377.jpg","contentUrl":"https:\/\/swiss-peak.com\/wp-content\/uploads\/sites\/9\/2026\/01\/P774.6701__S_0__9b2e930ea2634ef583287bd256b73377.jpg","width":1024,"height":1024},{"@type":"BreadcrumbList","@id":"https:\/\/swiss-peak.com\/nl\/swiss-peak-rcs-deluxe-business-gift-set-m-koffie-mok-zwart\/#breadcrumb","itemListElement":[{"@type":"ListItem","position":1,"name":"Home","item":"https:\/\/swiss-peak.com\/nl\/"},{"@type":"ListItem","position":2,"name":"Collectie","item":"https:\/\/swiss-peak.com\/nl\/collectie\/"},{"@type":"ListItem","position":3,"name":"Swiss Peak RCS deluxe business gift set m\/ koffie mok, zwart"}]},{"@type":"WebSite","@id":"https:\/\/swiss-peak.com\/nl\/#website","url":"https:\/\/swiss-peak.com\/nl\/","name":"Swiss Peak","description":"Where will today take you?","potentialAction":[{"@type":"SearchAction","target":{"@type":"EntryPoint","urlTemplate":"https:\/\/swiss-peak.com\/nl\/?s={search_term_string}"},"query-input":{"@type":"PropertyValueSpecification","valueRequired":true,"valueName":"search_term_string"}}],"inLanguage":"nl-NL"}]}},"_links":{"self":[{"href":"https:\/\/swiss-peak.com\/nl\/wp-json\/wp\/v2\/product\/46044","targetHints":{"allow":["GET"]}}],"collection":[{"href":"https:\/\/swiss-peak.com\/nl\/wp-json\/wp\/v2\/product"}],"about":[{"href":"https:\/\/swiss-peak.com\/nl\/wp-json\/wp\/v2\/types\/product"}],"wp:featuredmedia":[{"embeddable":true,"href":"https:\/\/swiss-peak.com\/nl\/wp-json\/wp\/v2\/media\/45861"}],"wp:attachment":[{"href":"https:\/\/swiss-peak.com\/nl\/wp-json\/wp\/v2\/media?parent=46044"}],"wp:term":[{"taxonomy":"product_cat","embeddable":true,"href":"https:\/\/swiss-peak.com\/nl\/wp-json\/wp\/v2\/product_cat?post=46044"},{"taxonomy":"product_tag","embeddable":true,"href":"https:\/\/swiss-peak.com\/nl\/wp-json\/wp\/v2\/product_tag?post=46044"}],"curies":[{"name":"wp","href":"https:\/\/api.w.org\/{rel}","templated":true}]}}