{"id":45608,"date":"2025-05-28T02:00:13","date_gmt":"2025-05-28T01:16:10","guid":{"rendered":"https:\/\/swiss-peak.com\/tasca-per-pc-14-156-ricarica-magnetica-wireless-swiss-peak-nero\/"},"modified":"2026-03-12T04:16:28","modified_gmt":"2026-03-12T02:16:28","slug":"tasca-per-pc-14-156-ricarica-magnetica-wireless-swiss-peak-nero","status":"publish","type":"product","link":"https:\/\/swiss-peak.com\/it\/prodotto\/tasca-per-pc-14-156-ricarica-magnetica-wireless-swiss-peak-nero\/","title":{"rendered":"Tasca per PC 14-15,6&#8243; ricarica magnetica wireless Swiss Peak, nero"},"content":{"rendered":"<p>La tasca magnetica porta PC da 15W Swiss Peak in poliestere riciclato RCS, progettata per laptop da 14-15,6\u201d, combina stile, funzionalit\u00e0 e sostenibilit\u00e0. Usala per portare il tuo PC ovunque tu vada e quando arrivi a destinazione trasformalo in una postazione di lavoro. Realizzata in poliestere riciclato certificato RCS (Recycled Claim Standard), il contenuto riciclato totale \u00e8 del 6% in base al peso totale dell&#8217;articolo. Questa elegante custodia \u00e8 dotata di chiusura magnetica e offre funzionalit\u00e0 di ricarica magnetica wireless da 15W per mantenere i tuoi dispositivi sempre carichi. Offre un perfetto equilibrio tra protezione e portabilit\u00e0. La custodia \u00e8 dotata di un cavo in rTPE RCS type-C nero da 120 cm per una comoda connettivit\u00e0 e richiede un input minimo di 9V\/2A. Il prodotto \u00e8 confezionato in una scatola nera Swiss Peak senza plastica FSC. Articolo e accessori senza PVC.<\/p>\n","protected":false},"excerpt":{"rendered":"<p>La tasca magnetica porta PC da 15W Swiss Peak in poliestere riciclato RCS, progettata per laptop da 14-15,6\u201d, combina stile, funzionalit\u00e0 e sostenibilit\u00e0. Usala per portare il tuo PC ovunque tu vada e quando arrivi a destinazione trasformalo in una postazione di lavoro. Realizzata in poliestere riciclato certificato RCS (Recycled Claim Standard), il contenuto riciclato [&hellip;]<\/p>\n","protected":false},"featured_media":45516,"template":"","meta":{"_acf_changed":false},"product_cat":[415],"product_tag":[],"class_list":["post-45608","product","type-product","status-publish","has-post-thumbnail","hentry","product_cat-ufficio-scrittura","pa_color-black"],"acf":[],"yoast_head":"<!-- This site is optimized with the Yoast SEO plugin v27.0 - https:\/\/yoast.com\/product\/yoast-seo-wordpress\/ -->\n<title>Tasca per PC 14-15,6&quot; ricarica magnetica wireless Swiss Peak, nero - Swiss Peak<\/title>\n<meta name=\"robots\" content=\"index, follow, max-snippet:-1, max-image-preview:large, max-video-preview:-1\" \/>\n<link rel=\"canonical\" href=\"https:\/\/swiss-peak.com\/it\/prodotto\/tasca-per-pc-14-156-ricarica-magnetica-wireless-swiss-peak-nero\/\" \/>\n<meta property=\"og:locale\" content=\"it_IT\" \/>\n<meta property=\"og:type\" content=\"article\" \/>\n<meta property=\"og:title\" content=\"Tasca per PC 14-15,6&quot; ricarica magnetica wireless Swiss Peak, nero - Swiss Peak\" \/>\n<meta property=\"og:description\" content=\"La tasca magnetica porta PC da 15W Swiss Peak in poliestere riciclato RCS, progettata per laptop da 14-15,6\u201d, combina stile, funzionalit\u00e0 e sostenibilit\u00e0. Usala per portare il tuo PC ovunque tu vada e quando arrivi a destinazione trasformalo in una postazione di lavoro. Realizzata in poliestere riciclato certificato RCS (Recycled Claim Standard), il contenuto riciclato [&hellip;]\" \/>\n<meta property=\"og:url\" content=\"https:\/\/swiss-peak.com\/it\/prodotto\/tasca-per-pc-14-156-ricarica-magnetica-wireless-swiss-peak-nero\/\" \/>\n<meta property=\"og:site_name\" content=\"Swiss Peak\" \/>\n<meta property=\"article:modified_time\" content=\"2026-03-12T02:16:28+00:00\" \/>\n<meta property=\"og:image\" content=\"https:\/\/swiss-peak.com\/wp-content\/uploads\/sites\/9\/2025\/05\/P309.0701__S_0__e74b4796074f43d2b7c5bcbcd26c829a.jpg\" \/>\n\t<meta property=\"og:image:width\" content=\"1024\" \/>\n\t<meta property=\"og:image:height\" content=\"1024\" \/>\n\t<meta property=\"og:image:type\" content=\"image\/jpeg\" \/>\n<meta name=\"twitter:card\" content=\"summary_large_image\" \/>\n<meta name=\"twitter:label1\" content=\"Tempo di lettura stimato\" \/>\n\t<meta name=\"twitter:data1\" content=\"1 minuto\" \/>\n<script type=\"application\/ld+json\" class=\"yoast-schema-graph\">{\"@context\":\"https:\/\/schema.org\",\"@graph\":[{\"@type\":\"WebPage\",\"@id\":\"https:\/\/swiss-peak.com\/it\/prodotto\/tasca-per-pc-14-156-ricarica-magnetica-wireless-swiss-peak-nero\/\",\"url\":\"https:\/\/swiss-peak.com\/it\/prodotto\/tasca-per-pc-14-156-ricarica-magnetica-wireless-swiss-peak-nero\/\",\"name\":\"Tasca per PC 14-15,6\\\" ricarica magnetica wireless Swiss Peak, nero - Swiss Peak\",\"isPartOf\":{\"@id\":\"https:\/\/swiss-peak.com\/it\/#website\"},\"primaryImageOfPage\":{\"@id\":\"https:\/\/swiss-peak.com\/it\/prodotto\/tasca-per-pc-14-156-ricarica-magnetica-wireless-swiss-peak-nero\/#primaryimage\"},\"image\":{\"@id\":\"https:\/\/swiss-peak.com\/it\/prodotto\/tasca-per-pc-14-156-ricarica-magnetica-wireless-swiss-peak-nero\/#primaryimage\"},\"thumbnailUrl\":\"https:\/\/swiss-peak.com\/wp-content\/uploads\/sites\/9\/2025\/05\/P309.0701__S_0__e74b4796074f43d2b7c5bcbcd26c829a.jpg\",\"datePublished\":\"2025-05-28T01:16:10+00:00\",\"dateModified\":\"2026-03-12T02:16:28+00:00\",\"breadcrumb\":{\"@id\":\"https:\/\/swiss-peak.com\/it\/prodotto\/tasca-per-pc-14-156-ricarica-magnetica-wireless-swiss-peak-nero\/#breadcrumb\"},\"inLanguage\":\"it-IT\",\"potentialAction\":[{\"@type\":\"ReadAction\",\"target\":[\"https:\/\/swiss-peak.com\/it\/prodotto\/tasca-per-pc-14-156-ricarica-magnetica-wireless-swiss-peak-nero\/\"]}]},{\"@type\":\"ImageObject\",\"inLanguage\":\"it-IT\",\"@id\":\"https:\/\/swiss-peak.com\/it\/prodotto\/tasca-per-pc-14-156-ricarica-magnetica-wireless-swiss-peak-nero\/#primaryimage\",\"url\":\"https:\/\/swiss-peak.com\/wp-content\/uploads\/sites\/9\/2025\/05\/P309.0701__S_0__e74b4796074f43d2b7c5bcbcd26c829a.jpg\",\"contentUrl\":\"https:\/\/swiss-peak.com\/wp-content\/uploads\/sites\/9\/2025\/05\/P309.0701__S_0__e74b4796074f43d2b7c5bcbcd26c829a.jpg\",\"width\":1024,\"height\":1024},{\"@type\":\"BreadcrumbList\",\"@id\":\"https:\/\/swiss-peak.com\/it\/prodotto\/tasca-per-pc-14-156-ricarica-magnetica-wireless-swiss-peak-nero\/#breadcrumb\",\"itemListElement\":[{\"@type\":\"ListItem\",\"position\":1,\"name\":\"Home\",\"item\":\"https:\/\/swiss-peak.com\/it\/\"},{\"@type\":\"ListItem\",\"position\":2,\"name\":\"Collezione\",\"item\":\"https:\/\/swiss-peak.com\/it\/collezione\/\"},{\"@type\":\"ListItem\",\"position\":3,\"name\":\"Tasca per PC 14-15,6&#8243; ricarica magnetica wireless Swiss Peak, nero\"}]},{\"@type\":\"WebSite\",\"@id\":\"https:\/\/swiss-peak.com\/it\/#website\",\"url\":\"https:\/\/swiss-peak.com\/it\/\",\"name\":\"Swiss Peak\",\"description\":\"Where will today take you?\",\"potentialAction\":[{\"@type\":\"SearchAction\",\"target\":{\"@type\":\"EntryPoint\",\"urlTemplate\":\"https:\/\/swiss-peak.com\/it\/?s={search_term_string}\"},\"query-input\":{\"@type\":\"PropertyValueSpecification\",\"valueRequired\":true,\"valueName\":\"search_term_string\"}}],\"inLanguage\":\"it-IT\"}]}<\/script>\n<!-- \/ Yoast SEO plugin. -->","yoast_head_json":{"title":"Tasca per PC 14-15,6\" ricarica magnetica wireless Swiss Peak, nero - Swiss Peak","robots":{"index":"index","follow":"follow","max-snippet":"max-snippet:-1","max-image-preview":"max-image-preview:large","max-video-preview":"max-video-preview:-1"},"canonical":"https:\/\/swiss-peak.com\/it\/prodotto\/tasca-per-pc-14-156-ricarica-magnetica-wireless-swiss-peak-nero\/","og_locale":"it_IT","og_type":"article","og_title":"Tasca per PC 14-15,6\" ricarica magnetica wireless Swiss Peak, nero - Swiss Peak","og_description":"La tasca magnetica porta PC da 15W Swiss Peak in poliestere riciclato RCS, progettata per laptop da 14-15,6\u201d, combina stile, funzionalit\u00e0 e sostenibilit\u00e0. Usala per portare il tuo PC ovunque tu vada e quando arrivi a destinazione trasformalo in una postazione di lavoro. Realizzata in poliestere riciclato certificato RCS (Recycled Claim Standard), il contenuto riciclato [&hellip;]","og_url":"https:\/\/swiss-peak.com\/it\/prodotto\/tasca-per-pc-14-156-ricarica-magnetica-wireless-swiss-peak-nero\/","og_site_name":"Swiss Peak","article_modified_time":"2026-03-12T02:16:28+00:00","og_image":[{"width":1024,"height":1024,"url":"https:\/\/swiss-peak.com\/wp-content\/uploads\/sites\/9\/2025\/05\/P309.0701__S_0__e74b4796074f43d2b7c5bcbcd26c829a.jpg","type":"image\/jpeg"}],"twitter_card":"summary_large_image","twitter_misc":{"Tempo di lettura stimato":"1 minuto"},"schema":{"@context":"https:\/\/schema.org","@graph":[{"@type":"WebPage","@id":"https:\/\/swiss-peak.com\/it\/prodotto\/tasca-per-pc-14-156-ricarica-magnetica-wireless-swiss-peak-nero\/","url":"https:\/\/swiss-peak.com\/it\/prodotto\/tasca-per-pc-14-156-ricarica-magnetica-wireless-swiss-peak-nero\/","name":"Tasca per PC 14-15,6\" ricarica magnetica wireless Swiss Peak, nero - Swiss Peak","isPartOf":{"@id":"https:\/\/swiss-peak.com\/it\/#website"},"primaryImageOfPage":{"@id":"https:\/\/swiss-peak.com\/it\/prodotto\/tasca-per-pc-14-156-ricarica-magnetica-wireless-swiss-peak-nero\/#primaryimage"},"image":{"@id":"https:\/\/swiss-peak.com\/it\/prodotto\/tasca-per-pc-14-156-ricarica-magnetica-wireless-swiss-peak-nero\/#primaryimage"},"thumbnailUrl":"https:\/\/swiss-peak.com\/wp-content\/uploads\/sites\/9\/2025\/05\/P309.0701__S_0__e74b4796074f43d2b7c5bcbcd26c829a.jpg","datePublished":"2025-05-28T01:16:10+00:00","dateModified":"2026-03-12T02:16:28+00:00","breadcrumb":{"@id":"https:\/\/swiss-peak.com\/it\/prodotto\/tasca-per-pc-14-156-ricarica-magnetica-wireless-swiss-peak-nero\/#breadcrumb"},"inLanguage":"it-IT","potentialAction":[{"@type":"ReadAction","target":["https:\/\/swiss-peak.com\/it\/prodotto\/tasca-per-pc-14-156-ricarica-magnetica-wireless-swiss-peak-nero\/"]}]},{"@type":"ImageObject","inLanguage":"it-IT","@id":"https:\/\/swiss-peak.com\/it\/prodotto\/tasca-per-pc-14-156-ricarica-magnetica-wireless-swiss-peak-nero\/#primaryimage","url":"https:\/\/swiss-peak.com\/wp-content\/uploads\/sites\/9\/2025\/05\/P309.0701__S_0__e74b4796074f43d2b7c5bcbcd26c829a.jpg","contentUrl":"https:\/\/swiss-peak.com\/wp-content\/uploads\/sites\/9\/2025\/05\/P309.0701__S_0__e74b4796074f43d2b7c5bcbcd26c829a.jpg","width":1024,"height":1024},{"@type":"BreadcrumbList","@id":"https:\/\/swiss-peak.com\/it\/prodotto\/tasca-per-pc-14-156-ricarica-magnetica-wireless-swiss-peak-nero\/#breadcrumb","itemListElement":[{"@type":"ListItem","position":1,"name":"Home","item":"https:\/\/swiss-peak.com\/it\/"},{"@type":"ListItem","position":2,"name":"Collezione","item":"https:\/\/swiss-peak.com\/it\/collezione\/"},{"@type":"ListItem","position":3,"name":"Tasca per PC 14-15,6&#8243; ricarica magnetica wireless Swiss Peak, nero"}]},{"@type":"WebSite","@id":"https:\/\/swiss-peak.com\/it\/#website","url":"https:\/\/swiss-peak.com\/it\/","name":"Swiss Peak","description":"Where will today take you?","potentialAction":[{"@type":"SearchAction","target":{"@type":"EntryPoint","urlTemplate":"https:\/\/swiss-peak.com\/it\/?s={search_term_string}"},"query-input":{"@type":"PropertyValueSpecification","valueRequired":true,"valueName":"search_term_string"}}],"inLanguage":"it-IT"}]}},"_links":{"self":[{"href":"https:\/\/swiss-peak.com\/it\/wp-json\/wp\/v2\/product\/45608","targetHints":{"allow":["GET"]}}],"collection":[{"href":"https:\/\/swiss-peak.com\/it\/wp-json\/wp\/v2\/product"}],"about":[{"href":"https:\/\/swiss-peak.com\/it\/wp-json\/wp\/v2\/types\/product"}],"wp:featuredmedia":[{"embeddable":true,"href":"https:\/\/swiss-peak.com\/it\/wp-json\/wp\/v2\/media\/45516"}],"wp:attachment":[{"href":"https:\/\/swiss-peak.com\/it\/wp-json\/wp\/v2\/media?parent=45608"}],"wp:term":[{"taxonomy":"product_cat","embeddable":true,"href":"https:\/\/swiss-peak.com\/it\/wp-json\/wp\/v2\/product_cat?post=45608"},{"taxonomy":"product_tag","embeddable":true,"href":"https:\/\/swiss-peak.com\/it\/wp-json\/wp\/v2\/product_tag?post=45608"}],"curies":[{"name":"wp","href":"https:\/\/api.w.org\/{rel}","templated":true}]}}