{"id":19489,"date":"2023-07-12T02:02:18","date_gmt":"2023-07-12T01:16:16","guid":{"rendered":"https:\/\/swiss-peak.com\/p611-16-product-variation\/"},"modified":"2026-04-16T03:18:18","modified_gmt":"2026-04-16T01:18:18","slug":"p611-16-product-variation-2","status":"publish","type":"product","link":"https:\/\/swiss-peak.com\/it\/prodotto\/p611-16-product-variation-2\/","title":{"rendered":"Set penne Cedar in alluminio riciclato RCS, nero"},"content":{"rendered":"<p>Il set di penne Cedar in alluminio riciclato certificato RCS \u00e8 la combinazione perfetta tra basso impatto e stile. Realizzato in alluminio riciclato, questo set di penne non solo \u00e8 bello da vedere, ma contribuisce anche a ridurre l&#8217;impatto ambientale. Il suo design elegante e moderno \u00e8 di sicuro impatto e la rende lo strumento di scrittura perfetto per ogni occasione. Un&#8217;esperienza di scrittura fluida garantita di 1200 metri con l&#8217;inchiostro blu Dokumental. Il roller ha una capacit\u00e0 di scrittura di 400 metri. Realizzata con materiali riciclati certificati RCS (Recycled Claim Standard). La certificazione RCS garantisce una catena di approvvigionamento dei materiali riciclati completamente certificata. Contenuto totale di materiale riciclato: 17% in base al peso totale dell&#8217;articolo. Confezionato in un astuccio certificato FSC\u00ae.<\/p>\n","protected":false},"excerpt":{"rendered":"<p>Il set di penne Cedar in alluminio riciclato certificato RCS \u00e8 la combinazione perfetta tra basso impatto e stile. Realizzato in alluminio riciclato, questo set di penne non solo \u00e8 bello da vedere, ma contribuisce anche a ridurre l&#8217;impatto ambientale. Il suo design elegante e moderno \u00e8 di sicuro impatto e la rende lo strumento [&hellip;]<\/p>\n","protected":false},"featured_media":46271,"template":"","meta":{"_acf_changed":false},"product_cat":[413,415],"product_tag":[],"class_list":["post-19489","product","type-product","status-publish","has-post-thumbnail","hentry","product_cat-business-it","product_cat-ufficio-scrittura","pa_color-black"],"acf":[],"yoast_head":"<!-- This site is optimized with the Yoast SEO plugin v27.0 - https:\/\/yoast.com\/product\/yoast-seo-wordpress\/ -->\n<title>Set penne Cedar in alluminio riciclato RCS, nero - Swiss Peak<\/title>\n<meta name=\"robots\" content=\"index, follow, max-snippet:-1, max-image-preview:large, max-video-preview:-1\" \/>\n<link rel=\"canonical\" href=\"https:\/\/swiss-peak.com\/it\/prodotto\/p611-16-product-variation-2\/\" \/>\n<meta property=\"og:locale\" content=\"it_IT\" \/>\n<meta property=\"og:type\" content=\"article\" \/>\n<meta property=\"og:title\" content=\"Set penne Cedar in alluminio riciclato RCS, nero - Swiss Peak\" \/>\n<meta property=\"og:description\" content=\"Il set di penne Cedar in alluminio riciclato certificato RCS \u00e8 la combinazione perfetta tra basso impatto e stile. Realizzato in alluminio riciclato, questo set di penne non solo \u00e8 bello da vedere, ma contribuisce anche a ridurre l&#8217;impatto ambientale. Il suo design elegante e moderno \u00e8 di sicuro impatto e la rende lo strumento [&hellip;]\" \/>\n<meta property=\"og:url\" content=\"https:\/\/swiss-peak.com\/it\/prodotto\/p611-16-product-variation-2\/\" \/>\n<meta property=\"og:site_name\" content=\"Swiss Peak\" \/>\n<meta property=\"article:modified_time\" content=\"2026-04-16T01:18:18+00:00\" \/>\n<meta property=\"og:image\" content=\"https:\/\/swiss-peak.com\/wp-content\/uploads\/sites\/9\/2026\/04\/P611.161__S_0__296bfe0953484902a25631d38ddd64c4.jpg\" \/>\n\t<meta property=\"og:image:width\" content=\"1024\" \/>\n\t<meta property=\"og:image:height\" content=\"1024\" \/>\n\t<meta property=\"og:image:type\" content=\"image\/jpeg\" \/>\n<meta name=\"twitter:card\" content=\"summary_large_image\" \/>\n<meta name=\"twitter:label1\" content=\"Tempo di lettura stimato\" \/>\n\t<meta name=\"twitter:data1\" content=\"1 minuto\" \/>\n<script type=\"application\/ld+json\" class=\"yoast-schema-graph\">{\"@context\":\"https:\/\/schema.org\",\"@graph\":[{\"@type\":\"WebPage\",\"@id\":\"https:\/\/swiss-peak.com\/it\/prodotto\/p611-16-product-variation-2\/\",\"url\":\"https:\/\/swiss-peak.com\/it\/prodotto\/p611-16-product-variation-2\/\",\"name\":\"Set penne Cedar in alluminio riciclato RCS, nero - Swiss Peak\",\"isPartOf\":{\"@id\":\"https:\/\/swiss-peak.com\/it\/#website\"},\"primaryImageOfPage\":{\"@id\":\"https:\/\/swiss-peak.com\/it\/prodotto\/p611-16-product-variation-2\/#primaryimage\"},\"image\":{\"@id\":\"https:\/\/swiss-peak.com\/it\/prodotto\/p611-16-product-variation-2\/#primaryimage\"},\"thumbnailUrl\":\"https:\/\/swiss-peak.com\/wp-content\/uploads\/sites\/9\/2026\/04\/P611.161__S_0__296bfe0953484902a25631d38ddd64c4.jpg\",\"datePublished\":\"2023-07-12T01:16:16+00:00\",\"dateModified\":\"2026-04-16T01:18:18+00:00\",\"breadcrumb\":{\"@id\":\"https:\/\/swiss-peak.com\/it\/prodotto\/p611-16-product-variation-2\/#breadcrumb\"},\"inLanguage\":\"it-IT\",\"potentialAction\":[{\"@type\":\"ReadAction\",\"target\":[\"https:\/\/swiss-peak.com\/it\/prodotto\/p611-16-product-variation-2\/\"]}]},{\"@type\":\"ImageObject\",\"inLanguage\":\"it-IT\",\"@id\":\"https:\/\/swiss-peak.com\/it\/prodotto\/p611-16-product-variation-2\/#primaryimage\",\"url\":\"https:\/\/swiss-peak.com\/wp-content\/uploads\/sites\/9\/2026\/04\/P611.161__S_0__296bfe0953484902a25631d38ddd64c4.jpg\",\"contentUrl\":\"https:\/\/swiss-peak.com\/wp-content\/uploads\/sites\/9\/2026\/04\/P611.161__S_0__296bfe0953484902a25631d38ddd64c4.jpg\",\"width\":1024,\"height\":1024},{\"@type\":\"BreadcrumbList\",\"@id\":\"https:\/\/swiss-peak.com\/it\/prodotto\/p611-16-product-variation-2\/#breadcrumb\",\"itemListElement\":[{\"@type\":\"ListItem\",\"position\":1,\"name\":\"Home\",\"item\":\"https:\/\/swiss-peak.com\/it\/\"},{\"@type\":\"ListItem\",\"position\":2,\"name\":\"Collezione\",\"item\":\"https:\/\/swiss-peak.com\/it\/collezione\/\"},{\"@type\":\"ListItem\",\"position\":3,\"name\":\"Set penne Cedar in alluminio riciclato RCS, nero\"}]},{\"@type\":\"WebSite\",\"@id\":\"https:\/\/swiss-peak.com\/it\/#website\",\"url\":\"https:\/\/swiss-peak.com\/it\/\",\"name\":\"Swiss Peak\",\"description\":\"Where will today take you?\",\"potentialAction\":[{\"@type\":\"SearchAction\",\"target\":{\"@type\":\"EntryPoint\",\"urlTemplate\":\"https:\/\/swiss-peak.com\/it\/?s={search_term_string}\"},\"query-input\":{\"@type\":\"PropertyValueSpecification\",\"valueRequired\":true,\"valueName\":\"search_term_string\"}}],\"inLanguage\":\"it-IT\"}]}<\/script>\n<!-- \/ Yoast SEO plugin. -->","yoast_head_json":{"title":"Set penne Cedar in alluminio riciclato RCS, nero - Swiss Peak","robots":{"index":"index","follow":"follow","max-snippet":"max-snippet:-1","max-image-preview":"max-image-preview:large","max-video-preview":"max-video-preview:-1"},"canonical":"https:\/\/swiss-peak.com\/it\/prodotto\/p611-16-product-variation-2\/","og_locale":"it_IT","og_type":"article","og_title":"Set penne Cedar in alluminio riciclato RCS, nero - Swiss Peak","og_description":"Il set di penne Cedar in alluminio riciclato certificato RCS \u00e8 la combinazione perfetta tra basso impatto e stile. Realizzato in alluminio riciclato, questo set di penne non solo \u00e8 bello da vedere, ma contribuisce anche a ridurre l&#8217;impatto ambientale. Il suo design elegante e moderno \u00e8 di sicuro impatto e la rende lo strumento [&hellip;]","og_url":"https:\/\/swiss-peak.com\/it\/prodotto\/p611-16-product-variation-2\/","og_site_name":"Swiss Peak","article_modified_time":"2026-04-16T01:18:18+00:00","og_image":[{"width":1024,"height":1024,"url":"https:\/\/swiss-peak.com\/wp-content\/uploads\/sites\/9\/2026\/04\/P611.161__S_0__296bfe0953484902a25631d38ddd64c4.jpg","type":"image\/jpeg"}],"twitter_card":"summary_large_image","twitter_misc":{"Tempo di lettura stimato":"1 minuto"},"schema":{"@context":"https:\/\/schema.org","@graph":[{"@type":"WebPage","@id":"https:\/\/swiss-peak.com\/it\/prodotto\/p611-16-product-variation-2\/","url":"https:\/\/swiss-peak.com\/it\/prodotto\/p611-16-product-variation-2\/","name":"Set penne Cedar in alluminio riciclato RCS, nero - Swiss Peak","isPartOf":{"@id":"https:\/\/swiss-peak.com\/it\/#website"},"primaryImageOfPage":{"@id":"https:\/\/swiss-peak.com\/it\/prodotto\/p611-16-product-variation-2\/#primaryimage"},"image":{"@id":"https:\/\/swiss-peak.com\/it\/prodotto\/p611-16-product-variation-2\/#primaryimage"},"thumbnailUrl":"https:\/\/swiss-peak.com\/wp-content\/uploads\/sites\/9\/2026\/04\/P611.161__S_0__296bfe0953484902a25631d38ddd64c4.jpg","datePublished":"2023-07-12T01:16:16+00:00","dateModified":"2026-04-16T01:18:18+00:00","breadcrumb":{"@id":"https:\/\/swiss-peak.com\/it\/prodotto\/p611-16-product-variation-2\/#breadcrumb"},"inLanguage":"it-IT","potentialAction":[{"@type":"ReadAction","target":["https:\/\/swiss-peak.com\/it\/prodotto\/p611-16-product-variation-2\/"]}]},{"@type":"ImageObject","inLanguage":"it-IT","@id":"https:\/\/swiss-peak.com\/it\/prodotto\/p611-16-product-variation-2\/#primaryimage","url":"https:\/\/swiss-peak.com\/wp-content\/uploads\/sites\/9\/2026\/04\/P611.161__S_0__296bfe0953484902a25631d38ddd64c4.jpg","contentUrl":"https:\/\/swiss-peak.com\/wp-content\/uploads\/sites\/9\/2026\/04\/P611.161__S_0__296bfe0953484902a25631d38ddd64c4.jpg","width":1024,"height":1024},{"@type":"BreadcrumbList","@id":"https:\/\/swiss-peak.com\/it\/prodotto\/p611-16-product-variation-2\/#breadcrumb","itemListElement":[{"@type":"ListItem","position":1,"name":"Home","item":"https:\/\/swiss-peak.com\/it\/"},{"@type":"ListItem","position":2,"name":"Collezione","item":"https:\/\/swiss-peak.com\/it\/collezione\/"},{"@type":"ListItem","position":3,"name":"Set penne Cedar in alluminio riciclato RCS, nero"}]},{"@type":"WebSite","@id":"https:\/\/swiss-peak.com\/it\/#website","url":"https:\/\/swiss-peak.com\/it\/","name":"Swiss Peak","description":"Where will today take you?","potentialAction":[{"@type":"SearchAction","target":{"@type":"EntryPoint","urlTemplate":"https:\/\/swiss-peak.com\/it\/?s={search_term_string}"},"query-input":{"@type":"PropertyValueSpecification","valueRequired":true,"valueName":"search_term_string"}}],"inLanguage":"it-IT"}]}},"_links":{"self":[{"href":"https:\/\/swiss-peak.com\/it\/wp-json\/wp\/v2\/product\/19489","targetHints":{"allow":["GET"]}}],"collection":[{"href":"https:\/\/swiss-peak.com\/it\/wp-json\/wp\/v2\/product"}],"about":[{"href":"https:\/\/swiss-peak.com\/it\/wp-json\/wp\/v2\/types\/product"}],"wp:featuredmedia":[{"embeddable":true,"href":"https:\/\/swiss-peak.com\/it\/wp-json\/wp\/v2\/media\/46271"}],"wp:attachment":[{"href":"https:\/\/swiss-peak.com\/it\/wp-json\/wp\/v2\/media?parent=19489"}],"wp:term":[{"taxonomy":"product_cat","embeddable":true,"href":"https:\/\/swiss-peak.com\/it\/wp-json\/wp\/v2\/product_cat?post=19489"},{"taxonomy":"product_tag","embeddable":true,"href":"https:\/\/swiss-peak.com\/it\/wp-json\/wp\/v2\/product_tag?post=19489"}],"curies":[{"name":"wp","href":"https:\/\/api.w.org\/{rel}","templated":true}]}}