{"id":19322,"date":"2023-06-10T02:02:17","date_gmt":"2023-07-04T11:10:16","guid":{"rendered":"https:\/\/swiss-peak.com\/p850-47-product-variation\/"},"modified":"2026-03-12T04:24:26","modified_gmt":"2026-03-12T02:24:26","slug":"p850-47-product-variation","status":"publish","type":"product","link":"https:\/\/swiss-peak.com\/it\/prodotto\/p850-47-product-variation\/","title":{"rendered":"Ombrello 23&#8243; antivento Tornado AWARE\u2122, nero"},"content":{"rendered":"<p>L&#8217;ombrello antivento Swiss Peak AWARE\u2122 Tornado da 23 pollici \u00e8 realizzato in pongee RPET 190T ed \u00e8 un accessorio di qualit\u00e0 superiore progettato per affrontare le condizioni atmosferiche pi\u00f9 avverse. L&#8217;apertura automatica\/chiusura manuale e il sistema antivento garantiscono facilit\u00e0 d&#8217;uso e affidabilit\u00e0. Grazie al fusto in metallo e al telaio in fibra di vetro, questo ombrello offre resistenza e durata. Il manico dritto in ABS gommato \u00e8 comodo da impugnare. Viene fornito in una confezione regalo Swiss Peak FSC kraft. Con tracciante AWARE\u2122 che attesta l&#8217;uso autentico di materiali riciclati. Il 2% del ricavato di ogni prodotto Aware\u2122 venduto sar\u00e0 devoluto a Water.org.<\/p>\n","protected":false},"excerpt":{"rendered":"<p>L&#8217;ombrello antivento Swiss Peak AWARE\u2122 Tornado da 23 pollici \u00e8 realizzato in pongee RPET 190T ed \u00e8 un accessorio di qualit\u00e0 superiore progettato per affrontare le condizioni atmosferiche pi\u00f9 avverse. L&#8217;apertura automatica\/chiusura manuale e il sistema antivento garantiscono facilit\u00e0 d&#8217;uso e affidabilit\u00e0. Grazie al fusto in metallo e al telaio in fibra di vetro, questo [&hellip;]<\/p>\n","protected":false},"featured_media":43496,"template":"","meta":{"_acf_changed":false},"product_cat":[416,419],"product_tag":[],"class_list":["post-19322","product","type-product","status-publish","has-post-thumbnail","hentry","product_cat-divertimento-sport","product_cat-ombrelli","pa_color-black"],"acf":[],"yoast_head":"<!-- This site is optimized with the Yoast SEO plugin v27.0 - https:\/\/yoast.com\/product\/yoast-seo-wordpress\/ -->\n<title>Ombrello 23&quot; antivento Tornado AWARE\u2122, nero - Swiss Peak<\/title>\n<meta name=\"robots\" content=\"index, follow, max-snippet:-1, max-image-preview:large, max-video-preview:-1\" \/>\n<link rel=\"canonical\" href=\"https:\/\/swiss-peak.com\/it\/prodotto\/p850-47-product-variation\/\" \/>\n<meta property=\"og:locale\" content=\"it_IT\" \/>\n<meta property=\"og:type\" content=\"article\" \/>\n<meta property=\"og:title\" content=\"Ombrello 23&quot; antivento Tornado AWARE\u2122, nero - Swiss Peak\" \/>\n<meta property=\"og:description\" content=\"L&#8217;ombrello antivento Swiss Peak AWARE\u2122 Tornado da 23 pollici \u00e8 realizzato in pongee RPET 190T ed \u00e8 un accessorio di qualit\u00e0 superiore progettato per affrontare le condizioni atmosferiche pi\u00f9 avverse. L&#8217;apertura automatica\/chiusura manuale e il sistema antivento garantiscono facilit\u00e0 d&#8217;uso e affidabilit\u00e0. Grazie al fusto in metallo e al telaio in fibra di vetro, questo [&hellip;]\" \/>\n<meta property=\"og:url\" content=\"https:\/\/swiss-peak.com\/it\/prodotto\/p850-47-product-variation\/\" \/>\n<meta property=\"og:site_name\" content=\"Swiss Peak\" \/>\n<meta property=\"article:modified_time\" content=\"2026-03-12T02:24:26+00:00\" \/>\n<meta property=\"og:image\" content=\"https:\/\/swiss-peak.com\/wp-content\/uploads\/sites\/9\/2024\/02\/P850.471__S_0__3a733bb3dbb141abbfb442173535f307.jpg\" \/>\n\t<meta property=\"og:image:width\" content=\"1024\" \/>\n\t<meta property=\"og:image:height\" content=\"1024\" \/>\n\t<meta property=\"og:image:type\" content=\"image\/jpeg\" \/>\n<meta name=\"twitter:card\" content=\"summary_large_image\" \/>\n<meta name=\"twitter:label1\" content=\"Tempo di lettura stimato\" \/>\n\t<meta name=\"twitter:data1\" content=\"1 minuto\" \/>\n<script type=\"application\/ld+json\" class=\"yoast-schema-graph\">{\"@context\":\"https:\/\/schema.org\",\"@graph\":[{\"@type\":\"WebPage\",\"@id\":\"https:\/\/swiss-peak.com\/it\/prodotto\/p850-47-product-variation\/\",\"url\":\"https:\/\/swiss-peak.com\/it\/prodotto\/p850-47-product-variation\/\",\"name\":\"Ombrello 23\\\" antivento Tornado AWARE\u2122, nero - Swiss Peak\",\"isPartOf\":{\"@id\":\"https:\/\/swiss-peak.com\/it\/#website\"},\"primaryImageOfPage\":{\"@id\":\"https:\/\/swiss-peak.com\/it\/prodotto\/p850-47-product-variation\/#primaryimage\"},\"image\":{\"@id\":\"https:\/\/swiss-peak.com\/it\/prodotto\/p850-47-product-variation\/#primaryimage\"},\"thumbnailUrl\":\"https:\/\/swiss-peak.com\/wp-content\/uploads\/sites\/9\/2024\/02\/P850.471__S_0__3a733bb3dbb141abbfb442173535f307.jpg\",\"datePublished\":\"2023-07-04T11:10:16+00:00\",\"dateModified\":\"2026-03-12T02:24:26+00:00\",\"breadcrumb\":{\"@id\":\"https:\/\/swiss-peak.com\/it\/prodotto\/p850-47-product-variation\/#breadcrumb\"},\"inLanguage\":\"it-IT\",\"potentialAction\":[{\"@type\":\"ReadAction\",\"target\":[\"https:\/\/swiss-peak.com\/it\/prodotto\/p850-47-product-variation\/\"]}]},{\"@type\":\"ImageObject\",\"inLanguage\":\"it-IT\",\"@id\":\"https:\/\/swiss-peak.com\/it\/prodotto\/p850-47-product-variation\/#primaryimage\",\"url\":\"https:\/\/swiss-peak.com\/wp-content\/uploads\/sites\/9\/2024\/02\/P850.471__S_0__3a733bb3dbb141abbfb442173535f307.jpg\",\"contentUrl\":\"https:\/\/swiss-peak.com\/wp-content\/uploads\/sites\/9\/2024\/02\/P850.471__S_0__3a733bb3dbb141abbfb442173535f307.jpg\",\"width\":1024,\"height\":1024},{\"@type\":\"BreadcrumbList\",\"@id\":\"https:\/\/swiss-peak.com\/it\/prodotto\/p850-47-product-variation\/#breadcrumb\",\"itemListElement\":[{\"@type\":\"ListItem\",\"position\":1,\"name\":\"Home\",\"item\":\"https:\/\/swiss-peak.com\/it\/\"},{\"@type\":\"ListItem\",\"position\":2,\"name\":\"Collezione\",\"item\":\"https:\/\/swiss-peak.com\/it\/collezione\/\"},{\"@type\":\"ListItem\",\"position\":3,\"name\":\"Ombrello 23&#8243; antivento Tornado AWARE\u2122, nero\"}]},{\"@type\":\"WebSite\",\"@id\":\"https:\/\/swiss-peak.com\/it\/#website\",\"url\":\"https:\/\/swiss-peak.com\/it\/\",\"name\":\"Swiss Peak\",\"description\":\"Where will today take you?\",\"potentialAction\":[{\"@type\":\"SearchAction\",\"target\":{\"@type\":\"EntryPoint\",\"urlTemplate\":\"https:\/\/swiss-peak.com\/it\/?s={search_term_string}\"},\"query-input\":{\"@type\":\"PropertyValueSpecification\",\"valueRequired\":true,\"valueName\":\"search_term_string\"}}],\"inLanguage\":\"it-IT\"}]}<\/script>\n<!-- \/ Yoast SEO plugin. -->","yoast_head_json":{"title":"Ombrello 23\" antivento Tornado AWARE\u2122, nero - Swiss Peak","robots":{"index":"index","follow":"follow","max-snippet":"max-snippet:-1","max-image-preview":"max-image-preview:large","max-video-preview":"max-video-preview:-1"},"canonical":"https:\/\/swiss-peak.com\/it\/prodotto\/p850-47-product-variation\/","og_locale":"it_IT","og_type":"article","og_title":"Ombrello 23\" antivento Tornado AWARE\u2122, nero - Swiss Peak","og_description":"L&#8217;ombrello antivento Swiss Peak AWARE\u2122 Tornado da 23 pollici \u00e8 realizzato in pongee RPET 190T ed \u00e8 un accessorio di qualit\u00e0 superiore progettato per affrontare le condizioni atmosferiche pi\u00f9 avverse. L&#8217;apertura automatica\/chiusura manuale e il sistema antivento garantiscono facilit\u00e0 d&#8217;uso e affidabilit\u00e0. Grazie al fusto in metallo e al telaio in fibra di vetro, questo [&hellip;]","og_url":"https:\/\/swiss-peak.com\/it\/prodotto\/p850-47-product-variation\/","og_site_name":"Swiss Peak","article_modified_time":"2026-03-12T02:24:26+00:00","og_image":[{"width":1024,"height":1024,"url":"https:\/\/swiss-peak.com\/wp-content\/uploads\/sites\/9\/2024\/02\/P850.471__S_0__3a733bb3dbb141abbfb442173535f307.jpg","type":"image\/jpeg"}],"twitter_card":"summary_large_image","twitter_misc":{"Tempo di lettura stimato":"1 minuto"},"schema":{"@context":"https:\/\/schema.org","@graph":[{"@type":"WebPage","@id":"https:\/\/swiss-peak.com\/it\/prodotto\/p850-47-product-variation\/","url":"https:\/\/swiss-peak.com\/it\/prodotto\/p850-47-product-variation\/","name":"Ombrello 23\" antivento Tornado AWARE\u2122, nero - Swiss Peak","isPartOf":{"@id":"https:\/\/swiss-peak.com\/it\/#website"},"primaryImageOfPage":{"@id":"https:\/\/swiss-peak.com\/it\/prodotto\/p850-47-product-variation\/#primaryimage"},"image":{"@id":"https:\/\/swiss-peak.com\/it\/prodotto\/p850-47-product-variation\/#primaryimage"},"thumbnailUrl":"https:\/\/swiss-peak.com\/wp-content\/uploads\/sites\/9\/2024\/02\/P850.471__S_0__3a733bb3dbb141abbfb442173535f307.jpg","datePublished":"2023-07-04T11:10:16+00:00","dateModified":"2026-03-12T02:24:26+00:00","breadcrumb":{"@id":"https:\/\/swiss-peak.com\/it\/prodotto\/p850-47-product-variation\/#breadcrumb"},"inLanguage":"it-IT","potentialAction":[{"@type":"ReadAction","target":["https:\/\/swiss-peak.com\/it\/prodotto\/p850-47-product-variation\/"]}]},{"@type":"ImageObject","inLanguage":"it-IT","@id":"https:\/\/swiss-peak.com\/it\/prodotto\/p850-47-product-variation\/#primaryimage","url":"https:\/\/swiss-peak.com\/wp-content\/uploads\/sites\/9\/2024\/02\/P850.471__S_0__3a733bb3dbb141abbfb442173535f307.jpg","contentUrl":"https:\/\/swiss-peak.com\/wp-content\/uploads\/sites\/9\/2024\/02\/P850.471__S_0__3a733bb3dbb141abbfb442173535f307.jpg","width":1024,"height":1024},{"@type":"BreadcrumbList","@id":"https:\/\/swiss-peak.com\/it\/prodotto\/p850-47-product-variation\/#breadcrumb","itemListElement":[{"@type":"ListItem","position":1,"name":"Home","item":"https:\/\/swiss-peak.com\/it\/"},{"@type":"ListItem","position":2,"name":"Collezione","item":"https:\/\/swiss-peak.com\/it\/collezione\/"},{"@type":"ListItem","position":3,"name":"Ombrello 23&#8243; antivento Tornado AWARE\u2122, nero"}]},{"@type":"WebSite","@id":"https:\/\/swiss-peak.com\/it\/#website","url":"https:\/\/swiss-peak.com\/it\/","name":"Swiss Peak","description":"Where will today take you?","potentialAction":[{"@type":"SearchAction","target":{"@type":"EntryPoint","urlTemplate":"https:\/\/swiss-peak.com\/it\/?s={search_term_string}"},"query-input":{"@type":"PropertyValueSpecification","valueRequired":true,"valueName":"search_term_string"}}],"inLanguage":"it-IT"}]}},"_links":{"self":[{"href":"https:\/\/swiss-peak.com\/it\/wp-json\/wp\/v2\/product\/19322","targetHints":{"allow":["GET"]}}],"collection":[{"href":"https:\/\/swiss-peak.com\/it\/wp-json\/wp\/v2\/product"}],"about":[{"href":"https:\/\/swiss-peak.com\/it\/wp-json\/wp\/v2\/types\/product"}],"wp:featuredmedia":[{"embeddable":true,"href":"https:\/\/swiss-peak.com\/it\/wp-json\/wp\/v2\/media\/43496"}],"wp:attachment":[{"href":"https:\/\/swiss-peak.com\/it\/wp-json\/wp\/v2\/media?parent=19322"}],"wp:term":[{"taxonomy":"product_cat","embeddable":true,"href":"https:\/\/swiss-peak.com\/it\/wp-json\/wp\/v2\/product_cat?post=19322"},{"taxonomy":"product_tag","embeddable":true,"href":"https:\/\/swiss-peak.com\/it\/wp-json\/wp\/v2\/product_tag?post=19322"}],"curies":[{"name":"wp","href":"https:\/\/api.w.org\/{rel}","templated":true}]}}