{"id":19277,"date":"2023-07-04T13:08:35","date_gmt":"2023-07-04T11:08:35","guid":{"rendered":"https:\/\/swiss-peak.com\/p763-04-product-variation\/"},"modified":"2026-03-12T04:20:47","modified_gmt":"2026-03-12T02:20:47","slug":"p763-04-product-variation","status":"publish","type":"product","link":"https:\/\/swiss-peak.com\/it\/prodotto\/p763-04-product-variation\/","title":{"rendered":"Zaino porta PC 15&#8243; cerniera allover Fern AWARE\u2122, nero"},"content":{"rendered":"<p>Questo zaino AWARE\u2122 RPET con cerniera allover da 15&#8243; \u00e8 la soluzione ideale per chi d\u00e0 priorit\u00e0 allo stile e alla sostenibilit\u00e0. E&#8217; caratterizzato da un design unico con cerniere che lo rende facile da riempire e riporre quando non lo si usa. \u00c8 dotato di uno spazioso scomparto principale che pu\u00f2 ospitare un computer portatile da 15&#8243; e di diverse tasche per tenere in ordine gli oggetti pi\u00f9 essenziali. Realizzato in poliestere riciclato al 100%. Con tracciante AWARE\u2122 che convalida l&#8217;uso reale di materiali riciclati.  Il 2% del ricavato di ogni prodotto AWARE\u2122 venduto sar\u00e0 devoluto a Water.org.<\/p>\n","protected":false},"excerpt":{"rendered":"<p>Questo zaino AWARE\u2122 RPET con cerniera allover da 15&#8243; \u00e8 la soluzione ideale per chi d\u00e0 priorit\u00e0 allo stile e alla sostenibilit\u00e0. E&#8217; caratterizzato da un design unico con cerniere che lo rende facile da riempire e riporre quando non lo si usa. \u00c8 dotato di uno spazioso scomparto principale che pu\u00f2 ospitare un computer [&hellip;]<\/p>\n","protected":false},"featured_media":35442,"template":"","meta":{"_acf_changed":false},"product_cat":[406,414,413,407],"product_tag":[],"class_list":["post-19277","product","type-product","status-publish","has-post-thumbnail","hentry","product_cat-borse-viaggio","product_cat-borse-porta-pc","product_cat-business-it","product_cat-zaini","pa_color-black"],"acf":[],"yoast_head":"<!-- This site is optimized with the Yoast SEO plugin v27.0 - https:\/\/yoast.com\/product\/yoast-seo-wordpress\/ -->\n<title>Zaino porta PC 15&quot; cerniera allover Fern AWARE\u2122, nero - Swiss Peak<\/title>\n<meta name=\"robots\" content=\"index, follow, max-snippet:-1, max-image-preview:large, max-video-preview:-1\" \/>\n<link rel=\"canonical\" href=\"https:\/\/swiss-peak.com\/it\/prodotto\/p763-04-product-variation\/\" \/>\n<meta property=\"og:locale\" content=\"it_IT\" \/>\n<meta property=\"og:type\" content=\"article\" \/>\n<meta property=\"og:title\" content=\"Zaino porta PC 15&quot; cerniera allover Fern AWARE\u2122, nero - Swiss Peak\" \/>\n<meta property=\"og:description\" content=\"Questo zaino AWARE\u2122 RPET con cerniera allover da 15&#8243; \u00e8 la soluzione ideale per chi d\u00e0 priorit\u00e0 allo stile e alla sostenibilit\u00e0. E&#8217; caratterizzato da un design unico con cerniere che lo rende facile da riempire e riporre quando non lo si usa. \u00c8 dotato di uno spazioso scomparto principale che pu\u00f2 ospitare un computer [&hellip;]\" \/>\n<meta property=\"og:url\" content=\"https:\/\/swiss-peak.com\/it\/prodotto\/p763-04-product-variation\/\" \/>\n<meta property=\"og:site_name\" content=\"Swiss Peak\" \/>\n<meta property=\"article:modified_time\" content=\"2026-03-12T02:20:47+00:00\" \/>\n<meta property=\"og:image\" content=\"https:\/\/swiss-peak.com\/wp-content\/uploads\/sites\/9\/2024\/02\/P763.041__S_0__7969ebd8e7e34190807b24bf1de60b94.jpg\" \/>\n\t<meta property=\"og:image:width\" content=\"1024\" \/>\n\t<meta property=\"og:image:height\" content=\"1024\" \/>\n\t<meta property=\"og:image:type\" content=\"image\/jpeg\" \/>\n<meta name=\"twitter:card\" content=\"summary_large_image\" \/>\n<script type=\"application\/ld+json\" class=\"yoast-schema-graph\">{\"@context\":\"https:\/\/schema.org\",\"@graph\":[{\"@type\":\"WebPage\",\"@id\":\"https:\/\/swiss-peak.com\/it\/prodotto\/p763-04-product-variation\/\",\"url\":\"https:\/\/swiss-peak.com\/it\/prodotto\/p763-04-product-variation\/\",\"name\":\"Zaino porta PC 15\\\" cerniera allover Fern AWARE\u2122, nero - Swiss Peak\",\"isPartOf\":{\"@id\":\"https:\/\/swiss-peak.com\/it\/#website\"},\"primaryImageOfPage\":{\"@id\":\"https:\/\/swiss-peak.com\/it\/prodotto\/p763-04-product-variation\/#primaryimage\"},\"image\":{\"@id\":\"https:\/\/swiss-peak.com\/it\/prodotto\/p763-04-product-variation\/#primaryimage\"},\"thumbnailUrl\":\"https:\/\/swiss-peak.com\/wp-content\/uploads\/sites\/9\/2024\/02\/P763.041__S_0__7969ebd8e7e34190807b24bf1de60b94.jpg\",\"datePublished\":\"2023-07-04T11:08:35+00:00\",\"dateModified\":\"2026-03-12T02:20:47+00:00\",\"breadcrumb\":{\"@id\":\"https:\/\/swiss-peak.com\/it\/prodotto\/p763-04-product-variation\/#breadcrumb\"},\"inLanguage\":\"it-IT\",\"potentialAction\":[{\"@type\":\"ReadAction\",\"target\":[\"https:\/\/swiss-peak.com\/it\/prodotto\/p763-04-product-variation\/\"]}]},{\"@type\":\"ImageObject\",\"inLanguage\":\"it-IT\",\"@id\":\"https:\/\/swiss-peak.com\/it\/prodotto\/p763-04-product-variation\/#primaryimage\",\"url\":\"https:\/\/swiss-peak.com\/wp-content\/uploads\/sites\/9\/2024\/02\/P763.041__S_0__7969ebd8e7e34190807b24bf1de60b94.jpg\",\"contentUrl\":\"https:\/\/swiss-peak.com\/wp-content\/uploads\/sites\/9\/2024\/02\/P763.041__S_0__7969ebd8e7e34190807b24bf1de60b94.jpg\",\"width\":1024,\"height\":1024},{\"@type\":\"BreadcrumbList\",\"@id\":\"https:\/\/swiss-peak.com\/it\/prodotto\/p763-04-product-variation\/#breadcrumb\",\"itemListElement\":[{\"@type\":\"ListItem\",\"position\":1,\"name\":\"Home\",\"item\":\"https:\/\/swiss-peak.com\/it\/\"},{\"@type\":\"ListItem\",\"position\":2,\"name\":\"Collezione\",\"item\":\"https:\/\/swiss-peak.com\/it\/collezione\/\"},{\"@type\":\"ListItem\",\"position\":3,\"name\":\"Zaino porta PC 15&#8243; cerniera allover Fern AWARE\u2122, nero\"}]},{\"@type\":\"WebSite\",\"@id\":\"https:\/\/swiss-peak.com\/it\/#website\",\"url\":\"https:\/\/swiss-peak.com\/it\/\",\"name\":\"Swiss Peak\",\"description\":\"Where will today take you?\",\"potentialAction\":[{\"@type\":\"SearchAction\",\"target\":{\"@type\":\"EntryPoint\",\"urlTemplate\":\"https:\/\/swiss-peak.com\/it\/?s={search_term_string}\"},\"query-input\":{\"@type\":\"PropertyValueSpecification\",\"valueRequired\":true,\"valueName\":\"search_term_string\"}}],\"inLanguage\":\"it-IT\"}]}<\/script>\n<!-- \/ Yoast SEO plugin. -->","yoast_head_json":{"title":"Zaino porta PC 15\" cerniera allover Fern AWARE\u2122, nero - Swiss Peak","robots":{"index":"index","follow":"follow","max-snippet":"max-snippet:-1","max-image-preview":"max-image-preview:large","max-video-preview":"max-video-preview:-1"},"canonical":"https:\/\/swiss-peak.com\/it\/prodotto\/p763-04-product-variation\/","og_locale":"it_IT","og_type":"article","og_title":"Zaino porta PC 15\" cerniera allover Fern AWARE\u2122, nero - Swiss Peak","og_description":"Questo zaino AWARE\u2122 RPET con cerniera allover da 15&#8243; \u00e8 la soluzione ideale per chi d\u00e0 priorit\u00e0 allo stile e alla sostenibilit\u00e0. E&#8217; caratterizzato da un design unico con cerniere che lo rende facile da riempire e riporre quando non lo si usa. \u00c8 dotato di uno spazioso scomparto principale che pu\u00f2 ospitare un computer [&hellip;]","og_url":"https:\/\/swiss-peak.com\/it\/prodotto\/p763-04-product-variation\/","og_site_name":"Swiss Peak","article_modified_time":"2026-03-12T02:20:47+00:00","og_image":[{"width":1024,"height":1024,"url":"https:\/\/swiss-peak.com\/wp-content\/uploads\/sites\/9\/2024\/02\/P763.041__S_0__7969ebd8e7e34190807b24bf1de60b94.jpg","type":"image\/jpeg"}],"twitter_card":"summary_large_image","schema":{"@context":"https:\/\/schema.org","@graph":[{"@type":"WebPage","@id":"https:\/\/swiss-peak.com\/it\/prodotto\/p763-04-product-variation\/","url":"https:\/\/swiss-peak.com\/it\/prodotto\/p763-04-product-variation\/","name":"Zaino porta PC 15\" cerniera allover Fern AWARE\u2122, nero - Swiss Peak","isPartOf":{"@id":"https:\/\/swiss-peak.com\/it\/#website"},"primaryImageOfPage":{"@id":"https:\/\/swiss-peak.com\/it\/prodotto\/p763-04-product-variation\/#primaryimage"},"image":{"@id":"https:\/\/swiss-peak.com\/it\/prodotto\/p763-04-product-variation\/#primaryimage"},"thumbnailUrl":"https:\/\/swiss-peak.com\/wp-content\/uploads\/sites\/9\/2024\/02\/P763.041__S_0__7969ebd8e7e34190807b24bf1de60b94.jpg","datePublished":"2023-07-04T11:08:35+00:00","dateModified":"2026-03-12T02:20:47+00:00","breadcrumb":{"@id":"https:\/\/swiss-peak.com\/it\/prodotto\/p763-04-product-variation\/#breadcrumb"},"inLanguage":"it-IT","potentialAction":[{"@type":"ReadAction","target":["https:\/\/swiss-peak.com\/it\/prodotto\/p763-04-product-variation\/"]}]},{"@type":"ImageObject","inLanguage":"it-IT","@id":"https:\/\/swiss-peak.com\/it\/prodotto\/p763-04-product-variation\/#primaryimage","url":"https:\/\/swiss-peak.com\/wp-content\/uploads\/sites\/9\/2024\/02\/P763.041__S_0__7969ebd8e7e34190807b24bf1de60b94.jpg","contentUrl":"https:\/\/swiss-peak.com\/wp-content\/uploads\/sites\/9\/2024\/02\/P763.041__S_0__7969ebd8e7e34190807b24bf1de60b94.jpg","width":1024,"height":1024},{"@type":"BreadcrumbList","@id":"https:\/\/swiss-peak.com\/it\/prodotto\/p763-04-product-variation\/#breadcrumb","itemListElement":[{"@type":"ListItem","position":1,"name":"Home","item":"https:\/\/swiss-peak.com\/it\/"},{"@type":"ListItem","position":2,"name":"Collezione","item":"https:\/\/swiss-peak.com\/it\/collezione\/"},{"@type":"ListItem","position":3,"name":"Zaino porta PC 15&#8243; cerniera allover Fern AWARE\u2122, nero"}]},{"@type":"WebSite","@id":"https:\/\/swiss-peak.com\/it\/#website","url":"https:\/\/swiss-peak.com\/it\/","name":"Swiss Peak","description":"Where will today take you?","potentialAction":[{"@type":"SearchAction","target":{"@type":"EntryPoint","urlTemplate":"https:\/\/swiss-peak.com\/it\/?s={search_term_string}"},"query-input":{"@type":"PropertyValueSpecification","valueRequired":true,"valueName":"search_term_string"}}],"inLanguage":"it-IT"}]}},"_links":{"self":[{"href":"https:\/\/swiss-peak.com\/it\/wp-json\/wp\/v2\/product\/19277","targetHints":{"allow":["GET"]}}],"collection":[{"href":"https:\/\/swiss-peak.com\/it\/wp-json\/wp\/v2\/product"}],"about":[{"href":"https:\/\/swiss-peak.com\/it\/wp-json\/wp\/v2\/types\/product"}],"wp:featuredmedia":[{"embeddable":true,"href":"https:\/\/swiss-peak.com\/it\/wp-json\/wp\/v2\/media\/35442"}],"wp:attachment":[{"href":"https:\/\/swiss-peak.com\/it\/wp-json\/wp\/v2\/media?parent=19277"}],"wp:term":[{"taxonomy":"product_cat","embeddable":true,"href":"https:\/\/swiss-peak.com\/it\/wp-json\/wp\/v2\/product_cat?post=19277"},{"taxonomy":"product_tag","embeddable":true,"href":"https:\/\/swiss-peak.com\/it\/wp-json\/wp\/v2\/product_tag?post=19277"}],"curies":[{"name":"wp","href":"https:\/\/api.w.org\/{rel}","templated":true}]}}