{"id":46048,"date":"2026-01-01T03:04:08","date_gmt":"2026-01-01T01:22:11","guid":{"rendered":"https:\/\/swiss-peak.com\/set-cadeau-daffaires-luxe-avec-bouteille-swiss-peak-noir\/"},"modified":"2026-03-12T03:29:15","modified_gmt":"2026-03-12T01:29:15","slug":"set-cadeau-daffaires-luxe-avec-bouteille-swiss-peak-noir","status":"publish","type":"product","link":"https:\/\/swiss-peak.com\/fr\/produit\/set-cadeau-daffaires-luxe-avec-bouteille-swiss-peak-noir\/","title":{"rendered":"Set cadeau d&rsquo;affaires luxe avec bouteille Swiss Peak, noir"},"content":{"rendered":"<p>Ce luxueux coffret cadeau comprend tout ce dont vous avez besoin pour votre journ\u00e9e de travail. La bouteille d&rsquo;eau \u00e0 double paroi de 480 ml est fabriqu\u00e9e en acier inoxydable recycl\u00e9 et isol\u00e9e sous vide pour garder vos boissons chaudes ou froides pendant des heures. Gr\u00e2ce \u00e0 son couvercle \u00e9tanche, vous pouvez la transporter en toute confiance. L&rsquo;ensemble comprend un porte-cl\u00e9s Swiss Peak de premi\u00e8re qualit\u00e9 avec une finition m\u00e9tallique brillante et un bracelet en cuir PU. Le coffret comprend \u00e9galement un \u00e9l\u00e9gant stylo \u00e0 bille professionnel d&rsquo;une capacit\u00e9 d&rsquo;\u00e9criture de 1000 m\u00e8tres, associ\u00e9 \u00e0 un carnet de notes au toucher doux fabriqu\u00e9 en polyester PU recycl\u00e9. 160 pages de couleur cr\u00e8me fabriqu\u00e9es \u00e0 partir de papier recycl\u00e9, parfaites pour noter des notes, des id\u00e9es ou des listes de choses \u00e0 faire. Tous les articles sont certifi\u00e9s RCS, ce qui garantit une cha\u00eene d&rsquo;approvisionnement enti\u00e8rement v\u00e9rifi\u00e9e pour tous les mat\u00e9riaux recycl\u00e9s utilis\u00e9s.<\/p>\n","protected":false},"excerpt":{"rendered":"<p>Ce luxueux coffret cadeau comprend tout ce dont vous avez besoin pour votre journ\u00e9e de travail. La bouteille d&rsquo;eau \u00e0 double paroi de 480 ml est fabriqu\u00e9e en acier inoxydable recycl\u00e9 et isol\u00e9e sous vide pour garder vos boissons chaudes ou froides pendant des heures. Gr\u00e2ce \u00e0 son couvercle \u00e9tanche, vous pouvez la transporter en [&hellip;]<\/p>\n","protected":false},"featured_media":45940,"template":"","meta":{"_acf_changed":false},"product_cat":[297],"product_tag":[],"class_list":["post-46048","product","type-product","status-publish","has-post-thumbnail","hentry","product_cat-bureau-ecriture","pa_color-black-fr"],"acf":[],"yoast_head":"<!-- This site is optimized with the Yoast SEO plugin v27.0 - https:\/\/yoast.com\/product\/yoast-seo-wordpress\/ -->\n<title>Set cadeau d&#039;affaires luxe avec bouteille Swiss Peak, noir - Swiss Peak<\/title>\n<meta name=\"robots\" content=\"index, follow, max-snippet:-1, max-image-preview:large, max-video-preview:-1\" \/>\n<link rel=\"canonical\" href=\"https:\/\/swiss-peak.com\/fr\/produit\/set-cadeau-daffaires-luxe-avec-bouteille-swiss-peak-noir\/\" \/>\n<meta property=\"og:locale\" content=\"fr_FR\" \/>\n<meta property=\"og:type\" content=\"article\" \/>\n<meta property=\"og:title\" content=\"Set cadeau d&#039;affaires luxe avec bouteille Swiss Peak, noir - Swiss Peak\" \/>\n<meta property=\"og:description\" content=\"Ce luxueux coffret cadeau comprend tout ce dont vous avez besoin pour votre journ\u00e9e de travail. La bouteille d&rsquo;eau \u00e0 double paroi de 480 ml est fabriqu\u00e9e en acier inoxydable recycl\u00e9 et isol\u00e9e sous vide pour garder vos boissons chaudes ou froides pendant des heures. Gr\u00e2ce \u00e0 son couvercle \u00e9tanche, vous pouvez la transporter en [&hellip;]\" \/>\n<meta property=\"og:url\" content=\"https:\/\/swiss-peak.com\/fr\/produit\/set-cadeau-daffaires-luxe-avec-bouteille-swiss-peak-noir\/\" \/>\n<meta property=\"og:site_name\" content=\"Swiss Peak\" \/>\n<meta property=\"article:modified_time\" content=\"2026-03-12T01:29:15+00:00\" \/>\n<meta property=\"og:image\" content=\"https:\/\/swiss-peak.com\/wp-content\/uploads\/sites\/9\/2026\/01\/P774.6801__S_0__4e3339f5b2c542fea57e835723e1fb62.jpg\" \/>\n\t<meta property=\"og:image:width\" content=\"1024\" \/>\n\t<meta property=\"og:image:height\" content=\"1024\" \/>\n\t<meta property=\"og:image:type\" content=\"image\/jpeg\" \/>\n<meta name=\"twitter:card\" content=\"summary_large_image\" \/>\n<meta name=\"twitter:label1\" content=\"Dur\u00e9e de lecture estim\u00e9e\" \/>\n\t<meta name=\"twitter:data1\" content=\"1 minute\" \/>\n<script type=\"application\/ld+json\" class=\"yoast-schema-graph\">{\"@context\":\"https:\/\/schema.org\",\"@graph\":[{\"@type\":\"WebPage\",\"@id\":\"https:\/\/swiss-peak.com\/fr\/produit\/set-cadeau-daffaires-luxe-avec-bouteille-swiss-peak-noir\/\",\"url\":\"https:\/\/swiss-peak.com\/fr\/produit\/set-cadeau-daffaires-luxe-avec-bouteille-swiss-peak-noir\/\",\"name\":\"Set cadeau d'affaires luxe avec bouteille Swiss Peak, noir - Swiss Peak\",\"isPartOf\":{\"@id\":\"https:\/\/swiss-peak.com\/fr\/#website\"},\"primaryImageOfPage\":{\"@id\":\"https:\/\/swiss-peak.com\/fr\/produit\/set-cadeau-daffaires-luxe-avec-bouteille-swiss-peak-noir\/#primaryimage\"},\"image\":{\"@id\":\"https:\/\/swiss-peak.com\/fr\/produit\/set-cadeau-daffaires-luxe-avec-bouteille-swiss-peak-noir\/#primaryimage\"},\"thumbnailUrl\":\"https:\/\/swiss-peak.com\/wp-content\/uploads\/sites\/9\/2026\/01\/P774.6801__S_0__4e3339f5b2c542fea57e835723e1fb62.jpg\",\"datePublished\":\"2026-01-01T01:22:11+00:00\",\"dateModified\":\"2026-03-12T01:29:15+00:00\",\"breadcrumb\":{\"@id\":\"https:\/\/swiss-peak.com\/fr\/produit\/set-cadeau-daffaires-luxe-avec-bouteille-swiss-peak-noir\/#breadcrumb\"},\"inLanguage\":\"fr-FR\",\"potentialAction\":[{\"@type\":\"ReadAction\",\"target\":[\"https:\/\/swiss-peak.com\/fr\/produit\/set-cadeau-daffaires-luxe-avec-bouteille-swiss-peak-noir\/\"]}]},{\"@type\":\"ImageObject\",\"inLanguage\":\"fr-FR\",\"@id\":\"https:\/\/swiss-peak.com\/fr\/produit\/set-cadeau-daffaires-luxe-avec-bouteille-swiss-peak-noir\/#primaryimage\",\"url\":\"https:\/\/swiss-peak.com\/wp-content\/uploads\/sites\/9\/2026\/01\/P774.6801__S_0__4e3339f5b2c542fea57e835723e1fb62.jpg\",\"contentUrl\":\"https:\/\/swiss-peak.com\/wp-content\/uploads\/sites\/9\/2026\/01\/P774.6801__S_0__4e3339f5b2c542fea57e835723e1fb62.jpg\",\"width\":1024,\"height\":1024},{\"@type\":\"BreadcrumbList\",\"@id\":\"https:\/\/swiss-peak.com\/fr\/produit\/set-cadeau-daffaires-luxe-avec-bouteille-swiss-peak-noir\/#breadcrumb\",\"itemListElement\":[{\"@type\":\"ListItem\",\"position\":1,\"name\":\"Home\",\"item\":\"https:\/\/swiss-peak.com\/fr\/\"},{\"@type\":\"ListItem\",\"position\":2,\"name\":\"Collection\",\"item\":\"https:\/\/swiss-peak.com\/fr\/collection\/\"},{\"@type\":\"ListItem\",\"position\":3,\"name\":\"Set cadeau d&#8217;affaires luxe avec bouteille Swiss Peak, noir\"}]},{\"@type\":\"WebSite\",\"@id\":\"https:\/\/swiss-peak.com\/fr\/#website\",\"url\":\"https:\/\/swiss-peak.com\/fr\/\",\"name\":\"Swiss Peak\",\"description\":\"Where will today take you?\",\"potentialAction\":[{\"@type\":\"SearchAction\",\"target\":{\"@type\":\"EntryPoint\",\"urlTemplate\":\"https:\/\/swiss-peak.com\/fr\/?s={search_term_string}\"},\"query-input\":{\"@type\":\"PropertyValueSpecification\",\"valueRequired\":true,\"valueName\":\"search_term_string\"}}],\"inLanguage\":\"fr-FR\"}]}<\/script>\n<!-- \/ Yoast SEO plugin. -->","yoast_head_json":{"title":"Set cadeau d'affaires luxe avec bouteille Swiss Peak, noir - Swiss Peak","robots":{"index":"index","follow":"follow","max-snippet":"max-snippet:-1","max-image-preview":"max-image-preview:large","max-video-preview":"max-video-preview:-1"},"canonical":"https:\/\/swiss-peak.com\/fr\/produit\/set-cadeau-daffaires-luxe-avec-bouteille-swiss-peak-noir\/","og_locale":"fr_FR","og_type":"article","og_title":"Set cadeau d'affaires luxe avec bouteille Swiss Peak, noir - Swiss Peak","og_description":"Ce luxueux coffret cadeau comprend tout ce dont vous avez besoin pour votre journ\u00e9e de travail. La bouteille d&rsquo;eau \u00e0 double paroi de 480 ml est fabriqu\u00e9e en acier inoxydable recycl\u00e9 et isol\u00e9e sous vide pour garder vos boissons chaudes ou froides pendant des heures. Gr\u00e2ce \u00e0 son couvercle \u00e9tanche, vous pouvez la transporter en [&hellip;]","og_url":"https:\/\/swiss-peak.com\/fr\/produit\/set-cadeau-daffaires-luxe-avec-bouteille-swiss-peak-noir\/","og_site_name":"Swiss Peak","article_modified_time":"2026-03-12T01:29:15+00:00","og_image":[{"width":1024,"height":1024,"url":"https:\/\/swiss-peak.com\/wp-content\/uploads\/sites\/9\/2026\/01\/P774.6801__S_0__4e3339f5b2c542fea57e835723e1fb62.jpg","type":"image\/jpeg"}],"twitter_card":"summary_large_image","twitter_misc":{"Dur\u00e9e de lecture estim\u00e9e":"1 minute"},"schema":{"@context":"https:\/\/schema.org","@graph":[{"@type":"WebPage","@id":"https:\/\/swiss-peak.com\/fr\/produit\/set-cadeau-daffaires-luxe-avec-bouteille-swiss-peak-noir\/","url":"https:\/\/swiss-peak.com\/fr\/produit\/set-cadeau-daffaires-luxe-avec-bouteille-swiss-peak-noir\/","name":"Set cadeau d'affaires luxe avec bouteille Swiss Peak, noir - Swiss Peak","isPartOf":{"@id":"https:\/\/swiss-peak.com\/fr\/#website"},"primaryImageOfPage":{"@id":"https:\/\/swiss-peak.com\/fr\/produit\/set-cadeau-daffaires-luxe-avec-bouteille-swiss-peak-noir\/#primaryimage"},"image":{"@id":"https:\/\/swiss-peak.com\/fr\/produit\/set-cadeau-daffaires-luxe-avec-bouteille-swiss-peak-noir\/#primaryimage"},"thumbnailUrl":"https:\/\/swiss-peak.com\/wp-content\/uploads\/sites\/9\/2026\/01\/P774.6801__S_0__4e3339f5b2c542fea57e835723e1fb62.jpg","datePublished":"2026-01-01T01:22:11+00:00","dateModified":"2026-03-12T01:29:15+00:00","breadcrumb":{"@id":"https:\/\/swiss-peak.com\/fr\/produit\/set-cadeau-daffaires-luxe-avec-bouteille-swiss-peak-noir\/#breadcrumb"},"inLanguage":"fr-FR","potentialAction":[{"@type":"ReadAction","target":["https:\/\/swiss-peak.com\/fr\/produit\/set-cadeau-daffaires-luxe-avec-bouteille-swiss-peak-noir\/"]}]},{"@type":"ImageObject","inLanguage":"fr-FR","@id":"https:\/\/swiss-peak.com\/fr\/produit\/set-cadeau-daffaires-luxe-avec-bouteille-swiss-peak-noir\/#primaryimage","url":"https:\/\/swiss-peak.com\/wp-content\/uploads\/sites\/9\/2026\/01\/P774.6801__S_0__4e3339f5b2c542fea57e835723e1fb62.jpg","contentUrl":"https:\/\/swiss-peak.com\/wp-content\/uploads\/sites\/9\/2026\/01\/P774.6801__S_0__4e3339f5b2c542fea57e835723e1fb62.jpg","width":1024,"height":1024},{"@type":"BreadcrumbList","@id":"https:\/\/swiss-peak.com\/fr\/produit\/set-cadeau-daffaires-luxe-avec-bouteille-swiss-peak-noir\/#breadcrumb","itemListElement":[{"@type":"ListItem","position":1,"name":"Home","item":"https:\/\/swiss-peak.com\/fr\/"},{"@type":"ListItem","position":2,"name":"Collection","item":"https:\/\/swiss-peak.com\/fr\/collection\/"},{"@type":"ListItem","position":3,"name":"Set cadeau d&#8217;affaires luxe avec bouteille Swiss Peak, noir"}]},{"@type":"WebSite","@id":"https:\/\/swiss-peak.com\/fr\/#website","url":"https:\/\/swiss-peak.com\/fr\/","name":"Swiss Peak","description":"Where will today take you?","potentialAction":[{"@type":"SearchAction","target":{"@type":"EntryPoint","urlTemplate":"https:\/\/swiss-peak.com\/fr\/?s={search_term_string}"},"query-input":{"@type":"PropertyValueSpecification","valueRequired":true,"valueName":"search_term_string"}}],"inLanguage":"fr-FR"}]}},"_links":{"self":[{"href":"https:\/\/swiss-peak.com\/fr\/wp-json\/wp\/v2\/product\/46048","targetHints":{"allow":["GET"]}}],"collection":[{"href":"https:\/\/swiss-peak.com\/fr\/wp-json\/wp\/v2\/product"}],"about":[{"href":"https:\/\/swiss-peak.com\/fr\/wp-json\/wp\/v2\/types\/product"}],"wp:featuredmedia":[{"embeddable":true,"href":"https:\/\/swiss-peak.com\/fr\/wp-json\/wp\/v2\/media\/45940"}],"wp:attachment":[{"href":"https:\/\/swiss-peak.com\/fr\/wp-json\/wp\/v2\/media?parent=46048"}],"wp:term":[{"taxonomy":"product_cat","embeddable":true,"href":"https:\/\/swiss-peak.com\/fr\/wp-json\/wp\/v2\/product_cat?post=46048"},{"taxonomy":"product_tag","embeddable":true,"href":"https:\/\/swiss-peak.com\/fr\/wp-json\/wp\/v2\/product_tag?post=46048"}],"curies":[{"name":"wp","href":"https:\/\/api.w.org\/{rel}","templated":true}]}}